{"id":29191,"date":"2022-04-08T15:18:37","date_gmt":"2022-04-08T12:18:37","guid":{"rendered":"https:\/\/wolfgroup.rktv.ee\/es\/about-us\/we-save-energy\/renewable-energy\/"},"modified":"2024-01-29T15:18:13","modified_gmt":"2024-01-29T12:18:13","slug":"energias-renovables","status":"publish","type":"page","link":"https:\/\/wolfgroup.rktv.ee\/es\/sobre-wolf-group\/we-save-energy\/energias-renovables\/","title":{"rendered":"Energ\u00edas renovables"},"content":{"rendered":"\n    <div id=\"wse-grid-block_c0d5d8167961200ff92894762183bcb1\" class=\"wse-grid-block\">\n        <div class=\"container\">\n                            <div class=\"block_intro\">\n                    <h2 class=\"has-text-align-center\" style=\"text-align: center;\">Estamos reduciendo nuestra huella de fabricaci\u00f3n. El 100 % de la electricidad de nuestras f\u00e1bricas de Tallin y Gava procede ya de fuentes renovables. Nuestro objetivo es pasar al 100 % de energ\u00eda verde en todas nuestras instalaciones para 2030.<\/h2>                <\/div>\n                                        <div class=\"grid\">\n                                                                    <div class=\"grid_item row align-items-center\">\n                            <div class=\"col col-md-6 col-12\">\n                                <div class=\"content_container\">\n                                    <p>Nos hemos fijado el objetivo de guiarnos en todo lo que hacemos por opciones respetuosas con el medio ambiente, utilizando menos energ\u00eda derivada de combustibles f\u00f3siles y recurriendo m\u00e1s a las renovables. Toda la electricidad que compramos es electricidad verde cubierta por los certificados pertinentes.<\/p>\n<p>En nuestras unidades de producci\u00f3n del Wolf Group en Tallin y Barcelona, utilizamos electricidad 100% verde derivada de la energ\u00eda solar y e\u00f3lica tanto en nuestras oficinas como en las f\u00e1bricas desde 2021. Al adherirnos a la iniciativa del <a href=\"https:\/\/wolfgroup.rktv.ee\/es\/wp-content\/uploads\/sites\/11\/2024\/01\/CancellationStatement_Wolf-Group-2023.01-ENG.pdf\" target=\"_blank\" rel=\"noopener\">certificado verde<\/a>, contribuimos a la construcci\u00f3n de parques solares y a la conservaci\u00f3n de bosques v\u00edrgenes. No utilizamos electricidad generada por la combusti\u00f3n de biomasa o residuos madereros.<\/p>\n<p>La electricidad representa el 70-75% de nuestro consumo energ\u00e9tico. Entre 2018 y 2019 sustituimos toda nuestra iluminaci\u00f3n por LED: solo esto redujo nuestro consumo de electricidad en un 18%.<\/p>\n<p>Queremos hacer la transici\u00f3n al gas verde para 2030. Un paso importante hacia la eficiencia energ\u00e9tica fue el que dimos hace cuatro a\u00f1os cuando reconstruimos el sistema de calefacci\u00f3n de la unidad de producci\u00f3n de Wolf Group en Tallin, gracias al cual redujimos nuestras emisiones de CO2 en un 40 %.<\/p>\n                                <\/div>\n                            <\/div>\n                            <div class=\"col col-md-6 col-12\">\n\t\t\t\t\t\t\t\t\t\t\t\t\t\t\t\t\t<div class=\"video_container\">\n\t\t\t\t\t\t\t\t\t\t<video src=\"https:\/\/wolfgroup.rktv.ee\/es\/wp-content\/uploads\/sites\/11\/2022\/07\/drone.mov\" autoplay=\"\" muted=\"\" loop=\"\" playsinline=\"\"><\/video>\n\t\t\t\t\t\t\t\t\t<\/div>\n\t\t\t\t\t\t\t\t                            <\/div>\n                        <\/div>\n                                    <\/div>\n                    <\/div>\n    <\/div>\n","protected":false},"excerpt":{"rendered":"","protected":false},"author":1,"featured_media":0,"parent":29186,"menu_order":11,"comment_status":"closed","ping_status":"closed","template":"page-templates\/template-wse.php","meta":{"_acf_changed":false,"footnotes":""},"class_list":["post-29191","page","type-page","status-publish","hentry"],"acf":[],"yoast_head":"<!-- This site is optimized with the Yoast SEO plugin v27.3 - https:\/\/yoast.com\/product\/yoast-seo-wordpress\/ -->\n<title>Energ\u00edas renovables - Wolf Group Espa\u00f1a<\/title>\n<meta name=\"robots\" content=\"noindex, follow, max-snippet:-1, max-image-preview:large, max-video-preview:-1\" \/>\n<meta property=\"og:locale\" content=\"es_ES\" \/>\n<meta property=\"og:type\" content=\"article\" \/>\n<meta property=\"og:title\" content=\"Energ\u00edas renovables - Wolf Group Espa\u00f1a\" \/>\n<meta property=\"og:url\" content=\"https:\/\/wolfgroup.rktv.ee\/es\/sobre-wolf-group\/we-save-energy\/energias-renovables\/\" \/>\n<meta property=\"og:site_name\" content=\"Wolf Group Espa\u00f1a\" \/>\n<meta property=\"article:modified_time\" content=\"2024-01-29T12:18:13+00:00\" \/>\n<meta name=\"twitter:card\" content=\"summary_large_image\" \/>\n<script type=\"application\/ld+json\" class=\"yoast-schema-graph\">{\"@context\":\"https:\\\/\\\/schema.org\",\"@graph\":[{\"@type\":\"WebPage\",\"@id\":\"https:\\\/\\\/wolfgroup.rktv.ee\\\/es\\\/sobre-wolf-group\\\/we-save-energy\\\/energias-renovables\\\/\",\"url\":\"https:\\\/\\\/wolfgroup.rktv.ee\\\/es\\\/sobre-wolf-group\\\/we-save-energy\\\/energias-renovables\\\/\",\"name\":\"Energ\u00edas renovables - Wolf Group Espa\u00f1a\",\"isPartOf\":{\"@id\":\"https:\\\/\\\/wolfgroup.rktv.ee\\\/es\\\/#website\"},\"datePublished\":\"2022-04-08T12:18:37+00:00\",\"dateModified\":\"2024-01-29T12:18:13+00:00\",\"breadcrumb\":{\"@id\":\"https:\\\/\\\/wolfgroup.rktv.ee\\\/es\\\/sobre-wolf-group\\\/we-save-energy\\\/energias-renovables\\\/#breadcrumb\"},\"inLanguage\":\"es\",\"potentialAction\":[{\"@type\":\"ReadAction\",\"target\":[\"https:\\\/\\\/wolfgroup.rktv.ee\\\/es\\\/sobre-wolf-group\\\/we-save-energy\\\/energias-renovables\\\/\"]}]},{\"@type\":\"BreadcrumbList\",\"@id\":\"https:\\\/\\\/wolfgroup.rktv.ee\\\/es\\\/sobre-wolf-group\\\/we-save-energy\\\/energias-renovables\\\/#breadcrumb\",\"itemListElement\":[{\"@type\":\"ListItem\",\"position\":1,\"name\":\"Home\",\"item\":\"https:\\\/\\\/wolfgroup.rktv.ee\\\/es\\\/\"},{\"@type\":\"ListItem\",\"position\":2,\"name\":\"Sobre nosotros\",\"item\":\"https:\\\/\\\/wolfgroup.rktv.ee\\\/es\\\/sobre-wolf-group\\\/\"},{\"@type\":\"ListItem\",\"position\":3,\"name\":\"We save energy\",\"item\":\"https:\\\/\\\/wolfgroup.rktv.ee\\\/es\\\/sobre-wolf-group\\\/we-save-energy\\\/\"},{\"@type\":\"ListItem\",\"position\":4,\"name\":\"Energ\u00edas renovables\"}]},{\"@type\":\"WebSite\",\"@id\":\"https:\\\/\\\/wolfgroup.rktv.ee\\\/es\\\/#website\",\"url\":\"https:\\\/\\\/wolfgroup.rktv.ee\\\/es\\\/\",\"name\":\"Wolf Group Espa\u00f1a\",\"description\":\"construction chemistry products and solutions manufacturer\",\"publisher\":{\"@id\":\"https:\\\/\\\/wolfgroup.rktv.ee\\\/es\\\/#organization\"},\"potentialAction\":[{\"@type\":\"SearchAction\",\"target\":{\"@type\":\"EntryPoint\",\"urlTemplate\":\"https:\\\/\\\/wolfgroup.rktv.ee\\\/es\\\/?s={search_term_string}\"},\"query-input\":{\"@type\":\"PropertyValueSpecification\",\"valueRequired\":true,\"valueName\":\"search_term_string\"}}],\"inLanguage\":\"es\"},{\"@type\":\"Organization\",\"@id\":\"https:\\\/\\\/wolfgroup.rktv.ee\\\/es\\\/#organization\",\"name\":\"Wolf Group\",\"url\":\"https:\\\/\\\/wolfgroup.rktv.ee\\\/es\\\/\",\"logo\":{\"@type\":\"ImageObject\",\"inLanguage\":\"es\",\"@id\":\"https:\\\/\\\/wolfgroup.rktv.ee\\\/es\\\/#\\\/schema\\\/logo\\\/image\\\/\",\"url\":\"https:\\\/\\\/wolfgroup.rktv.ee\\\/es\\\/wp-content\\\/uploads\\\/sites\\\/11\\\/2022\\\/04\\\/wolfgroup-logo.svg\",\"contentUrl\":\"https:\\\/\\\/wolfgroup.rktv.ee\\\/es\\\/wp-content\\\/uploads\\\/sites\\\/11\\\/2022\\\/04\\\/wolfgroup-logo.svg\",\"width\":155,\"height\":46,\"caption\":\"Wolf Group\"},\"image\":{\"@id\":\"https:\\\/\\\/wolfgroup.rktv.ee\\\/es\\\/#\\\/schema\\\/logo\\\/image\\\/\"},\"legalName\":\"Wolf Group AS\",\"foundingDate\":\"1993\",\"numberOfEmployees\":{\"@type\":\"QuantitativeValue\",\"value\":900},\"knowsAbout\":[\"construction chemicals\",\"adhesives\",\"sealants\",\"thermal insulation\",\"waterproofing\"],\"contactPoint\":{\"@type\":\"ContactPoint\",\"contactType\":\"sales\",\"areaServed\":\"ES\",\"availableLanguage\":\"es\"}}]}<\/script>\n<!-- \/ Yoast SEO plugin. -->","yoast_head_json":{"title":"Energ\u00edas renovables - Wolf Group Espa\u00f1a","robots":{"index":"noindex","follow":"follow","max-snippet":"max-snippet:-1","max-image-preview":"max-image-preview:large","max-video-preview":"max-video-preview:-1"},"og_locale":"es_ES","og_type":"article","og_title":"Energ\u00edas renovables - Wolf Group Espa\u00f1a","og_url":"https:\/\/wolfgroup.rktv.ee\/es\/sobre-wolf-group\/we-save-energy\/energias-renovables\/","og_site_name":"Wolf Group Espa\u00f1a","article_modified_time":"2024-01-29T12:18:13+00:00","twitter_card":"summary_large_image","schema":{"@context":"https:\/\/schema.org","@graph":[{"@type":"WebPage","@id":"https:\/\/wolfgroup.rktv.ee\/es\/sobre-wolf-group\/we-save-energy\/energias-renovables\/","url":"https:\/\/wolfgroup.rktv.ee\/es\/sobre-wolf-group\/we-save-energy\/energias-renovables\/","name":"Energ\u00edas renovables - Wolf Group Espa\u00f1a","isPartOf":{"@id":"https:\/\/wolfgroup.rktv.ee\/es\/#website"},"datePublished":"2022-04-08T12:18:37+00:00","dateModified":"2024-01-29T12:18:13+00:00","breadcrumb":{"@id":"https:\/\/wolfgroup.rktv.ee\/es\/sobre-wolf-group\/we-save-energy\/energias-renovables\/#breadcrumb"},"inLanguage":"es","potentialAction":[{"@type":"ReadAction","target":["https:\/\/wolfgroup.rktv.ee\/es\/sobre-wolf-group\/we-save-energy\/energias-renovables\/"]}]},{"@type":"BreadcrumbList","@id":"https:\/\/wolfgroup.rktv.ee\/es\/sobre-wolf-group\/we-save-energy\/energias-renovables\/#breadcrumb","itemListElement":[{"@type":"ListItem","position":1,"name":"Home","item":"https:\/\/wolfgroup.rktv.ee\/es\/"},{"@type":"ListItem","position":2,"name":"Sobre nosotros","item":"https:\/\/wolfgroup.rktv.ee\/es\/sobre-wolf-group\/"},{"@type":"ListItem","position":3,"name":"We save energy","item":"https:\/\/wolfgroup.rktv.ee\/es\/sobre-wolf-group\/we-save-energy\/"},{"@type":"ListItem","position":4,"name":"Energ\u00edas renovables"}]},{"@type":"WebSite","@id":"https:\/\/wolfgroup.rktv.ee\/es\/#website","url":"https:\/\/wolfgroup.rktv.ee\/es\/","name":"Wolf Group Espa\u00f1a","description":"construction chemistry products and solutions manufacturer","publisher":{"@id":"https:\/\/wolfgroup.rktv.ee\/es\/#organization"},"potentialAction":[{"@type":"SearchAction","target":{"@type":"EntryPoint","urlTemplate":"https:\/\/wolfgroup.rktv.ee\/es\/?s={search_term_string}"},"query-input":{"@type":"PropertyValueSpecification","valueRequired":true,"valueName":"search_term_string"}}],"inLanguage":"es"},{"@type":"Organization","@id":"https:\/\/wolfgroup.rktv.ee\/es\/#organization","name":"Wolf Group","url":"https:\/\/wolfgroup.rktv.ee\/es\/","logo":{"@type":"ImageObject","inLanguage":"es","@id":"https:\/\/wolfgroup.rktv.ee\/es\/#\/schema\/logo\/image\/","url":"https:\/\/wolfgroup.rktv.ee\/es\/wp-content\/uploads\/sites\/11\/2022\/04\/wolfgroup-logo.svg","contentUrl":"https:\/\/wolfgroup.rktv.ee\/es\/wp-content\/uploads\/sites\/11\/2022\/04\/wolfgroup-logo.svg","width":155,"height":46,"caption":"Wolf Group"},"image":{"@id":"https:\/\/wolfgroup.rktv.ee\/es\/#\/schema\/logo\/image\/"},"legalName":"Wolf Group AS","foundingDate":"1993","numberOfEmployees":{"@type":"QuantitativeValue","value":900},"knowsAbout":["construction chemicals","adhesives","sealants","thermal insulation","waterproofing"],"contactPoint":{"@type":"ContactPoint","contactType":"sales","areaServed":"ES","availableLanguage":"es"}}]}},"_links":{"self":[{"href":"https:\/\/wolfgroup.rktv.ee\/es\/wp-json\/wp\/v2\/pages\/29191","targetHints":{"allow":["GET"]}}],"collection":[{"href":"https:\/\/wolfgroup.rktv.ee\/es\/wp-json\/wp\/v2\/pages"}],"about":[{"href":"https:\/\/wolfgroup.rktv.ee\/es\/wp-json\/wp\/v2\/types\/page"}],"author":[{"embeddable":true,"href":"https:\/\/wolfgroup.rktv.ee\/es\/wp-json\/wp\/v2\/users\/1"}],"replies":[{"embeddable":true,"href":"https:\/\/wolfgroup.rktv.ee\/es\/wp-json\/wp\/v2\/comments?post=29191"}],"version-history":[{"count":11,"href":"https:\/\/wolfgroup.rktv.ee\/es\/wp-json\/wp\/v2\/pages\/29191\/revisions"}],"predecessor-version":[{"id":30109,"href":"https:\/\/wolfgroup.rktv.ee\/es\/wp-json\/wp\/v2\/pages\/29191\/revisions\/30109"}],"up":[{"embeddable":true,"href":"https:\/\/wolfgroup.rktv.ee\/es\/wp-json\/wp\/v2\/pages\/29186"}],"wp:attachment":[{"href":"https:\/\/wolfgroup.rktv.ee\/es\/wp-json\/wp\/v2\/media?parent=29191"}],"curies":[{"name":"wp","href":"https:\/\/api.w.org\/{rel}","templated":true}]}}