{"id":29200,"date":"2022-06-03T11:05:42","date_gmt":"2022-06-03T08:05:42","guid":{"rendered":"https:\/\/wolfgroup.rktv.ee\/es\/production\/gava\/"},"modified":"2025-01-21T13:01:29","modified_gmt":"2025-01-21T10:01:29","slug":"gava","status":"publish","type":"page","link":"https:\/\/wolfgroup.rktv.ee\/es\/produccion\/gava\/","title":{"rendered":"Gava"},"content":{"rendered":"\n    <section id=\"production-intro-block_257c2037d16f2e1b5eb7fc16fe993684\" class=\"production-intro-block\" aria-label=\"Production introduction\">\n        <div class=\"container\">\n            <div class=\"row align-items-center flex-md-nowrap\">\n                <div class=\"col col-12\">\n                                            <div class=\"intro\">\n                            <div class=\"row align-items-center flex-lg-nowrap\">\n                                <div class=\"col-12 col-lg-5 text-wrap\">\n                                    <h1><strong>Wolf Group Ib\u00e9rico S.A.U, Barcelona <\/strong><\/h1>\n<p>Wolf Group Ib\u00e9rico S.A.U de Espa\u00f1a est\u00e1 especializada en el desarrollo y la fabricaci\u00f3n de siliconas y sellantes desde 1974. La compa\u00f1\u00eda ha inaugurado una f\u00e1brica de espumas de poliuretano en 2024, lo que marcar\u00e1 un hito \u00fanico en el sector, ya que por primera vez se fabricar\u00e1n espumas de poliuretano en Espa\u00f1a.<br \/>\nWolf Group Ib\u00e9rico ofrece soluciones a sectores como la arquitectura, la construcci\u00f3n, la industria y el bricolaje.<br \/>\nSus afinados productos y sistemas satisfacen los requisitos m\u00e1s exigentes en proyectos de arquitectura e ingenier\u00eda de vanguardia, cubriendo todos los requisitos y necesidades t\u00e9cnicas.<\/p>\n                                <\/div>\n\n                                <div class=\"col-12 col-lg-7 media-wrap\">\n                                    <div class=\"media\" aria-hidden=\"false\">\n                                                                                    <iframe loading=\"lazy\"\n                                                width=\"100\"\n                                                height=\"100\"\n                                                src=\"https:\/\/www.youtube.com\/embed\/EaBx7NhhlCw?loop=1&#038;playlist=EaBx7NhhlCw&#038;autoplay=1&#038;mute=1\"\n                                                title=\"Production facility video\"\n                                                allow=\"accelerometer; autoplay; clipboard-write; encrypted-media; gyroscope; picture-in-picture\"\n                                                allowfullscreen\n                                                data-cookieconsent=\"necessary\"\n                                            ><\/iframe>\n                                                                            <\/div>\n                                <\/div>\n                            <\/div>\n\n                                                            <ul>\n<li>Centro de I+D e innovaci\u00f3n<\/li>\n<li>Gesti\u00f3n de productos y asesoramiento t\u00e9cnico<\/li>\n<li>Experiencia mundial en la producci\u00f3n y composici\u00f3n de espumas de poliuretano, siliconas y adhesivos<\/li>\n<li>Capaz de fabricar m\u00e1s de 70 combinaciones de espuma<\/li>\n<li>Centro de competencia de la producci\u00f3n de espumas con bajo contenido en MDI y sin MDI<\/li>\n<li>Servicio r\u00e1pido y flexible<\/li>\n<li>Procesos automatizados y digitalizados, incluyendo ventas, producci\u00f3n y log\u00edstica<\/li>\n<li>Proteger el medio ambiente, ahorrar energ\u00eda y ayudar a promover el desarrollo sostenible son los principios fundamentales de Wolf Group Ib\u00e9rico<\/li>\n<\/ul>\n                                                    <\/div>\n                    \n                                            <nav class=\"buttons d-flex flex-md-row flex-column align-items-md-center align-items-start justify-content-start\" aria-label=\"Page actions\">\n                                                                                                                                    <a class=\"btn\" href=\"#contact\" target=\"\" rel=\"noopener noreferrer\">Contacta con nosotros<\/a>\n                                                                                                        <a class=\"btn\" href=\"https:\/\/wolfgroup.rktv.ee\/es\/centro-de-empleo\/\" target=\"\" rel=\"noopener noreferrer\">Trabaja en Wolf Group<\/a>\n                                                            \n                                                    <\/nav>\n                                    <\/div>\n            <\/div>\n        <\/div>\n        <img decoding=\"async\" class=\"bg_elem no-lazy\" src=\"https:\/\/wolfgroup.rktv.ee\/es\/wp-content\/themes\/wolfgroup\/images\/bg_elem.png\" width=\"2940\" height=\"2380\" alt=\"\" role=\"presentation\" \/>\n    <\/section>\n\n\n\n    <div id=\"production-content-block_aa198c65c27048a0d2fcaffa1dc9e590\" class=\"production-content-block\">\n        <div class=\"inside_wrap grey_bg\">\n            <div class=\"container\">\n                <div class=\"row align-items-center flex-md-nowrap\">\n                    <div class=\"content col col-12\">\n                                                    <h2>Calidad y medio ambiente<\/h2>\n<p>&nbsp;<\/p>\n<h4><strong>Sistemas de gesti\u00f3n ISO<\/strong><\/h4>\n<p>El sistema de gesti\u00f3n de Wolf Group O\u00dc cumple los requisitos de la norma de gesti\u00f3n de calidad<br \/>\nde calidad ISO 9001:2015 y la norma de gesti\u00f3n medioambiental ISO 14001:2015.<\/p>\n<p>La empresa ha obtenido los siguientes certificados:<\/p>\n<p><a href=\"https:\/\/wolfgroup.rktv.ee\/es\/wp-content\/uploads\/sites\/11\/2022\/06\/ISO-9001-ENG-V2_Bureau-Veritas.pdf\" target=\"_blank\" rel=\"noopener\">ISO 9001:2015 Wolf Group O\u00dc<\/a><br \/>\n<a href=\"https:\/\/wolfgroup.rktv.ee\/es\/wp-content\/uploads\/sites\/11\/2022\/06\/ISO-14001-ENG-V2_Bureau-Veritas.pdf\" target=\"_blank\" rel=\"noopener\">ISO 14001:2015 Wolf Group O\u00dc<\/a><\/p>\n<p>&nbsp;<\/p>\n<h4>Principios medioambientales<\/h4>\n<ul>\n<li>Dado que nuestras actividades repercuten en el entorno que nos rodea, nos comprometemos a mejorar continuamente nuestro sistema de gesti\u00f3n medioambiental.<\/li>\n<li>Evaluamos peri\u00f3dicamente los aspectos medioambientales para detectar, minimizar y prevenir los riesgos de contaminaci\u00f3n.<\/li>\n<li>Cooperamos con nuestros socios comerciales y proveedores para garantizar la sostenibilidad medioambiental.<\/li>\n<li>Controlamos continuamente nuestro consumo de recursos naturales y nos esforzamos por reducirlo.<\/li>\n<li>Nuestros productos se desarrollan y fabrican de forma responsable con el medio ambiente y nuestros procesos cumplen los requisitos legales.<\/li>\n<li>Nos aseguramos de que todos nuestros empleados conozcan nuestras estrategias acordadas de gesti\u00f3n de residuos, que implican reducir, clasificar y reciclar los residuos de producci\u00f3n.<\/li>\n<\/ul>\n<h4>Principios de calidad<\/h4>\n<ul>\n<li>Ofrecemos a nuestros clientes productos de alta calidad y soluciones fiables con valor a\u00f1adido. Nuestros productos cumplen la normativa, se entregan a tiempo y satisfacen las necesidades y expectativas de los clientes.<\/li>\n<li>Nos comprometemos a establecer y mantener relaciones armoniosas con nuestros clientes.<\/li>\n<li>Nos esforzamos por mejorar continuamente nuestros productos y procesos para aumentar la satisfacci\u00f3n del cliente.<\/li>\n<li>Nuestros productos y actividades est\u00e1n bien gestionados con un eficaz sistema de gesti\u00f3n de la calidad que se mejora continuamente.<\/li>\n<li>Nos aseguramos de que nuestros empleados est\u00e9n formados y sean competentes para actuar profesionalmente en sus funciones. Nuestro entorno laboral cumple los requisitos de salud y seguridad en el trabajo.<\/li>\n<li>Mantenemos la sostenibilidad financiera en nuestro rendimiento empresarial y nos esforzamos por lograr una cultura empresarial innovadora.<\/li>\n<\/ul>\n                                                                    <\/div>\n                <\/div>\n            <\/div>\n        <\/div>\n    <\/div>\n\n\n\n    <div id=\"production-content-block_7f9b6bfbba5fbb46d7a040ca0cf5bc71\" class=\"production-content-block\">\n        <div class=\"inside_wrap\">\n            <div class=\"container\">\n                <div class=\"row align-items-center flex-md-nowrap\">\n                    <div class=\"content col col-12\">\n                                                    <h2>Salud y seguridad<\/h2>\n<p>Para Wolf Group Ib\u00e9rico, garantizar la seguridad de los trabajadores es una prioridad. La empresa establece pr\u00e1cticas seguras que minimizan el riesgo en todo el proceso de producci\u00f3n.<\/p>\n<ul>\n<li>Los empleados reciben formaci\u00f3n sobre diversos temas de salud y seguridad en el trabajo.<\/li>\n<li>Los empleados son concienciados sobre c\u00f3mo utilizar los equipos de protecci\u00f3n individual.<\/li>\n<li>Se estudian los riesgos y se establecen medidas preventivas con el grupo de trabajo, incluidos m\u00e9todos de trabajo m\u00e1s seguros y eficientes.<\/li>\n<li>Los productos se desarrollan para garantizar su seguridad durante la fabricaci\u00f3n y el uso, minimizando el uso de sustancias peligrosas.<\/li>\n<\/ul>\n                                                                    <\/div>\n                <\/div>\n            <\/div>\n        <\/div>\n    <\/div>\n\n\n\n<figure class=\"wp-block-gallery has-nested-images columns-4 is-cropped wp-block-gallery-1 is-layout-flex wp-block-gallery-is-layout-flex\">\n<figure class=\"wp-block-image size-full\"><img decoding=\"async\" width=\"1727\" height=\"1296\" data-id=\"30516\" src=\"https:\/\/wolfgroup.rktv.ee\/es\/wp-content\/uploads\/sites\/11\/2024\/07\/Gava1_2.jpg\" alt=\"\" class=\"wp-image-30516\" srcset=\"https:\/\/wolfgroup.rktv.ee\/es\/wp-content\/uploads\/sites\/11\/2024\/07\/Gava1_2.jpg 1727w, https:\/\/wolfgroup.rktv.ee\/es\/wp-content\/uploads\/sites\/11\/2024\/07\/Gava1_2-1536x1153.jpg 1536w\" sizes=\"(max-width: 1727px) 100vw, 1727px\" \/><\/figure>\n\n\n\n<figure class=\"wp-block-image size-full\"><img decoding=\"async\" width=\"2560\" height=\"1440\" data-id=\"30507\" src=\"https:\/\/wolfgroup.rktv.ee\/es\/wp-content\/uploads\/sites\/11\/2024\/07\/Aerial-Foam-Factory-Gava-16x9-026-scaled.jpg\" alt=\"\" class=\"wp-image-30507\" srcset=\"https:\/\/wolfgroup.rktv.ee\/es\/wp-content\/uploads\/sites\/11\/2024\/07\/Aerial-Foam-Factory-Gava-16x9-026-scaled.jpg 2560w, https:\/\/wolfgroup.rktv.ee\/es\/wp-content\/uploads\/sites\/11\/2024\/07\/Aerial-Foam-Factory-Gava-16x9-026-1536x864.jpg 1536w, https:\/\/wolfgroup.rktv.ee\/es\/wp-content\/uploads\/sites\/11\/2024\/07\/Aerial-Foam-Factory-Gava-16x9-026-2048x1152.jpg 2048w\" sizes=\"(max-width: 2560px) 100vw, 2560px\" \/><\/figure>\n\n\n\n<figure class=\"wp-block-image size-full\"><img decoding=\"async\" width=\"800\" height=\"450\" data-id=\"30527\" src=\"https:\/\/wolfgroup.rktv.ee\/es\/wp-content\/uploads\/sites\/11\/2024\/07\/Gava-WolfGroup-3.jpg\" alt=\"\" class=\"wp-image-30527\"\/><\/figure>\n\n\n\n<figure class=\"wp-block-image size-full\"><img decoding=\"async\" width=\"800\" height=\"450\" data-id=\"30529\" src=\"https:\/\/wolfgroup.rktv.ee\/es\/wp-content\/uploads\/sites\/11\/2024\/07\/Gava-WolfGroup-4.jpg\" alt=\"\" class=\"wp-image-30529\"\/><\/figure>\n<\/figure>\n\n\n\n<div style=\"height:50px\" aria-hidden=\"true\" class=\"wp-block-spacer\"><\/div>\n\n\n\n<figure class=\"wp-block-image size-full\"><img decoding=\"async\" width=\"6428\" height=\"400\" src=\"https:\/\/wolfgroup.rktv.ee\/es\/wp-content\/uploads\/sites\/11\/2025\/01\/Logos-web-cam-com.png\" alt=\"\" class=\"wp-image-31534\" srcset=\"https:\/\/wolfgroup.rktv.ee\/es\/wp-content\/uploads\/sites\/11\/2025\/01\/Logos-web-cam-com.png 6428w, https:\/\/wolfgroup.rktv.ee\/es\/wp-content\/uploads\/sites\/11\/2025\/01\/Logos-web-cam-com-1536x96.png 1536w, https:\/\/wolfgroup.rktv.ee\/es\/wp-content\/uploads\/sites\/11\/2025\/01\/Logos-web-cam-com-2048x127.png 2048w\" sizes=\"(max-width: 6428px) 100vw, 6428px\" \/><\/figure>\n","protected":false},"excerpt":{"rendered":"","protected":false},"author":2,"featured_media":0,"parent":29196,"menu_order":20,"comment_status":"closed","ping_status":"closed","template":"","meta":{"_acf_changed":false,"footnotes":""},"class_list":["post-29200","page","type-page","status-publish","hentry"],"acf":[],"yoast_head":"<!-- This site is optimized with the Yoast SEO plugin v27.3 - https:\/\/yoast.com\/product\/yoast-seo-wordpress\/ -->\n<title>Gava - Wolf Group Espa\u00f1a<\/title>\n<meta name=\"robots\" content=\"noindex, follow, max-snippet:-1, max-image-preview:large, max-video-preview:-1\" \/>\n<meta property=\"og:locale\" content=\"es_ES\" \/>\n<meta property=\"og:type\" content=\"article\" \/>\n<meta property=\"og:title\" content=\"Gava - Wolf Group Espa\u00f1a\" \/>\n<meta property=\"og:url\" content=\"https:\/\/wolfgroup.rktv.ee\/es\/produccion\/gava\/\" \/>\n<meta property=\"og:site_name\" content=\"Wolf Group Espa\u00f1a\" \/>\n<meta property=\"article:modified_time\" content=\"2025-01-21T10:01:29+00:00\" \/>\n<meta property=\"og:image\" content=\"https:\/\/wolfgroup.rktv.ee\/es\/wp-content\/uploads\/sites\/11\/2024\/07\/Gava1_2.jpg\" \/>\n<meta name=\"twitter:card\" content=\"summary_large_image\" \/>\n<script type=\"application\/ld+json\" class=\"yoast-schema-graph\">{\"@context\":\"https:\\\/\\\/schema.org\",\"@graph\":[{\"@type\":\"WebPage\",\"@id\":\"https:\\\/\\\/wolfgroup.rktv.ee\\\/es\\\/produccion\\\/gava\\\/\",\"url\":\"https:\\\/\\\/wolfgroup.rktv.ee\\\/es\\\/produccion\\\/gava\\\/\",\"name\":\"Gava - Wolf Group Espa\u00f1a\",\"isPartOf\":{\"@id\":\"https:\\\/\\\/wolfgroup.rktv.ee\\\/es\\\/#website\"},\"primaryImageOfPage\":{\"@id\":\"https:\\\/\\\/wolfgroup.rktv.ee\\\/es\\\/produccion\\\/gava\\\/#primaryimage\"},\"image\":{\"@id\":\"https:\\\/\\\/wolfgroup.rktv.ee\\\/es\\\/produccion\\\/gava\\\/#primaryimage\"},\"thumbnailUrl\":\"https:\\\/\\\/wolfgroup.rktv.ee\\\/es\\\/wp-content\\\/uploads\\\/sites\\\/11\\\/2024\\\/07\\\/Gava1_2.jpg\",\"datePublished\":\"2022-06-03T08:05:42+00:00\",\"dateModified\":\"2025-01-21T10:01:29+00:00\",\"breadcrumb\":{\"@id\":\"https:\\\/\\\/wolfgroup.rktv.ee\\\/es\\\/produccion\\\/gava\\\/#breadcrumb\"},\"inLanguage\":\"es\",\"potentialAction\":[{\"@type\":\"ReadAction\",\"target\":[\"https:\\\/\\\/wolfgroup.rktv.ee\\\/es\\\/produccion\\\/gava\\\/\"]}]},{\"@type\":\"ImageObject\",\"inLanguage\":\"es\",\"@id\":\"https:\\\/\\\/wolfgroup.rktv.ee\\\/es\\\/produccion\\\/gava\\\/#primaryimage\",\"url\":\"https:\\\/\\\/wolfgroup.rktv.ee\\\/es\\\/wp-content\\\/uploads\\\/sites\\\/11\\\/2024\\\/07\\\/Gava1_2.jpg\",\"contentUrl\":\"https:\\\/\\\/wolfgroup.rktv.ee\\\/es\\\/wp-content\\\/uploads\\\/sites\\\/11\\\/2024\\\/07\\\/Gava1_2.jpg\",\"width\":1727,\"height\":1296},{\"@type\":\"BreadcrumbList\",\"@id\":\"https:\\\/\\\/wolfgroup.rktv.ee\\\/es\\\/produccion\\\/gava\\\/#breadcrumb\",\"itemListElement\":[{\"@type\":\"ListItem\",\"position\":1,\"name\":\"Home\",\"item\":\"https:\\\/\\\/wolfgroup.rktv.ee\\\/es\\\/\"},{\"@type\":\"ListItem\",\"position\":2,\"name\":\"Producci\u00f3n\",\"item\":\"https:\\\/\\\/wolfgroup.rktv.ee\\\/es\\\/produccion\\\/\"},{\"@type\":\"ListItem\",\"position\":3,\"name\":\"Gava\"}]},{\"@type\":\"WebSite\",\"@id\":\"https:\\\/\\\/wolfgroup.rktv.ee\\\/es\\\/#website\",\"url\":\"https:\\\/\\\/wolfgroup.rktv.ee\\\/es\\\/\",\"name\":\"Wolf Group Espa\u00f1a\",\"description\":\"construction chemistry products and solutions manufacturer\",\"publisher\":{\"@id\":\"https:\\\/\\\/wolfgroup.rktv.ee\\\/es\\\/#organization\"},\"potentialAction\":[{\"@type\":\"SearchAction\",\"target\":{\"@type\":\"EntryPoint\",\"urlTemplate\":\"https:\\\/\\\/wolfgroup.rktv.ee\\\/es\\\/?s={search_term_string}\"},\"query-input\":{\"@type\":\"PropertyValueSpecification\",\"valueRequired\":true,\"valueName\":\"search_term_string\"}}],\"inLanguage\":\"es\"},{\"@type\":\"Organization\",\"@id\":\"https:\\\/\\\/wolfgroup.rktv.ee\\\/es\\\/#organization\",\"name\":\"Wolf Group\",\"url\":\"https:\\\/\\\/wolfgroup.rktv.ee\\\/es\\\/\",\"logo\":{\"@type\":\"ImageObject\",\"inLanguage\":\"es\",\"@id\":\"https:\\\/\\\/wolfgroup.rktv.ee\\\/es\\\/#\\\/schema\\\/logo\\\/image\\\/\",\"url\":\"https:\\\/\\\/wolfgroup.rktv.ee\\\/es\\\/wp-content\\\/uploads\\\/sites\\\/11\\\/2022\\\/04\\\/wolfgroup-logo.svg\",\"contentUrl\":\"https:\\\/\\\/wolfgroup.rktv.ee\\\/es\\\/wp-content\\\/uploads\\\/sites\\\/11\\\/2022\\\/04\\\/wolfgroup-logo.svg\",\"width\":155,\"height\":46,\"caption\":\"Wolf Group\"},\"image\":{\"@id\":\"https:\\\/\\\/wolfgroup.rktv.ee\\\/es\\\/#\\\/schema\\\/logo\\\/image\\\/\"},\"legalName\":\"Wolf Group AS\",\"foundingDate\":\"1993\",\"numberOfEmployees\":{\"@type\":\"QuantitativeValue\",\"value\":900},\"knowsAbout\":[\"construction chemicals\",\"adhesives\",\"sealants\",\"thermal insulation\",\"waterproofing\"],\"contactPoint\":{\"@type\":\"ContactPoint\",\"contactType\":\"sales\",\"areaServed\":\"ES\",\"availableLanguage\":\"es\"}}]}<\/script>\n<!-- \/ Yoast SEO plugin. -->","yoast_head_json":{"title":"Gava - Wolf Group Espa\u00f1a","robots":{"index":"noindex","follow":"follow","max-snippet":"max-snippet:-1","max-image-preview":"max-image-preview:large","max-video-preview":"max-video-preview:-1"},"og_locale":"es_ES","og_type":"article","og_title":"Gava - Wolf Group Espa\u00f1a","og_url":"https:\/\/wolfgroup.rktv.ee\/es\/produccion\/gava\/","og_site_name":"Wolf Group Espa\u00f1a","article_modified_time":"2025-01-21T10:01:29+00:00","og_image":[{"url":"https:\/\/wolfgroup.rktv.ee\/es\/wp-content\/uploads\/sites\/11\/2024\/07\/Gava1_2.jpg","type":"","width":"","height":""}],"twitter_card":"summary_large_image","schema":{"@context":"https:\/\/schema.org","@graph":[{"@type":"WebPage","@id":"https:\/\/wolfgroup.rktv.ee\/es\/produccion\/gava\/","url":"https:\/\/wolfgroup.rktv.ee\/es\/produccion\/gava\/","name":"Gava - Wolf Group Espa\u00f1a","isPartOf":{"@id":"https:\/\/wolfgroup.rktv.ee\/es\/#website"},"primaryImageOfPage":{"@id":"https:\/\/wolfgroup.rktv.ee\/es\/produccion\/gava\/#primaryimage"},"image":{"@id":"https:\/\/wolfgroup.rktv.ee\/es\/produccion\/gava\/#primaryimage"},"thumbnailUrl":"https:\/\/wolfgroup.rktv.ee\/es\/wp-content\/uploads\/sites\/11\/2024\/07\/Gava1_2.jpg","datePublished":"2022-06-03T08:05:42+00:00","dateModified":"2025-01-21T10:01:29+00:00","breadcrumb":{"@id":"https:\/\/wolfgroup.rktv.ee\/es\/produccion\/gava\/#breadcrumb"},"inLanguage":"es","potentialAction":[{"@type":"ReadAction","target":["https:\/\/wolfgroup.rktv.ee\/es\/produccion\/gava\/"]}]},{"@type":"ImageObject","inLanguage":"es","@id":"https:\/\/wolfgroup.rktv.ee\/es\/produccion\/gava\/#primaryimage","url":"https:\/\/wolfgroup.rktv.ee\/es\/wp-content\/uploads\/sites\/11\/2024\/07\/Gava1_2.jpg","contentUrl":"https:\/\/wolfgroup.rktv.ee\/es\/wp-content\/uploads\/sites\/11\/2024\/07\/Gava1_2.jpg","width":1727,"height":1296},{"@type":"BreadcrumbList","@id":"https:\/\/wolfgroup.rktv.ee\/es\/produccion\/gava\/#breadcrumb","itemListElement":[{"@type":"ListItem","position":1,"name":"Home","item":"https:\/\/wolfgroup.rktv.ee\/es\/"},{"@type":"ListItem","position":2,"name":"Producci\u00f3n","item":"https:\/\/wolfgroup.rktv.ee\/es\/produccion\/"},{"@type":"ListItem","position":3,"name":"Gava"}]},{"@type":"WebSite","@id":"https:\/\/wolfgroup.rktv.ee\/es\/#website","url":"https:\/\/wolfgroup.rktv.ee\/es\/","name":"Wolf Group Espa\u00f1a","description":"construction chemistry products and solutions manufacturer","publisher":{"@id":"https:\/\/wolfgroup.rktv.ee\/es\/#organization"},"potentialAction":[{"@type":"SearchAction","target":{"@type":"EntryPoint","urlTemplate":"https:\/\/wolfgroup.rktv.ee\/es\/?s={search_term_string}"},"query-input":{"@type":"PropertyValueSpecification","valueRequired":true,"valueName":"search_term_string"}}],"inLanguage":"es"},{"@type":"Organization","@id":"https:\/\/wolfgroup.rktv.ee\/es\/#organization","name":"Wolf Group","url":"https:\/\/wolfgroup.rktv.ee\/es\/","logo":{"@type":"ImageObject","inLanguage":"es","@id":"https:\/\/wolfgroup.rktv.ee\/es\/#\/schema\/logo\/image\/","url":"https:\/\/wolfgroup.rktv.ee\/es\/wp-content\/uploads\/sites\/11\/2022\/04\/wolfgroup-logo.svg","contentUrl":"https:\/\/wolfgroup.rktv.ee\/es\/wp-content\/uploads\/sites\/11\/2022\/04\/wolfgroup-logo.svg","width":155,"height":46,"caption":"Wolf Group"},"image":{"@id":"https:\/\/wolfgroup.rktv.ee\/es\/#\/schema\/logo\/image\/"},"legalName":"Wolf Group AS","foundingDate":"1993","numberOfEmployees":{"@type":"QuantitativeValue","value":900},"knowsAbout":["construction chemicals","adhesives","sealants","thermal insulation","waterproofing"],"contactPoint":{"@type":"ContactPoint","contactType":"sales","areaServed":"ES","availableLanguage":"es"}}]}},"_links":{"self":[{"href":"https:\/\/wolfgroup.rktv.ee\/es\/wp-json\/wp\/v2\/pages\/29200","targetHints":{"allow":["GET"]}}],"collection":[{"href":"https:\/\/wolfgroup.rktv.ee\/es\/wp-json\/wp\/v2\/pages"}],"about":[{"href":"https:\/\/wolfgroup.rktv.ee\/es\/wp-json\/wp\/v2\/types\/page"}],"author":[{"embeddable":true,"href":"https:\/\/wolfgroup.rktv.ee\/es\/wp-json\/wp\/v2\/users\/2"}],"replies":[{"embeddable":true,"href":"https:\/\/wolfgroup.rktv.ee\/es\/wp-json\/wp\/v2\/comments?post=29200"}],"version-history":[{"count":32,"href":"https:\/\/wolfgroup.rktv.ee\/es\/wp-json\/wp\/v2\/pages\/29200\/revisions"}],"predecessor-version":[{"id":31536,"href":"https:\/\/wolfgroup.rktv.ee\/es\/wp-json\/wp\/v2\/pages\/29200\/revisions\/31536"}],"up":[{"embeddable":true,"href":"https:\/\/wolfgroup.rktv.ee\/es\/wp-json\/wp\/v2\/pages\/29196"}],"wp:attachment":[{"href":"https:\/\/wolfgroup.rktv.ee\/es\/wp-json\/wp\/v2\/media?parent=29200"}],"curies":[{"name":"wp","href":"https:\/\/api.w.org\/{rel}","templated":true}]}}