{"id":29964,"date":"2023-09-19T13:45:14","date_gmt":"2023-09-19T10:45:14","guid":{"rendered":"https:\/\/wolfgroup.rktv.ee\/es\/?page_id=29964"},"modified":"2025-04-08T17:38:05","modified_gmt":"2025-04-08T14:38:05","slug":"libatse","status":"publish","type":"page","link":"https:\/\/wolfgroup.rktv.ee\/es\/produccion\/libatse\/","title":{"rendered":"Libatse"},"content":{"rendered":"\n    <section id=\"production-intro-block_6dc95c48e5c9c78e42c22bf449befbf3\" class=\"production-intro-block\" aria-label=\"Production introduction\">\n        <div class=\"container\">\n            <div class=\"row align-items-center flex-md-nowrap\">\n                <div class=\"col col-12\">\n                                            <div class=\"intro\">\n                            <div class=\"row align-items-center flex-lg-nowrap\">\n                                <div class=\"col-12 col-lg-5 text-wrap\">\n                                    <h1>Wolf Group O\u00dc, Libatse<\/h1>\n<p>La unidad de producci\u00f3n de Wolf Group en Libatse est\u00e1 especializada en la producci\u00f3n y envasado de aerosoles. La planta se caracteriza por su gran capacidad tecnol\u00f3gica, flexibilidad y eficiencia.<\/p>\n                                <\/div>\n\n                                <div class=\"col-12 col-lg-7 media-wrap\">\n                                    <div class=\"media\" aria-hidden=\"false\">\n                                                                                    <iframe loading=\"lazy\"\n                                                width=\"100\"\n                                                height=\"100\"\n                                                src=\"https:\/\/www.youtube.com\/embed\/W-dLQLm3RZw?loop=1&#038;playlist=W-dLQLm3RZw&#038;autoplay=1&#038;mute=1\"\n                                                title=\"Production facility video\"\n                                                allow=\"accelerometer; autoplay; clipboard-write; encrypted-media; gyroscope; picture-in-picture\"\n                                                allowfullscreen\n                                                data-cookieconsent=\"necessary\"\n                                            ><\/iframe>\n                                                                            <\/div>\n                                <\/div>\n                            <\/div>\n\n                                                            <ul>\n<li>Empresa de producci\u00f3n de aerosoles con sede en la capital estonia desde 2009<\/li>\n<li>Capacidad de la l\u00ednea de producci\u00f3n \u2265 1500 unidades por hora<\/li>\n<li>Modernas soluciones de envasado de aerosoles<\/li>\n<li>Amplias instalaciones de producci\u00f3n y almacenamiento<\/li>\n<li>Aplicaci\u00f3n de m\u00e9todos de producci\u00f3n sostenibles, gesti\u00f3n de residuos y reciclaje<\/li>\n<li>Gesti\u00f3n y desarrollo de productos, asesoramiento t\u00e9cnico<\/li>\n<li>Servicio r\u00e1pido y flexible<\/li>\n<li>Red mundial de ventas<\/li>\n<\/ul>\n                                                    <\/div>\n                    \n                                            <nav class=\"buttons d-flex flex-md-row flex-column align-items-md-center align-items-start justify-content-start\" aria-label=\"Page actions\">\n                                                                                                                                    <a class=\"btn\" href=\"mailto:wg@wolf-group.com\" target=\"\" rel=\"noopener noreferrer\">Contacta con nosotros<\/a>\n                                                                                                        <a class=\"btn\" href=\"https:\/\/wolfgroup.rktv.ee\/es\/centro-de-empleo\/\" target=\"\" rel=\"noopener noreferrer\">Trabaja en Wolf Group<\/a>\n                                                            \n                                                    <\/nav>\n                                    <\/div>\n            <\/div>\n        <\/div>\n        <img decoding=\"async\" class=\"bg_elem no-lazy\" src=\"https:\/\/wolfgroup.rktv.ee\/es\/wp-content\/themes\/wolfgroup\/images\/bg_elem.png\" width=\"2940\" height=\"2380\" alt=\"\" role=\"presentation\" \/>\n    <\/section>\n\n\n\n    <div id=\"wse-grid-block_c8d39420fb7211a94c2927b705528aa9\" class=\"wse-grid-block\">\n        <div class=\"container\">\n                                        <div class=\"grid reverse\">\n                                                                    <div class=\"grid_item row align-items-center\">\n                            <div class=\"col col-md-6 col-12\">\n                                <div class=\"content_container\">\n                                    <h2>Llenado de aerosoles<\/h2>\n<p>&nbsp;<\/p>\n<p><strong>Filling gases:\u00a0<\/strong>LPG;\u00a0CO<sub>2<\/sub><\/p>\n<p><strong>Latas Aereosol:<\/strong><\/p>\n<p>Capacidad de 210 ml a 750 ml<\/p>\n<p>Di\u00e1metro de la lata 52\/57\/65 mm<\/p>\n<p>Lata 15\/18 bar<\/p>\n<p>Es posible estampar el tri\u00e1ngulo de advertencia t\u00e1ctil en los botes de aerosol. La costura de soldadura cubierta permite llenar los botes con distintos productos qu\u00edmicos.<\/p>\n<p><strong>Accesorios:<\/strong> amplia gama de v\u00e1lvulas, boquillas, tapas, etc.<\/p>\n                                <\/div>\n                            <\/div>\n                            <div class=\"col col-md-6 col-12\">\n\t\t\t\t\t\t\t\t\t\t\t\t\t\t\t\t\t\t\t\t\t\t\t\t\t\t<div class=\"image_container\">\n\t\t\t\t\t\t\t\t\t\t<img decoding=\"async\" src=\"https:\/\/wolfgroup.rktv.ee\/es\/wp-content\/uploads\/sites\/11\/2023\/10\/Mesa-de-trabajo-1.png\" width=\"300\" height=\"300\" alt=\"\" \/>\n\t\t\t\t\t\t\t\t\t<\/div>\n\t\t\t\t\t\t\t\t                            <\/div>\n                        <\/div>\n                                    <\/div>\n                    <\/div>\n    <\/div>\n\n\n\n    <div id=\"production-content-block_b099cb8e1e172e7fba2fa01ea165b803\" class=\"production-content-block\">\n        <div class=\"inside_wrap grey_bg\">\n            <div class=\"container\">\n                <div class=\"row align-items-center flex-md-nowrap\">\n                    <div class=\"content col col-12\">\n                                                    <h2>Calidad<\/h2>\n<h4>Sistemas de gesti\u00f3n ISO<\/h4>\n<p>El sistema de gesti\u00f3n de Wolf Group O\u00dc est\u00e1 de acuerdo con los requisitos de la norma de gesti\u00f3n de calidad ISO 9001:2015, la norma de gesti\u00f3n medioambiental ISO 14001:2015 y la norma de gesti\u00f3n de seguridad y salud 45001:2015.<\/p>\n<p>La empresa ha obtenido los siguientes certificados:<\/p>\n<p><a href=\"https:\/\/wolfgroup.rktv.ee\/es\/wp-content\/uploads\/sites\/11\/2024\/07\/9001-ENG.pdf\" target=\"_blank\" rel=\"noopener\">ISO 9001:2015 Wolf Group O\u00dc<\/a><br \/>\n<a href=\"https:\/\/wolfgroup.rktv.ee\/es\/wp-content\/uploads\/sites\/11\/2024\/07\/14001-ENG.pdf\" target=\"_blank\" rel=\"noopener\">ISO 14001:2015 Wolf Group O\u00dc<\/a><br \/>\n<a href=\"https:\/\/wolfgroup.rktv.ee\/es\/wp-content\/uploads\/sites\/11\/2024\/07\/45001-ENG.pdf\" target=\"_blank\" rel=\"noopener\">ISO 45001:2015 Wolf Group O\u00dc<\/a><\/p>\n<p>&nbsp;<\/p>\n<h4>Principios de calidad<\/h4>\n<ul>\n<li>Ofrecemos a nuestros clientes productos de alta calidad y soluciones completas fiables. Nuestros productos cumplen todos los requisitos, se entregan a tiempo y satisfacen las necesidades y expectativas de nuestros clientes.<\/li>\n<li>Nos comprometemos a crear y mantener relaciones armoniosas con nuestros clientes.<\/li>\n<li>Nos esforzamos por mejorar continuamente nuestros productos y procesos para aumentar la satisfacci\u00f3n del cliente.<\/li>\n<li>Nuestros productos y operaciones est\u00e1n bien gestionados con un sistema de gesti\u00f3n de calidad eficaz que se mejora continuamente.<\/li>\n<li>Nos aseguramos de que nuestro personal est\u00e9 formado y sea competente para desempe\u00f1ar sus funciones. Nuestro entorno de trabajo cumple los requisitos de salud y seguridad laboral.<\/li>\n<li>Mantenemos la sostenibilidad financiera de nuestro negocio y nos esforzamos por lograr una cultura empresarial innovadora.<\/li>\n<\/ul>\n                                                                            <div class=\"buttons d-flex justify-content-md-start justify-content-center\">\n\t\t\t\t\t\t\t\t\t\t\t\t\t\t\t\t\t\t\t\t\t\t\t\t\t\t<a class=\"btn\" href=\"https:\/\/wolfgroup.rktv.ee\/es\/wp-content\/uploads\/sites\/11\/2022\/06\/General-Purchase-terms-and-Conditions.pdf\" target=\"\">M\u00e1s informaci\u00f3n<\/a>\n\t\t\t\t\t\t\t\t                            <\/div>\n                                            <\/div>\n                <\/div>\n            <\/div>\n        <\/div>\n    <\/div>\n\n\n\n    <div id=\"production-content-block_c5cf54c04acaec35cc68a1d10c2da232\" class=\"production-content-block\">\n        <div class=\"inside_wrap\">\n            <div class=\"container\">\n                <div class=\"row align-items-center flex-md-nowrap\">\n                    <div class=\"content col col-12\">\n                                                    <h2>Condiciones de compra<\/h2>\n<p>Las condiciones de compra de la planta Libatse de Wolf Group pueden descargarse aqu\u00ed:<\/p>\n                                                                            <div class=\"buttons d-flex justify-content-md-start justify-content-center\">\n\t\t\t\t\t\t\t\t\t\t\t\t\t\t\t\t\t\t\t\t\t\t\t\t\t\t<a class=\"btn\" href=\"https:\/\/wolfgroup.rktv.ee\/es\/wp-content\/uploads\/sites\/11\/2022\/06\/General-Purchase-terms-and-Conditions.pdf\" target=\"\">Condiciones de compra <\/a>\n\t\t\t\t\t\t\t\t                            <\/div>\n                                            <\/div>\n                <\/div>\n            <\/div>\n        <\/div>\n    <\/div>\n","protected":false},"excerpt":{"rendered":"","protected":false},"author":10,"featured_media":0,"parent":29196,"menu_order":0,"comment_status":"closed","ping_status":"closed","template":"","meta":{"_acf_changed":false,"footnotes":""},"class_list":["post-29964","page","type-page","status-publish","hentry"],"acf":[],"yoast_head":"<!-- This site is optimized with the Yoast SEO plugin v27.3 - https:\/\/yoast.com\/product\/yoast-seo-wordpress\/ -->\n<title>Libatse - Wolf Group Espa\u00f1a<\/title>\n<meta name=\"robots\" content=\"noindex, follow, max-snippet:-1, max-image-preview:large, max-video-preview:-1\" \/>\n<meta property=\"og:locale\" content=\"es_ES\" \/>\n<meta property=\"og:type\" content=\"article\" \/>\n<meta property=\"og:title\" content=\"Libatse - Wolf Group Espa\u00f1a\" \/>\n<meta property=\"og:url\" content=\"https:\/\/wolfgroup.rktv.ee\/es\/produccion\/libatse\/\" \/>\n<meta property=\"og:site_name\" content=\"Wolf Group Espa\u00f1a\" \/>\n<meta property=\"article:modified_time\" content=\"2025-04-08T14:38:05+00:00\" \/>\n<meta name=\"twitter:card\" content=\"summary_large_image\" \/>\n<script type=\"application\/ld+json\" class=\"yoast-schema-graph\">{\"@context\":\"https:\\\/\\\/schema.org\",\"@graph\":[{\"@type\":\"WebPage\",\"@id\":\"https:\\\/\\\/wolfgroup.rktv.ee\\\/es\\\/produccion\\\/libatse\\\/\",\"url\":\"https:\\\/\\\/wolfgroup.rktv.ee\\\/es\\\/produccion\\\/libatse\\\/\",\"name\":\"Libatse - Wolf Group Espa\u00f1a\",\"isPartOf\":{\"@id\":\"https:\\\/\\\/wolfgroup.rktv.ee\\\/es\\\/#website\"},\"datePublished\":\"2023-09-19T10:45:14+00:00\",\"dateModified\":\"2025-04-08T14:38:05+00:00\",\"breadcrumb\":{\"@id\":\"https:\\\/\\\/wolfgroup.rktv.ee\\\/es\\\/produccion\\\/libatse\\\/#breadcrumb\"},\"inLanguage\":\"es\",\"potentialAction\":[{\"@type\":\"ReadAction\",\"target\":[\"https:\\\/\\\/wolfgroup.rktv.ee\\\/es\\\/produccion\\\/libatse\\\/\"]}]},{\"@type\":\"BreadcrumbList\",\"@id\":\"https:\\\/\\\/wolfgroup.rktv.ee\\\/es\\\/produccion\\\/libatse\\\/#breadcrumb\",\"itemListElement\":[{\"@type\":\"ListItem\",\"position\":1,\"name\":\"Home\",\"item\":\"https:\\\/\\\/wolfgroup.rktv.ee\\\/es\\\/\"},{\"@type\":\"ListItem\",\"position\":2,\"name\":\"Producci\u00f3n\",\"item\":\"https:\\\/\\\/wolfgroup.rktv.ee\\\/es\\\/produccion\\\/\"},{\"@type\":\"ListItem\",\"position\":3,\"name\":\"Libatse\"}]},{\"@type\":\"WebSite\",\"@id\":\"https:\\\/\\\/wolfgroup.rktv.ee\\\/es\\\/#website\",\"url\":\"https:\\\/\\\/wolfgroup.rktv.ee\\\/es\\\/\",\"name\":\"Wolf Group Espa\u00f1a\",\"description\":\"construction chemistry products and solutions manufacturer\",\"publisher\":{\"@id\":\"https:\\\/\\\/wolfgroup.rktv.ee\\\/es\\\/#organization\"},\"potentialAction\":[{\"@type\":\"SearchAction\",\"target\":{\"@type\":\"EntryPoint\",\"urlTemplate\":\"https:\\\/\\\/wolfgroup.rktv.ee\\\/es\\\/?s={search_term_string}\"},\"query-input\":{\"@type\":\"PropertyValueSpecification\",\"valueRequired\":true,\"valueName\":\"search_term_string\"}}],\"inLanguage\":\"es\"},{\"@type\":\"Organization\",\"@id\":\"https:\\\/\\\/wolfgroup.rktv.ee\\\/es\\\/#organization\",\"name\":\"Wolf Group\",\"url\":\"https:\\\/\\\/wolfgroup.rktv.ee\\\/es\\\/\",\"logo\":{\"@type\":\"ImageObject\",\"inLanguage\":\"es\",\"@id\":\"https:\\\/\\\/wolfgroup.rktv.ee\\\/es\\\/#\\\/schema\\\/logo\\\/image\\\/\",\"url\":\"https:\\\/\\\/wolfgroup.rktv.ee\\\/es\\\/wp-content\\\/uploads\\\/sites\\\/11\\\/2022\\\/04\\\/wolfgroup-logo.svg\",\"contentUrl\":\"https:\\\/\\\/wolfgroup.rktv.ee\\\/es\\\/wp-content\\\/uploads\\\/sites\\\/11\\\/2022\\\/04\\\/wolfgroup-logo.svg\",\"width\":155,\"height\":46,\"caption\":\"Wolf Group\"},\"image\":{\"@id\":\"https:\\\/\\\/wolfgroup.rktv.ee\\\/es\\\/#\\\/schema\\\/logo\\\/image\\\/\"},\"legalName\":\"Wolf Group AS\",\"foundingDate\":\"1993\",\"numberOfEmployees\":{\"@type\":\"QuantitativeValue\",\"value\":900},\"knowsAbout\":[\"construction chemicals\",\"adhesives\",\"sealants\",\"thermal insulation\",\"waterproofing\"],\"contactPoint\":{\"@type\":\"ContactPoint\",\"contactType\":\"sales\",\"areaServed\":\"ES\",\"availableLanguage\":\"es\"}}]}<\/script>\n<!-- \/ Yoast SEO plugin. -->","yoast_head_json":{"title":"Libatse - Wolf Group Espa\u00f1a","robots":{"index":"noindex","follow":"follow","max-snippet":"max-snippet:-1","max-image-preview":"max-image-preview:large","max-video-preview":"max-video-preview:-1"},"og_locale":"es_ES","og_type":"article","og_title":"Libatse - Wolf Group Espa\u00f1a","og_url":"https:\/\/wolfgroup.rktv.ee\/es\/produccion\/libatse\/","og_site_name":"Wolf Group Espa\u00f1a","article_modified_time":"2025-04-08T14:38:05+00:00","twitter_card":"summary_large_image","schema":{"@context":"https:\/\/schema.org","@graph":[{"@type":"WebPage","@id":"https:\/\/wolfgroup.rktv.ee\/es\/produccion\/libatse\/","url":"https:\/\/wolfgroup.rktv.ee\/es\/produccion\/libatse\/","name":"Libatse - Wolf Group Espa\u00f1a","isPartOf":{"@id":"https:\/\/wolfgroup.rktv.ee\/es\/#website"},"datePublished":"2023-09-19T10:45:14+00:00","dateModified":"2025-04-08T14:38:05+00:00","breadcrumb":{"@id":"https:\/\/wolfgroup.rktv.ee\/es\/produccion\/libatse\/#breadcrumb"},"inLanguage":"es","potentialAction":[{"@type":"ReadAction","target":["https:\/\/wolfgroup.rktv.ee\/es\/produccion\/libatse\/"]}]},{"@type":"BreadcrumbList","@id":"https:\/\/wolfgroup.rktv.ee\/es\/produccion\/libatse\/#breadcrumb","itemListElement":[{"@type":"ListItem","position":1,"name":"Home","item":"https:\/\/wolfgroup.rktv.ee\/es\/"},{"@type":"ListItem","position":2,"name":"Producci\u00f3n","item":"https:\/\/wolfgroup.rktv.ee\/es\/produccion\/"},{"@type":"ListItem","position":3,"name":"Libatse"}]},{"@type":"WebSite","@id":"https:\/\/wolfgroup.rktv.ee\/es\/#website","url":"https:\/\/wolfgroup.rktv.ee\/es\/","name":"Wolf Group Espa\u00f1a","description":"construction chemistry products and solutions manufacturer","publisher":{"@id":"https:\/\/wolfgroup.rktv.ee\/es\/#organization"},"potentialAction":[{"@type":"SearchAction","target":{"@type":"EntryPoint","urlTemplate":"https:\/\/wolfgroup.rktv.ee\/es\/?s={search_term_string}"},"query-input":{"@type":"PropertyValueSpecification","valueRequired":true,"valueName":"search_term_string"}}],"inLanguage":"es"},{"@type":"Organization","@id":"https:\/\/wolfgroup.rktv.ee\/es\/#organization","name":"Wolf Group","url":"https:\/\/wolfgroup.rktv.ee\/es\/","logo":{"@type":"ImageObject","inLanguage":"es","@id":"https:\/\/wolfgroup.rktv.ee\/es\/#\/schema\/logo\/image\/","url":"https:\/\/wolfgroup.rktv.ee\/es\/wp-content\/uploads\/sites\/11\/2022\/04\/wolfgroup-logo.svg","contentUrl":"https:\/\/wolfgroup.rktv.ee\/es\/wp-content\/uploads\/sites\/11\/2022\/04\/wolfgroup-logo.svg","width":155,"height":46,"caption":"Wolf Group"},"image":{"@id":"https:\/\/wolfgroup.rktv.ee\/es\/#\/schema\/logo\/image\/"},"legalName":"Wolf Group AS","foundingDate":"1993","numberOfEmployees":{"@type":"QuantitativeValue","value":900},"knowsAbout":["construction chemicals","adhesives","sealants","thermal insulation","waterproofing"],"contactPoint":{"@type":"ContactPoint","contactType":"sales","areaServed":"ES","availableLanguage":"es"}}]}},"_links":{"self":[{"href":"https:\/\/wolfgroup.rktv.ee\/es\/wp-json\/wp\/v2\/pages\/29964","targetHints":{"allow":["GET"]}}],"collection":[{"href":"https:\/\/wolfgroup.rktv.ee\/es\/wp-json\/wp\/v2\/pages"}],"about":[{"href":"https:\/\/wolfgroup.rktv.ee\/es\/wp-json\/wp\/v2\/types\/page"}],"author":[{"embeddable":true,"href":"https:\/\/wolfgroup.rktv.ee\/es\/wp-json\/wp\/v2\/users\/10"}],"replies":[{"embeddable":true,"href":"https:\/\/wolfgroup.rktv.ee\/es\/wp-json\/wp\/v2\/comments?post=29964"}],"version-history":[{"count":46,"href":"https:\/\/wolfgroup.rktv.ee\/es\/wp-json\/wp\/v2\/pages\/29964\/revisions"}],"predecessor-version":[{"id":31633,"href":"https:\/\/wolfgroup.rktv.ee\/es\/wp-json\/wp\/v2\/pages\/29964\/revisions\/31633"}],"up":[{"embeddable":true,"href":"https:\/\/wolfgroup.rktv.ee\/es\/wp-json\/wp\/v2\/pages\/29196"}],"wp:attachment":[{"href":"https:\/\/wolfgroup.rktv.ee\/es\/wp-json\/wp\/v2\/media?parent=29964"}],"curies":[{"name":"wp","href":"https:\/\/api.w.org\/{rel}","templated":true}]}}