{"id":30449,"date":"2024-05-23T18:41:02","date_gmt":"2024-05-23T15:41:02","guid":{"rendered":"https:\/\/wolfgroup.rktv.ee\/es\/?page_id=30449"},"modified":"2024-05-23T18:41:38","modified_gmt":"2024-05-23T15:41:38","slug":"aviso-legal","status":"publish","type":"page","link":"https:\/\/wolfgroup.rktv.ee\/es\/aviso-legal\/","title":{"rendered":"Aviso Legal"},"content":{"rendered":"\n<div style=\"height:20px\" aria-hidden=\"true\" class=\"wp-block-spacer\"><\/div>\n\n\n\n<h1 class=\"wp-block-heading\" style=\"font-style:normal;font-weight:500\">Aviso Legal<\/h1>\n\n\n\n<div style=\"height:20px\" aria-hidden=\"true\" class=\"wp-block-spacer\"><\/div>\n\n\n\n<p>El acceso, navegaci\u00f3n y utilizaci\u00f3n del sitio web <a href=\"https:\/\/wolfgroup.rktv.ee\/es\">https:\/\/wolfgroup.rktv.ee\/es<\/a> (en adelante, la \u201cWeb\u201d) implica la aceptaci\u00f3n expresa y sin reservas de todos los t\u00e9rminos del presente aviso legal, teniendo la misma validez y eficacia que cualquier contrato celebrado por escrito y firmado.<\/p>\n\n\n\n<p>Su comprensi\u00f3n y cumplimiento ser\u00e1 exigible respecto de cualquier persona que acceda, navegue o utilice la Web. Si Ud. no est\u00e1 de acuerdo con los t\u00e9rminos expuestos, no acceda, navegue o utilice esta Web.<\/p>\n\n\n\n<h2 class=\"has-medium-font-size wp-block-heading\" style=\"font-style:normal;font-weight:500\">Identificaci\u00f3n<\/h2>\n\n\n\n<p>Titular: Wolf Group Ib\u00e9rico S.A.U.<br>Domicilio social: Avinguda de Bertran G\u00fcell 78 \u2013 Gav\u00e0, Barcelona, Espa\u00f1a<br>Inscrita en el Registro Mercantil de Barcelona, Folio 2, volumen 46728, hoja n\u00famero B-48.764<br>CIF: ESA08338550<br>Tel\u00e9fono: (+34) 936 629 911<br>E-mail:\u00a0<a href=\"mailto:lopd.es@wolf-group.com\">lopd.es@wolf-group.com<\/a><\/p>\n\n\n\n<div style=\"height:20px\" aria-hidden=\"true\" class=\"wp-block-spacer\"><\/div>\n\n\n\n<h2 class=\"has-medium-font-size wp-block-heading\" style=\"font-style:normal;font-weight:500\">Objeto<\/h2>\n\n\n\n<p>El presente Aviso Legal regula el acceso, navegaci\u00f3n y utilizaci\u00f3n de la Web, sin perjuicio de que WOLF GROUP IBERICO se reserve el derecho a modificar la presentaci\u00f3n, configuraci\u00f3n y contenido del mismo, as\u00ed como las condiciones requeridas para su acceso y\/o utilizaci\u00f3n. El acceso y utilizaci\u00f3n de los contenidos de la Web tras la entrada en vigor de sus modificaciones o cambios suponen la aceptaci\u00f3n de los mismos.<\/p>\n\n\n\n<p>WOLF GROUP IBERICO se reserva el derecho a modificar los t\u00e9rminos y condiciones aqu\u00ed estipuladas, total o parcialmente, publicando cualquier cambio en la misma forma en que aparece este Aviso Legal o a trav\u00e9s de cualquier tipo de comunicaci\u00f3n dirigida a los usuarios.<\/p>\n\n\n\n<p>Del mismo modo, informamos a los usuarios acerca de cu\u00e1les son sus derechos y sus obligaciones en relaci\u00f3n con los contenidos expuestos a trav\u00e9s de la Web, logotipos y marcas utilizadas, as\u00ed como las responsabilidades que pueden derivarse del acceso a la misma.<\/p>\n\n\n\n<p>A los efectos de la interpretaci\u00f3n del presente Aviso Legal, entendemos que una persona pasa a ser usuaria en el momento en que \u00e9sta acepta dicho Aviso y la Pol\u00edtica de Privacidad expuestas en la Web, bastando para ello que lo visite. Si se rellenan datos a trav\u00e9s de la Web, se deber\u00e1 aceptar la Pol\u00edtica de Privacidad.<\/p>\n\n\n\n<div style=\"height:20px\" aria-hidden=\"true\" class=\"wp-block-spacer\"><\/div>\n\n\n\n<h2 class=\"has-medium-font-size wp-block-heading\" style=\"font-style:normal;font-weight:500\">Reglas de uso del sitio web<\/h2>\n\n\n\n<p>No est\u00e1 permitido el acceso o la utilizaci\u00f3n de Web con fines ilegales o no autorizados, con o sin finalidad econ\u00f3mica. Las consecuencias de hacerlo ser\u00e1n responsabilidad exclusiva del usuario.<\/p>\n\n\n\n<p>Quedan prohibidas las siguientes acciones:<\/p>\n\n\n\n<ul class=\"default-list wp-block-list\"><li>El uso de la Web:<br>&#8211; de forma que pueda provocar da\u00f1os, interrupciones, ineficiencias o defectos en su funcionamiento o en el ordenador de un tercero;<br>&#8211; para la transmisi\u00f3n, instalaci\u00f3n o publicaci\u00f3n de cualquier virus, c\u00f3digo malicioso u otros programas o archivos perjudiciales;<br>&#8211; para recoger datos de car\u00e1cter personal de otros usuarios;<br>&#8211; de forma ilegal, en contra de la buena fe, la moral y el orden p\u00fablico;<\/li><\/ul>\n\n\n\n<ul class=\"default-list wp-block-list\"><li>Acceder sin autorizaci\u00f3n a cualquier secci\u00f3n de la Web, a otros sistemas o redes conectados a la Web, ni a los servicios ofrecidos a trav\u00e9s de la Web, por medio de pirateo o falsificaci\u00f3n, extracci\u00f3n de contrase\u00f1as o cualquier otro medio ileg\u00edtimo;<\/li><li>Quebrantar, o intentar quebrantar, las medidas de seguridad o autenticaci\u00f3n de la Web o de cualquier red conectada al mismo, o las medidas de seguridad o protecci\u00f3n inherentes a los contenidos ofrecidos en la Web;<\/li><li>Impedir el normal desarrollo de un evento, concurso, promoci\u00f3n o cualquier otra actividad disponible a trav\u00e9s de la Web o cualesquiera de sus funcionalidades, ya sea alterando o tratando de alterar, ilegalmente o de cualquier otra forma, el acceso, participaci\u00f3n o funcionamiento de aqu\u00e9llos, o falseando el resultado de los mismos y\/o la utilizaci\u00f3n de m\u00e9todos de participaci\u00f3n fraudulentos, mediante cualquier procedimiento, y\/o a trav\u00e9s de cualquier pr\u00e1ctica que atente o vulnere en modo alguno el presente Aviso Legal.<\/li><\/ul>\n\n\n\n<p>El incumplimiento de cualquiera de las anteriores obligaciones por el usuario podr\u00e1 llevar aparejada la adopci\u00f3n por WOLF GROUP IBERICO de las medidas oportunas amparadas en Derecho y en el ejercicio de sus derechos u obligaciones, sin que medie posibilidad de indemnizaci\u00f3n alguna por los da\u00f1os y perjuicios causados.<\/p>\n\n\n\n<p>En el caso de que Ud. encontrase alguna informaci\u00f3n o contenido en la Web que pueda ser no adecuado, contrario a la normativa vigente, o contrario a las condiciones dispuestas en la Web, rogamos que lo ponga en conocimiento inmediato de WOLF GROUP IBERICO a trav\u00e9s de los diferentes medios dispuestos para ello.<\/p>\n\n\n\n<div style=\"height:20px\" aria-hidden=\"true\" class=\"wp-block-spacer\"><\/div>\n\n\n\n<h2 class=\"has-medium-font-size wp-block-heading\" style=\"font-style:normal;font-weight:500\">Derechos de propiedad intelectual e industrial<\/h2>\n\n\n\n<p>WOLF GROUP IBERICO es titular o, en su caso, cuenta con las licencias correspondientes sobre los derechos de explotaci\u00f3n de propiedad intelectual e industrial de la Web, as\u00ed como de todos los contenidos ofrecidos en el mismo, incluyendo la propia plataforma, textos, fotograf\u00edas o ilustraciones, logos, marcas, grafismos, dise\u00f1os, interfaces, o cualquier otra informaci\u00f3n o contenido, y los servicios disponibles a trav\u00e9s del mismo.<\/p>\n\n\n\n<p>Las referencias a marcas o nombres comerciales registrados, u otros signos distintivos, ya sean titularidad de WOLF GROUP IBERICO o de terceras empresas, llevan impl\u00edcita la prohibici\u00f3n sobre su uso sin el consentimiento de WOLF GROUP IBERICO o de sus leg\u00edtimos titulares. En ning\u00fan momento, salvo manifestaci\u00f3n expresa en contrario, el acceso, navegaci\u00f3n o utilizaci\u00f3n de la Web y\/o de sus contenidos confiere al usuario derecho alguno sobre signos distintivos en \u00e9l incluidos.<\/p>\n\n\n\n<p>Quedan reservados todos los derechos de propiedad intelectual e industrial sobre los contenidos de la Web y, en particular, queda prohibido modificar, copiar, reproducir, comunicar p\u00fablicamente, transformar o distribuir, por cualquier medio y bajo cualquier forma, la totalidad o parte de los contenidos incluidos en la Web, para prop\u00f3sitos p\u00fablicos o comerciales, si no se cuenta con la autorizaci\u00f3n previa, expresa y por escrito de WOLF GROUP IBERICO o, en su caso, del titular de los derechos correspondientes.<\/p>\n\n\n\n<p>El usuario reconoce asumir la responsabilidad, dejando indemne al prestador por cualquier comunicaci\u00f3n que suministre personalmente o a su nombre, alcanzando dicha responsabilidad sin restricci\u00f3n alguna de la exactitud, legalidad, originalidad y titularidad de la misma.<\/p>\n\n\n\n<div style=\"height:20px\" aria-hidden=\"true\" class=\"wp-block-spacer\"><\/div>\n\n\n\n<h2 class=\"has-medium-font-size wp-block-heading\" style=\"font-style:normal;font-weight:500\">Enlaces a otras p\u00e1ginas web, plataformas y redes sociales<\/h2>\n\n\n\n<p>WOLF GROUP IBERICO no controla los contenidos, las pol\u00edticas de privacidad o las pr\u00e1cticas de los sitios web de terceros ni asume responsabilidad alguna por \u00e9stos.<\/p>\n\n\n\n<p>El usuario reconoce y acepta que WOLF GROUP IBERICO no ser\u00e1 responsable de la disponibilidad de los sitios web o recursos externos, y no suscribe ning\u00fan tipo de publicidad, productos u otros materiales ofrecidos a trav\u00e9s dichos sitios web o recursos. As\u00ed como de las p\u00e9rdidas o da\u00f1os en que el usuario pueda incurrir a consecuencia de la disponibilidad de los mencionados sitios web o recursos externos, o a consecuencia de la credibilidad que otorgue a la exhaustividad, precisi\u00f3n o existencia de cualquier tipo de publicidad, productos u otros materiales ofrecidos a trav\u00e9s de dicho sitios web o recursos.<\/p>\n\n\n\n<p>WOLF GROUP IBERICO pone a disposici\u00f3n de los usuarios, a trav\u00e9s de diferentes herramientas y aplicaciones, medios de enlace que permiten a los usuarios acceder a los canales y p\u00e1ginas de la Web que WOLF GROUP IBERICO mantiene en diferentes plataformas y redes sociales pertenecientes y\/o gestionadas por terceros (p.ej. Facebook, Twitter, etc.). La inclusi\u00f3n de estos enlaces en la Web tiene por \u00fanico objeto facilitar a los usuarios el acceso a dichos canales en las diferentes plataformas y redes sociales.<\/p>\n\n\n\n<p>El establecimiento de estas aplicaciones no implica la existencia de relaci\u00f3n alguna entre WOLF GROUP IBERICO y el titular, fabricante o distribuidor de la plataforma enlazada, como tampoco la aceptaci\u00f3n y aprobaci\u00f3n por parte de WOLF GROUP IBERICO de sus contenidos y\/o servicios, siendo su titular, fabricante o distribuidor el \u00fanico responsable de los mismos.<\/p>\n\n\n\n<p>En ning\u00fan caso WOLF GROUP IBERICO comparte con Facebook, Twitter o cualquier otra red social que se incorpore en el futuro ning\u00fan tipo de informaci\u00f3n privada sobre sus usuarios, siendo su \u00fanica finalidad la establecida en el presente Aviso Legal, as\u00ed como en la Pol\u00edtica de Privacidad de la Web. En este sentido, toda la informaci\u00f3n que el propio usuario desee proporcionar a estas plataformas ser\u00e1 bajo su propia responsabilidad, no interviniendo WOLF GROUP IBERICO en dicho proceso.<\/p>\n\n\n\n<p>La activaci\u00f3n y uso de estas aplicaciones puede conllevar la identificaci\u00f3n y autenticaci\u00f3n del usuario (login\/contrase\u00f1a) en las plataformas correspondientes, completamente externas a la Web, por lo que WOLF GROUP IBERICO no asumir\u00e1 ninguna responsabilidad sobre la configuraci\u00f3n de seguridad de dichos entornos.<\/p>\n\n\n\n<div style=\"height:20px\" aria-hidden=\"true\" class=\"wp-block-spacer\"><\/div>\n\n\n\n<h2 class=\"has-medium-font-size wp-block-heading\" style=\"font-style:normal;font-weight:500\">Responsabilidades y Garant\u00edas<\/h2>\n\n\n\n<p>En consecuencia, WOLF GROUP IBERICO no garantiza ni se hace responsable de la continuidad de los contenidos de la Web, de la ausencia de errores en dichos contenidos, as\u00ed como de la ausencia de virus y\/o dem\u00e1s componentes da\u00f1inos, de la invulnerabilidad de la Web y\/o la imposibilidad de vulnerar las medidas de seguridad que se adopten en la misma, de la falta de utilidad o rendimiento de los contenidos de la Web, as\u00ed como de los da\u00f1os o perjuicios que cause, a s\u00ed mismo o a un tercero, cualquier persona que infringiera las condiciones, normas e instrucciones que WOLF GROUP IBERICO establece en la Web o a trav\u00e9s de la vulneraci\u00f3n de los sistemas de seguridad de la misma.<\/p>\n\n\n\n<p>WOLF GROUP IBERICO declara que ha adoptado todas las medidas necesarias, dentro de sus posibilidades y del estado de la t\u00e9cnica, para garantizar el funcionamiento de la Web y reducir al m\u00ednimo los errores del sistema, tanto desde el punto de vista t\u00e9cnico como legal y organizativo.<\/p>\n\n\n\n<p>WOLF GROUP IBERICO no ser\u00e1 responsable de la veracidad, integridad o actualizaci\u00f3n de las informaciones publicadas en la Web provenientes de fuentes ajenas al mismo.<\/p>\n\n\n\n<div style=\"height:20px\" aria-hidden=\"true\" class=\"wp-block-spacer\"><\/div>\n\n\n\n<h2 class=\"has-medium-font-size wp-block-heading\" style=\"font-style:normal;font-weight:500\">Suspensi\u00f3n del sitio web<\/h2>\n\n\n\n<p>WOLF GROUP IBERICO se reserva el derecho a suspender, modificar, restringir o interrumpir, ya sea temporal o permanentemente, el acceso, navegaci\u00f3n, uso, alojamiento y\/o descarga del contenido y\/o uso de servicios de la Web, con o sin previa notificaci\u00f3n, sin que medie la posibilidad del usuario de exigir indemnizaci\u00f3n alguna por esta causa.<\/p>\n\n\n\n<div style=\"height:20px\" aria-hidden=\"true\" class=\"wp-block-spacer\"><\/div>\n\n\n\n<h2 class=\"has-medium-font-size wp-block-heading\" style=\"font-style:normal;font-weight:500\">Confidencialidad y Protecci\u00f3n de datos<\/h2>\n\n\n\n<p>De conformidad con lo dispuesto por la normativa vigente en materia de Protecci\u00f3n de datos, todos los datos de car\u00e1cter personal facilitados durante la utilizaci\u00f3n de la Web ser\u00e1n tratados de conformidad con lo dispuesto en la <a href=\"https:\/\/wolfgroup.rktv.ee\/es\/politica-de-privacidad\/\">Pol\u00edtica de Privacidad<\/a> que todo usuario debe aceptar expresamente para poder utilizar la Web.<\/p>\n\n\n\n<div style=\"height:20px\" aria-hidden=\"true\" class=\"wp-block-spacer\"><\/div>\n\n\n\n<h2 class=\"has-medium-font-size wp-block-heading\" style=\"font-style:normal;font-weight:500\">Legislaci\u00f3n aplicable y Jurisdicci\u00f3n Competente<\/h2>\n\n\n\n<p>Siempre que la normativa vigente al efecto prevea la posibilidad para las partes de someterse a un fuero determinado, para toda cuesti\u00f3n litigiosa derivada o relacionada con esta Web ser\u00e1 de aplicaci\u00f3n la legislaci\u00f3n espa\u00f1ola vigente en el momento del litigio, y nos someteremos a los Juzgados y Tribunales de Barcelona, as\u00ed como, en su caso, a los Tribunales Arbitrales de consumo o semejantes a los que nos encontremos adheridos en el momento de producirse la controversia.<\/p>\n\n\n\n<div style=\"height:20px\" aria-hidden=\"true\" class=\"wp-block-spacer\"><\/div>\n\n\n\n<p><em>\u00daltima actualizaci\u00f3n: Mayo 2024.<\/em><\/p>\n","protected":false},"excerpt":{"rendered":"Aviso Legal El acceso, navegaci\u00f3n y utilizaci\u00f3n del sitio web https:\/\/wolfgroup.rktv.ee\/es (en adelante, la \u201cWeb\u201d) implica la aceptaci\u00f3n expresa y sin reservas de todos los t\u00e9rminos del presente aviso legal, teniendo la misma validez y eficacia que cualquier contrato celebrado por escrito y firmado. Su comprensi\u00f3n y cumplimiento ser\u00e1 exigible respecto de cualquier persona que [&hellip;]","protected":false},"author":17,"featured_media":0,"parent":0,"menu_order":0,"comment_status":"closed","ping_status":"closed","template":"","meta":{"_acf_changed":false,"footnotes":""},"class_list":["post-30449","page","type-page","status-publish","hentry"],"acf":[],"yoast_head":"<!-- This site is optimized with the Yoast SEO plugin v27.3 - https:\/\/yoast.com\/product\/yoast-seo-wordpress\/ -->\n<title>Aviso Legal - Wolf Group Espa\u00f1a<\/title>\n<meta name=\"robots\" content=\"noindex, follow, max-snippet:-1, max-image-preview:large, max-video-preview:-1\" \/>\n<meta property=\"og:locale\" content=\"es_ES\" \/>\n<meta property=\"og:type\" content=\"article\" \/>\n<meta property=\"og:title\" content=\"Aviso Legal - Wolf Group Espa\u00f1a\" \/>\n<meta property=\"og:description\" content=\"Aviso Legal El acceso, navegaci\u00f3n y utilizaci\u00f3n del sitio web https:\/\/wolfgroup.rktv.ee\/es (en adelante, la \u201cWeb\u201d) implica la aceptaci\u00f3n expresa y sin reservas de todos los t\u00e9rminos del presente aviso legal, teniendo la misma validez y eficacia que cualquier contrato celebrado por escrito y firmado. Su comprensi\u00f3n y cumplimiento ser\u00e1 exigible respecto de cualquier persona que [&hellip;]\" \/>\n<meta property=\"og:url\" content=\"https:\/\/wolfgroup.rktv.ee\/es\/aviso-legal\/\" \/>\n<meta property=\"og:site_name\" content=\"Wolf Group Espa\u00f1a\" \/>\n<meta property=\"article:modified_time\" content=\"2024-05-23T15:41:38+00:00\" \/>\n<meta name=\"twitter:card\" content=\"summary_large_image\" \/>\n<script type=\"application\/ld+json\" class=\"yoast-schema-graph\">{\"@context\":\"https:\\\/\\\/schema.org\",\"@graph\":[{\"@type\":\"WebPage\",\"@id\":\"https:\\\/\\\/wolfgroup.rktv.ee\\\/es\\\/aviso-legal\\\/\",\"url\":\"https:\\\/\\\/wolfgroup.rktv.ee\\\/es\\\/aviso-legal\\\/\",\"name\":\"Aviso Legal - Wolf Group Espa\u00f1a\",\"isPartOf\":{\"@id\":\"https:\\\/\\\/wolfgroup.rktv.ee\\\/es\\\/#website\"},\"datePublished\":\"2024-05-23T15:41:02+00:00\",\"dateModified\":\"2024-05-23T15:41:38+00:00\",\"breadcrumb\":{\"@id\":\"https:\\\/\\\/wolfgroup.rktv.ee\\\/es\\\/aviso-legal\\\/#breadcrumb\"},\"inLanguage\":\"es\",\"potentialAction\":[{\"@type\":\"ReadAction\",\"target\":[\"https:\\\/\\\/wolfgroup.rktv.ee\\\/es\\\/aviso-legal\\\/\"]}]},{\"@type\":\"BreadcrumbList\",\"@id\":\"https:\\\/\\\/wolfgroup.rktv.ee\\\/es\\\/aviso-legal\\\/#breadcrumb\",\"itemListElement\":[{\"@type\":\"ListItem\",\"position\":1,\"name\":\"Home\",\"item\":\"https:\\\/\\\/wolfgroup.rktv.ee\\\/es\\\/\"},{\"@type\":\"ListItem\",\"position\":2,\"name\":\"Aviso Legal\"}]},{\"@type\":\"WebSite\",\"@id\":\"https:\\\/\\\/wolfgroup.rktv.ee\\\/es\\\/#website\",\"url\":\"https:\\\/\\\/wolfgroup.rktv.ee\\\/es\\\/\",\"name\":\"Wolf Group Espa\u00f1a\",\"description\":\"construction chemistry products and solutions manufacturer\",\"publisher\":{\"@id\":\"https:\\\/\\\/wolfgroup.rktv.ee\\\/es\\\/#organization\"},\"potentialAction\":[{\"@type\":\"SearchAction\",\"target\":{\"@type\":\"EntryPoint\",\"urlTemplate\":\"https:\\\/\\\/wolfgroup.rktv.ee\\\/es\\\/?s={search_term_string}\"},\"query-input\":{\"@type\":\"PropertyValueSpecification\",\"valueRequired\":true,\"valueName\":\"search_term_string\"}}],\"inLanguage\":\"es\"},{\"@type\":\"Organization\",\"@id\":\"https:\\\/\\\/wolfgroup.rktv.ee\\\/es\\\/#organization\",\"name\":\"Wolf Group\",\"url\":\"https:\\\/\\\/wolfgroup.rktv.ee\\\/es\\\/\",\"logo\":{\"@type\":\"ImageObject\",\"inLanguage\":\"es\",\"@id\":\"https:\\\/\\\/wolfgroup.rktv.ee\\\/es\\\/#\\\/schema\\\/logo\\\/image\\\/\",\"url\":\"https:\\\/\\\/wolfgroup.rktv.ee\\\/es\\\/wp-content\\\/uploads\\\/sites\\\/11\\\/2022\\\/04\\\/wolfgroup-logo.svg\",\"contentUrl\":\"https:\\\/\\\/wolfgroup.rktv.ee\\\/es\\\/wp-content\\\/uploads\\\/sites\\\/11\\\/2022\\\/04\\\/wolfgroup-logo.svg\",\"width\":155,\"height\":46,\"caption\":\"Wolf Group\"},\"image\":{\"@id\":\"https:\\\/\\\/wolfgroup.rktv.ee\\\/es\\\/#\\\/schema\\\/logo\\\/image\\\/\"},\"legalName\":\"Wolf Group AS\",\"foundingDate\":\"1993\",\"numberOfEmployees\":{\"@type\":\"QuantitativeValue\",\"value\":900},\"knowsAbout\":[\"construction chemicals\",\"adhesives\",\"sealants\",\"thermal insulation\",\"waterproofing\"],\"contactPoint\":{\"@type\":\"ContactPoint\",\"contactType\":\"sales\",\"areaServed\":\"ES\",\"availableLanguage\":\"es\"}}]}<\/script>\n<!-- \/ Yoast SEO plugin. -->","yoast_head_json":{"title":"Aviso Legal - Wolf Group Espa\u00f1a","robots":{"index":"noindex","follow":"follow","max-snippet":"max-snippet:-1","max-image-preview":"max-image-preview:large","max-video-preview":"max-video-preview:-1"},"og_locale":"es_ES","og_type":"article","og_title":"Aviso Legal - Wolf Group Espa\u00f1a","og_description":"Aviso Legal El acceso, navegaci\u00f3n y utilizaci\u00f3n del sitio web https:\/\/wolfgroup.rktv.ee\/es (en adelante, la \u201cWeb\u201d) implica la aceptaci\u00f3n expresa y sin reservas de todos los t\u00e9rminos del presente aviso legal, teniendo la misma validez y eficacia que cualquier contrato celebrado por escrito y firmado. Su comprensi\u00f3n y cumplimiento ser\u00e1 exigible respecto de cualquier persona que [&hellip;]","og_url":"https:\/\/wolfgroup.rktv.ee\/es\/aviso-legal\/","og_site_name":"Wolf Group Espa\u00f1a","article_modified_time":"2024-05-23T15:41:38+00:00","twitter_card":"summary_large_image","schema":{"@context":"https:\/\/schema.org","@graph":[{"@type":"WebPage","@id":"https:\/\/wolfgroup.rktv.ee\/es\/aviso-legal\/","url":"https:\/\/wolfgroup.rktv.ee\/es\/aviso-legal\/","name":"Aviso Legal - Wolf Group Espa\u00f1a","isPartOf":{"@id":"https:\/\/wolfgroup.rktv.ee\/es\/#website"},"datePublished":"2024-05-23T15:41:02+00:00","dateModified":"2024-05-23T15:41:38+00:00","breadcrumb":{"@id":"https:\/\/wolfgroup.rktv.ee\/es\/aviso-legal\/#breadcrumb"},"inLanguage":"es","potentialAction":[{"@type":"ReadAction","target":["https:\/\/wolfgroup.rktv.ee\/es\/aviso-legal\/"]}]},{"@type":"BreadcrumbList","@id":"https:\/\/wolfgroup.rktv.ee\/es\/aviso-legal\/#breadcrumb","itemListElement":[{"@type":"ListItem","position":1,"name":"Home","item":"https:\/\/wolfgroup.rktv.ee\/es\/"},{"@type":"ListItem","position":2,"name":"Aviso Legal"}]},{"@type":"WebSite","@id":"https:\/\/wolfgroup.rktv.ee\/es\/#website","url":"https:\/\/wolfgroup.rktv.ee\/es\/","name":"Wolf Group Espa\u00f1a","description":"construction chemistry products and solutions manufacturer","publisher":{"@id":"https:\/\/wolfgroup.rktv.ee\/es\/#organization"},"potentialAction":[{"@type":"SearchAction","target":{"@type":"EntryPoint","urlTemplate":"https:\/\/wolfgroup.rktv.ee\/es\/?s={search_term_string}"},"query-input":{"@type":"PropertyValueSpecification","valueRequired":true,"valueName":"search_term_string"}}],"inLanguage":"es"},{"@type":"Organization","@id":"https:\/\/wolfgroup.rktv.ee\/es\/#organization","name":"Wolf Group","url":"https:\/\/wolfgroup.rktv.ee\/es\/","logo":{"@type":"ImageObject","inLanguage":"es","@id":"https:\/\/wolfgroup.rktv.ee\/es\/#\/schema\/logo\/image\/","url":"https:\/\/wolfgroup.rktv.ee\/es\/wp-content\/uploads\/sites\/11\/2022\/04\/wolfgroup-logo.svg","contentUrl":"https:\/\/wolfgroup.rktv.ee\/es\/wp-content\/uploads\/sites\/11\/2022\/04\/wolfgroup-logo.svg","width":155,"height":46,"caption":"Wolf Group"},"image":{"@id":"https:\/\/wolfgroup.rktv.ee\/es\/#\/schema\/logo\/image\/"},"legalName":"Wolf Group AS","foundingDate":"1993","numberOfEmployees":{"@type":"QuantitativeValue","value":900},"knowsAbout":["construction chemicals","adhesives","sealants","thermal insulation","waterproofing"],"contactPoint":{"@type":"ContactPoint","contactType":"sales","areaServed":"ES","availableLanguage":"es"}}]}},"_links":{"self":[{"href":"https:\/\/wolfgroup.rktv.ee\/es\/wp-json\/wp\/v2\/pages\/30449","targetHints":{"allow":["GET"]}}],"collection":[{"href":"https:\/\/wolfgroup.rktv.ee\/es\/wp-json\/wp\/v2\/pages"}],"about":[{"href":"https:\/\/wolfgroup.rktv.ee\/es\/wp-json\/wp\/v2\/types\/page"}],"author":[{"embeddable":true,"href":"https:\/\/wolfgroup.rktv.ee\/es\/wp-json\/wp\/v2\/users\/17"}],"replies":[{"embeddable":true,"href":"https:\/\/wolfgroup.rktv.ee\/es\/wp-json\/wp\/v2\/comments?post=30449"}],"version-history":[{"count":16,"href":"https:\/\/wolfgroup.rktv.ee\/es\/wp-json\/wp\/v2\/pages\/30449\/revisions"}],"predecessor-version":[{"id":30465,"href":"https:\/\/wolfgroup.rktv.ee\/es\/wp-json\/wp\/v2\/pages\/30449\/revisions\/30465"}],"wp:attachment":[{"href":"https:\/\/wolfgroup.rktv.ee\/es\/wp-json\/wp\/v2\/media?parent=30449"}],"curies":[{"name":"wp","href":"https:\/\/api.w.org\/{rel}","templated":true}]}}