{"id":27059,"date":"2022-07-08T10:27:57","date_gmt":"2022-07-08T07:27:57","guid":{"rendered":"https:\/\/wolfgroupnew.rktv.ee\/et\/construction-articles\/"},"modified":"2022-07-29T17:08:26","modified_gmt":"2022-07-29T14:08:26","slug":"ehitusartiklid","status":"publish","type":"page","link":"https:\/\/wolfgroup.rktv.ee\/et\/ehitusartiklid\/","title":{"rendered":"Ehitusartiklid"},"content":{"rendered":"\n    <section id=\"construction-articles-block_62c7dfb639c9f\" class=\"construction-articles-block\" data-hash=\"construction-articles-block_62c7dfb639c9f\" aria-label=\"Construction articles\">\n        <div class=\"container\">\n            \n            <div class=\"row\">\n                                    \n                    <div class=\"col col-lg-4 col-sm-6 col-12\">\n                        <a class=\"item_wrap d-block\" href=\"https:\/\/wolfgroup.rktv.ee\/et\/2025\/12\/09\/mida-akruulid-teevad-ja-peaksid-tegema\/\" aria-label=\"Mida akr\u00fc\u00fclid teevad ja peaksid tegema\">\n                            <div class=\"image_wrapper\">\n                                <div class=\"featured_img bg-center\" style=\"background-image: url(https:\/\/wolfgroup.rktv.ee\/et\/wp-content\/uploads\/sites\/2\/2026\/01\/akruulid.png);\" role=\"img\" aria-label=\"Mida akr\u00fc\u00fclid teevad ja peaksid tegema\"><\/div>\n                            <\/div>\n                            <h3>Mida akr\u00fc\u00fclid teevad ja peaksid tegema<\/h3>\n                        <\/a>\n                    <\/div>\n                                    \n                    <div class=\"col col-lg-4 col-sm-6 col-12\">\n                        <a class=\"item_wrap d-block\" href=\"https:\/\/wolfgroup.rktv.ee\/et\/2025\/09\/22\/mis-on-lenduvad-orgaanilised-uhendid\/\" aria-label=\"Mis on lenduvad orgaanilised \u00fchendid?\">\n                            <div class=\"image_wrapper\">\n                                <div class=\"featured_img bg-center\" style=\"background-image: url(https:\/\/wolfgroup.rktv.ee\/et\/wp-content\/uploads\/sites\/2\/2022\/04\/Bitmap-1-1.jpg);\" role=\"img\" aria-label=\"Mis on lenduvad orgaanilised \u00fchendid?\"><\/div>\n                            <\/div>\n                            <h3>Mis on lenduvad orgaanilised \u00fchendid?<\/h3>\n                        <\/a>\n                    <\/div>\n                                    \n                    <div class=\"col col-lg-4 col-sm-6 col-12\">\n                        <a class=\"item_wrap d-block\" href=\"https:\/\/wolfgroup.rktv.ee\/et\/2025\/04\/28\/kuidas-lugeda-ce-margist\/\" aria-label=\"Kuidas lugeda CE-m\u00e4rgist?\">\n                            <div class=\"image_wrapper\">\n                                <div class=\"featured_img bg-center\" style=\"background-image: url(https:\/\/wolfgroup.rktv.ee\/et\/wp-content\/uploads\/sites\/2\/2025\/04\/e94a8223-edit-scaled.jpg);\" role=\"img\" aria-label=\"Kuidas lugeda CE-m\u00e4rgist?\"><\/div>\n                            <\/div>\n                            <h3>Kuidas lugeda CE-m\u00e4rgist?<\/h3>\n                        <\/a>\n                    <\/div>\n                                    \n                    <div class=\"col col-lg-4 col-sm-6 col-12\">\n                        <a class=\"item_wrap d-block\" href=\"https:\/\/wolfgroup.rktv.ee\/et\/2022\/07\/05\/uued-ajad-nouavad-uusi-lahendusi\/\" aria-label=\"\u00c4ratuskell ehituses - uued ajad n\u00f5uavad uusi lahendusi\">\n                            <div class=\"image_wrapper\">\n                                <div class=\"featured_img bg-center\" style=\"background-image: url(https:\/\/wolfgroup.rktv.ee\/et\/wp-content\/uploads\/sites\/2\/2022\/07\/iStock-1181472050.jpg);\" role=\"img\" aria-label=\"\u00c4ratuskell ehituses - uued ajad n\u00f5uavad uusi lahendusi\"><\/div>\n                            <\/div>\n                            <h3>\u00c4ratuskell ehituses &#8211; uued ajad n\u00f5uavad uusi lahendusi<\/h3>\n                        <\/a>\n                    <\/div>\n                                    \n                    <div class=\"col col-lg-4 col-sm-6 col-12\">\n                        <a class=\"item_wrap d-block\" href=\"https:\/\/wolfgroup.rktv.ee\/et\/2022\/05\/12\/silikoon-arhitektuuri-arengu-oluline-osa\/\" aria-label=\"Silikoon \u2013 arhitektuuri arengu oluline osa\">\n                            <div class=\"image_wrapper\">\n                                <div class=\"featured_img bg-center\" style=\"background-image: url(https:\/\/wolfgroup.rktv.ee\/et\/wp-content\/uploads\/sites\/2\/2022\/05\/Terminal-1-of-the-Barcelona-El-Prat-Airport-in-Catalonia-Spain-scaled.jpg);\" role=\"img\" aria-label=\"Silikoon \u2013 arhitektuuri arengu oluline osa\"><\/div>\n                            <\/div>\n                            <h3>Silikoon \u2013 arhitektuuri arengu oluline osa<\/h3>\n                        <\/a>\n                    <\/div>\n                                    \n                    <div class=\"col col-lg-4 col-sm-6 col-12\">\n                        <a class=\"item_wrap d-block\" href=\"https:\/\/wolfgroup.rktv.ee\/et\/2021\/10\/19\/wolf-group-nopib-nutikusega-miljonilisi-eksporditurge\/\" aria-label=\"Wolf Group nopib nutikusega miljonilisi eksporditurge\">\n                            <div class=\"image_wrapper\">\n                                <div class=\"featured_img bg-center\" style=\"background-image: url(https:\/\/wolfgroup.rktv.ee\/et\/wp-content\/uploads\/sites\/2\/2022\/05\/IMG_5914-scaled-e1634817575729.jpg);\" role=\"img\" aria-label=\"Wolf Group nopib nutikusega miljonilisi eksporditurge\"><\/div>\n                            <\/div>\n                            <h3>Wolf Group nopib nutikusega miljonilisi eksporditurge<\/h3>\n                        <\/a>\n                    <\/div>\n                                    \n                    <div class=\"col col-lg-4 col-sm-6 col-12\">\n                        <a class=\"item_wrap d-block\" href=\"https:\/\/wolfgroup.rktv.ee\/et\/2021\/06\/16\/penosil-ehituskeemia-lipulaev\/\" aria-label=\"PENOSIL - ehituskeemia lipulaev juba 15 aastat\">\n                            <div class=\"image_wrapper\">\n                                <div class=\"featured_img bg-center\" style=\"background-image: url(https:\/\/wolfgroup.rktv.ee\/et\/wp-content\/uploads\/sites\/2\/2022\/04\/Penosil-15-cover-816x457-1.jpg);\" role=\"img\" aria-label=\"PENOSIL - ehituskeemia lipulaev juba 15 aastat\"><\/div>\n                            <\/div>\n                            <h3>PENOSIL &#8211; ehituskeemia lipulaev juba 15 aastat<\/h3>\n                        <\/a>\n                    <\/div>\n                                    \n                    <div class=\"col col-lg-4 col-sm-6 col-12\">\n                        <a class=\"item_wrap d-block\" href=\"https:\/\/wolfgroup.rktv.ee\/et\/2021\/04\/05\/wolf-group-liimiakadeemia\/\" aria-label=\"Wolf Groupi liimiakadeemia\">\n                            <div class=\"image_wrapper\">\n                                <div class=\"featured_img bg-center\" style=\"background-image: url(https:\/\/wolfgroup.rktv.ee\/et\/wp-content\/uploads\/sites\/2\/2021\/04\/WG-liimid-EE.png);\" role=\"img\" aria-label=\"Wolf Groupi liimiakadeemia\"><\/div>\n                            <\/div>\n                            <h3>Wolf Groupi liimiakadeemia<\/h3>\n                        <\/a>\n                    <\/div>\n                                    \n                    <div class=\"col col-lg-4 col-sm-6 col-12\">\n                        <a class=\"item_wrap d-block\" href=\"https:\/\/wolfgroup.rktv.ee\/et\/2021\/01\/26\/talvine-vahu-paigaldus\/\" aria-label=\"Mida arvestada talvisel vahu paigaldusel\">\n                            <div class=\"image_wrapper\">\n                                <div class=\"featured_img bg-center\" style=\"background-image: url(https:\/\/wolfgroup.rktv.ee\/et\/wp-content\/uploads\/sites\/2\/2022\/05\/Sraw_winterfoam_PL.png);\" role=\"img\" aria-label=\"Mida arvestada talvisel vahu paigaldusel\"><\/div>\n                            <\/div>\n                            <h3>Mida arvestada talvisel vahu paigaldusel<\/h3>\n                        <\/a>\n                    <\/div>\n                                    \n                    <div class=\"col col-lg-4 col-sm-6 col-12\">\n                        <a class=\"item_wrap d-block\" href=\"https:\/\/wolfgroup.rktv.ee\/et\/2021\/01\/15\/ole-teadlikum-toodetest\/\" aria-label=\"Ole teadlikum toodetest, mida kasutad\">\n                            <div class=\"image_wrapper\">\n                                <div class=\"featured_img bg-center\" style=\"background-image: url(https:\/\/wolfgroup.rktv.ee\/et\/wp-content\/uploads\/sites\/2\/2022\/05\/artikkel.png);\" role=\"img\" aria-label=\"Ole teadlikum toodetest, mida kasutad\"><\/div>\n                            <\/div>\n                            <h3>Ole teadlikum toodetest, mida kasutad<\/h3>\n                        <\/a>\n                    <\/div>\n                                    \n                    <div class=\"col col-lg-4 col-sm-6 col-12\">\n                        <a class=\"item_wrap d-block\" href=\"https:\/\/wolfgroup.rktv.ee\/et\/2020\/09\/03\/lahendus-sinu-kaeulatuses\/\" aria-label=\"Wolf Group \u2013 lahendus sinu k\u00e4eulatuses\">\n                            <div class=\"image_wrapper\">\n                                <div class=\"featured_img bg-center\" style=\"background-image: url(https:\/\/wolfgroup.rktv.ee\/et\/wp-content\/uploads\/sites\/2\/2022\/05\/Laboratory-scaled-1.jpg);\" role=\"img\" aria-label=\"Wolf Group \u2013 lahendus sinu k\u00e4eulatuses\"><\/div>\n                            <\/div>\n                            <h3>Wolf Group \u2013 lahendus sinu k\u00e4eulatuses<\/h3>\n                        <\/a>\n                    <\/div>\n                                    \n                    <div class=\"col col-lg-4 col-sm-6 col-12\">\n                        <a class=\"item_wrap d-block\" href=\"https:\/\/wolfgroup.rktv.ee\/et\/2020\/08\/05\/poluuretaanvaht-ehituse-eesliinil\/\" aria-label=\"Pol\u00fcuretaanvaht ehituse eesliinil\">\n                            <div class=\"image_wrapper\">\n                                <div class=\"featured_img bg-center\" style=\"background-image: url(https:\/\/wolfgroup.rktv.ee\/et\/wp-content\/uploads\/sites\/2\/2022\/05\/windowdoorvaht-scaled-1.jpg);\" role=\"img\" aria-label=\"Pol\u00fcuretaanvaht ehituse eesliinil\"><\/div>\n                            <\/div>\n                            <h3>Pol\u00fcuretaanvaht ehituse eesliinil<\/h3>\n                        <\/a>\n                    <\/div>\n                                    \n                    <div class=\"col col-lg-4 col-sm-6 col-12\">\n                        <a class=\"item_wrap d-block\" href=\"https:\/\/wolfgroup.rktv.ee\/et\/2020\/05\/18\/krimelte-alustas-desinfitseerimisvahendite-tootmist\/\" aria-label=\"Krimelte alustas desinfitseerimisvahendite tootmist\">\n                            <div class=\"image_wrapper\">\n                                <div class=\"featured_img bg-center\" style=\"background-image: url(https:\/\/wolfgroup.rktv.ee\/et\/wp-content\/uploads\/sites\/2\/2022\/05\/Penosil_Care_perepilt_web_4.png);\" role=\"img\" aria-label=\"Krimelte alustas desinfitseerimisvahendite tootmist\"><\/div>\n                            <\/div>\n                            <h3>Krimelte alustas desinfitseerimisvahendite tootmist<\/h3>\n                        <\/a>\n                    <\/div>\n                                    \n                    <div class=\"col col-lg-4 col-sm-6 col-12\">\n                        <a class=\"item_wrap d-block\" href=\"https:\/\/wolfgroup.rktv.ee\/et\/2020\/02\/26\/varvida-voi-mitte\/\" aria-label=\"V\u00e4rvida v\u00f5i mitte, selles on k\u00fcsimus\">\n                            <div class=\"image_wrapper\">\n                                <div class=\"featured_img bg-center\" style=\"background-image: url(https:\/\/wolfgroup.rktv.ee\/et\/wp-content\/uploads\/sites\/2\/2022\/05\/piltveebiuudis.jpeg);\" role=\"img\" aria-label=\"V\u00e4rvida v\u00f5i mitte, selles on k\u00fcsimus\"><\/div>\n                            <\/div>\n                            <h3>V\u00e4rvida v\u00f5i mitte, selles on k\u00fcsimus<\/h3>\n                        <\/a>\n                    <\/div>\n                                    \n                    <div class=\"col col-lg-4 col-sm-6 col-12\">\n                        <a class=\"item_wrap d-block\" href=\"https:\/\/wolfgroup.rktv.ee\/et\/2019\/12\/03\/euroopa-esimene-madala-isotsuanaadi-sisaldusega-pihustatav-vaht\/\" aria-label=\"Euroopa esimene madala isots\u00fcanaadi sisaldusega pihustatav vaht\">\n                            <div class=\"image_wrapper\">\n                                <div class=\"featured_img bg-center\" style=\"background-image: url(https:\/\/wolfgroup.rktv.ee\/et\/wp-content\/uploads\/sites\/2\/2022\/05\/Est_tootlus_est.png);\" role=\"img\" aria-label=\"Euroopa esimene madala isots\u00fcanaadi sisaldusega pihustatav vaht\"><\/div>\n                            <\/div>\n                            <h3>Euroopa esimene madala isots\u00fcanaadi sisaldusega pihustatav vaht<\/h3>\n                        <\/a>\n                    <\/div>\n                                    \n                    <div class=\"col col-lg-4 col-sm-6 col-12\">\n                        <a class=\"item_wrap d-block\" href=\"https:\/\/wolfgroup.rktv.ee\/et\/2019\/07\/15\/neutraalsed-vs-happelised-silikoonid\/\" aria-label=\"Neutraalsed vs happelised silikoonid\">\n                            <div class=\"image_wrapper\">\n                                <div class=\"featured_img bg-center\" style=\"background-image: url(https:\/\/wolfgroup.rktv.ee\/et\/wp-content\/uploads\/sites\/2\/2022\/05\/PILTENG.jpg);\" role=\"img\" aria-label=\"Neutraalsed vs happelised silikoonid\"><\/div>\n                            <\/div>\n                            <h3>Neutraalsed vs happelised silikoonid<\/h3>\n                        <\/a>\n                    <\/div>\n                                    \n                    <div class=\"col col-lg-4 col-sm-6 col-12\">\n                        <a class=\"item_wrap d-block\" href=\"https:\/\/wolfgroup.rktv.ee\/et\/2019\/02\/08\/energiatohus-ehitis\/\" aria-label=\"Energiat\u00f5hus ehitis algab energiat\u00f5husatest materjalidest\">\n                            <div class=\"image_wrapper\">\n                                <div class=\"featured_img bg-center\" style=\"background-image: url(https:\/\/wolfgroup.rktv.ee\/et\/wp-content\/uploads\/sites\/2\/2022\/05\/termokaamera-scaled.jpg);\" role=\"img\" aria-label=\"Energiat\u00f5hus ehitis algab energiat\u00f5husatest materjalidest\"><\/div>\n                            <\/div>\n                            <h3>Energiat\u00f5hus ehitis algab energiat\u00f5husatest materjalidest<\/h3>\n                        <\/a>\n                    <\/div>\n                                    \n                    <div class=\"col col-lg-4 col-sm-6 col-12\">\n                        <a class=\"item_wrap d-block\" href=\"https:\/\/wolfgroup.rktv.ee\/et\/2019\/01\/17\/aasta-olulisem-liimiarendus\/\" aria-label=\"Penosil SpeedFix - aasta olulisem liimiarendus\">\n                            <div class=\"image_wrapper\">\n                                <div class=\"featured_img bg-center\" style=\"background-image: url(https:\/\/wolfgroup.rktv.ee\/et\/wp-content\/uploads\/sites\/2\/2022\/05\/SpeedFix_1_1080x1080_eng.WG_web.png);\" role=\"img\" aria-label=\"Penosil SpeedFix - aasta olulisem liimiarendus\"><\/div>\n                            <\/div>\n                            <h3>Penosil SpeedFix &#8211; aasta olulisem liimiarendus<\/h3>\n                        <\/a>\n                    <\/div>\n                            <\/div>\n        <\/div>\n\n        \n                    <img decoding=\"async\" class=\"bg_elem no-lazy\" src=\"https:\/\/wolfgroup.rktv.ee\/et\/wp-content\/themes\/wolfgroup\/images\/bg_elem.png\" width=\"2940\" height=\"2380\" alt=\"\" role=\"presentation\" \/>\n            <\/section>\n","protected":false},"excerpt":{"rendered":"","protected":false},"author":1,"featured_media":0,"parent":0,"menu_order":0,"comment_status":"closed","ping_status":"closed","template":"page-templates\/template-default-title.php","meta":{"_acf_changed":false,"footnotes":""},"class_list":["post-27059","page","type-page","status-publish","hentry"],"acf":[],"yoast_head":"<!-- This site is optimized with the Yoast SEO plugin v27.3 - https:\/\/yoast.com\/product\/yoast-seo-wordpress\/ -->\n<title>Ehitusartiklid - Wolf Group Estonia<\/title>\n<meta name=\"robots\" content=\"index, follow, max-snippet:-1, max-image-preview:large, max-video-preview:-1\" \/>\n<link rel=\"canonical\" href=\"https:\/\/wolfgroup.rktv.ee\/et\/ehitusartiklid\/\" \/>\n<meta property=\"og:locale\" content=\"et_EE\" \/>\n<meta property=\"og:type\" content=\"article\" \/>\n<meta property=\"og:title\" content=\"Ehitusartiklid - Wolf Group Estonia\" \/>\n<meta property=\"og:url\" content=\"https:\/\/wolfgroup.rktv.ee\/et\/ehitusartiklid\/\" \/>\n<meta property=\"og:site_name\" content=\"Wolf Group Estonia\" \/>\n<meta property=\"article:modified_time\" content=\"2022-07-29T14:08:26+00:00\" \/>\n<meta name=\"twitter:card\" content=\"summary_large_image\" \/>\n<script type=\"application\/ld+json\" class=\"yoast-schema-graph\">{\"@context\":\"https:\\\/\\\/schema.org\",\"@graph\":[{\"@type\":\"WebPage\",\"@id\":\"https:\\\/\\\/wolfgroup.rktv.ee\\\/et\\\/ehitusartiklid\\\/\",\"url\":\"https:\\\/\\\/wolfgroup.rktv.ee\\\/et\\\/ehitusartiklid\\\/\",\"name\":\"Ehitusartiklid - Wolf Group Estonia\",\"isPartOf\":{\"@id\":\"https:\\\/\\\/wolfgroup.rktv.ee\\\/et\\\/#website\"},\"datePublished\":\"2022-07-08T07:27:57+00:00\",\"dateModified\":\"2022-07-29T14:08:26+00:00\",\"breadcrumb\":{\"@id\":\"https:\\\/\\\/wolfgroup.rktv.ee\\\/et\\\/ehitusartiklid\\\/#breadcrumb\"},\"inLanguage\":\"et\",\"potentialAction\":[{\"@type\":\"ReadAction\",\"target\":[\"https:\\\/\\\/wolfgroup.rktv.ee\\\/et\\\/ehitusartiklid\\\/\"]}]},{\"@type\":\"BreadcrumbList\",\"@id\":\"https:\\\/\\\/wolfgroup.rktv.ee\\\/et\\\/ehitusartiklid\\\/#breadcrumb\",\"itemListElement\":[{\"@type\":\"ListItem\",\"position\":1,\"name\":\"Avaleht\",\"item\":\"https:\\\/\\\/wolfgroup.rktv.ee\\\/et\\\/\"},{\"@type\":\"ListItem\",\"position\":2,\"name\":\"Ehitusartiklid\"}]},{\"@type\":\"WebSite\",\"@id\":\"https:\\\/\\\/wolfgroup.rktv.ee\\\/et\\\/#website\",\"url\":\"https:\\\/\\\/wolfgroup.rktv.ee\\\/et\\\/\",\"name\":\"Wolf Group Estonia\",\"description\":\"construction chemistry products and solutions manufacturer\",\"publisher\":{\"@id\":\"https:\\\/\\\/wolfgroup.rktv.ee\\\/et\\\/#organization\"},\"potentialAction\":[{\"@type\":\"SearchAction\",\"target\":{\"@type\":\"EntryPoint\",\"urlTemplate\":\"https:\\\/\\\/wolfgroup.rktv.ee\\\/et\\\/?s={search_term_string}\"},\"query-input\":{\"@type\":\"PropertyValueSpecification\",\"valueRequired\":true,\"valueName\":\"search_term_string\"}}],\"inLanguage\":\"et\"},{\"@type\":\"Organization\",\"@id\":\"https:\\\/\\\/wolfgroup.rktv.ee\\\/et\\\/#organization\",\"name\":\"Wolf Group Estonia\",\"url\":\"https:\\\/\\\/wolfgroup.rktv.ee\\\/et\\\/\",\"logo\":{\"@type\":\"ImageObject\",\"inLanguage\":\"et\",\"@id\":\"https:\\\/\\\/wolfgroup.rktv.ee\\\/et\\\/#\\\/schema\\\/logo\\\/image\\\/\",\"url\":\"https:\\\/\\\/wolfgroup.rktv.ee\\\/et\\\/wp-content\\\/uploads\\\/sites\\\/2\\\/2022\\\/04\\\/wolfgroup-logo.svg\",\"contentUrl\":\"https:\\\/\\\/wolfgroup.rktv.ee\\\/et\\\/wp-content\\\/uploads\\\/sites\\\/2\\\/2022\\\/04\\\/wolfgroup-logo.svg\",\"width\":155,\"height\":46,\"caption\":\"Wolf Group Estonia\"},\"image\":{\"@id\":\"https:\\\/\\\/wolfgroup.rktv.ee\\\/et\\\/#\\\/schema\\\/logo\\\/image\\\/\"},\"legalName\":\"Wolf Group AS\",\"foundingDate\":\"1993\",\"numberOfEmployees\":{\"@type\":\"QuantitativeValue\",\"value\":900},\"knowsAbout\":[\"construction chemicals\",\"adhesives\",\"sealants\",\"thermal insulation\",\"waterproofing\"],\"contactPoint\":{\"@type\":\"ContactPoint\",\"contactType\":\"sales\",\"areaServed\":\"EE\",\"availableLanguage\":\"et\"}}]}<\/script>\n<!-- \/ Yoast SEO plugin. -->","yoast_head_json":{"title":"Ehitusartiklid - Wolf Group Estonia","robots":{"index":"index","follow":"follow","max-snippet":"max-snippet:-1","max-image-preview":"max-image-preview:large","max-video-preview":"max-video-preview:-1"},"canonical":"https:\/\/wolfgroup.rktv.ee\/et\/ehitusartiklid\/","og_locale":"et_EE","og_type":"article","og_title":"Ehitusartiklid - Wolf Group Estonia","og_url":"https:\/\/wolfgroup.rktv.ee\/et\/ehitusartiklid\/","og_site_name":"Wolf Group Estonia","article_modified_time":"2022-07-29T14:08:26+00:00","twitter_card":"summary_large_image","schema":{"@context":"https:\/\/schema.org","@graph":[{"@type":"WebPage","@id":"https:\/\/wolfgroup.rktv.ee\/et\/ehitusartiklid\/","url":"https:\/\/wolfgroup.rktv.ee\/et\/ehitusartiklid\/","name":"Ehitusartiklid - Wolf Group Estonia","isPartOf":{"@id":"https:\/\/wolfgroup.rktv.ee\/et\/#website"},"datePublished":"2022-07-08T07:27:57+00:00","dateModified":"2022-07-29T14:08:26+00:00","breadcrumb":{"@id":"https:\/\/wolfgroup.rktv.ee\/et\/ehitusartiklid\/#breadcrumb"},"inLanguage":"et","potentialAction":[{"@type":"ReadAction","target":["https:\/\/wolfgroup.rktv.ee\/et\/ehitusartiklid\/"]}]},{"@type":"BreadcrumbList","@id":"https:\/\/wolfgroup.rktv.ee\/et\/ehitusartiklid\/#breadcrumb","itemListElement":[{"@type":"ListItem","position":1,"name":"Avaleht","item":"https:\/\/wolfgroup.rktv.ee\/et\/"},{"@type":"ListItem","position":2,"name":"Ehitusartiklid"}]},{"@type":"WebSite","@id":"https:\/\/wolfgroup.rktv.ee\/et\/#website","url":"https:\/\/wolfgroup.rktv.ee\/et\/","name":"Wolf Group Estonia","description":"construction chemistry products and solutions manufacturer","publisher":{"@id":"https:\/\/wolfgroup.rktv.ee\/et\/#organization"},"potentialAction":[{"@type":"SearchAction","target":{"@type":"EntryPoint","urlTemplate":"https:\/\/wolfgroup.rktv.ee\/et\/?s={search_term_string}"},"query-input":{"@type":"PropertyValueSpecification","valueRequired":true,"valueName":"search_term_string"}}],"inLanguage":"et"},{"@type":"Organization","@id":"https:\/\/wolfgroup.rktv.ee\/et\/#organization","name":"Wolf Group Estonia","url":"https:\/\/wolfgroup.rktv.ee\/et\/","logo":{"@type":"ImageObject","inLanguage":"et","@id":"https:\/\/wolfgroup.rktv.ee\/et\/#\/schema\/logo\/image\/","url":"https:\/\/wolfgroup.rktv.ee\/et\/wp-content\/uploads\/sites\/2\/2022\/04\/wolfgroup-logo.svg","contentUrl":"https:\/\/wolfgroup.rktv.ee\/et\/wp-content\/uploads\/sites\/2\/2022\/04\/wolfgroup-logo.svg","width":155,"height":46,"caption":"Wolf Group Estonia"},"image":{"@id":"https:\/\/wolfgroup.rktv.ee\/et\/#\/schema\/logo\/image\/"},"legalName":"Wolf Group AS","foundingDate":"1993","numberOfEmployees":{"@type":"QuantitativeValue","value":900},"knowsAbout":["construction chemicals","adhesives","sealants","thermal insulation","waterproofing"],"contactPoint":{"@type":"ContactPoint","contactType":"sales","areaServed":"EE","availableLanguage":"et"}}]}},"_links":{"self":[{"href":"https:\/\/wolfgroup.rktv.ee\/et\/wp-json\/wp\/v2\/pages\/27059","targetHints":{"allow":["GET"]}}],"collection":[{"href":"https:\/\/wolfgroup.rktv.ee\/et\/wp-json\/wp\/v2\/pages"}],"about":[{"href":"https:\/\/wolfgroup.rktv.ee\/et\/wp-json\/wp\/v2\/types\/page"}],"author":[{"embeddable":true,"href":"https:\/\/wolfgroup.rktv.ee\/et\/wp-json\/wp\/v2\/users\/1"}],"replies":[{"embeddable":true,"href":"https:\/\/wolfgroup.rktv.ee\/et\/wp-json\/wp\/v2\/comments?post=27059"}],"version-history":[{"count":5,"href":"https:\/\/wolfgroup.rktv.ee\/et\/wp-json\/wp\/v2\/pages\/27059\/revisions"}],"predecessor-version":[{"id":29879,"href":"https:\/\/wolfgroup.rktv.ee\/et\/wp-json\/wp\/v2\/pages\/27059\/revisions\/29879"}],"wp:attachment":[{"href":"https:\/\/wolfgroup.rktv.ee\/et\/wp-json\/wp\/v2\/media?parent=27059"}],"curies":[{"name":"wp","href":"https:\/\/api.w.org\/{rel}","templated":true}]}}