{"id":28493,"date":"2022-04-08T15:16:37","date_gmt":"2022-04-08T12:16:37","guid":{"rendered":"https:\/\/wolfgroupnew.rktv.ee\/et\/about-us\/we-save-energy\/recycled-and-recyclable-components\/"},"modified":"2026-01-28T15:02:29","modified_gmt":"2026-01-28T12:02:29","slug":"jatukusuutlikud-toorained","status":"publish","type":"page","link":"https:\/\/wolfgroup.rktv.ee\/et\/wolf-group-ettevottest\/we-save-energy\/jatukusuutlikud-toorained\/","title":{"rendered":"J\u00e4tkusuutlikud toorained"},"content":{"rendered":"\n    <div id=\"wse-grid-block_5c718d8fc4c98d20ff853398e96c1882\" class=\"wse-grid-block\">\n        <div class=\"container\">\n                            <div class=\"block_intro\">\n                    <h2 style=\"text-align: center;\"><strong>Me suurendame igal aastal keskkonnas\u00e4\u00e4stliku koostisega toodete arvu ning laiendame ringlussev\u00f5etud ja ringlussev\u00f5etavate koostisosadega pakendite valikut<\/strong>.<\/h2>                <\/div>\n                                        <div class=\"grid\">\n                                                                    <div class=\"grid_item row align-items-center\">\n                            <div class=\"col col-md-6 col-12\">\n                                <div class=\"content_container\">\n                                    <p>Rahvusvaheliselt tunnustatud tootjana pakub Wolf Group ettev\u00f5tte omam\u00e4rgitooteid kasutavatele klientidele ka uuenduslikke keskkonnas\u00e4\u00e4stlikest toormaterjalidest tooteid. Oleme maailmaturul esimene, kellel on pakkuda terve tootesari: t\u00e4itevaht, silikoonitud akr\u00fc\u00fcl, montaa\u017eiliim. Meie uuendused on m\u00f5eldud keskkonnast ja planeedi tulevikust hoolivatele inimestele.<\/p>\n<p>S\u00e4\u00e4stva ehituse tootesarjal on j\u00e4rgmised ainulaadsed omadused:<\/p>\n<ul>\n<li>Biop\u00f5hised toorained<\/li>\n<li>Ringlussev\u00f5etud pakkematerjalid<\/li>\n<li>Tarbimise j\u00e4rel ringlussev\u00f5etud plast (PCR-plast)<\/li>\n<li>Etikettide s\u00e4\u00e4stev IML-printimine<\/li>\n<li>Taastuvallikatel p\u00f5hinev tootmine<\/li>\n<li>V\u00e4hem j\u00e4\u00e4tmeid tekitav tootmine ja j\u00e4\u00e4tmete ringlussev\u00f5tt tootmise k\u00e4igus<\/li>\n<li>V\u00e4iksemad CO<sub>2<\/sub> heitkogused toor- ja pakkematerjalide tootmisel<\/li>\n<li>Valdkonna uusimad tehnoloogilised lahedused<\/li>\n<li>\u00dclihead tooteomadused<\/li>\n<li>K\u00f5ik meie j\u00e4tkusuutlikkusv\u00e4ited p\u00f5hinevad sertifikaatidel.<\/li>\n<\/ul>\n                                <\/div>\n                            <\/div>\n                            <div class=\"col col-md-6 col-12\">\n\t\t\t\t\t\t\t\t\t\t\t\t\t\t\t\t\t\t\t\t\t\t\t\t\t\t<div class=\"image_container\">\n\t\t\t\t\t\t\t\t\t\t<img decoding=\"async\" src=\"https:\/\/wolfgroup.rktv.ee\/et\/wp-content\/uploads\/sites\/2\/2023\/06\/istock-1257149725-2.jpg\" width=\"1208\" height=\"770\" alt=\"\" \/>\n\t\t\t\t\t\t\t\t\t<\/div>\n\t\t\t\t\t\t\t\t                            <\/div>\n                        <\/div>\n                                                                    <div class=\"grid_item row align-items-center\">\n                            <div class=\"col col-md-6 col-12\">\n                                <div class=\"content_container\">\n                                    <p><a href=\"https:\/\/wolfgroup.rktv.ee\/et\/tooted-ja-lahendused\/tooted\/#keskkonnasaastlik-silikoonitud-akruul\"><strong>Sustainable Siliconized Acrylic <\/strong><\/a>on plastoelastne \u00fclev\u00e4rvitav silikoonitud akr\u00fc\u00fclhermeetik, millel on suur liikuvusv\u00f5ime (\u00b112,5%).\u00a0 Lahusti- ja ftalaadivaba ning l\u00f5hnatu. Keerukate kasutusalade jaoks, kus tavaline akr\u00fc\u00fcl ei pruugi sobida. Liikuvate sise- ja v\u00e4lis\u00fchenduste tihendamiseks, siseseina nurkade ning akna ja seina vaheliste vuukide jaoks. Vt ka <a href=\"https:\/\/penosil.com\/product\/sustainable-siliconized-acrylic\/\" target=\"_blank\" rel=\"noopener\">Penosil ECO Elastic Acrylic 622<\/a>.<\/p>\n<p><strong>Miks keskkonnas\u00e4\u00e4stlik silikoonitud akr\u00fc\u00fcl?<\/strong><\/p>\n<p>81,9% koostisainetest on biop\u00f5hised v\u00f5i v\u00e4iksema CO<sub>2<\/sub> heitkogusega toodetud materjalid.<\/p>\n<p>Ringlussev\u00f5etud plasti sisaldus pakendites \u00fcletab 70%.<\/p>\n<p>Padrun ja aplikaator on 83% ulatuses valmistatud ringlussev\u00f5etud plastist.<\/p>\n<p>EC 1 Plusi sertifikaadiga.<\/p>\n<p>Prantsuse LO\u00dc heiteklass A.<\/p>\n<p>Toodetakse t\u00e4ielikult taastuvenergia abil.<\/p>\n                                <\/div>\n                            <\/div>\n                            <div class=\"col col-md-6 col-12\">\n\t\t\t\t\t\t\t\t\t\t\t\t\t\t\t\t\t\t\t\t\t\t\t\t\t\t<div class=\"image_container\">\n\t\t\t\t\t\t\t\t\t\t<img decoding=\"async\" src=\"https:\/\/wolfgroup.rktv.ee\/et\/wp-content\/uploads\/sites\/2\/2023\/04\/wg_roheetikett_sustainable-siliconized-acrylic-e1682326693894.png\" width=\"194\" height=\"540\" alt=\"\" \/>\n\t\t\t\t\t\t\t\t\t<\/div>\n\t\t\t\t\t\t\t\t                            <\/div>\n                        <\/div>\n                                                                    <div class=\"grid_item row align-items-center\">\n                            <div class=\"col col-md-6 col-12\">\n                                <div class=\"content_container\">\n                                    <p><a href=\"https:\/\/wolfgroup.rktv.ee\/et\/tooted-ja-lahendused\/tooted\/#keskkonnasaastlik-suure-nakkuvusega-akruulliim\"><strong>Sustainable High Tack Acrylic Adhesive <\/strong><\/a>on akr\u00fclaatdispersiooni p\u00f5hine universaalliim. Liimil on v\u00e4ga hea algnake, see on lahusti- ja ftalaadivaba. Nakkub h\u00e4sti enamiku ehitus- ja viimistlusmaterjalidega. Siseruumides kasutamiseks, n\u00e4iteks puit- ja kipsplaatide ning dekoratiivdetailide paigaldamiseks. Vt ka <a href=\"https:\/\/penosil.com\/product\/sustainable-acrylic-adhesive\/\" target=\"_blank\" rel=\"noopener\">Penosil ECO Mounting Adhesive 677<\/a>.<\/p>\n<p><strong>Miks keskkonnas\u00e4\u00e4stlik suure nakkuvusega akr\u00fc\u00fclliim?<\/strong><\/p>\n<p>71% koostisainetest on biop\u00f5hised v\u00f5i s\u00e4\u00e4stvalt toodetud.<\/p>\n<p>EC 1 Plusi sertifikaadiga.<\/p>\n<p>Padrun ja aplikaator on 83% ulatuses valmistatud ringlussev\u00f5etud plastist.<\/p>\n<p>Ringlussev\u00f5etud plasti sisaldus pakendites \u00fcletab 70%.<\/p>\n<p>Toodetakse t\u00e4ielikult taastuvenergia abil.<\/p>\n                                <\/div>\n                            <\/div>\n                            <div class=\"col col-md-6 col-12\">\n\t\t\t\t\t\t\t\t\t\t\t\t\t\t\t\t\t\t\t\t\t\t\t\t\t\t<div class=\"image_container\">\n\t\t\t\t\t\t\t\t\t\t<img decoding=\"async\" src=\"https:\/\/wolfgroup.rktv.ee\/et\/wp-content\/uploads\/sites\/2\/2023\/04\/wg_roheetikett_sustainable-high-tack-acrylic-adhesive-e1682326679392.png\" width=\"194\" height=\"540\" alt=\"\" \/>\n\t\t\t\t\t\t\t\t\t<\/div>\n\t\t\t\t\t\t\t\t                            <\/div>\n                        <\/div>\n                                    <\/div>\n                    <\/div>\n    <\/div>\n\n\n\n    <div id=\"wse-grid-block_678978a3c52bb9c42d7376e45950b70d\" class=\"wse-grid-block\">\n        <div class=\"container\">\n                            <div class=\"block_intro\">\n                    <h2 style=\"text-align: center;\">Wolf Group varustab tooted keskkonnadeklaratsioonidega<\/h2>                <\/div>\n                                        <div class=\"grid\">\n                                                                    <div class=\"grid_item row align-items-center\">\n                            <div class=\"col col-md-6 col-12\">\n                                <div class=\"content_container\">\n                                    <p><!-- wp:paragraph --><\/p>\n<p><strong>Wolf Groupi lipulaeva <a href=\"https:\/\/penosil.com\/et\/\" target=\"_blank\" rel=\"noreferrer noopener\">Penosili<\/a><\/strong> <strong><a href=\"https:\/\/penosil.com\/et\/tooted\/kasutusalad\/keskkonnasaastlik-ehitus\/\" target=\"_blank\" rel=\"noreferrer noopener\">J\u00e4tkusuutliku ehituse kategooria<\/a> tooted on n\u00fc\u00fcd kaetud keskkonnadeklaratsioonidega (EPD). Peagi saavad EPD ka k\u00f5ik ehitusvahud ja hermeetikud ning osa liime, mida toodetakse nii oma kaubam\u00e4rgi all kui <em>private label<\/em>\u00b4ina.<\/strong><\/p>\n<p>Selle sammuga panustab Wolf Group rohe- ja j\u00e4tkusuutlikkuse eesm\u00e4rkide saavutamisse ning ettev\u00f5tte ja klientide konkurentsiv\u00f5ime t\u00f5stmisse. Keskkonnadeklaratsiooniga kaetud tooted on n\u00e4iteks sisendiks LEED, BREEAM jt hoonetele omistatavate rahvusvaheliste rohem\u00e4rgiste taotlemisel.<\/p>\n<p>Keskkonnadeklaratsioon on elukaareanal\u00fc\u00fcsil p\u00f5hinev vabatahtlik ja standarditud viis esitada usaldusv\u00e4\u00e4rselt\u00a0 olulisi, t\u00f5endatud ja v\u00f5rreldavad andmed toote v\u00f5i tooter\u00fchma keskkonnajalaj\u00e4ljest. Hindamine p\u00f5hineb standardil EN 15804. EPD-d saab koostada ettev\u00f5ttesiseselt v\u00f5i palgata vastav institutsioon. \u201eWolf Group kui Euroopa hermeetiku- ja liimitootjate \u00fchingu <a href=\"https:\/\/www.feica.eu\/\" target=\"_blank\" rel=\"noreferrer noopener\">FEICA<\/a> liige, kasutab EPD koostamiseks FEICA standardiseeritud mudelit, \u201c selgitab Wolf Groupi tootejuhtimise direktor Kuldar Kongo. \u201eArvesse v\u00f5etakse toote koostis, sh ohtlike komponentide v\u00f5i <a href=\"https:\/\/wolfgroup.rktv.ee\/et\/blog\/2021\/01\/15\/ole-teadlikum-toodetest\/\" rel=\"noopener\">lenduvate orgaaniliste \u00fchendite m\u00e4\u00e4ra<\/a>.&#8221; FEICA mudelil baseeruvad keskkonnadeklaratsioonid kehtivad aastani 2027.<\/p>\n<p>Euroopa Komisjon on seadnud ambitsioonika eesm\u00e4rgi- saavutada kliimaneutraalne majandus\u00a0 aastaks 2050 . Selle sihi t\u00e4itmiseks\u00a0 on j\u00e4rjest enam riike v\u00f5tnud kavva keskkonnadeklaratsioonide kohustuslikuks muutmise. Eesrinnas on P\u00f5hjamaad- Norra, Rootsi, Soome-, aga ka n\u00e4iteks Prantsusmaa.<\/p>\n<p><!-- \/wp:paragraph --> <!-- wp:paragraph --><\/p>\n<p>Wolf Groupi j\u00e4tkusuutlike toodete arendust rahastas <a href=\"https:\/\/www.europarl.europa.eu\/factsheets\/et\/sheet\/95\/euroopa-regionaalarengu-fond-erf-\" target=\"_blank\" rel=\"noopener\">Euroopa Regionaalarengu Fond<\/a> ja <a href=\"https:\/\/eas.ee\/#\" target=\"_blank\" rel=\"noopener\">Ettev\u00f5tluse Arendamise Sihtasutus<\/a>.<\/p>\n<p><!-- \/wp:paragraph --> <!-- wp:image {\"id\":31853,\"sizeSlug\":\"full\",\"linkDestination\":\"none\"} --><\/p>\n<figure class=\"wp-block-image size-full\"><img decoding=\"async\" class=\"alignnone wp-image-32018 size-full\" src=\"https:\/\/wolfgroup.rktv.ee\/et\/wp-content\/uploads\/sites\/2\/2023\/07\/eas_sf_rgb_est-1.webp\" alt=\"\" width=\"1349\" height=\"393\" \/><\/figure>\n<p><!-- \/wp:image --> <!-- wp:paragraph --><\/p>\n<p>Toetusmeede: COVID-19 m\u00f5jutatud ettev\u00f5tete tootearenduse toetus perioodil 2019-2020.<\/p>\n<p><!-- \/wp:paragraph --><\/p>\n                                <\/div>\n                            <\/div>\n                            <div class=\"col col-md-6 col-12\">\n\t\t\t\t\t\t\t\t\t\t\t\t\t\t\t\t\t\t\t\t\t\t\t\t\t\t<div class=\"image_container\">\n\t\t\t\t\t\t\t\t\t\t<img decoding=\"async\" src=\"https:\/\/wolfgroup.rktv.ee\/et\/wp-content\/uploads\/sites\/2\/2023\/06\/epd.png\" width=\"447\" height=\"637\" alt=\"\" \/>\n\t\t\t\t\t\t\t\t\t<\/div>\n\t\t\t\t\t\t\t\t                            <\/div>\n                        <\/div>\n                                    <\/div>\n                    <\/div>\n    <\/div>\n","protected":false},"excerpt":{"rendered":"","protected":false},"author":1,"featured_media":0,"parent":28481,"menu_order":9,"comment_status":"closed","ping_status":"closed","template":"page-templates\/template-wse.php","meta":{"_acf_changed":false,"footnotes":""},"class_list":["post-28493","page","type-page","status-publish","hentry"],"acf":[],"yoast_head":"<!-- This site is optimized with the Yoast SEO plugin v27.3 - https:\/\/yoast.com\/product\/yoast-seo-wordpress\/ -->\n<title>J\u00e4tkusuutlikud toorained - Wolf Group Estonia<\/title>\n<meta name=\"robots\" content=\"index, follow, max-snippet:-1, max-image-preview:large, max-video-preview:-1\" \/>\n<link rel=\"canonical\" href=\"https:\/\/wolfgroup.rktv.ee\/et\/wolf-group-ettevottest\/we-save-energy\/jatukusuutlikud-toorained\/\" \/>\n<meta property=\"og:locale\" content=\"et_EE\" \/>\n<meta property=\"og:type\" content=\"article\" \/>\n<meta property=\"og:title\" content=\"J\u00e4tkusuutlikud toorained - Wolf Group Estonia\" \/>\n<meta property=\"og:url\" content=\"https:\/\/wolfgroup.rktv.ee\/et\/wolf-group-ettevottest\/we-save-energy\/jatukusuutlikud-toorained\/\" \/>\n<meta property=\"og:site_name\" content=\"Wolf Group Estonia\" \/>\n<meta property=\"article:modified_time\" content=\"2026-01-28T12:02:29+00:00\" \/>\n<meta name=\"twitter:card\" content=\"summary_large_image\" \/>\n<script type=\"application\/ld+json\" class=\"yoast-schema-graph\">{\"@context\":\"https:\\\/\\\/schema.org\",\"@graph\":[{\"@type\":\"WebPage\",\"@id\":\"https:\\\/\\\/wolfgroup.rktv.ee\\\/et\\\/wolf-group-ettevottest\\\/we-save-energy\\\/jatukusuutlikud-toorained\\\/\",\"url\":\"https:\\\/\\\/wolfgroup.rktv.ee\\\/et\\\/wolf-group-ettevottest\\\/we-save-energy\\\/jatukusuutlikud-toorained\\\/\",\"name\":\"J\u00e4tkusuutlikud toorained - Wolf Group Estonia\",\"isPartOf\":{\"@id\":\"https:\\\/\\\/wolfgroup.rktv.ee\\\/et\\\/#website\"},\"datePublished\":\"2022-04-08T12:16:37+00:00\",\"dateModified\":\"2026-01-28T12:02:29+00:00\",\"breadcrumb\":{\"@id\":\"https:\\\/\\\/wolfgroup.rktv.ee\\\/et\\\/wolf-group-ettevottest\\\/we-save-energy\\\/jatukusuutlikud-toorained\\\/#breadcrumb\"},\"inLanguage\":\"et\",\"potentialAction\":[{\"@type\":\"ReadAction\",\"target\":[\"https:\\\/\\\/wolfgroup.rktv.ee\\\/et\\\/wolf-group-ettevottest\\\/we-save-energy\\\/jatukusuutlikud-toorained\\\/\"]}]},{\"@type\":\"BreadcrumbList\",\"@id\":\"https:\\\/\\\/wolfgroup.rktv.ee\\\/et\\\/wolf-group-ettevottest\\\/we-save-energy\\\/jatukusuutlikud-toorained\\\/#breadcrumb\",\"itemListElement\":[{\"@type\":\"ListItem\",\"position\":1,\"name\":\"Avaleht\",\"item\":\"https:\\\/\\\/wolfgroup.rktv.ee\\\/et\\\/\"},{\"@type\":\"ListItem\",\"position\":2,\"name\":\"Ettev\u00f5ttest\",\"item\":\"https:\\\/\\\/wolfgroup.rktv.ee\\\/et\\\/wolf-group-ettevottest\\\/\"},{\"@type\":\"ListItem\",\"position\":3,\"name\":\"We save energy\",\"item\":\"https:\\\/\\\/wolfgroup.rktv.ee\\\/et\\\/wolf-group-ettevottest\\\/we-save-energy\\\/\"},{\"@type\":\"ListItem\",\"position\":4,\"name\":\"J\u00e4tkusuutlikud toorained\"}]},{\"@type\":\"WebSite\",\"@id\":\"https:\\\/\\\/wolfgroup.rktv.ee\\\/et\\\/#website\",\"url\":\"https:\\\/\\\/wolfgroup.rktv.ee\\\/et\\\/\",\"name\":\"Wolf Group Estonia\",\"description\":\"construction chemistry products and solutions manufacturer\",\"publisher\":{\"@id\":\"https:\\\/\\\/wolfgroup.rktv.ee\\\/et\\\/#organization\"},\"potentialAction\":[{\"@type\":\"SearchAction\",\"target\":{\"@type\":\"EntryPoint\",\"urlTemplate\":\"https:\\\/\\\/wolfgroup.rktv.ee\\\/et\\\/?s={search_term_string}\"},\"query-input\":{\"@type\":\"PropertyValueSpecification\",\"valueRequired\":true,\"valueName\":\"search_term_string\"}}],\"inLanguage\":\"et\"},{\"@type\":\"Organization\",\"@id\":\"https:\\\/\\\/wolfgroup.rktv.ee\\\/et\\\/#organization\",\"name\":\"Wolf Group Estonia\",\"url\":\"https:\\\/\\\/wolfgroup.rktv.ee\\\/et\\\/\",\"logo\":{\"@type\":\"ImageObject\",\"inLanguage\":\"et\",\"@id\":\"https:\\\/\\\/wolfgroup.rktv.ee\\\/et\\\/#\\\/schema\\\/logo\\\/image\\\/\",\"url\":\"https:\\\/\\\/wolfgroup.rktv.ee\\\/et\\\/wp-content\\\/uploads\\\/sites\\\/2\\\/2022\\\/04\\\/wolfgroup-logo.svg\",\"contentUrl\":\"https:\\\/\\\/wolfgroup.rktv.ee\\\/et\\\/wp-content\\\/uploads\\\/sites\\\/2\\\/2022\\\/04\\\/wolfgroup-logo.svg\",\"width\":155,\"height\":46,\"caption\":\"Wolf Group Estonia\"},\"image\":{\"@id\":\"https:\\\/\\\/wolfgroup.rktv.ee\\\/et\\\/#\\\/schema\\\/logo\\\/image\\\/\"},\"legalName\":\"Wolf Group AS\",\"foundingDate\":\"1993\",\"numberOfEmployees\":{\"@type\":\"QuantitativeValue\",\"value\":900},\"knowsAbout\":[\"construction chemicals\",\"adhesives\",\"sealants\",\"thermal insulation\",\"waterproofing\"],\"contactPoint\":{\"@type\":\"ContactPoint\",\"contactType\":\"sales\",\"areaServed\":\"EE\",\"availableLanguage\":\"et\"}}]}<\/script>\n<!-- \/ Yoast SEO plugin. -->","yoast_head_json":{"title":"J\u00e4tkusuutlikud toorained - Wolf Group Estonia","robots":{"index":"index","follow":"follow","max-snippet":"max-snippet:-1","max-image-preview":"max-image-preview:large","max-video-preview":"max-video-preview:-1"},"canonical":"https:\/\/wolfgroup.rktv.ee\/et\/wolf-group-ettevottest\/we-save-energy\/jatukusuutlikud-toorained\/","og_locale":"et_EE","og_type":"article","og_title":"J\u00e4tkusuutlikud toorained - Wolf Group Estonia","og_url":"https:\/\/wolfgroup.rktv.ee\/et\/wolf-group-ettevottest\/we-save-energy\/jatukusuutlikud-toorained\/","og_site_name":"Wolf Group Estonia","article_modified_time":"2026-01-28T12:02:29+00:00","twitter_card":"summary_large_image","schema":{"@context":"https:\/\/schema.org","@graph":[{"@type":"WebPage","@id":"https:\/\/wolfgroup.rktv.ee\/et\/wolf-group-ettevottest\/we-save-energy\/jatukusuutlikud-toorained\/","url":"https:\/\/wolfgroup.rktv.ee\/et\/wolf-group-ettevottest\/we-save-energy\/jatukusuutlikud-toorained\/","name":"J\u00e4tkusuutlikud toorained - Wolf Group Estonia","isPartOf":{"@id":"https:\/\/wolfgroup.rktv.ee\/et\/#website"},"datePublished":"2022-04-08T12:16:37+00:00","dateModified":"2026-01-28T12:02:29+00:00","breadcrumb":{"@id":"https:\/\/wolfgroup.rktv.ee\/et\/wolf-group-ettevottest\/we-save-energy\/jatukusuutlikud-toorained\/#breadcrumb"},"inLanguage":"et","potentialAction":[{"@type":"ReadAction","target":["https:\/\/wolfgroup.rktv.ee\/et\/wolf-group-ettevottest\/we-save-energy\/jatukusuutlikud-toorained\/"]}]},{"@type":"BreadcrumbList","@id":"https:\/\/wolfgroup.rktv.ee\/et\/wolf-group-ettevottest\/we-save-energy\/jatukusuutlikud-toorained\/#breadcrumb","itemListElement":[{"@type":"ListItem","position":1,"name":"Avaleht","item":"https:\/\/wolfgroup.rktv.ee\/et\/"},{"@type":"ListItem","position":2,"name":"Ettev\u00f5ttest","item":"https:\/\/wolfgroup.rktv.ee\/et\/wolf-group-ettevottest\/"},{"@type":"ListItem","position":3,"name":"We save energy","item":"https:\/\/wolfgroup.rktv.ee\/et\/wolf-group-ettevottest\/we-save-energy\/"},{"@type":"ListItem","position":4,"name":"J\u00e4tkusuutlikud toorained"}]},{"@type":"WebSite","@id":"https:\/\/wolfgroup.rktv.ee\/et\/#website","url":"https:\/\/wolfgroup.rktv.ee\/et\/","name":"Wolf Group Estonia","description":"construction chemistry products and solutions manufacturer","publisher":{"@id":"https:\/\/wolfgroup.rktv.ee\/et\/#organization"},"potentialAction":[{"@type":"SearchAction","target":{"@type":"EntryPoint","urlTemplate":"https:\/\/wolfgroup.rktv.ee\/et\/?s={search_term_string}"},"query-input":{"@type":"PropertyValueSpecification","valueRequired":true,"valueName":"search_term_string"}}],"inLanguage":"et"},{"@type":"Organization","@id":"https:\/\/wolfgroup.rktv.ee\/et\/#organization","name":"Wolf Group Estonia","url":"https:\/\/wolfgroup.rktv.ee\/et\/","logo":{"@type":"ImageObject","inLanguage":"et","@id":"https:\/\/wolfgroup.rktv.ee\/et\/#\/schema\/logo\/image\/","url":"https:\/\/wolfgroup.rktv.ee\/et\/wp-content\/uploads\/sites\/2\/2022\/04\/wolfgroup-logo.svg","contentUrl":"https:\/\/wolfgroup.rktv.ee\/et\/wp-content\/uploads\/sites\/2\/2022\/04\/wolfgroup-logo.svg","width":155,"height":46,"caption":"Wolf Group Estonia"},"image":{"@id":"https:\/\/wolfgroup.rktv.ee\/et\/#\/schema\/logo\/image\/"},"legalName":"Wolf Group AS","foundingDate":"1993","numberOfEmployees":{"@type":"QuantitativeValue","value":900},"knowsAbout":["construction chemicals","adhesives","sealants","thermal insulation","waterproofing"],"contactPoint":{"@type":"ContactPoint","contactType":"sales","areaServed":"EE","availableLanguage":"et"}}]}},"_links":{"self":[{"href":"https:\/\/wolfgroup.rktv.ee\/et\/wp-json\/wp\/v2\/pages\/28493","targetHints":{"allow":["GET"]}}],"collection":[{"href":"https:\/\/wolfgroup.rktv.ee\/et\/wp-json\/wp\/v2\/pages"}],"about":[{"href":"https:\/\/wolfgroup.rktv.ee\/et\/wp-json\/wp\/v2\/types\/page"}],"author":[{"embeddable":true,"href":"https:\/\/wolfgroup.rktv.ee\/et\/wp-json\/wp\/v2\/users\/1"}],"replies":[{"embeddable":true,"href":"https:\/\/wolfgroup.rktv.ee\/et\/wp-json\/wp\/v2\/comments?post=28493"}],"version-history":[{"count":30,"href":"https:\/\/wolfgroup.rktv.ee\/et\/wp-json\/wp\/v2\/pages\/28493\/revisions"}],"predecessor-version":[{"id":34196,"href":"https:\/\/wolfgroup.rktv.ee\/et\/wp-json\/wp\/v2\/pages\/28493\/revisions\/34196"}],"up":[{"embeddable":true,"href":"https:\/\/wolfgroup.rktv.ee\/et\/wp-json\/wp\/v2\/pages\/28481"}],"wp:attachment":[{"href":"https:\/\/wolfgroup.rktv.ee\/et\/wp-json\/wp\/v2\/media?parent=28493"}],"curies":[{"name":"wp","href":"https:\/\/api.w.org\/{rel}","templated":true}]}}