{"id":28503,"date":"2022-04-08T15:18:37","date_gmt":"2022-04-08T12:18:37","guid":{"rendered":"https:\/\/wolfgroupnew.rktv.ee\/et\/about-us\/we-save-energy\/renewable-energy\/"},"modified":"2024-01-29T15:15:05","modified_gmt":"2024-01-29T12:15:05","slug":"taastuvenergia","status":"publish","type":"page","link":"https:\/\/wolfgroup.rktv.ee\/et\/wolf-group-ettevottest\/we-save-energy\/taastuvenergia\/","title":{"rendered":"Taastuvenergia"},"content":{"rendered":"\n    <div id=\"wse-grid-block_deed14d26ed20beca9dd1a01361412b3\" class=\"wse-grid-block\">\n        <div class=\"container\">\n                            <div class=\"block_intro\">\n                    <h2 class=\"has-text-align-center\" style=\"text-align: center\"><strong>V\u00e4hendame oma tootmise jalaj\u00e4lge. Meie Tallinna ja Gava tootmis\u00fcksustes p\u00e4rineb 100% elektrist juba praegu taastuvatest energiaallikatest. Eesm\u00e4rk on minna 2030.\u00a0aastaks k\u00f5igis tegevuskohtades t\u00e4ielikult \u00fcle rohelisele energiale.<\/strong><\/h2>                <\/div>\n                                        <div class=\"grid\">\n                                                                    <div class=\"grid_item row align-items-center\">\n                            <div class=\"col col-md-6 col-12\">\n                                <div class=\"content_container\">\n                                    <p>Oleme v\u00f5tnud eesm\u00e4rgiks l\u00e4htuda kliimas\u00f5bralikest valikutest, tarbides eesk\u00e4tt v\u00e4hem fossiilsetel k\u00fctustel p\u00f5hinevat energiat ning suurendada taastuvenergiaallikate kasutamist. Kogu meie ostetav elekter on roheelekter ja kaetud vastavate sertifikaatidega.<\/p>\n<p>2021. aastast kasutame Wolf Groupi Tallinna ja Barcelona tootmis\u00fcksustes, st nii kontoris kui tehases 100% roheelektrit, mida saadakse p\u00e4ikese- ja tuuleenergiast. Toetame l\u00e4bi\u00a0<a href=\"https:\/\/wolfgroup.rktv.ee\/et\/wp-content\/uploads\/sites\/2\/2024\/01\/cancellationstatement_wolf-group-2023.01-est.pdf\" target=\"_blank\" rel=\"noopener\">rohesertifikaadi<\/a>\u00a0ostu tuule- ja p\u00e4ikeseparkide rajamist ning p\u00f5lismetsade s\u00e4ilimist. Me ei kasuta elektrit, mis on toodetud biomassi ja puiduj\u00e4\u00e4tmete p\u00f5letamisel.<\/p>\n<p>Elekter moodustab 70\u201375% meie energiatarbimisest. Aastatel 2018\u20132019 asendasime kogu valgustuse LED-lampidega. Ainu\u00fcksi selle sammuga v\u00e4hendasime elektritarbimist 18% v\u00f5rra.<\/p>\n<p>Aastaks 2030 soovime \u00fcle minna rohegaasile. Suur samm energiaefektiivsuse suunas oli neli aastat tagasi \u00fcmber ehitatud k\u00fcttes\u00fcsteem Wolf Groupi Tallinna tootmis\u00fcksuses, mille tulemusena v\u00e4hendasime CO<sub>2<\/sub>\u00a0heitkoguseid 40% v\u00f5rra.<\/p>\n                                <\/div>\n                            <\/div>\n                            <div class=\"col col-md-6 col-12\">\n\t\t\t\t\t\t\t\t\t\t\t\t\t\t\t\t\t<div class=\"video_container\">\n\t\t\t\t\t\t\t\t\t\t<video src=\"https:\/\/wolfgroup.rktv.ee\/et\/wp-content\/uploads\/sites\/2\/2022\/04\/drone.mov\" autoplay=\"\" muted=\"\" loop=\"\" playsinline=\"\"><\/video>\n\t\t\t\t\t\t\t\t\t<\/div>\n\t\t\t\t\t\t\t\t                            <\/div>\n                        <\/div>\n                                    <\/div>\n                    <\/div>\n    <\/div>\n","protected":false},"excerpt":{"rendered":"","protected":false},"author":1,"featured_media":0,"parent":28481,"menu_order":11,"comment_status":"closed","ping_status":"closed","template":"page-templates\/template-wse.php","meta":{"_acf_changed":false,"footnotes":""},"class_list":["post-28503","page","type-page","status-publish","hentry"],"acf":[],"yoast_head":"<!-- This site is optimized with the Yoast SEO plugin v27.3 - https:\/\/yoast.com\/product\/yoast-seo-wordpress\/ -->\n<title>Taastuvenergia - Wolf Group Estonia<\/title>\n<meta name=\"robots\" content=\"index, follow, max-snippet:-1, max-image-preview:large, max-video-preview:-1\" \/>\n<link rel=\"canonical\" href=\"https:\/\/wolfgroup.rktv.ee\/et\/wolf-group-ettevottest\/we-save-energy\/taastuvenergia\/\" \/>\n<meta property=\"og:locale\" content=\"et_EE\" \/>\n<meta property=\"og:type\" content=\"article\" \/>\n<meta property=\"og:title\" content=\"Taastuvenergia - Wolf Group Estonia\" \/>\n<meta property=\"og:url\" content=\"https:\/\/wolfgroup.rktv.ee\/et\/wolf-group-ettevottest\/we-save-energy\/taastuvenergia\/\" \/>\n<meta property=\"og:site_name\" content=\"Wolf Group Estonia\" \/>\n<meta property=\"article:modified_time\" content=\"2024-01-29T12:15:05+00:00\" \/>\n<meta name=\"twitter:card\" content=\"summary_large_image\" \/>\n<script type=\"application\/ld+json\" class=\"yoast-schema-graph\">{\"@context\":\"https:\\\/\\\/schema.org\",\"@graph\":[{\"@type\":\"WebPage\",\"@id\":\"https:\\\/\\\/wolfgroup.rktv.ee\\\/et\\\/wolf-group-ettevottest\\\/we-save-energy\\\/taastuvenergia\\\/\",\"url\":\"https:\\\/\\\/wolfgroup.rktv.ee\\\/et\\\/wolf-group-ettevottest\\\/we-save-energy\\\/taastuvenergia\\\/\",\"name\":\"Taastuvenergia - Wolf Group Estonia\",\"isPartOf\":{\"@id\":\"https:\\\/\\\/wolfgroup.rktv.ee\\\/et\\\/#website\"},\"datePublished\":\"2022-04-08T12:18:37+00:00\",\"dateModified\":\"2024-01-29T12:15:05+00:00\",\"breadcrumb\":{\"@id\":\"https:\\\/\\\/wolfgroup.rktv.ee\\\/et\\\/wolf-group-ettevottest\\\/we-save-energy\\\/taastuvenergia\\\/#breadcrumb\"},\"inLanguage\":\"et\",\"potentialAction\":[{\"@type\":\"ReadAction\",\"target\":[\"https:\\\/\\\/wolfgroup.rktv.ee\\\/et\\\/wolf-group-ettevottest\\\/we-save-energy\\\/taastuvenergia\\\/\"]}]},{\"@type\":\"BreadcrumbList\",\"@id\":\"https:\\\/\\\/wolfgroup.rktv.ee\\\/et\\\/wolf-group-ettevottest\\\/we-save-energy\\\/taastuvenergia\\\/#breadcrumb\",\"itemListElement\":[{\"@type\":\"ListItem\",\"position\":1,\"name\":\"Avaleht\",\"item\":\"https:\\\/\\\/wolfgroup.rktv.ee\\\/et\\\/\"},{\"@type\":\"ListItem\",\"position\":2,\"name\":\"Ettev\u00f5ttest\",\"item\":\"https:\\\/\\\/wolfgroup.rktv.ee\\\/et\\\/wolf-group-ettevottest\\\/\"},{\"@type\":\"ListItem\",\"position\":3,\"name\":\"We save energy\",\"item\":\"https:\\\/\\\/wolfgroup.rktv.ee\\\/et\\\/wolf-group-ettevottest\\\/we-save-energy\\\/\"},{\"@type\":\"ListItem\",\"position\":4,\"name\":\"Taastuvenergia\"}]},{\"@type\":\"WebSite\",\"@id\":\"https:\\\/\\\/wolfgroup.rktv.ee\\\/et\\\/#website\",\"url\":\"https:\\\/\\\/wolfgroup.rktv.ee\\\/et\\\/\",\"name\":\"Wolf Group Estonia\",\"description\":\"construction chemistry products and solutions manufacturer\",\"publisher\":{\"@id\":\"https:\\\/\\\/wolfgroup.rktv.ee\\\/et\\\/#organization\"},\"potentialAction\":[{\"@type\":\"SearchAction\",\"target\":{\"@type\":\"EntryPoint\",\"urlTemplate\":\"https:\\\/\\\/wolfgroup.rktv.ee\\\/et\\\/?s={search_term_string}\"},\"query-input\":{\"@type\":\"PropertyValueSpecification\",\"valueRequired\":true,\"valueName\":\"search_term_string\"}}],\"inLanguage\":\"et\"},{\"@type\":\"Organization\",\"@id\":\"https:\\\/\\\/wolfgroup.rktv.ee\\\/et\\\/#organization\",\"name\":\"Wolf Group Estonia\",\"url\":\"https:\\\/\\\/wolfgroup.rktv.ee\\\/et\\\/\",\"logo\":{\"@type\":\"ImageObject\",\"inLanguage\":\"et\",\"@id\":\"https:\\\/\\\/wolfgroup.rktv.ee\\\/et\\\/#\\\/schema\\\/logo\\\/image\\\/\",\"url\":\"https:\\\/\\\/wolfgroup.rktv.ee\\\/et\\\/wp-content\\\/uploads\\\/sites\\\/2\\\/2022\\\/04\\\/wolfgroup-logo.svg\",\"contentUrl\":\"https:\\\/\\\/wolfgroup.rktv.ee\\\/et\\\/wp-content\\\/uploads\\\/sites\\\/2\\\/2022\\\/04\\\/wolfgroup-logo.svg\",\"width\":155,\"height\":46,\"caption\":\"Wolf Group Estonia\"},\"image\":{\"@id\":\"https:\\\/\\\/wolfgroup.rktv.ee\\\/et\\\/#\\\/schema\\\/logo\\\/image\\\/\"},\"legalName\":\"Wolf Group AS\",\"foundingDate\":\"1993\",\"numberOfEmployees\":{\"@type\":\"QuantitativeValue\",\"value\":900},\"knowsAbout\":[\"construction chemicals\",\"adhesives\",\"sealants\",\"thermal insulation\",\"waterproofing\"],\"contactPoint\":{\"@type\":\"ContactPoint\",\"contactType\":\"sales\",\"areaServed\":\"EE\",\"availableLanguage\":\"et\"}}]}<\/script>\n<!-- \/ Yoast SEO plugin. -->","yoast_head_json":{"title":"Taastuvenergia - Wolf Group Estonia","robots":{"index":"index","follow":"follow","max-snippet":"max-snippet:-1","max-image-preview":"max-image-preview:large","max-video-preview":"max-video-preview:-1"},"canonical":"https:\/\/wolfgroup.rktv.ee\/et\/wolf-group-ettevottest\/we-save-energy\/taastuvenergia\/","og_locale":"et_EE","og_type":"article","og_title":"Taastuvenergia - Wolf Group Estonia","og_url":"https:\/\/wolfgroup.rktv.ee\/et\/wolf-group-ettevottest\/we-save-energy\/taastuvenergia\/","og_site_name":"Wolf Group Estonia","article_modified_time":"2024-01-29T12:15:05+00:00","twitter_card":"summary_large_image","schema":{"@context":"https:\/\/schema.org","@graph":[{"@type":"WebPage","@id":"https:\/\/wolfgroup.rktv.ee\/et\/wolf-group-ettevottest\/we-save-energy\/taastuvenergia\/","url":"https:\/\/wolfgroup.rktv.ee\/et\/wolf-group-ettevottest\/we-save-energy\/taastuvenergia\/","name":"Taastuvenergia - Wolf Group Estonia","isPartOf":{"@id":"https:\/\/wolfgroup.rktv.ee\/et\/#website"},"datePublished":"2022-04-08T12:18:37+00:00","dateModified":"2024-01-29T12:15:05+00:00","breadcrumb":{"@id":"https:\/\/wolfgroup.rktv.ee\/et\/wolf-group-ettevottest\/we-save-energy\/taastuvenergia\/#breadcrumb"},"inLanguage":"et","potentialAction":[{"@type":"ReadAction","target":["https:\/\/wolfgroup.rktv.ee\/et\/wolf-group-ettevottest\/we-save-energy\/taastuvenergia\/"]}]},{"@type":"BreadcrumbList","@id":"https:\/\/wolfgroup.rktv.ee\/et\/wolf-group-ettevottest\/we-save-energy\/taastuvenergia\/#breadcrumb","itemListElement":[{"@type":"ListItem","position":1,"name":"Avaleht","item":"https:\/\/wolfgroup.rktv.ee\/et\/"},{"@type":"ListItem","position":2,"name":"Ettev\u00f5ttest","item":"https:\/\/wolfgroup.rktv.ee\/et\/wolf-group-ettevottest\/"},{"@type":"ListItem","position":3,"name":"We save energy","item":"https:\/\/wolfgroup.rktv.ee\/et\/wolf-group-ettevottest\/we-save-energy\/"},{"@type":"ListItem","position":4,"name":"Taastuvenergia"}]},{"@type":"WebSite","@id":"https:\/\/wolfgroup.rktv.ee\/et\/#website","url":"https:\/\/wolfgroup.rktv.ee\/et\/","name":"Wolf Group Estonia","description":"construction chemistry products and solutions manufacturer","publisher":{"@id":"https:\/\/wolfgroup.rktv.ee\/et\/#organization"},"potentialAction":[{"@type":"SearchAction","target":{"@type":"EntryPoint","urlTemplate":"https:\/\/wolfgroup.rktv.ee\/et\/?s={search_term_string}"},"query-input":{"@type":"PropertyValueSpecification","valueRequired":true,"valueName":"search_term_string"}}],"inLanguage":"et"},{"@type":"Organization","@id":"https:\/\/wolfgroup.rktv.ee\/et\/#organization","name":"Wolf Group Estonia","url":"https:\/\/wolfgroup.rktv.ee\/et\/","logo":{"@type":"ImageObject","inLanguage":"et","@id":"https:\/\/wolfgroup.rktv.ee\/et\/#\/schema\/logo\/image\/","url":"https:\/\/wolfgroup.rktv.ee\/et\/wp-content\/uploads\/sites\/2\/2022\/04\/wolfgroup-logo.svg","contentUrl":"https:\/\/wolfgroup.rktv.ee\/et\/wp-content\/uploads\/sites\/2\/2022\/04\/wolfgroup-logo.svg","width":155,"height":46,"caption":"Wolf Group Estonia"},"image":{"@id":"https:\/\/wolfgroup.rktv.ee\/et\/#\/schema\/logo\/image\/"},"legalName":"Wolf Group AS","foundingDate":"1993","numberOfEmployees":{"@type":"QuantitativeValue","value":900},"knowsAbout":["construction chemicals","adhesives","sealants","thermal insulation","waterproofing"],"contactPoint":{"@type":"ContactPoint","contactType":"sales","areaServed":"EE","availableLanguage":"et"}}]}},"_links":{"self":[{"href":"https:\/\/wolfgroup.rktv.ee\/et\/wp-json\/wp\/v2\/pages\/28503","targetHints":{"allow":["GET"]}}],"collection":[{"href":"https:\/\/wolfgroup.rktv.ee\/et\/wp-json\/wp\/v2\/pages"}],"about":[{"href":"https:\/\/wolfgroup.rktv.ee\/et\/wp-json\/wp\/v2\/types\/page"}],"author":[{"embeddable":true,"href":"https:\/\/wolfgroup.rktv.ee\/et\/wp-json\/wp\/v2\/users\/1"}],"replies":[{"embeddable":true,"href":"https:\/\/wolfgroup.rktv.ee\/et\/wp-json\/wp\/v2\/comments?post=28503"}],"version-history":[{"count":11,"href":"https:\/\/wolfgroup.rktv.ee\/et\/wp-json\/wp\/v2\/pages\/28503\/revisions"}],"predecessor-version":[{"id":32468,"href":"https:\/\/wolfgroup.rktv.ee\/et\/wp-json\/wp\/v2\/pages\/28503\/revisions\/32468"}],"up":[{"embeddable":true,"href":"https:\/\/wolfgroup.rktv.ee\/et\/wp-json\/wp\/v2\/pages\/28481"}],"wp:attachment":[{"href":"https:\/\/wolfgroup.rktv.ee\/et\/wp-json\/wp\/v2\/media?parent=28503"}],"curies":[{"name":"wp","href":"https:\/\/api.w.org\/{rel}","templated":true}]}}