{"id":33446,"date":"2025-01-24T11:14:38","date_gmt":"2025-01-24T08:14:38","guid":{"rendered":"https:\/\/wolfgroup.rktv.ee\/et\/?page_id=33446"},"modified":"2025-01-28T12:41:31","modified_gmt":"2025-01-28T09:41:31","slug":"teavitusvorm","status":"publish","type":"page","link":"https:\/\/wolfgroup.rktv.ee\/et\/teavitusvorm\/","title":{"rendered":"Teavitusvorm"},"content":{"rendered":"<section class=\"contact-form-block\">\n    <div class=\"contact-form\">\n        \n<div class=\"wpcf7 no-js\" id=\"wpcf7-f33445-o1\" lang=\"et\" dir=\"ltr\" data-wpcf7-id=\"33445\">\n<div class=\"screen-reader-response\"><p role=\"status\" aria-live=\"polite\" aria-atomic=\"true\"><\/p> <ul><\/ul><\/div>\n<form action=\"\/et\/wp-json\/wp\/v2\/pages\/33446#wpcf7-f33445-o1\" method=\"post\" class=\"wpcf7-form init\" aria-label=\"Contact form\" novalidate=\"novalidate\" data-status=\"init\">\n<fieldset class=\"hidden-fields-container\"><input type=\"hidden\" name=\"_wpcf7\" value=\"33445\" \/><input type=\"hidden\" name=\"_wpcf7_version\" value=\"6.1.5\" \/><input type=\"hidden\" name=\"_wpcf7_locale\" value=\"et\" \/><input type=\"hidden\" name=\"_wpcf7_unit_tag\" value=\"wpcf7-f33445-o1\" \/><input type=\"hidden\" name=\"_wpcf7_container_post\" value=\"0\" \/><input type=\"hidden\" name=\"_wpcf7_posted_data_hash\" value=\"\" \/><input type=\"hidden\" name=\"_wpcf7_recaptcha_response\" value=\"\" \/>\n<\/fieldset>\n<h2>Rikkumisest teavitamine<\/h2>\n<p class=\"top-notice\">T\u00e4rn (*) t\u00e4histab kohustuslikke v\u00e4lju. Vormil esitatud kohustuslikele punktidele\nvastamata j\u00e4tmine v\u00f5ib t\u00e4hendada, et Wolf Group ei suuda kaebust n\u00f5uetekohaselt\nuurida ja v\u00f5ib muuta teie kaebuse vastuv\u00f5etamatuks.<\/p>\n\n<span class=\"wpcf7-form-control-wrap\" data-name=\"your-firstname\"><input size=\"40\" maxlength=\"400\" class=\"wpcf7-form-control wpcf7-text wpcf7-validates-as-required\" aria-required=\"true\" aria-invalid=\"false\" placeholder=\"Eesnimi *\" value=\"\" type=\"text\" name=\"your-firstname\" \/><\/span>\n<span class=\"wpcf7-form-control-wrap\" data-name=\"your-lastname\"><input size=\"40\" maxlength=\"400\" class=\"wpcf7-form-control wpcf7-text\" aria-invalid=\"false\" placeholder=\"Perekonnanimi*\" value=\"\" type=\"text\" name=\"your-lastname\" \/><\/span>\n<span class=\"wpcf7-form-control-wrap\" data-name=\"your-email\"><input size=\"40\" maxlength=\"400\" class=\"wpcf7-form-control wpcf7-email wpcf7-validates-as-required wpcf7-text wpcf7-validates-as-email\" aria-required=\"true\" aria-invalid=\"false\" placeholder=\"E-posti aadress*\" value=\"\" type=\"email\" name=\"your-email\" \/><\/span>\n<span class=\"wpcf7-form-control-wrap\" data-name=\"your-phone\"><input size=\"40\" maxlength=\"400\" class=\"wpcf7-form-control wpcf7-tel wpcf7-validates-as-required wpcf7-text wpcf7-validates-as-tel\" aria-required=\"true\" aria-invalid=\"false\" placeholder=\"Telefoninumber (koos suunakoodiga)*\" value=\"\" type=\"tel\" name=\"your-phone\" \/><\/span>\n<span class=\"wpcf7-form-control-wrap\" data-name=\"your-organization\"><input size=\"40\" maxlength=\"400\" class=\"wpcf7-form-control wpcf7-text\" aria-invalid=\"false\" placeholder=\"Organisatsioon (kui tegutsete kliendi\/tarnija\/organisatsiooni vms nimel)\" value=\"\" type=\"text\" name=\"your-organization\" \/><\/span>\n<span class=\"wpcf7-form-control-wrap\" data-name=\"your-subject\"><select class=\"wpcf7-form-control wpcf7-select wpcf7-validates-as-required notSelected\" aria-required=\"true\" aria-invalid=\"false\" name=\"your-subject\"><option value=\"\">Kas teie kaebus on seotud m\u00f5nega neist ELi teemadest: *<\/option><option value=\"riigihanked\">riigihanked<\/option><option value=\"finantsteenused, -tooted ja -turud ning rahapesu ja terrorismi rahastamise t\u00f5kestamine\">finantsteenused, -tooted ja -turud ning rahapesu ja terrorismi rahastamise t\u00f5kestamine<\/option><option value=\"tooteohutus ja n\u00f5uetele vastavus\">tooteohutus ja n\u00f5uetele vastavus<\/option><option value=\"transpordiohutus\">transpordiohutus<\/option><option value=\"keskkonnakaitse\">keskkonnakaitse<\/option><option value=\"kiirguskaitse ja tuumaohutus\">kiirguskaitse ja tuumaohutus<\/option><option value=\"toiduainete ja s\u00f6\u00f6da ohutus, loomatervis ja loomade heaolu\">toiduainete ja s\u00f6\u00f6da ohutus, loomatervis ja loomade heaolu<\/option><option value=\"rahvatervis\">rahvatervis<\/option><option value=\"tarbijakaitse\">tarbijakaitse<\/option><option value=\"eraelu puutumatuse ja isikuandmete kaitse ning v\u00f5rgu- ja infos\u00fcsteemide turvalisus\">eraelu puutumatuse ja isikuandmete kaitse ning v\u00f5rgu- ja infos\u00fcsteemide turvalisus<\/option><option value=\"Liidu finantshuve kahjustavad rikkumised\">Liidu finantshuve kahjustavad rikkumised<\/option><option value=\"siseturuga seotud rikkumised, sh konkurentsi- ja riigiabi \u00f5igusnormide rikkumised, samuti siseturuga seotud tulumaksurikkumised ning rikkumised seoses kokkulepetega, mille eesm\u00e4rk on maksusoodustuste saamine\">siseturuga seotud rikkumised, sh konkurentsi- ja riigiabi \u00f5igusnormide rikkumised, samuti siseturuga seotud tulumaksurikkumised ning rikkumised seoses kokkulepetega, mille eesm\u00e4rk on maksusoodustuste saamine<\/option><option value=\"Muu\">Muu<\/option><\/select><\/span>\n<span class=\"wpcf7-form-control-wrap\" data-name=\"your-message\"><textarea cols=\"40\" rows=\"10\" maxlength=\"2000\" class=\"wpcf7-form-control wpcf7-textarea wpcf7-validates-as-required\" aria-required=\"true\" aria-invalid=\"false\" placeholder=\"Milles teie kaebus seisneb? Palun kirjeldage oma kaebust.*\" name=\"your-message\"><\/textarea><\/span>\n<span class=\"wpcf7-form-control-wrap\" data-name=\"your-complaint-about\"><input size=\"40\" maxlength=\"400\" class=\"wpcf7-form-control wpcf7-text wpcf7-validates-as-required\" aria-required=\"true\" aria-invalid=\"false\" placeholder=\"Millise Wolf Groupi ettev\u00f5tte kohta teie kaebus on?*\" value=\"\" type=\"text\" name=\"your-complaint-about\" \/><\/span>\n<span class=\"wpcf7-form-control-wrap\" data-name=\"your-complaint-where\"><input size=\"40\" maxlength=\"400\" class=\"wpcf7-form-control wpcf7-text wpcf7-validates-as-required\" aria-required=\"true\" aria-invalid=\"false\" placeholder=\"Kus see juhtus?*\" value=\"\" type=\"text\" name=\"your-complaint-where\" \/><\/span>\n<span class=\"wpcf7-form-control-wrap\" data-name=\"your-complaint-when\"><input size=\"40\" maxlength=\"400\" class=\"wpcf7-form-control wpcf7-text wpcf7-validates-as-required\" aria-required=\"true\" aria-invalid=\"false\" placeholder=\"Millal see juhtus?*\" value=\"\" type=\"text\" name=\"your-complaint-when\" \/><\/span>\n\n<p class=\"field-notice\">Pange t\u00e4hele, et Wolf Group ei uuri kaebusi, mis on seotud faktidega, millest saite\nteada rohkem kui 12 kuud tagasi.<\/p>\n\n<span class=\"wpcf7-form-control-wrap\" data-name=\"uploaded-files\"><input size=\"40\" class=\"wpcf7-form-control wpcf7-drag-n-drop-file d-none\" aria-invalid=\"false\" type=\"file\" multiple=\"multiple\" data-name=\"uploaded-files\" data-type=\"pdf|doc|docx|odt|ppt|pptx|odp|xls|xlsx|ods\" data-limit=\"3145728\" data-id=\"33445\" data-version=\"free version 1.3.9.6\" accept=\".pdf, .doc, .docx, .odt, .ppt, .pptx, .odp, .xls, .xlsx, .ods\" \/><\/span>\n\n<p class=\"field-notice\">Esitage ainult selliseid dokumente v\u00f5i teavet, mis on vajalikud kaebuse m\u00f5istmiseks.<span class=\"d-block\">Maksimaalne faili suurus on 3 MB faili kohta. Lubatud t\u00fc\u00fcbid: pdf, doc, docx, odt,\nppt, pptx, odp, xls, xlsx, ods.<\/span><\/p>\n\n<span class=\"wpcf7-form-control-wrap\" data-name=\"your-steps\"><textarea cols=\"40\" rows=\"10\" maxlength=\"2000\" class=\"wpcf7-form-control wpcf7-textarea wpcf7-validates-as-required\" aria-required=\"true\" aria-invalid=\"false\" placeholder=\"Milliseid samme olete selle k\u00fcsimuse lahendamiseks astunud?*\" name=\"your-steps\"><\/textarea><\/span>\n<span class=\"wpcf7-form-control-wrap\" data-name=\"your-complaint-contacted\"><textarea cols=\"40\" rows=\"10\" maxlength=\"2000\" class=\"wpcf7-form-control wpcf7-textarea wpcf7-validates-as-required\" aria-required=\"true\" aria-invalid=\"false\" placeholder=\"Millise organisatsiooni, ameti v\u00f5i asutusega olete v\u00e4idetava \n rikkumisega seoses \u00fchendust v\u00f5tnud?*\" name=\"your-complaint-contacted\"><\/textarea><\/span>\n\n<span class=\"wpcf7-form-control-wrap\" data-name=\"your-consent-true\"><span class=\"wpcf7-form-control wpcf7-acceptance\"><span class=\"wpcf7-list-item\"><label><input type=\"checkbox\" name=\"your-consent-true\" value=\"1\" aria-invalid=\"false\" \/><span class=\"wpcf7-list-item-label\">K\u00e4esolevaga kinnitan, et mulle teadaolevalt on k\u00e4esolevas dokumendis sisalduv\nteave t\u00f5ene ja teave edastatakse vabatahtlikult<\/span><\/label><\/span><\/span><\/span>\n\n<span class=\"wpcf7-form-control-wrap\" data-name=\"your-consent-privacy\"><span class=\"wpcf7-form-control wpcf7-acceptance\"><span class=\"wpcf7-list-item\"><label><input type=\"checkbox\" name=\"your-consent-privacy\" value=\"1\" aria-invalid=\"false\" \/><span class=\"wpcf7-list-item-label\">Olen n\u00f5us Wolf Group <a href=\"https:\/\/wolfgroup.rktv.ee\/et\/privaatsussatted\/\" target=\"_blank\" rel=\"noopener noreferrer\">isikuandmete kaitse teatisega<\/a><\/span><\/label><\/span><\/span><\/span>\n\n<span class=\"wpcf7-form-control-wrap\" data-name=\"your-consent-usage\"><span class=\"wpcf7-form-control wpcf7-acceptance\"><span class=\"wpcf7-list-item\"><label><input type=\"checkbox\" name=\"your-consent-usage\" value=\"1\" aria-invalid=\"false\" \/><span class=\"wpcf7-list-item-label\">Ma m\u00f5istan ja tunnistan, et siin esitatud teavet kasutatakse kogu uurimis- ja\naruandlusprotsessi jooksul<\/span><\/label><\/span><\/span><\/span>\n\n<div class=\"notice\">\n<h3>Konfidentsiaalne k\u00e4sitlemine<\/h3>\n<p>Wolf Group k\u00e4sitleb k\u00f5iki kaebusi konfidentsiaalselt. Teie kaebuse uurimine v\u00f5ib siiski\nn\u00f5uda teie isiku avalikustamist. Juhime t\u00e4helepanud, et teie kaebust v\u00f5idakse\nvajaduse korral edastada v\u00e4ljaspool Wolf Groupi olevale p\u00e4devale asutusele.<\/p>\n<\/div>\n<input class=\"wpcf7-form-control wpcf7-submit has-spinner btn\" type=\"submit\" value=\"Saada\" \/><div class=\"wpcf7-response-output\" aria-hidden=\"true\"><\/div>\n<\/form>\n<\/div>\n    <\/div>\n<\/section>","protected":false},"excerpt":{"rendered":"","protected":false},"author":12,"featured_media":0,"parent":0,"menu_order":0,"comment_status":"closed","ping_status":"closed","template":"","meta":{"_acf_changed":false,"footnotes":""},"class_list":["post-33446","page","type-page","status-publish","hentry"],"acf":[],"yoast_head":"<!-- This site is optimized with the Yoast SEO plugin v27.3 - https:\/\/yoast.com\/product\/yoast-seo-wordpress\/ -->\n<title>Teavitusvorm - Wolf Group Estonia<\/title>\n<meta name=\"robots\" content=\"index, follow, max-snippet:-1, max-image-preview:large, max-video-preview:-1\" \/>\n<link rel=\"canonical\" href=\"https:\/\/wolfgroup.rktv.ee\/et\/teavitusvorm\/\" \/>\n<meta property=\"og:locale\" content=\"et_EE\" \/>\n<meta property=\"og:type\" content=\"article\" \/>\n<meta property=\"og:title\" content=\"Teavitusvorm - Wolf Group Estonia\" \/>\n<meta property=\"og:url\" content=\"https:\/\/wolfgroup.rktv.ee\/et\/teavitusvorm\/\" \/>\n<meta property=\"og:site_name\" content=\"Wolf Group Estonia\" \/>\n<meta property=\"article:modified_time\" content=\"2025-01-28T09:41:31+00:00\" \/>\n<meta name=\"twitter:card\" content=\"summary_large_image\" \/>\n<script type=\"application\/ld+json\" class=\"yoast-schema-graph\">{\"@context\":\"https:\\\/\\\/schema.org\",\"@graph\":[{\"@type\":\"WebPage\",\"@id\":\"https:\\\/\\\/wolfgroup.rktv.ee\\\/et\\\/teavitusvorm\\\/\",\"url\":\"https:\\\/\\\/wolfgroup.rktv.ee\\\/et\\\/teavitusvorm\\\/\",\"name\":\"Teavitusvorm - Wolf Group Estonia\",\"isPartOf\":{\"@id\":\"https:\\\/\\\/wolfgroup.rktv.ee\\\/et\\\/#website\"},\"datePublished\":\"2025-01-24T08:14:38+00:00\",\"dateModified\":\"2025-01-28T09:41:31+00:00\",\"breadcrumb\":{\"@id\":\"https:\\\/\\\/wolfgroup.rktv.ee\\\/et\\\/teavitusvorm\\\/#breadcrumb\"},\"inLanguage\":\"et\",\"potentialAction\":[{\"@type\":\"ReadAction\",\"target\":[\"https:\\\/\\\/wolfgroup.rktv.ee\\\/et\\\/teavitusvorm\\\/\"]}]},{\"@type\":\"BreadcrumbList\",\"@id\":\"https:\\\/\\\/wolfgroup.rktv.ee\\\/et\\\/teavitusvorm\\\/#breadcrumb\",\"itemListElement\":[{\"@type\":\"ListItem\",\"position\":1,\"name\":\"Avaleht\",\"item\":\"https:\\\/\\\/wolfgroup.rktv.ee\\\/et\\\/\"},{\"@type\":\"ListItem\",\"position\":2,\"name\":\"Teavitusvorm\"}]},{\"@type\":\"WebSite\",\"@id\":\"https:\\\/\\\/wolfgroup.rktv.ee\\\/et\\\/#website\",\"url\":\"https:\\\/\\\/wolfgroup.rktv.ee\\\/et\\\/\",\"name\":\"Wolf Group Estonia\",\"description\":\"construction chemistry products and solutions manufacturer\",\"publisher\":{\"@id\":\"https:\\\/\\\/wolfgroup.rktv.ee\\\/et\\\/#organization\"},\"potentialAction\":[{\"@type\":\"SearchAction\",\"target\":{\"@type\":\"EntryPoint\",\"urlTemplate\":\"https:\\\/\\\/wolfgroup.rktv.ee\\\/et\\\/?s={search_term_string}\"},\"query-input\":{\"@type\":\"PropertyValueSpecification\",\"valueRequired\":true,\"valueName\":\"search_term_string\"}}],\"inLanguage\":\"et\"},{\"@type\":\"Organization\",\"@id\":\"https:\\\/\\\/wolfgroup.rktv.ee\\\/et\\\/#organization\",\"name\":\"Wolf Group Estonia\",\"url\":\"https:\\\/\\\/wolfgroup.rktv.ee\\\/et\\\/\",\"logo\":{\"@type\":\"ImageObject\",\"inLanguage\":\"et\",\"@id\":\"https:\\\/\\\/wolfgroup.rktv.ee\\\/et\\\/#\\\/schema\\\/logo\\\/image\\\/\",\"url\":\"https:\\\/\\\/wolfgroup.rktv.ee\\\/et\\\/wp-content\\\/uploads\\\/sites\\\/2\\\/2022\\\/04\\\/wolfgroup-logo.svg\",\"contentUrl\":\"https:\\\/\\\/wolfgroup.rktv.ee\\\/et\\\/wp-content\\\/uploads\\\/sites\\\/2\\\/2022\\\/04\\\/wolfgroup-logo.svg\",\"width\":155,\"height\":46,\"caption\":\"Wolf Group Estonia\"},\"image\":{\"@id\":\"https:\\\/\\\/wolfgroup.rktv.ee\\\/et\\\/#\\\/schema\\\/logo\\\/image\\\/\"},\"legalName\":\"Wolf Group AS\",\"foundingDate\":\"1993\",\"numberOfEmployees\":{\"@type\":\"QuantitativeValue\",\"value\":900},\"knowsAbout\":[\"construction chemicals\",\"adhesives\",\"sealants\",\"thermal insulation\",\"waterproofing\"],\"contactPoint\":{\"@type\":\"ContactPoint\",\"contactType\":\"sales\",\"areaServed\":\"EE\",\"availableLanguage\":\"et\"}}]}<\/script>\n<!-- \/ Yoast SEO plugin. -->","yoast_head_json":{"title":"Teavitusvorm - Wolf Group Estonia","robots":{"index":"index","follow":"follow","max-snippet":"max-snippet:-1","max-image-preview":"max-image-preview:large","max-video-preview":"max-video-preview:-1"},"canonical":"https:\/\/wolfgroup.rktv.ee\/et\/teavitusvorm\/","og_locale":"et_EE","og_type":"article","og_title":"Teavitusvorm - Wolf Group Estonia","og_url":"https:\/\/wolfgroup.rktv.ee\/et\/teavitusvorm\/","og_site_name":"Wolf Group Estonia","article_modified_time":"2025-01-28T09:41:31+00:00","twitter_card":"summary_large_image","schema":{"@context":"https:\/\/schema.org","@graph":[{"@type":"WebPage","@id":"https:\/\/wolfgroup.rktv.ee\/et\/teavitusvorm\/","url":"https:\/\/wolfgroup.rktv.ee\/et\/teavitusvorm\/","name":"Teavitusvorm - Wolf Group Estonia","isPartOf":{"@id":"https:\/\/wolfgroup.rktv.ee\/et\/#website"},"datePublished":"2025-01-24T08:14:38+00:00","dateModified":"2025-01-28T09:41:31+00:00","breadcrumb":{"@id":"https:\/\/wolfgroup.rktv.ee\/et\/teavitusvorm\/#breadcrumb"},"inLanguage":"et","potentialAction":[{"@type":"ReadAction","target":["https:\/\/wolfgroup.rktv.ee\/et\/teavitusvorm\/"]}]},{"@type":"BreadcrumbList","@id":"https:\/\/wolfgroup.rktv.ee\/et\/teavitusvorm\/#breadcrumb","itemListElement":[{"@type":"ListItem","position":1,"name":"Avaleht","item":"https:\/\/wolfgroup.rktv.ee\/et\/"},{"@type":"ListItem","position":2,"name":"Teavitusvorm"}]},{"@type":"WebSite","@id":"https:\/\/wolfgroup.rktv.ee\/et\/#website","url":"https:\/\/wolfgroup.rktv.ee\/et\/","name":"Wolf Group Estonia","description":"construction chemistry products and solutions manufacturer","publisher":{"@id":"https:\/\/wolfgroup.rktv.ee\/et\/#organization"},"potentialAction":[{"@type":"SearchAction","target":{"@type":"EntryPoint","urlTemplate":"https:\/\/wolfgroup.rktv.ee\/et\/?s={search_term_string}"},"query-input":{"@type":"PropertyValueSpecification","valueRequired":true,"valueName":"search_term_string"}}],"inLanguage":"et"},{"@type":"Organization","@id":"https:\/\/wolfgroup.rktv.ee\/et\/#organization","name":"Wolf Group Estonia","url":"https:\/\/wolfgroup.rktv.ee\/et\/","logo":{"@type":"ImageObject","inLanguage":"et","@id":"https:\/\/wolfgroup.rktv.ee\/et\/#\/schema\/logo\/image\/","url":"https:\/\/wolfgroup.rktv.ee\/et\/wp-content\/uploads\/sites\/2\/2022\/04\/wolfgroup-logo.svg","contentUrl":"https:\/\/wolfgroup.rktv.ee\/et\/wp-content\/uploads\/sites\/2\/2022\/04\/wolfgroup-logo.svg","width":155,"height":46,"caption":"Wolf Group Estonia"},"image":{"@id":"https:\/\/wolfgroup.rktv.ee\/et\/#\/schema\/logo\/image\/"},"legalName":"Wolf Group AS","foundingDate":"1993","numberOfEmployees":{"@type":"QuantitativeValue","value":900},"knowsAbout":["construction chemicals","adhesives","sealants","thermal insulation","waterproofing"],"contactPoint":{"@type":"ContactPoint","contactType":"sales","areaServed":"EE","availableLanguage":"et"}}]}},"_links":{"self":[{"href":"https:\/\/wolfgroup.rktv.ee\/et\/wp-json\/wp\/v2\/pages\/33446","targetHints":{"allow":["GET"]}}],"collection":[{"href":"https:\/\/wolfgroup.rktv.ee\/et\/wp-json\/wp\/v2\/pages"}],"about":[{"href":"https:\/\/wolfgroup.rktv.ee\/et\/wp-json\/wp\/v2\/types\/page"}],"author":[{"embeddable":true,"href":"https:\/\/wolfgroup.rktv.ee\/et\/wp-json\/wp\/v2\/users\/12"}],"replies":[{"embeddable":true,"href":"https:\/\/wolfgroup.rktv.ee\/et\/wp-json\/wp\/v2\/comments?post=33446"}],"version-history":[{"count":5,"href":"https:\/\/wolfgroup.rktv.ee\/et\/wp-json\/wp\/v2\/pages\/33446\/revisions"}],"predecessor-version":[{"id":33454,"href":"https:\/\/wolfgroup.rktv.ee\/et\/wp-json\/wp\/v2\/pages\/33446\/revisions\/33454"}],"wp:attachment":[{"href":"https:\/\/wolfgroup.rktv.ee\/et\/wp-json\/wp\/v2\/media?parent=33446"}],"curies":[{"name":"wp","href":"https:\/\/api.w.org\/{rel}","templated":true}]}}