{"id":29377,"date":"2022-07-08T10:27:57","date_gmt":"2022-07-08T07:27:57","guid":{"rendered":"https:\/\/wolfgroup.rktv.ee\/lt\/construction-articles\/"},"modified":"2024-03-08T16:21:04","modified_gmt":"2024-03-08T13:21:04","slug":"straipsniai-apie-statybas","status":"publish","type":"page","link":"https:\/\/wolfgroup.rktv.ee\/lt\/straipsniai-apie-statybas\/","title":{"rendered":"Straipsniai apie statybas"},"content":{"rendered":"\n    <section id=\"construction-articles-block_cecdd7432111d99a0746c19271ab1aa8\" class=\"construction-articles-block\" data-hash=\"construction-articles-block_cecdd7432111d99a0746c19271ab1aa8\" aria-label=\"Construction articles\">\n        <div class=\"container\">\n            \n            <div class=\"row\">\n                                    \n                    <div class=\"col col-lg-4 col-sm-6 col-12\">\n                        <a class=\"item_wrap d-block\" href=\"https:\/\/wolfgroup.rktv.ee\/lt\/2026\/01\/07\/ka-akriliniai-hermetikai-gali-ar-galetu-daryti\/\" aria-label=\"K\u0105 akriliniai hermetikai gali - ar gal\u0117t\u0173 daryti?\">\n                            <div class=\"image_wrapper\">\n                                <div class=\"featured_img bg-center\" style=\"background-image: url(https:\/\/wolfgroup.rktv.ee\/lt\/wp-content\/uploads\/sites\/12\/2026\/01\/WG-LT-2121x1414px-scaled.jpg);\" role=\"img\" aria-label=\"K\u0105 akriliniai hermetikai gali - ar gal\u0117t\u0173 daryti?\"><\/div>\n                            <\/div>\n                            <h3>K\u0105 akriliniai hermetikai gali &#8211; ar gal\u0117t\u0173 daryti?<\/h3>\n                        <\/a>\n                    <\/div>\n                                    \n                    <div class=\"col col-lg-4 col-sm-6 col-12\">\n                        <a class=\"item_wrap d-block\" href=\"https:\/\/wolfgroup.rktv.ee\/lt\/2025\/08\/11\/kas-yra-lakieji-organiniai-junginiai\/\" aria-label=\"Kas yra lakieji organiniai junginiai?\">\n                            <div class=\"image_wrapper\">\n                                <div class=\"featured_img bg-center\" style=\"background-image: url(https:\/\/wolfgroup.rktv.ee\/lt\/wp-content\/uploads\/sites\/12\/2025\/10\/Bitmap-1-1.webp);\" role=\"img\" aria-label=\"Kas yra lakieji organiniai junginiai?\"><\/div>\n                            <\/div>\n                            <h3>Kas yra lakieji organiniai junginiai?<\/h3>\n                        <\/a>\n                    <\/div>\n                                    \n                    <div class=\"col col-lg-4 col-sm-6 col-12\">\n                        <a class=\"item_wrap d-block\" href=\"https:\/\/wolfgroup.rktv.ee\/lt\/2025\/04\/28\/kaip-suprasti-informacija-parasyta-ce-zenkle\/\" aria-label=\"Kaip suprasti informacij\u0105, para\u0161yt\u0105 CE \u017eenkle?\">\n                            <div class=\"image_wrapper\">\n                                <div class=\"featured_img bg-center\" style=\"background-image: url(https:\/\/wolfgroup.rktv.ee\/lt\/wp-content\/uploads\/sites\/12\/2025\/07\/E94A8223-Edit-scaled.jpg);\" role=\"img\" aria-label=\"Kaip suprasti informacij\u0105, para\u0161yt\u0105 CE \u017eenkle?\"><\/div>\n                            <\/div>\n                            <h3>Kaip suprasti informacij\u0105, para\u0161yt\u0105 CE \u017eenkle?<\/h3>\n                        <\/a>\n                    <\/div>\n                                    \n                    <div class=\"col col-lg-4 col-sm-6 col-12\">\n                        <a class=\"item_wrap d-block\" href=\"https:\/\/wolfgroup.rktv.ee\/lt\/2024\/10\/22\/viskas-ka-turetumete-zinoti-apie-mazai-monomeru-ir-no-mdi-pu-putas\/\" aria-label=\"Viskas, k\u0105 tur\u0117tum\u0117te \u017einoti apie ma\u017eai monomer\u0173 ir No-MDI PU putas\">\n                            <div class=\"image_wrapper\">\n                                <div class=\"featured_img bg-center\" style=\"background-image: url(https:\/\/wolfgroup.rktv.ee\/lt\/wp-content\/uploads\/sites\/12\/2024\/11\/Low-monomer-gunfoam-.jpg);\" role=\"img\" aria-label=\"Viskas, k\u0105 tur\u0117tum\u0117te \u017einoti apie ma\u017eai monomer\u0173 ir No-MDI PU putas\"><\/div>\n                            <\/div>\n                            <h3>Viskas, k\u0105 tur\u0117tum\u0117te \u017einoti apie ma\u017eai monomer\u0173 ir No-MDI PU putas<\/h3>\n                        <\/a>\n                    <\/div>\n                                    \n                    <div class=\"col col-lg-4 col-sm-6 col-12\">\n                        <a class=\"item_wrap d-block\" href=\"https:\/\/wolfgroup.rktv.ee\/lt\/2022\/07\/05\/pazadinimas-statybu-verslui-precedento-neturintys-laikai-reikalauja-novatorisku-sprendimu\/\" aria-label=\"Pa\u017eadinimas statyb\u0173 verslui \u2013 precedento neturintys laikai reikalauja novatori\u0161k\u0173 sprendim\u0173\">\n                            <div class=\"image_wrapper\">\n                                <div class=\"featured_img bg-center\" style=\"background-image: url(https:\/\/wolfgroup.rktv.ee\/lt\/wp-content\/uploads\/sites\/12\/2022\/07\/iStock-1181472050.jpg);\" role=\"img\" aria-label=\"Pa\u017eadinimas statyb\u0173 verslui \u2013 precedento neturintys laikai reikalauja novatori\u0161k\u0173 sprendim\u0173\"><\/div>\n                            <\/div>\n                            <h3>Pa\u017eadinimas statyb\u0173 verslui \u2013 precedento neturintys laikai reikalauja novatori\u0161k\u0173 sprendim\u0173<\/h3>\n                        <\/a>\n                    <\/div>\n                                    \n                    <div class=\"col col-lg-4 col-sm-6 col-12\">\n                        <a class=\"item_wrap d-block\" href=\"https:\/\/wolfgroup.rktv.ee\/lt\/2022\/05\/12\/silikonas-tikras-sajungininkas-architekturos-evoliucijoje\/\" aria-label=\"Silikonas: tikras s\u0105jungininkas architekt\u016bros evoliucijoje\">\n                            <div class=\"image_wrapper\">\n                                <div class=\"featured_img bg-center\" style=\"background-image: url(https:\/\/wolfgroup.rktv.ee\/lt\/wp-content\/uploads\/sites\/12\/2022\/05\/Terminal-1-of-the-Barcelona-El-Prat-Airport-in-Catalonia-Spain-scaled.jpg);\" role=\"img\" aria-label=\"Silikonas: tikras s\u0105jungininkas architekt\u016bros evoliucijoje\"><\/div>\n                            <\/div>\n                            <h3>Silikonas: tikras s\u0105jungininkas architekt\u016bros evoliucijoje<\/h3>\n                        <\/a>\n                    <\/div>\n                                    \n                    <div class=\"col col-lg-4 col-sm-6 col-12\">\n                        <a class=\"item_wrap d-block\" href=\"https:\/\/wolfgroup.rktv.ee\/lt\/2021\/10\/19\/wolf-group-sumaniai-verziasi-i-milijonines-eksporto-rinkas\/\" aria-label=\"Wolf Group sumaniai ver\u017eiasi \u012f milijonines eksporto rinkas\">\n                            <div class=\"image_wrapper\">\n                                <div class=\"featured_img bg-center\" style=\"background-image: url(https:\/\/wolfgroup.rktv.ee\/lt\/wp-content\/uploads\/sites\/12\/2022\/05\/IMG_5914-scaled-e1634817575729.jpg);\" role=\"img\" aria-label=\"Wolf Group sumaniai ver\u017eiasi \u012f milijonines eksporto rinkas\"><\/div>\n                            <\/div>\n                            <h3>Wolf Group sumaniai ver\u017eiasi \u012f milijonines eksporto rinkas<\/h3>\n                        <\/a>\n                    <\/div>\n                                    \n                    <div class=\"col col-lg-4 col-sm-6 col-12\">\n                        <a class=\"item_wrap d-block\" href=\"https:\/\/wolfgroup.rktv.ee\/lt\/2021\/06\/16\/penosil-15-metu\/\" aria-label=\"PENOSIL \u2013 15 met\u0173 kaip statybin\u0117s chemijos flagmanas\">\n                            <div class=\"image_wrapper\">\n                                <div class=\"featured_img bg-center\" style=\"background-image: url(https:\/\/wolfgroup.rktv.ee\/lt\/wp-content\/uploads\/sites\/12\/2022\/04\/Penosil-15-cover-816x457-1.jpg);\" role=\"img\" aria-label=\"PENOSIL \u2013 15 met\u0173 kaip statybin\u0117s chemijos flagmanas\"><\/div>\n                            <\/div>\n                            <h3>PENOSIL \u2013 15 met\u0173 kaip statybin\u0117s chemijos flagmanas<\/h3>\n                        <\/a>\n                    <\/div>\n                                    \n                    <div class=\"col col-lg-4 col-sm-6 col-12\">\n                        <a class=\"item_wrap d-block\" href=\"https:\/\/wolfgroup.rktv.ee\/lt\/2021\/04\/05\/wolf-group-kliju-akademija\/\" aria-label=\"Wolf Group klij\u0173 akademija\">\n                            <div class=\"image_wrapper\">\n                                <div class=\"featured_img bg-center\" style=\"background-image: url(https:\/\/wolfgroup.rktv.ee\/lt\/wp-content\/uploads\/sites\/12\/2022\/05\/Liimideartikkel.png);\" role=\"img\" aria-label=\"Wolf Group klij\u0173 akademija\"><\/div>\n                            <\/div>\n                            <h3>Wolf Group klij\u0173 akademija<\/h3>\n                        <\/a>\n                    <\/div>\n                                    \n                    <div class=\"col col-lg-4 col-sm-6 col-12\">\n                        <a class=\"item_wrap d-block\" href=\"https:\/\/wolfgroup.rktv.ee\/lt\/2021\/01\/26\/i-ka-reikia-atsizvelgti-naudojant-ziemines-putas\/\" aria-label=\"\u012e k\u0105 reikia atsi\u017evelgti naudojant \u017eiemines putas\">\n                            <div class=\"image_wrapper\">\n                                <div class=\"featured_img bg-center\" style=\"background-image: url(https:\/\/wolfgroup.rktv.ee\/lt\/wp-content\/uploads\/sites\/12\/2022\/05\/Sraw_winterfoam_PL.png);\" role=\"img\" aria-label=\"\u012e k\u0105 reikia atsi\u017evelgti naudojant \u017eiemines putas\"><\/div>\n                            <\/div>\n                            <h3>\u012e k\u0105 reikia atsi\u017evelgti naudojant \u017eiemines putas<\/h3>\n                        <\/a>\n                    <\/div>\n                                    \n                    <div class=\"col col-lg-4 col-sm-6 col-12\">\n                        <a class=\"item_wrap d-block\" href=\"https:\/\/wolfgroup.rktv.ee\/lt\/2021\/01\/15\/bukite-labiau-informuoti-apie-naudojamus-produktus\/\" aria-label=\"B\u016bkite labiau informuoti apie naudojamus produktus\">\n                            <div class=\"image_wrapper\">\n                                <div class=\"featured_img bg-center\" style=\"background-image: url(https:\/\/wolfgroup.rktv.ee\/lt\/wp-content\/uploads\/sites\/12\/2022\/05\/artikkel.png);\" role=\"img\" aria-label=\"B\u016bkite labiau informuoti apie naudojamus produktus\"><\/div>\n                            <\/div>\n                            <h3>B\u016bkite labiau informuoti apie naudojamus produktus<\/h3>\n                        <\/a>\n                    <\/div>\n                                    \n                    <div class=\"col col-lg-4 col-sm-6 col-12\">\n                        <a class=\"item_wrap d-block\" href=\"https:\/\/wolfgroup.rktv.ee\/lt\/2020\/09\/03\/sprendimas-pasiekiamas-ranka\/\" aria-label=\"Wolf Group \u2013 sprendimas pasiekiamas ranka\">\n                            <div class=\"image_wrapper\">\n                                <div class=\"featured_img bg-center\" style=\"background-image: url(https:\/\/wolfgroup.rktv.ee\/lt\/wp-content\/uploads\/sites\/12\/2022\/05\/Laboratory-scaled-1.jpg);\" role=\"img\" aria-label=\"Wolf Group \u2013 sprendimas pasiekiamas ranka\"><\/div>\n                            <\/div>\n                            <h3>Wolf Group \u2013 sprendimas pasiekiamas ranka<\/h3>\n                        <\/a>\n                    <\/div>\n                                    \n                    <div class=\"col col-lg-4 col-sm-6 col-12\">\n                        <a class=\"item_wrap d-block\" href=\"https:\/\/wolfgroup.rktv.ee\/lt\/2020\/08\/05\/poliuretano-putos-statybu-priesakyje\/\" aria-label=\"Poliuretano putos statyb\u0173 prie\u0161akyje\">\n                            <div class=\"image_wrapper\">\n                                <div class=\"featured_img bg-center\" style=\"background-image: url(https:\/\/wolfgroup.rktv.ee\/lt\/wp-content\/uploads\/sites\/12\/2022\/05\/windowdoorvaht-scaled-1.jpg);\" role=\"img\" aria-label=\"Poliuretano putos statyb\u0173 prie\u0161akyje\"><\/div>\n                            <\/div>\n                            <h3>Poliuretano putos statyb\u0173 prie\u0161akyje<\/h3>\n                        <\/a>\n                    <\/div>\n                                    \n                    <div class=\"col col-lg-4 col-sm-6 col-12\">\n                        <a class=\"item_wrap d-block\" href=\"https:\/\/wolfgroup.rktv.ee\/lt\/2020\/05\/18\/krimelte-pradejo-dezinfekavimo-priemoniu-gamyba\/\" aria-label=\"Krimelte prad\u0117jo dezinfekavimo priemoni\u0173 gamyb\u0105\">\n                            <div class=\"image_wrapper\">\n                                <div class=\"featured_img bg-center\" style=\"background-image: url(https:\/\/wolfgroup.rktv.ee\/lt\/wp-content\/uploads\/sites\/12\/2022\/05\/Penosil_Care_perepilt_web_4.png);\" role=\"img\" aria-label=\"Krimelte prad\u0117jo dezinfekavimo priemoni\u0173 gamyb\u0105\"><\/div>\n                            <\/div>\n                            <h3>Krimelte prad\u0117jo dezinfekavimo priemoni\u0173 gamyb\u0105<\/h3>\n                        <\/a>\n                    <\/div>\n                                    \n                    <div class=\"col col-lg-4 col-sm-6 col-12\">\n                        <a class=\"item_wrap d-block\" href=\"https:\/\/wolfgroup.rktv.ee\/lt\/2020\/02\/26\/dazyti-ar-nedazyti-stai-kur-klausimas\/\" aria-label=\"Da\u017eyti ar neda\u017eyti \u2013 \u0161tai kur klausimas\">\n                            <div class=\"image_wrapper\">\n                                <div class=\"featured_img bg-center\" style=\"background-image: url(https:\/\/wolfgroup.rktv.ee\/lt\/wp-content\/uploads\/sites\/12\/2022\/05\/piltveebiuudis.jpeg);\" role=\"img\" aria-label=\"Da\u017eyti ar neda\u017eyti \u2013 \u0161tai kur klausimas\"><\/div>\n                            <\/div>\n                            <h3>Da\u017eyti ar neda\u017eyti \u2013 \u0161tai kur klausimas<\/h3>\n                        <\/a>\n                    <\/div>\n                                    \n                    <div class=\"col col-lg-4 col-sm-6 col-12\">\n                        <a class=\"item_wrap d-block\" href=\"https:\/\/wolfgroup.rktv.ee\/lt\/2019\/12\/03\/pirmosios-europoje-mazai-izociano-turincios-purskiamos-putos\/\" aria-label=\"Pirmosios Europoje ma\u017eai izociano turin\u010dios pur\u0161kiamos putos\">\n                            <div class=\"image_wrapper\">\n                                <div class=\"featured_img bg-center\" style=\"background-image: url(https:\/\/wolfgroup.rktv.ee\/lt\/wp-content\/uploads\/sites\/12\/2022\/05\/Est_tootlus_est.png);\" role=\"img\" aria-label=\"Pirmosios Europoje ma\u017eai izociano turin\u010dios pur\u0161kiamos putos\"><\/div>\n                            <\/div>\n                            <h3>Pirmosios Europoje ma\u017eai izociano turin\u010dios pur\u0161kiamos putos<\/h3>\n                        <\/a>\n                    <\/div>\n                                    \n                    <div class=\"col col-lg-4 col-sm-6 col-12\">\n                        <a class=\"item_wrap d-block\" href=\"https:\/\/wolfgroup.rktv.ee\/lt\/2019\/07\/15\/neutraliu-ir-rugstiniu-silikonu-palyginimas\/\" aria-label=\"Neutrali\u0173 ir r\u016bg\u0161tini\u0173 silikon\u0173 palyginimas\">\n                            <div class=\"image_wrapper\">\n                                <div class=\"featured_img bg-center\" style=\"background-image: url(https:\/\/wolfgroup.rktv.ee\/lt\/wp-content\/uploads\/sites\/12\/2022\/05\/PILTENG.jpg);\" role=\"img\" aria-label=\"Neutrali\u0173 ir r\u016bg\u0161tini\u0173 silikon\u0173 palyginimas\"><\/div>\n                            <\/div>\n                            <h3>Neutrali\u0173 ir r\u016bg\u0161tini\u0173 silikon\u0173 palyginimas<\/h3>\n                        <\/a>\n                    <\/div>\n                                    \n                    <div class=\"col col-lg-4 col-sm-6 col-12\">\n                        <a class=\"item_wrap d-block\" href=\"https:\/\/wolfgroup.rktv.ee\/lt\/2019\/02\/08\/energija-taupantis-pastatas-pasiekiamas-naudojant-energija-taupancias-medziagas\/\" aria-label=\"Energij\u0105 taupantis pastatas pasiekiamas naudojant energij\u0105 taupan\u010dias med\u017eiagas\">\n                            <div class=\"image_wrapper\">\n                                <div class=\"featured_img bg-center\" style=\"background-image: url(https:\/\/wolfgroup.rktv.ee\/lt\/wp-content\/uploads\/sites\/12\/2022\/05\/termokaamera-scaled.jpg);\" role=\"img\" aria-label=\"Energij\u0105 taupantis pastatas pasiekiamas naudojant energij\u0105 taupan\u010dias med\u017eiagas\"><\/div>\n                            <\/div>\n                            <h3>Energij\u0105 taupantis pastatas pasiekiamas naudojant energij\u0105 taupan\u010dias med\u017eiagas<\/h3>\n                        <\/a>\n                    <\/div>\n                            <\/div>\n        <\/div>\n\n        \n                    <img decoding=\"async\" class=\"bg_elem no-lazy\" src=\"https:\/\/wolfgroup.rktv.ee\/lt\/wp-content\/themes\/wolfgroup\/images\/bg_elem.png\" width=\"2940\" height=\"2380\" alt=\"\" role=\"presentation\" \/>\n            <\/section>\n","protected":false},"excerpt":{"rendered":"","protected":false},"author":1,"featured_media":0,"parent":0,"menu_order":0,"comment_status":"closed","ping_status":"closed","template":"page-templates\/template-default-title.php","meta":{"_acf_changed":false,"footnotes":""},"class_list":["post-29377","page","type-page","status-publish","hentry"],"acf":[],"yoast_head":"<!-- This site is optimized with the Yoast SEO plugin v27.3 - https:\/\/yoast.com\/product\/yoast-seo-wordpress\/ -->\n<title>Straipsniai apie statybas - Wolf Group Lithuania<\/title>\n<meta name=\"robots\" content=\"index, follow, max-snippet:-1, max-image-preview:large, max-video-preview:-1\" \/>\n<link rel=\"canonical\" href=\"https:\/\/wolfgroup.rktv.ee\/lt\/straipsniai-apie-statybas\/\" \/>\n<meta property=\"og:locale\" content=\"lt_LT\" \/>\n<meta property=\"og:type\" content=\"article\" \/>\n<meta property=\"og:title\" content=\"Straipsniai apie statybas - Wolf Group Lithuania\" \/>\n<meta property=\"og:url\" content=\"https:\/\/wolfgroup.rktv.ee\/lt\/straipsniai-apie-statybas\/\" \/>\n<meta property=\"og:site_name\" content=\"Wolf Group Lithuania\" \/>\n<meta property=\"article:modified_time\" content=\"2024-03-08T13:21:04+00:00\" \/>\n<meta name=\"twitter:card\" content=\"summary_large_image\" \/>\n<script type=\"application\/ld+json\" class=\"yoast-schema-graph\">{\"@context\":\"https:\\\/\\\/schema.org\",\"@graph\":[{\"@type\":\"WebPage\",\"@id\":\"https:\\\/\\\/wolfgroup.rktv.ee\\\/lt\\\/straipsniai-apie-statybas\\\/\",\"url\":\"https:\\\/\\\/wolfgroup.rktv.ee\\\/lt\\\/straipsniai-apie-statybas\\\/\",\"name\":\"Straipsniai apie statybas - Wolf Group Lithuania\",\"isPartOf\":{\"@id\":\"https:\\\/\\\/wolfgroup.rktv.ee\\\/lt\\\/#website\"},\"datePublished\":\"2022-07-08T07:27:57+00:00\",\"dateModified\":\"2024-03-08T13:21:04+00:00\",\"breadcrumb\":{\"@id\":\"https:\\\/\\\/wolfgroup.rktv.ee\\\/lt\\\/straipsniai-apie-statybas\\\/#breadcrumb\"},\"inLanguage\":\"lt-LT\",\"potentialAction\":[{\"@type\":\"ReadAction\",\"target\":[\"https:\\\/\\\/wolfgroup.rktv.ee\\\/lt\\\/straipsniai-apie-statybas\\\/\"]}]},{\"@type\":\"BreadcrumbList\",\"@id\":\"https:\\\/\\\/wolfgroup.rktv.ee\\\/lt\\\/straipsniai-apie-statybas\\\/#breadcrumb\",\"itemListElement\":[{\"@type\":\"ListItem\",\"position\":1,\"name\":\"Home\",\"item\":\"https:\\\/\\\/wolfgroup.rktv.ee\\\/lt\\\/\"},{\"@type\":\"ListItem\",\"position\":2,\"name\":\"Straipsniai apie statybas\"}]},{\"@type\":\"WebSite\",\"@id\":\"https:\\\/\\\/wolfgroup.rktv.ee\\\/lt\\\/#website\",\"url\":\"https:\\\/\\\/wolfgroup.rktv.ee\\\/lt\\\/\",\"name\":\"Wolf Group Lithuania\",\"description\":\"construction chemistry products and solutions manufacturer\",\"publisher\":{\"@id\":\"https:\\\/\\\/wolfgroup.rktv.ee\\\/lt\\\/#organization\"},\"potentialAction\":[{\"@type\":\"SearchAction\",\"target\":{\"@type\":\"EntryPoint\",\"urlTemplate\":\"https:\\\/\\\/wolfgroup.rktv.ee\\\/lt\\\/?s={search_term_string}\"},\"query-input\":{\"@type\":\"PropertyValueSpecification\",\"valueRequired\":true,\"valueName\":\"search_term_string\"}}],\"inLanguage\":\"lt-LT\"},{\"@type\":\"Organization\",\"@id\":\"https:\\\/\\\/wolfgroup.rktv.ee\\\/lt\\\/#organization\",\"name\":\"Wolf Group\",\"url\":\"https:\\\/\\\/wolfgroup.rktv.ee\\\/lt\\\/\",\"logo\":{\"@type\":\"ImageObject\",\"inLanguage\":\"lt-LT\",\"@id\":\"https:\\\/\\\/wolfgroup.rktv.ee\\\/lt\\\/#\\\/schema\\\/logo\\\/image\\\/\",\"url\":\"https:\\\/\\\/wolfgroup.rktv.ee\\\/lt\\\/wp-content\\\/uploads\\\/sites\\\/12\\\/2022\\\/04\\\/wolfgroup-logo.svg\",\"contentUrl\":\"https:\\\/\\\/wolfgroup.rktv.ee\\\/lt\\\/wp-content\\\/uploads\\\/sites\\\/12\\\/2022\\\/04\\\/wolfgroup-logo.svg\",\"width\":155,\"height\":46,\"caption\":\"Wolf Group\"},\"image\":{\"@id\":\"https:\\\/\\\/wolfgroup.rktv.ee\\\/lt\\\/#\\\/schema\\\/logo\\\/image\\\/\"},\"legalName\":\"Wolf Group AS\",\"foundingDate\":\"1993\",\"numberOfEmployees\":{\"@type\":\"QuantitativeValue\",\"value\":900},\"knowsAbout\":[\"construction chemicals\",\"adhesives\",\"sealants\",\"thermal insulation\",\"waterproofing\"],\"contactPoint\":{\"@type\":\"ContactPoint\",\"contactType\":\"sales\",\"areaServed\":\"LT\",\"availableLanguage\":\"lt\"}}]}<\/script>\n<!-- \/ Yoast SEO plugin. -->","yoast_head_json":{"title":"Straipsniai apie statybas - Wolf Group Lithuania","robots":{"index":"index","follow":"follow","max-snippet":"max-snippet:-1","max-image-preview":"max-image-preview:large","max-video-preview":"max-video-preview:-1"},"canonical":"https:\/\/wolfgroup.rktv.ee\/lt\/straipsniai-apie-statybas\/","og_locale":"lt_LT","og_type":"article","og_title":"Straipsniai apie statybas - Wolf Group Lithuania","og_url":"https:\/\/wolfgroup.rktv.ee\/lt\/straipsniai-apie-statybas\/","og_site_name":"Wolf Group Lithuania","article_modified_time":"2024-03-08T13:21:04+00:00","twitter_card":"summary_large_image","schema":{"@context":"https:\/\/schema.org","@graph":[{"@type":"WebPage","@id":"https:\/\/wolfgroup.rktv.ee\/lt\/straipsniai-apie-statybas\/","url":"https:\/\/wolfgroup.rktv.ee\/lt\/straipsniai-apie-statybas\/","name":"Straipsniai apie statybas - Wolf Group Lithuania","isPartOf":{"@id":"https:\/\/wolfgroup.rktv.ee\/lt\/#website"},"datePublished":"2022-07-08T07:27:57+00:00","dateModified":"2024-03-08T13:21:04+00:00","breadcrumb":{"@id":"https:\/\/wolfgroup.rktv.ee\/lt\/straipsniai-apie-statybas\/#breadcrumb"},"inLanguage":"lt-LT","potentialAction":[{"@type":"ReadAction","target":["https:\/\/wolfgroup.rktv.ee\/lt\/straipsniai-apie-statybas\/"]}]},{"@type":"BreadcrumbList","@id":"https:\/\/wolfgroup.rktv.ee\/lt\/straipsniai-apie-statybas\/#breadcrumb","itemListElement":[{"@type":"ListItem","position":1,"name":"Home","item":"https:\/\/wolfgroup.rktv.ee\/lt\/"},{"@type":"ListItem","position":2,"name":"Straipsniai apie statybas"}]},{"@type":"WebSite","@id":"https:\/\/wolfgroup.rktv.ee\/lt\/#website","url":"https:\/\/wolfgroup.rktv.ee\/lt\/","name":"Wolf Group Lithuania","description":"construction chemistry products and solutions manufacturer","publisher":{"@id":"https:\/\/wolfgroup.rktv.ee\/lt\/#organization"},"potentialAction":[{"@type":"SearchAction","target":{"@type":"EntryPoint","urlTemplate":"https:\/\/wolfgroup.rktv.ee\/lt\/?s={search_term_string}"},"query-input":{"@type":"PropertyValueSpecification","valueRequired":true,"valueName":"search_term_string"}}],"inLanguage":"lt-LT"},{"@type":"Organization","@id":"https:\/\/wolfgroup.rktv.ee\/lt\/#organization","name":"Wolf Group","url":"https:\/\/wolfgroup.rktv.ee\/lt\/","logo":{"@type":"ImageObject","inLanguage":"lt-LT","@id":"https:\/\/wolfgroup.rktv.ee\/lt\/#\/schema\/logo\/image\/","url":"https:\/\/wolfgroup.rktv.ee\/lt\/wp-content\/uploads\/sites\/12\/2022\/04\/wolfgroup-logo.svg","contentUrl":"https:\/\/wolfgroup.rktv.ee\/lt\/wp-content\/uploads\/sites\/12\/2022\/04\/wolfgroup-logo.svg","width":155,"height":46,"caption":"Wolf Group"},"image":{"@id":"https:\/\/wolfgroup.rktv.ee\/lt\/#\/schema\/logo\/image\/"},"legalName":"Wolf Group AS","foundingDate":"1993","numberOfEmployees":{"@type":"QuantitativeValue","value":900},"knowsAbout":["construction chemicals","adhesives","sealants","thermal insulation","waterproofing"],"contactPoint":{"@type":"ContactPoint","contactType":"sales","areaServed":"LT","availableLanguage":"lt"}}]}},"_links":{"self":[{"href":"https:\/\/wolfgroup.rktv.ee\/lt\/wp-json\/wp\/v2\/pages\/29377","targetHints":{"allow":["GET"]}}],"collection":[{"href":"https:\/\/wolfgroup.rktv.ee\/lt\/wp-json\/wp\/v2\/pages"}],"about":[{"href":"https:\/\/wolfgroup.rktv.ee\/lt\/wp-json\/wp\/v2\/types\/page"}],"author":[{"embeddable":true,"href":"https:\/\/wolfgroup.rktv.ee\/lt\/wp-json\/wp\/v2\/users\/1"}],"replies":[{"embeddable":true,"href":"https:\/\/wolfgroup.rktv.ee\/lt\/wp-json\/wp\/v2\/comments?post=29377"}],"version-history":[{"count":2,"href":"https:\/\/wolfgroup.rktv.ee\/lt\/wp-json\/wp\/v2\/pages\/29377\/revisions"}],"predecessor-version":[{"id":30840,"href":"https:\/\/wolfgroup.rktv.ee\/lt\/wp-json\/wp\/v2\/pages\/29377\/revisions\/30840"}],"wp:attachment":[{"href":"https:\/\/wolfgroup.rktv.ee\/lt\/wp-json\/wp\/v2\/media?parent=29377"}],"curies":[{"name":"wp","href":"https:\/\/api.w.org\/{rel}","templated":true}]}}