{"id":29385,"date":"2022-06-07T13:29:14","date_gmt":"2022-06-07T10:29:14","guid":{"rendered":"https:\/\/wolfgroup.rktv.ee\/lt\/about-us\/we-save-energy\/how-can-our-products-save-energy\/"},"modified":"2024-03-20T10:14:52","modified_gmt":"2024-03-20T07:14:52","slug":"kaip-musu-produktai-gali-taupyti-energija","status":"publish","type":"page","link":"https:\/\/wolfgroup.rktv.ee\/lt\/apie-wolf-group\/we-save-energy\/kaip-musu-produktai-gali-taupyti-energija\/","title":{"rendered":"Kaip m\u016bs\u0173 produktai gali taupyti energij\u0105?"},"content":{"rendered":"\n    <div id=\"wse-grid-block_956e305dd60dfff62b1d46c6ea736813\" class=\"wse-grid-block\">\n        <div class=\"container\">\n                            <div class=\"block_intro\">\n                    <h1>Kaip m\u016bs\u0173 produktai gali taupyti energij\u0105?<\/h1>\r\nM\u016bs\u0173 gaminiai s\u0117kmingai sprend\u017eia kelet\u0105 hidrotermini\u0173 pastat\u0173 problem\u0173: \u0161ilumos nuostoli\u0173, sandarumo, atsparumo oro s\u0105lygoms, nelaidumo garams, \u0161al\u010dio tilt\u0173, deformacij\u0173 ir taip prisideda prie energijos vartojimo efektyvumo didinimo.                <\/div>\n                                        <div class=\"grid reverse\" data-hash=\"pu-foams\">\n                                                                    <div class=\"grid_item row align-items-center\">\n                            <div class=\"col col-md-6 col-12\">\n                                <div class=\"content_container\">\n                                    <h4>PU putos<\/h4>\n<p><strong>Poliuretano (PU) putos skirtos \u0161ilumos ir garso izoliacijai, sandarinimui ir u\u017epildymui bei sandarumui. Nekontroliuojamas oro nutek\u0117jimas per lang\u0173 ir dur\u0173 r\u0117m\u0173 jungtis, stogo konstrukcijas, per\u0117jimus ir i\u0161orines sienas yra did\u017eiausias energijos \u0161vaistymas pastatuose.<\/strong><\/p>\n<p>Energijos nuostoliai rei\u0161kia papildomas \u0161ildymo i\u0161laidas, o netolygi temperat\u016bra praranda komfort\u0105. Statybin\u0117s putos yra unikalios savo savyb\u0117mis, nes, be \u017eemo \u0161ilumos laidumo, putos garantuoja sandarum\u0105, kai jos tinkamai naudojamos. Tai suteikia ai\u0161k\u0173 prana\u0161um\u0105 sandarinant jungtis, palyginti su kitomis klasikin\u0117mis izoliacin\u0117mis med\u017eiagomis.<\/p>\n<p>Wolf Group poliuretano putos buvo i\u0161bandytos d\u0117l sandarumo ir garso ma\u017einimo indekso Ift Rosenheim, Vokietijoje. Patogus namas \u2013 tai ne tik energeti\u0161kai efektyvus namas, bet ir namas, kuriame u\u017ekertamas kelias triuk\u0161mo tar\u0161ai i\u0161 i\u0161orin\u0117s aplinkos ir u\u017etikrinama sveika patalp\u0173 oro kokyb\u0117.<\/p>\n<p>\u0160iandien, remiantis LCA analize, nuo gamybos iki \u0161alinimo vienas kilogramas PU put\u0173 i\u0161skiria apie 5,5 kg anglies dioksido. Ta\u010diau \u012fvair\u016bs tyrimai parod\u0117, kad 1 kg tinkamai naudot\u0173 PU put\u0173 izoliacijai gali sutaupyti apie 1000 kg CO2 per vis\u0105 pastato eksploatavimo laik\u0105. Tai ai\u0161kiai parodo, kok\u012f didel\u012f poveik\u012f PU putos turi pastat\u0173 energijos taupymui. M\u016bs\u0173 tikslas yra nuolat ma\u017einti savo gamybos ir gamini\u0173 p\u0117dsakus aplinkoje, kad sutaupyto ir pagaminamo CO2 santykis b\u016bt\u0173 dar didesnis.<\/p>\n                                <\/div>\n                            <\/div>\n                            <div class=\"col col-md-6 col-12\">\n\t\t\t\t\t\t\t\t\t\t\t\t\t\t\t\t\t<div class=\"iframe_container\">\n                                        \t\t\t\t\t\t\t\t\t\t<iframe loading=\"lazy\" data-cookieconsent=\"necessary\"title=\"Wolf Group foams\" width=\"650\" height=\"366\" src=\"https:\/\/www.youtube.com\/embed\/-B_XOh0Uew0?feature=oembed\" frameborder=\"0\" allow=\"accelerometer; autoplay; clipboard-write; encrypted-media; gyroscope; picture-in-picture; web-share\" referrerpolicy=\"strict-origin-when-cross-origin\" allowfullscreen><\/iframe>\t\t\t\t\t\t\t\t\t<\/div>\n\t\t\t\t\t\t\t\t                            <\/div>\n                        <\/div>\n                                    <\/div>\n                    <\/div>\n    <\/div>\n\n\n\n    <div id=\"wse-grid-block_1d126ffbb8f6310eaf926f386a64db90\" class=\"wse-grid-block\">\n        <div class=\"container\">\n                                        <div class=\"grid\" data-hash=\"sealants-and-adhesives\">\n                                                                    <div class=\"grid_item row align-items-center\">\n                            <div class=\"col col-md-6 col-12\">\n                                <div class=\"content_container\">\n                                    <h4>Hermetikai ir klijai<\/h4>\n<p><strong>Hermetikai suma\u017eina oro nuot\u0117k\u012f ir u\u017etikrina sandarias si\u016bles, pagerina atsparum\u0105 oro s\u0105lygoms, apsaugo nuo dr\u0117gm\u0117s, kompensuoja judesius si\u016bl\u0117se ir suteikia estetin\u012f vaizd\u0105. Per (oro) sandarinim\u0105 galima apsaugoti tiek i\u0161orines, tiek vidines konstrukcijas.<\/strong><\/p>\n<p>Wolf Group ne tik gamina med\u017eiagas, bet ir moko \u017emones teisingai jomis naudotis ir pri\u017ei\u016br\u0117ti. I\u0161tiesiame pagalbos rank\u0105 ir savo ekspertines \u017einias statybininkams, architektams ir projektuotojams, \u012fgyvendinant Wolf Group lang\u0173 montavimo, sanitarinio sandarinimo, oro sandarinimo ir dekoratyvinius sprendimus.<\/p>\n<p>Yra daug skirting\u0173 sandarikli\u0173 ir klij\u0173 tip\u0173, ta\u010diau sveikatos ir aplinkos saugos po\u017ei\u016briu svarbu, kad sandarikliu ir klijuose neb\u016bt\u0173 joki\u0173 pavojing\u0173 jungini\u0173, o bendra LOJ (laki\u0173j\u0173 organini\u0173 jungini\u0173) emisija tur\u0117t\u0173 b\u016bti tokia ma\u017ea kaip galima. Per ateinan\u010dius trejus metus ple\u010diame ma\u017eai LOJ turin\u010di\u0173 formuli\u0173 asortiment\u0105, kad klientams pasi\u016blytume dvigubai daugiau produkt\u0173, pa\u017eym\u0117t\u0173 EC1+ sertifikatu. Wolf Group vis daugiau d\u0117mesio skyr\u0117 akril\u0173 be ftalat\u0173, silikon\u0173 be MEKO, gamini\u0173 be alavo katalizatori\u0173 ir dar daugiau, kad patenkint\u0173 vartotoj\u0173 l\u016bkes\u010dius d\u0117l saugesni\u0173, ekologi\u0161kesni\u0173 ir energij\u0105 taupan\u010di\u0173 gamini\u0173, net jei jie n\u0117ra ta\u010diau reikalaujama pagal \u012fstatym\u0105.<\/p>\n                                <\/div>\n                            <\/div>\n                            <div class=\"col col-md-6 col-12\">\n\t\t\t\t\t\t\t\t\t\t\t\t\t\t\t\t\t<div class=\"video_container\">\n\t\t\t\t\t\t\t\t\t\t<video src=\"https:\/\/wolfgroup.rktv.ee\/lt\/wp-content\/uploads\/sites\/12\/2022\/06\/Sealants_adhesives.mp4\" autoplay=\"\" muted=\"\" loop=\"\" playsinline=\"\"><\/video>\n\t\t\t\t\t\t\t\t\t<\/div>\n\t\t\t\t\t\t\t\t                            <\/div>\n                        <\/div>\n                                    <\/div>\n                    <\/div>\n    <\/div>\n\n\n\n    <div id=\"small-gallery-block_3182735ec40cb13d528cfe65cea7a6c7\" class=\"small-gallery-block\">\n        <div class=\"container\">\n\t\t\t            <div class=\"small_gallery_images\">\n                <div class=\"small_gallery_outside_wrapper w100\">\n                    <div class=\"small_gallery_wrapper w100\">\n                        <div class=\"small-gallery\">\n                            <div class=\"swiper-wrapper\">\n                                                                                                        <div class=\"swiper-slide swiper-slide-active\">\n                                        <div class=\"slide_wrapper\">\n                                                                                        <div class=\"image bg-center w100\" style=\"background-image: url(https:\/\/wolfgroup.rktv.ee\/lt\/wp-content\/uploads\/sites\/12\/2022\/07\/how-our-products-save-energy-1.png);\" data-slide=\"0\"><\/div>\n                                        <\/div>\n                                    <\/div>\n                                                                                                        <div class=\"swiper-slide\">\n                                        <div class=\"slide_wrapper\">\n                                                                                        <div class=\"image bg-center w100\" style=\"background-image: url(https:\/\/wolfgroup.rktv.ee\/lt\/wp-content\/uploads\/sites\/12\/2022\/07\/how-our-products-save-energy-2.png);\" data-slide=\"1\"><\/div>\n                                        <\/div>\n                                    <\/div>\n                                                                                                        <div class=\"swiper-slide\">\n                                        <div class=\"slide_wrapper\">\n                                                                                        <div class=\"image bg-center w100\" style=\"background-image: url(https:\/\/wolfgroup.rktv.ee\/lt\/wp-content\/uploads\/sites\/12\/2022\/07\/how-our-products-save-energy-4.png);\" data-slide=\"2\"><\/div>\n                                        <\/div>\n                                    <\/div>\n                                                                                                        <div class=\"swiper-slide\">\n                                        <div class=\"slide_wrapper\">\n                                                                                        <div class=\"image bg-center w100\" style=\"background-image: url(https:\/\/wolfgroup.rktv.ee\/lt\/wp-content\/uploads\/sites\/12\/2022\/07\/how-our-products-save-energy-3.png);\" data-slide=\"3\"><\/div>\n                                        <\/div>\n                                    <\/div>\n                                                                                                        <div class=\"swiper-slide\">\n                                        <div class=\"slide_wrapper\">\n                                                                                        <div class=\"image bg-center w100\" style=\"background-image: url(https:\/\/wolfgroup.rktv.ee\/lt\/wp-content\/uploads\/sites\/12\/2022\/07\/how-our-products-save-energy-5.png);\" data-slide=\"4\"><\/div>\n                                        <\/div>\n                                    <\/div>\n                                                                                                        <div class=\"swiper-slide\">\n                                        <div class=\"slide_wrapper\">\n                                                                                        <div class=\"image bg-center w100\" style=\"background-image: url(https:\/\/wolfgroup.rktv.ee\/lt\/wp-content\/uploads\/sites\/12\/2022\/07\/how-our-products-save-energy-6.png);\" data-slide=\"5\"><\/div>\n                                        <\/div>\n                                    <\/div>\n                                                            <\/div>\n                        <\/div>\n                    <\/div>\n                    <img decoding=\"async\" class=\"swiper-button-prev\" src=\"https:\/\/wolfgroup.rktv.ee\/lt\/wp-content\/themes\/wolfgroup\/images\/slide_right_red.svg\" width=\"19\" height=\"36\" alt=\"\" \/>\n                    <img decoding=\"async\" class=\"swiper-button-next\" src=\"https:\/\/wolfgroup.rktv.ee\/lt\/wp-content\/themes\/wolfgroup\/images\/slide_right_red.svg\" width=\"19\" height=\"36\" alt=\"\" \/>\n                <\/div>\n            <\/div>\n        <\/div>\n        <div class=\"image_links d-none\">\n                                                                <a href=\"https:\/\/wolfgroup.rktv.ee\/lt\/wp-content\/uploads\/sites\/12\/2022\/07\/how-our-products-save-energy-1.png\" data-fancybox=\"gallery\" data-options='{\"loop\" : \"true\"}' data-slide=\"0\" data-caption=\"\"><\/a>\n                                                                                <a href=\"https:\/\/wolfgroup.rktv.ee\/lt\/wp-content\/uploads\/sites\/12\/2022\/07\/how-our-products-save-energy-2.png\" data-fancybox=\"gallery\" data-options='{\"loop\" : \"true\"}' data-slide=\"1\" data-caption=\"\"><\/a>\n                                                                                <a href=\"https:\/\/wolfgroup.rktv.ee\/lt\/wp-content\/uploads\/sites\/12\/2022\/07\/how-our-products-save-energy-4.png\" data-fancybox=\"gallery\" data-options='{\"loop\" : \"true\"}' data-slide=\"2\" data-caption=\"\"><\/a>\n                                                                                <a href=\"https:\/\/wolfgroup.rktv.ee\/lt\/wp-content\/uploads\/sites\/12\/2022\/07\/how-our-products-save-energy-3.png\" data-fancybox=\"gallery\" data-options='{\"loop\" : \"true\"}' data-slide=\"3\" data-caption=\"\"><\/a>\n                                                                                <a href=\"https:\/\/wolfgroup.rktv.ee\/lt\/wp-content\/uploads\/sites\/12\/2022\/07\/how-our-products-save-energy-5.png\" data-fancybox=\"gallery\" data-options='{\"loop\" : \"true\"}' data-slide=\"4\" data-caption=\"\"><\/a>\n                                                                                <a href=\"https:\/\/wolfgroup.rktv.ee\/lt\/wp-content\/uploads\/sites\/12\/2022\/07\/how-our-products-save-energy-6.png\" data-fancybox=\"gallery\" data-options='{\"loop\" : \"true\"}' data-slide=\"5\" data-caption=\"\"><\/a>\n                                    <\/div>\n        <img decoding=\"async\" class=\"bg_elem d-lg-block d-none no-lazy\" src=\"https:\/\/wolfgroup.rktv.ee\/lt\/wp-content\/themes\/wolfgroup\/images\/careers_bg_element.svg\" width=\"763\" height=\"618\" alt=\"\" \/>\n    <\/div>\n\n\n\n    <div id=\"wse-grid-block_646410c518a08fece8ef6d80ca5f0fe4\" class=\"wse-grid-block\">\n        <div class=\"container\">\n                                        <div class=\"grid reverse\" data-hash=\"membranes-and-coatings\">\n                                                                    <div class=\"grid_item row align-items-center\">\n                            <div class=\"col col-md-6 col-12\">\n                                <div class=\"content_container\">\n                                    <h4>Membranos ir dangos<\/h4>\n<p><strong>Vidin\u0117s pastat\u0173 konstrukcijos turi b\u016bti apsaugotos nuo per didel\u0117s dr\u0117gm\u0117s, kad susidaryt\u0173 geras patalp\u0173 klimatas, taip pat turi b\u016bti u\u017etikrinta, kad bet kokia dr\u0117gm\u0117, patekusi \u012f konstrukcij\u0105, gal\u0117t\u0173 be problem\u0173 pasi\u0161alinti.<\/strong><\/p>\n<p>Jei dr\u0117gm\u0117 lieka vidin\u0117je strukt\u016broje, neapsaugoma nuo pel\u0117sio, vanduo pradeda u\u017e\u0161alti ir ardo sien\u0105. Siekiant u\u017etikrinti teising\u0105 pastato konstrukcijos dr\u0117gm\u0117s re\u017eim\u0105, Wolf Group si\u016blo gar\u0173 izoliacines juostas ir mastikas, kurios veikia kaip antrinis sandarus sluoksnis, be dr\u0117gm\u0117s reguliavimo. Gera patalp\u0173 oro kokyb\u0117 pastatuose ir statiniuose yra susijusi su \u017emoni\u0173 sveikata ir komfortu. Wolf Group si\u016blo hidroizoliacinius sprendimus, oro ir gar\u0173 membranas bei lang\u0173 juostas, kurios prisideda prie geresnio patalp\u0173 oro.<\/p>\n<p>Skaitykite daugiau apie Wolf Group <a href=\"https:\/\/wolfgroup.rktv.ee\/lt\/product-categories\/pu-putos-lt\/\">produktus<\/a> ir <a href=\"https:\/\/wolfgroup.rktv.ee\/lt\/produktai-ir-sprendimai\/sprendimai\/\">sprendimus<\/a>.<\/p>\n                                <\/div>\n                            <\/div>\n                            <div class=\"col col-md-6 col-12\">\n\t\t\t\t\t\t\t\t\t\t\t\t\t\t\t\t\t<div class=\"iframe_container\">\n                                        \t\t\t\t\t\t\t\t\t\t<iframe loading=\"lazy\" data-cookieconsent=\"necessary\"title=\"Airtightness simulator\" width=\"650\" height=\"366\" src=\"https:\/\/www.youtube.com\/embed\/nT2io9GbGKk?feature=oembed\" frameborder=\"0\" allow=\"accelerometer; autoplay; clipboard-write; encrypted-media; gyroscope; picture-in-picture; web-share\" referrerpolicy=\"strict-origin-when-cross-origin\" allowfullscreen><\/iframe>\t\t\t\t\t\t\t\t\t<\/div>\n\t\t\t\t\t\t\t\t                            <\/div>\n                        <\/div>\n                                    <\/div>\n                    <\/div>\n    <\/div>\n","protected":false},"excerpt":{"rendered":"","protected":false},"author":1,"featured_media":0,"parent":29384,"menu_order":7,"comment_status":"closed","ping_status":"closed","template":"","meta":{"_acf_changed":false,"footnotes":""},"class_list":["post-29385","page","type-page","status-publish","hentry"],"acf":[],"yoast_head":"<!-- This site is optimized with the Yoast SEO plugin v27.3 - https:\/\/yoast.com\/product\/yoast-seo-wordpress\/ -->\n<title>Kaip m\u016bs\u0173 produktai gali taupyti energij\u0105? - Wolf Group Lithuania<\/title>\n<meta name=\"robots\" content=\"index, follow, max-snippet:-1, max-image-preview:large, max-video-preview:-1\" \/>\n<link rel=\"canonical\" href=\"https:\/\/wolfgroup.rktv.ee\/lt\/apie-wolf-group\/we-save-energy\/kaip-musu-produktai-gali-taupyti-energija\/\" \/>\n<meta property=\"og:locale\" content=\"lt_LT\" \/>\n<meta property=\"og:type\" content=\"article\" \/>\n<meta property=\"og:title\" content=\"Kaip m\u016bs\u0173 produktai gali taupyti energij\u0105? - Wolf Group Lithuania\" \/>\n<meta property=\"og:url\" content=\"https:\/\/wolfgroup.rktv.ee\/lt\/apie-wolf-group\/we-save-energy\/kaip-musu-produktai-gali-taupyti-energija\/\" \/>\n<meta property=\"og:site_name\" content=\"Wolf Group Lithuania\" \/>\n<meta property=\"article:modified_time\" content=\"2024-03-20T07:14:52+00:00\" \/>\n<meta name=\"twitter:card\" content=\"summary_large_image\" \/>\n<script type=\"application\/ld+json\" class=\"yoast-schema-graph\">{\"@context\":\"https:\\\/\\\/schema.org\",\"@graph\":[{\"@type\":\"WebPage\",\"@id\":\"https:\\\/\\\/wolfgroup.rktv.ee\\\/lt\\\/apie-wolf-group\\\/we-save-energy\\\/kaip-musu-produktai-gali-taupyti-energija\\\/\",\"url\":\"https:\\\/\\\/wolfgroup.rktv.ee\\\/lt\\\/apie-wolf-group\\\/we-save-energy\\\/kaip-musu-produktai-gali-taupyti-energija\\\/\",\"name\":\"Kaip m\u016bs\u0173 produktai gali taupyti energij\u0105? - Wolf Group Lithuania\",\"isPartOf\":{\"@id\":\"https:\\\/\\\/wolfgroup.rktv.ee\\\/lt\\\/#website\"},\"datePublished\":\"2022-06-07T10:29:14+00:00\",\"dateModified\":\"2024-03-20T07:14:52+00:00\",\"breadcrumb\":{\"@id\":\"https:\\\/\\\/wolfgroup.rktv.ee\\\/lt\\\/apie-wolf-group\\\/we-save-energy\\\/kaip-musu-produktai-gali-taupyti-energija\\\/#breadcrumb\"},\"inLanguage\":\"lt-LT\",\"potentialAction\":[{\"@type\":\"ReadAction\",\"target\":[\"https:\\\/\\\/wolfgroup.rktv.ee\\\/lt\\\/apie-wolf-group\\\/we-save-energy\\\/kaip-musu-produktai-gali-taupyti-energija\\\/\"]}]},{\"@type\":\"BreadcrumbList\",\"@id\":\"https:\\\/\\\/wolfgroup.rktv.ee\\\/lt\\\/apie-wolf-group\\\/we-save-energy\\\/kaip-musu-produktai-gali-taupyti-energija\\\/#breadcrumb\",\"itemListElement\":[{\"@type\":\"ListItem\",\"position\":1,\"name\":\"Home\",\"item\":\"https:\\\/\\\/wolfgroup.rktv.ee\\\/lt\\\/\"},{\"@type\":\"ListItem\",\"position\":2,\"name\":\"Apie Wolf Group\",\"item\":\"https:\\\/\\\/wolfgroup.rktv.ee\\\/lt\\\/apie-wolf-group\\\/\"},{\"@type\":\"ListItem\",\"position\":3,\"name\":\"We save energy\",\"item\":\"https:\\\/\\\/wolfgroup.rktv.ee\\\/lt\\\/apie-wolf-group\\\/we-save-energy\\\/\"},{\"@type\":\"ListItem\",\"position\":4,\"name\":\"Kaip m\u016bs\u0173 produktai gali taupyti energij\u0105?\"}]},{\"@type\":\"WebSite\",\"@id\":\"https:\\\/\\\/wolfgroup.rktv.ee\\\/lt\\\/#website\",\"url\":\"https:\\\/\\\/wolfgroup.rktv.ee\\\/lt\\\/\",\"name\":\"Wolf Group Lithuania\",\"description\":\"construction chemistry products and solutions manufacturer\",\"publisher\":{\"@id\":\"https:\\\/\\\/wolfgroup.rktv.ee\\\/lt\\\/#organization\"},\"potentialAction\":[{\"@type\":\"SearchAction\",\"target\":{\"@type\":\"EntryPoint\",\"urlTemplate\":\"https:\\\/\\\/wolfgroup.rktv.ee\\\/lt\\\/?s={search_term_string}\"},\"query-input\":{\"@type\":\"PropertyValueSpecification\",\"valueRequired\":true,\"valueName\":\"search_term_string\"}}],\"inLanguage\":\"lt-LT\"},{\"@type\":\"Organization\",\"@id\":\"https:\\\/\\\/wolfgroup.rktv.ee\\\/lt\\\/#organization\",\"name\":\"Wolf Group\",\"url\":\"https:\\\/\\\/wolfgroup.rktv.ee\\\/lt\\\/\",\"logo\":{\"@type\":\"ImageObject\",\"inLanguage\":\"lt-LT\",\"@id\":\"https:\\\/\\\/wolfgroup.rktv.ee\\\/lt\\\/#\\\/schema\\\/logo\\\/image\\\/\",\"url\":\"https:\\\/\\\/wolfgroup.rktv.ee\\\/lt\\\/wp-content\\\/uploads\\\/sites\\\/12\\\/2022\\\/04\\\/wolfgroup-logo.svg\",\"contentUrl\":\"https:\\\/\\\/wolfgroup.rktv.ee\\\/lt\\\/wp-content\\\/uploads\\\/sites\\\/12\\\/2022\\\/04\\\/wolfgroup-logo.svg\",\"width\":155,\"height\":46,\"caption\":\"Wolf Group\"},\"image\":{\"@id\":\"https:\\\/\\\/wolfgroup.rktv.ee\\\/lt\\\/#\\\/schema\\\/logo\\\/image\\\/\"},\"legalName\":\"Wolf Group AS\",\"foundingDate\":\"1993\",\"numberOfEmployees\":{\"@type\":\"QuantitativeValue\",\"value\":900},\"knowsAbout\":[\"construction chemicals\",\"adhesives\",\"sealants\",\"thermal insulation\",\"waterproofing\"],\"contactPoint\":{\"@type\":\"ContactPoint\",\"contactType\":\"sales\",\"areaServed\":\"LT\",\"availableLanguage\":\"lt\"}}]}<\/script>\n<!-- \/ Yoast SEO plugin. -->","yoast_head_json":{"title":"Kaip m\u016bs\u0173 produktai gali taupyti energij\u0105? - Wolf Group Lithuania","robots":{"index":"index","follow":"follow","max-snippet":"max-snippet:-1","max-image-preview":"max-image-preview:large","max-video-preview":"max-video-preview:-1"},"canonical":"https:\/\/wolfgroup.rktv.ee\/lt\/apie-wolf-group\/we-save-energy\/kaip-musu-produktai-gali-taupyti-energija\/","og_locale":"lt_LT","og_type":"article","og_title":"Kaip m\u016bs\u0173 produktai gali taupyti energij\u0105? - Wolf Group Lithuania","og_url":"https:\/\/wolfgroup.rktv.ee\/lt\/apie-wolf-group\/we-save-energy\/kaip-musu-produktai-gali-taupyti-energija\/","og_site_name":"Wolf Group Lithuania","article_modified_time":"2024-03-20T07:14:52+00:00","twitter_card":"summary_large_image","schema":{"@context":"https:\/\/schema.org","@graph":[{"@type":"WebPage","@id":"https:\/\/wolfgroup.rktv.ee\/lt\/apie-wolf-group\/we-save-energy\/kaip-musu-produktai-gali-taupyti-energija\/","url":"https:\/\/wolfgroup.rktv.ee\/lt\/apie-wolf-group\/we-save-energy\/kaip-musu-produktai-gali-taupyti-energija\/","name":"Kaip m\u016bs\u0173 produktai gali taupyti energij\u0105? - Wolf Group Lithuania","isPartOf":{"@id":"https:\/\/wolfgroup.rktv.ee\/lt\/#website"},"datePublished":"2022-06-07T10:29:14+00:00","dateModified":"2024-03-20T07:14:52+00:00","breadcrumb":{"@id":"https:\/\/wolfgroup.rktv.ee\/lt\/apie-wolf-group\/we-save-energy\/kaip-musu-produktai-gali-taupyti-energija\/#breadcrumb"},"inLanguage":"lt-LT","potentialAction":[{"@type":"ReadAction","target":["https:\/\/wolfgroup.rktv.ee\/lt\/apie-wolf-group\/we-save-energy\/kaip-musu-produktai-gali-taupyti-energija\/"]}]},{"@type":"BreadcrumbList","@id":"https:\/\/wolfgroup.rktv.ee\/lt\/apie-wolf-group\/we-save-energy\/kaip-musu-produktai-gali-taupyti-energija\/#breadcrumb","itemListElement":[{"@type":"ListItem","position":1,"name":"Home","item":"https:\/\/wolfgroup.rktv.ee\/lt\/"},{"@type":"ListItem","position":2,"name":"Apie Wolf Group","item":"https:\/\/wolfgroup.rktv.ee\/lt\/apie-wolf-group\/"},{"@type":"ListItem","position":3,"name":"We save energy","item":"https:\/\/wolfgroup.rktv.ee\/lt\/apie-wolf-group\/we-save-energy\/"},{"@type":"ListItem","position":4,"name":"Kaip m\u016bs\u0173 produktai gali taupyti energij\u0105?"}]},{"@type":"WebSite","@id":"https:\/\/wolfgroup.rktv.ee\/lt\/#website","url":"https:\/\/wolfgroup.rktv.ee\/lt\/","name":"Wolf Group Lithuania","description":"construction chemistry products and solutions manufacturer","publisher":{"@id":"https:\/\/wolfgroup.rktv.ee\/lt\/#organization"},"potentialAction":[{"@type":"SearchAction","target":{"@type":"EntryPoint","urlTemplate":"https:\/\/wolfgroup.rktv.ee\/lt\/?s={search_term_string}"},"query-input":{"@type":"PropertyValueSpecification","valueRequired":true,"valueName":"search_term_string"}}],"inLanguage":"lt-LT"},{"@type":"Organization","@id":"https:\/\/wolfgroup.rktv.ee\/lt\/#organization","name":"Wolf Group","url":"https:\/\/wolfgroup.rktv.ee\/lt\/","logo":{"@type":"ImageObject","inLanguage":"lt-LT","@id":"https:\/\/wolfgroup.rktv.ee\/lt\/#\/schema\/logo\/image\/","url":"https:\/\/wolfgroup.rktv.ee\/lt\/wp-content\/uploads\/sites\/12\/2022\/04\/wolfgroup-logo.svg","contentUrl":"https:\/\/wolfgroup.rktv.ee\/lt\/wp-content\/uploads\/sites\/12\/2022\/04\/wolfgroup-logo.svg","width":155,"height":46,"caption":"Wolf Group"},"image":{"@id":"https:\/\/wolfgroup.rktv.ee\/lt\/#\/schema\/logo\/image\/"},"legalName":"Wolf Group AS","foundingDate":"1993","numberOfEmployees":{"@type":"QuantitativeValue","value":900},"knowsAbout":["construction chemicals","adhesives","sealants","thermal insulation","waterproofing"],"contactPoint":{"@type":"ContactPoint","contactType":"sales","areaServed":"LT","availableLanguage":"lt"}}]}},"_links":{"self":[{"href":"https:\/\/wolfgroup.rktv.ee\/lt\/wp-json\/wp\/v2\/pages\/29385","targetHints":{"allow":["GET"]}}],"collection":[{"href":"https:\/\/wolfgroup.rktv.ee\/lt\/wp-json\/wp\/v2\/pages"}],"about":[{"href":"https:\/\/wolfgroup.rktv.ee\/lt\/wp-json\/wp\/v2\/types\/page"}],"author":[{"embeddable":true,"href":"https:\/\/wolfgroup.rktv.ee\/lt\/wp-json\/wp\/v2\/users\/1"}],"replies":[{"embeddable":true,"href":"https:\/\/wolfgroup.rktv.ee\/lt\/wp-json\/wp\/v2\/comments?post=29385"}],"version-history":[{"count":15,"href":"https:\/\/wolfgroup.rktv.ee\/lt\/wp-json\/wp\/v2\/pages\/29385\/revisions"}],"predecessor-version":[{"id":30858,"href":"https:\/\/wolfgroup.rktv.ee\/lt\/wp-json\/wp\/v2\/pages\/29385\/revisions\/30858"}],"up":[{"embeddable":true,"href":"https:\/\/wolfgroup.rktv.ee\/lt\/wp-json\/wp\/v2\/pages\/29384"}],"wp:attachment":[{"href":"https:\/\/wolfgroup.rktv.ee\/lt\/wp-json\/wp\/v2\/media?parent=29385"}],"curies":[{"name":"wp","href":"https:\/\/api.w.org\/{rel}","templated":true}]}}