{"id":29387,"date":"2022-04-08T15:16:37","date_gmt":"2022-04-08T12:16:37","guid":{"rendered":"https:\/\/wolfgroup.rktv.ee\/lt\/about-us\/we-save-energy\/sustainable-components\/"},"modified":"2026-01-28T14:33:31","modified_gmt":"2026-01-28T11:33:31","slug":"tvarios-sudedamosios-dalys","status":"publish","type":"page","link":"https:\/\/wolfgroup.rktv.ee\/lt\/apie-wolf-group\/we-save-energy\/tvarios-sudedamosios-dalys\/","title":{"rendered":"Tvarios sudedamosios dalys"},"content":{"rendered":"\n    <div id=\"wse-grid-block_d077d5214e682a4a5d06d4245eb3cc22\" class=\"wse-grid-block\">\n        <div class=\"container\">\n                            <div class=\"block_intro\">\n                    <h2 style=\"text-align: center;\">Kiekvienais metais didiname formuli\u0173, kuriose yra tvari\u0173 ingredient\u0173, skai\u010di\u0173 ir ple\u010diame pakuo\u010di\u0173, kuriose yra perdirbt\u0173 ir perdirbam\u0173 ingredient\u0173, asortiment\u0105.<\/h2>                <\/div>\n                                        <div class=\"grid\">\n                                                                    <div class=\"grid_item row align-items-center\">\n                            <div class=\"col col-md-6 col-12\">\n                                <div class=\"content_container\">\n                                    <p>B\u016bdama tarptautiniu mastu \u017einoma gamintoja, Wolf Group taip pat si\u016blo novatori\u0161kus produktus i\u0161 tvari\u0173 \u017ealiav\u0173 savo privataus \u017eenklo klientams. M\u016bs\u0173 inovatyv\u016bs produktai yra skirti \u017emon\u0117ms, kuriems r\u016bpi aplinka ir planetos ateitis.<\/p>\n<p>Tvarios statybos asortimentas yra unikalus \u0161iais aspektais:<\/p>\n<ul>\n<li>Organin\u0117s kilm\u0117s \u017ealiavos<\/li>\n<li>Perdirbtos med\u017eiagos pakuot\u0117se<\/li>\n<li>Po vartojimo perdirbtas (PCR) plastikas<\/li>\n<li>Tvarus etike\u010di\u0173 spausdinimas<\/li>\n<li>Gamyba i\u0161 atsinaujinan\u010di\u0173 \u0161altini\u0173<\/li>\n<li>Suma\u017eintos ir perdirbamos atliekos gamybos metu<\/li>\n<li>\u017daliavos ir pakavimo med\u017eiagos, pagamintos naudojant suma\u017eint\u0105 CO2 kiek\u012f<\/li>\n<li>Naujausios technologijos \u0161ioje srityje<\/li>\n<li>Auk\u0161tos kokyb\u0117s gaminio savyb\u0117s<\/li>\n<li>Visi m\u016bs\u0173 tvarumo teiginiai yra pagr\u012fsti sertifikatais<\/li>\n<\/ul>\n                                <\/div>\n                            <\/div>\n                            <div class=\"col col-md-6 col-12\">\n\t\t\t\t\t\t\t\t\t\t\t\t\t\t\t\t\t\t\t\t\t\t\t\t\t\t<div class=\"image_container\">\n\t\t\t\t\t\t\t\t\t\t<img decoding=\"async\" src=\"https:\/\/wolfgroup.rktv.ee\/lt\/wp-content\/uploads\/sites\/12\/2026\/01\/iStock-1257149725-e1686815395608.webp\" width=\"1506\" height=\"1040\" alt=\"\" \/>\n\t\t\t\t\t\t\t\t\t<\/div>\n\t\t\t\t\t\t\t\t                            <\/div>\n                        <\/div>\n                                                                    <div class=\"grid_item row align-items-center\">\n                            <div class=\"col col-md-6 col-12\">\n                                <div class=\"content_container\">\n                                    <p><a href=\"https:\/\/wolfgroup.rktv.ee\/lt\/produktai-ir-sprendimai\/produktai\/#tvarus-silikonizuotas-akrilinis-hermetikas\"><strong>Tvarus silikonizuotas akrilinis hermetikas<\/strong><\/a> yra plasto-elastinis, da\u017eomas silikonizuotas akrilinis sandariklis, pasi\u017eymintis dideliu jud\u0117jimu jungtyje (\u00b112,5%). Be tirpikli\u0173, be ftalat\u0173 ir bekvapis. Sud\u0117tingiems darbams, kai \u012fprasti akrilai gali netikti. Naudojamas judan\u010di\u0173 jung\u010di\u0173 viduje ir lauke sandarinimui bei vidiniams sien\u0173 kampams, lango ir sienos jungtims sandarinti. Taip pat \u017ei\u016br\u0117kite <a href=\"https:\/\/penosil.com\/lt\/produktai\/eco-elastic-acrylic-622-tvarus-silikonizuotas-akrilinis-hermetikas\/\">Penosil ECO Elastic Acrylic 622<\/a>.<\/p>\n<p><strong>Kod\u0117l tvarus silikonizuotas akrilinis hermetikas yra tvarus?<\/strong><\/p>\n<p>81,9 % sudedam\u0173j\u0173 \u017ealiav\u0173 yra organin\u0117s kilm\u0117s arba pagamintos naudojant suma\u017eint\u0105 CO2 kiek\u012f.<\/p>\n<p>Perdirbto plastiko kiekis pakuot\u0117je yra daugiau nei 70 %.<\/p>\n<p>Patronas ir aplikatorius pagaminti i\u0161 83% perdirbto plastiko.<\/p>\n<p>Sertifikuota EC1<sup>PLUS <\/sup>sertfikatu.<\/p>\n<p>Pranc\u016bzijoje sertifikuotas, LOJ emisijos klas\u0117 &#8211; A.<\/p>\n<p>Pagaminta naudojant 100% \u017eali\u0105j\u0105 elektros energij\u0105.<\/p>\n                                <\/div>\n                            <\/div>\n                            <div class=\"col col-md-6 col-12\">\n\t\t\t\t\t\t\t\t\t\t\t\t\t\t\t\t\t\t\t\t\t\t\t\t\t\t<div class=\"image_container\">\n\t\t\t\t\t\t\t\t\t\t<img decoding=\"async\" src=\"https:\/\/wolfgroup.rktv.ee\/lt\/wp-content\/uploads\/sites\/12\/2023\/04\/WG_roheetikett_Sustainable-Siliconized-Acrylic-e1682320050575.png\" width=\"194\" height=\"540\" alt=\"\" \/>\n\t\t\t\t\t\t\t\t\t<\/div>\n\t\t\t\t\t\t\t\t                            <\/div>\n                        <\/div>\n                                                                    <div class=\"grid_item row align-items-center\">\n                            <div class=\"col col-md-6 col-12\">\n                                <div class=\"content_container\">\n                                    <p><a href=\"https:\/\/wolfgroup.rktv.ee\/lt\/produktai-ir-sprendimai\/produktai\/#tvarus-stipraus-sukibimo-akriliniai-klijai\"><strong>Tvar\u016bs stipraus sukibimo akriliniai klijai<\/strong><\/a> \u2013 tai bendrosios paskirties klijai tvarios akrilato dispersijos pagrindu. Klijai turi labai ger\u0105 pradin\u012f sukibim\u0105, juose n\u0117ra tirpikli\u0173 ir ftalat\u0173. Puikiai sukimba su dauguma statybini\u0173 ir apdailos med\u017eiag\u0173. Skirta vidaus darbams, pvz., medienos ir gipso kartono plok\u0161\u010di\u0173 ir dekoratyvini\u0173 detali\u0173 klijavimui. Taip pat \u017ei\u016br\u0117kite <a href=\"https:\/\/penosil.com\/lt\/produktai\/eco-mounting-adhesive-677-tvarus-akriliniai-klijai\/\">Penosil ECO\u00a0Mounting Adhesive\u00a0677<\/a>.<\/p>\n<p><strong>Kod\u0117l tvar\u016bs stipraus sukibimo akriliniai klijai yra tvar\u016bs?<\/strong><\/p>\n<p>71% sudedam\u0173j\u0173 dali\u0173\u00a0yra organin\u0117s kilm\u0117s arba pagaminti tvariai.<\/p>\n<p>Sertifikuota EC1<sup>PLUS <\/sup>sertfikatu.<\/p>\n<p>Patronas ir aplikatorius pagaminti i\u0161 83% perdirbto plastiko.<\/p>\n<p>Perdirbto plastiko kiekis pakuot\u0117je yra &gt;70%.<\/p>\n<p>Pagaminta naudojant 100% \u017eali\u0105j\u0105 elektros energij\u0105.<\/p>\n                                <\/div>\n                            <\/div>\n                            <div class=\"col col-md-6 col-12\">\n\t\t\t\t\t\t\t\t\t\t\t\t\t\t\t\t\t\t\t\t\t\t\t\t\t\t<div class=\"image_container\">\n\t\t\t\t\t\t\t\t\t\t<img decoding=\"async\" src=\"https:\/\/wolfgroup.rktv.ee\/lt\/wp-content\/uploads\/sites\/12\/2023\/04\/WG_roheetikett_Sustainable-High-Tack-Acrylic-Adhesive-e1682320074293.png\" width=\"194\" height=\"540\" alt=\"\" \/>\n\t\t\t\t\t\t\t\t\t<\/div>\n\t\t\t\t\t\t\t\t                            <\/div>\n                        <\/div>\n                                    <\/div>\n                    <\/div>\n    <\/div>\n\n\n\n    <div id=\"wse-grid-block_f77b2ad7e2906b573db251b0f94b6067\" class=\"wse-grid-block\">\n        <div class=\"container\">\n                            <div class=\"block_intro\">\n                    <h2 style=\"text-align: center;\">Wolf Group tiekia gaminius su aplinkosaugos deklaracijomis<\/h2>                <\/div>\n                                        <div class=\"grid\">\n                                                                    <div class=\"grid_item row align-items-center\">\n                            <div class=\"col col-md-6 col-12\">\n                                <div class=\"content_container\">\n                                    <p><strong>Wolf Group prek\u0117s \u017eenklo <a href=\"https:\/\/penosil.com\/lt\/produkto-kategorija\/naudojimo-sritys\/tvari-statyba\/\">Penosil tvarios statybos kategorijos<\/a> gaminiams dabar taikomos aplinkosaugos produkt\u0173 deklaracijos (EPD). Visoms statybin\u0117ms putoms ir hermetikams, taip pat kai kuriems klijams, gaminamiems tiek pagal savo prek\u0117s \u017eenkl\u0105, tiek su priva\u010dia etikete, taip pat netrukus bus taikomi EPD.<\/strong><\/p>\n<p>Taip Wolf Group \u017eengia dar vien\u0105 \u017eingsn\u012f, kad prisid\u0117t\u0173 prie savo aplinkosaugos ir tvarumo tiksl\u0173 \u012fgyvendinimo bei gerint\u0173 \u012fmon\u0117s ir jos klient\u0173 konkurencingum\u0105. Pavyzd\u017eiui, gaminiai, kuriems taikomas EPD, naudojami kaip \u012fvestis teikiant parai\u0161kas d\u0117l tarptautini\u0173 ekologini\u0173 \u017eenkl\u0173 pastatams, tokiems kaip LEED, BREEAM ir kt.<\/p>\n<p>Aplinkosaugos deklaracijos \u2013 tai savanori\u0161kas ir standartizuotas b\u016bdas pateikti patikimus, materialius, sertifikuotus ir palyginamus duomenis apie produkto ar gamini\u0173 grup\u0117s poveik\u012f aplinkai, remiantis gyvavimo ciklo analize. Vertinimas pagr\u012fstas standartu EN 15804. EPD galima parengti \u012fmon\u0117je arba u\u017esakyti atitinkamoje institucijoje. \u201eB\u016bdama <a href=\"https:\/\/www.feica.eu\/\">FEICA<\/a>, Europos klij\u0173 ir sandarikli\u0173 pramon\u0117s asociacijos nar\u0117, Wolf Group naudoja FEICA standartizuot\u0105 model\u012f, kad paruo\u0161t\u0173 EPD\u201c, \u2013 sako Kuldaras Kongo, Wolf Group Produkt\u0173 k\u016brimo skyriaus vadovas ir priduria: \u201eAtsi\u017evelgiame \u012f produkto sud\u0117t\u012f, \u012fskaitant pavojing\u0173 komponent\u0173 arba laki\u0173j\u0173 organini\u0173 jungini\u0173 lyg\u012f. FEICA modeliu pagr\u012fsti EPD galioja iki 2027 m.&#8221;<\/p>\n<p>Europos Komisija u\u017esibr\u0117\u017e\u0117 ambicing\u0105 tiksl\u0105 iki 2050 m. tapti klimatui neutralia ekonomika. Siekdamos \u0161io tikslo, vis daugiau \u0161ali\u0173 planuoja \u012fvesti privalomas aplinkosaugos deklaracijas. \u0160iose pastangose pirmauja \u0160iaur\u0117s \u0161alys \u2013 Norvegija, \u0160vedija, Suomija, taip pat, pavyzd\u017eiui, Pranc\u016bzija.<\/p>\n<p>Wolf Group finansavim\u0105 tvari\u0173 produkt\u0173 k\u016brimui gavo i\u0161 <a href=\"https:\/\/ec.europa.eu\/regional_policy\/funding\/erdf_en\">Europos regionin\u0117s pl\u0117tros fondo<\/a> ir <a href=\"https:\/\/eas.ee\/en\/\">Enterprise Estonia<\/a>.<\/p>\n<p><img decoding=\"async\" width=\"1024\" height=\"298\" class=\"alignnone size-full wp-image-25935\" src=\"https:\/\/wolfgroup.rktv.ee\/lt\/wp-content\/uploads\/sites\/12\/2022\/06\/EAS_SF_RGB_ENG-1024x298-1.png\" alt=\"\" \/><\/p>\n<p>Paramos priemon\u0117: Parama produkt\u0173 k\u016brimui COVID-19 paveiktose \u012fmon\u0117se 2019\u20132020 m.<\/p>\n                                <\/div>\n                            <\/div>\n                            <div class=\"col col-md-6 col-12\">\n\t\t\t\t\t\t\t\t\t\t\t\t\t\t\t\t\t\t\t\t\t\t\t\t\t\t<div class=\"image_container\">\n\t\t\t\t\t\t\t\t\t\t<img decoding=\"async\" src=\"https:\/\/wolfgroup.rktv.ee\/lt\/wp-content\/uploads\/sites\/12\/2023\/06\/EPD.png\" width=\"447\" height=\"637\" alt=\"\" \/>\n\t\t\t\t\t\t\t\t\t<\/div>\n\t\t\t\t\t\t\t\t                            <\/div>\n                        <\/div>\n                                    <\/div>\n                    <\/div>\n    <\/div>\n","protected":false},"excerpt":{"rendered":"","protected":false},"author":1,"featured_media":0,"parent":29384,"menu_order":9,"comment_status":"closed","ping_status":"closed","template":"page-templates\/template-wse.php","meta":{"_acf_changed":false,"footnotes":""},"class_list":["post-29387","page","type-page","status-publish","hentry"],"acf":[],"yoast_head":"<!-- This site is optimized with the Yoast SEO plugin v27.3 - https:\/\/yoast.com\/product\/yoast-seo-wordpress\/ -->\n<title>Tvarios sudedamosios dalys - Wolf Group Lithuania<\/title>\n<meta name=\"robots\" content=\"index, follow, max-snippet:-1, max-image-preview:large, max-video-preview:-1\" \/>\n<link rel=\"canonical\" href=\"https:\/\/wolfgroup.rktv.ee\/lt\/apie-wolf-group\/we-save-energy\/tvarios-sudedamosios-dalys\/\" \/>\n<meta property=\"og:locale\" content=\"lt_LT\" \/>\n<meta property=\"og:type\" content=\"article\" \/>\n<meta property=\"og:title\" content=\"Tvarios sudedamosios dalys - Wolf Group Lithuania\" \/>\n<meta property=\"og:url\" content=\"https:\/\/wolfgroup.rktv.ee\/lt\/apie-wolf-group\/we-save-energy\/tvarios-sudedamosios-dalys\/\" \/>\n<meta property=\"og:site_name\" content=\"Wolf Group Lithuania\" \/>\n<meta property=\"article:modified_time\" content=\"2026-01-28T11:33:31+00:00\" \/>\n<meta name=\"twitter:card\" content=\"summary_large_image\" \/>\n<script type=\"application\/ld+json\" class=\"yoast-schema-graph\">{\"@context\":\"https:\\\/\\\/schema.org\",\"@graph\":[{\"@type\":\"WebPage\",\"@id\":\"https:\\\/\\\/wolfgroup.rktv.ee\\\/lt\\\/apie-wolf-group\\\/we-save-energy\\\/tvarios-sudedamosios-dalys\\\/\",\"url\":\"https:\\\/\\\/wolfgroup.rktv.ee\\\/lt\\\/apie-wolf-group\\\/we-save-energy\\\/tvarios-sudedamosios-dalys\\\/\",\"name\":\"Tvarios sudedamosios dalys - Wolf Group Lithuania\",\"isPartOf\":{\"@id\":\"https:\\\/\\\/wolfgroup.rktv.ee\\\/lt\\\/#website\"},\"datePublished\":\"2022-04-08T12:16:37+00:00\",\"dateModified\":\"2026-01-28T11:33:31+00:00\",\"breadcrumb\":{\"@id\":\"https:\\\/\\\/wolfgroup.rktv.ee\\\/lt\\\/apie-wolf-group\\\/we-save-energy\\\/tvarios-sudedamosios-dalys\\\/#breadcrumb\"},\"inLanguage\":\"lt-LT\",\"potentialAction\":[{\"@type\":\"ReadAction\",\"target\":[\"https:\\\/\\\/wolfgroup.rktv.ee\\\/lt\\\/apie-wolf-group\\\/we-save-energy\\\/tvarios-sudedamosios-dalys\\\/\"]}]},{\"@type\":\"BreadcrumbList\",\"@id\":\"https:\\\/\\\/wolfgroup.rktv.ee\\\/lt\\\/apie-wolf-group\\\/we-save-energy\\\/tvarios-sudedamosios-dalys\\\/#breadcrumb\",\"itemListElement\":[{\"@type\":\"ListItem\",\"position\":1,\"name\":\"Home\",\"item\":\"https:\\\/\\\/wolfgroup.rktv.ee\\\/lt\\\/\"},{\"@type\":\"ListItem\",\"position\":2,\"name\":\"Apie Wolf Group\",\"item\":\"https:\\\/\\\/wolfgroup.rktv.ee\\\/lt\\\/apie-wolf-group\\\/\"},{\"@type\":\"ListItem\",\"position\":3,\"name\":\"We save energy\",\"item\":\"https:\\\/\\\/wolfgroup.rktv.ee\\\/lt\\\/apie-wolf-group\\\/we-save-energy\\\/\"},{\"@type\":\"ListItem\",\"position\":4,\"name\":\"Tvarios sudedamosios dalys\"}]},{\"@type\":\"WebSite\",\"@id\":\"https:\\\/\\\/wolfgroup.rktv.ee\\\/lt\\\/#website\",\"url\":\"https:\\\/\\\/wolfgroup.rktv.ee\\\/lt\\\/\",\"name\":\"Wolf Group Lithuania\",\"description\":\"construction chemistry products and solutions manufacturer\",\"publisher\":{\"@id\":\"https:\\\/\\\/wolfgroup.rktv.ee\\\/lt\\\/#organization\"},\"potentialAction\":[{\"@type\":\"SearchAction\",\"target\":{\"@type\":\"EntryPoint\",\"urlTemplate\":\"https:\\\/\\\/wolfgroup.rktv.ee\\\/lt\\\/?s={search_term_string}\"},\"query-input\":{\"@type\":\"PropertyValueSpecification\",\"valueRequired\":true,\"valueName\":\"search_term_string\"}}],\"inLanguage\":\"lt-LT\"},{\"@type\":\"Organization\",\"@id\":\"https:\\\/\\\/wolfgroup.rktv.ee\\\/lt\\\/#organization\",\"name\":\"Wolf Group\",\"url\":\"https:\\\/\\\/wolfgroup.rktv.ee\\\/lt\\\/\",\"logo\":{\"@type\":\"ImageObject\",\"inLanguage\":\"lt-LT\",\"@id\":\"https:\\\/\\\/wolfgroup.rktv.ee\\\/lt\\\/#\\\/schema\\\/logo\\\/image\\\/\",\"url\":\"https:\\\/\\\/wolfgroup.rktv.ee\\\/lt\\\/wp-content\\\/uploads\\\/sites\\\/12\\\/2022\\\/04\\\/wolfgroup-logo.svg\",\"contentUrl\":\"https:\\\/\\\/wolfgroup.rktv.ee\\\/lt\\\/wp-content\\\/uploads\\\/sites\\\/12\\\/2022\\\/04\\\/wolfgroup-logo.svg\",\"width\":155,\"height\":46,\"caption\":\"Wolf Group\"},\"image\":{\"@id\":\"https:\\\/\\\/wolfgroup.rktv.ee\\\/lt\\\/#\\\/schema\\\/logo\\\/image\\\/\"},\"legalName\":\"Wolf Group AS\",\"foundingDate\":\"1993\",\"numberOfEmployees\":{\"@type\":\"QuantitativeValue\",\"value\":900},\"knowsAbout\":[\"construction chemicals\",\"adhesives\",\"sealants\",\"thermal insulation\",\"waterproofing\"],\"contactPoint\":{\"@type\":\"ContactPoint\",\"contactType\":\"sales\",\"areaServed\":\"LT\",\"availableLanguage\":\"lt\"}}]}<\/script>\n<!-- \/ Yoast SEO plugin. -->","yoast_head_json":{"title":"Tvarios sudedamosios dalys - Wolf Group Lithuania","robots":{"index":"index","follow":"follow","max-snippet":"max-snippet:-1","max-image-preview":"max-image-preview:large","max-video-preview":"max-video-preview:-1"},"canonical":"https:\/\/wolfgroup.rktv.ee\/lt\/apie-wolf-group\/we-save-energy\/tvarios-sudedamosios-dalys\/","og_locale":"lt_LT","og_type":"article","og_title":"Tvarios sudedamosios dalys - Wolf Group Lithuania","og_url":"https:\/\/wolfgroup.rktv.ee\/lt\/apie-wolf-group\/we-save-energy\/tvarios-sudedamosios-dalys\/","og_site_name":"Wolf Group Lithuania","article_modified_time":"2026-01-28T11:33:31+00:00","twitter_card":"summary_large_image","schema":{"@context":"https:\/\/schema.org","@graph":[{"@type":"WebPage","@id":"https:\/\/wolfgroup.rktv.ee\/lt\/apie-wolf-group\/we-save-energy\/tvarios-sudedamosios-dalys\/","url":"https:\/\/wolfgroup.rktv.ee\/lt\/apie-wolf-group\/we-save-energy\/tvarios-sudedamosios-dalys\/","name":"Tvarios sudedamosios dalys - Wolf Group Lithuania","isPartOf":{"@id":"https:\/\/wolfgroup.rktv.ee\/lt\/#website"},"datePublished":"2022-04-08T12:16:37+00:00","dateModified":"2026-01-28T11:33:31+00:00","breadcrumb":{"@id":"https:\/\/wolfgroup.rktv.ee\/lt\/apie-wolf-group\/we-save-energy\/tvarios-sudedamosios-dalys\/#breadcrumb"},"inLanguage":"lt-LT","potentialAction":[{"@type":"ReadAction","target":["https:\/\/wolfgroup.rktv.ee\/lt\/apie-wolf-group\/we-save-energy\/tvarios-sudedamosios-dalys\/"]}]},{"@type":"BreadcrumbList","@id":"https:\/\/wolfgroup.rktv.ee\/lt\/apie-wolf-group\/we-save-energy\/tvarios-sudedamosios-dalys\/#breadcrumb","itemListElement":[{"@type":"ListItem","position":1,"name":"Home","item":"https:\/\/wolfgroup.rktv.ee\/lt\/"},{"@type":"ListItem","position":2,"name":"Apie Wolf Group","item":"https:\/\/wolfgroup.rktv.ee\/lt\/apie-wolf-group\/"},{"@type":"ListItem","position":3,"name":"We save energy","item":"https:\/\/wolfgroup.rktv.ee\/lt\/apie-wolf-group\/we-save-energy\/"},{"@type":"ListItem","position":4,"name":"Tvarios sudedamosios dalys"}]},{"@type":"WebSite","@id":"https:\/\/wolfgroup.rktv.ee\/lt\/#website","url":"https:\/\/wolfgroup.rktv.ee\/lt\/","name":"Wolf Group Lithuania","description":"construction chemistry products and solutions manufacturer","publisher":{"@id":"https:\/\/wolfgroup.rktv.ee\/lt\/#organization"},"potentialAction":[{"@type":"SearchAction","target":{"@type":"EntryPoint","urlTemplate":"https:\/\/wolfgroup.rktv.ee\/lt\/?s={search_term_string}"},"query-input":{"@type":"PropertyValueSpecification","valueRequired":true,"valueName":"search_term_string"}}],"inLanguage":"lt-LT"},{"@type":"Organization","@id":"https:\/\/wolfgroup.rktv.ee\/lt\/#organization","name":"Wolf Group","url":"https:\/\/wolfgroup.rktv.ee\/lt\/","logo":{"@type":"ImageObject","inLanguage":"lt-LT","@id":"https:\/\/wolfgroup.rktv.ee\/lt\/#\/schema\/logo\/image\/","url":"https:\/\/wolfgroup.rktv.ee\/lt\/wp-content\/uploads\/sites\/12\/2022\/04\/wolfgroup-logo.svg","contentUrl":"https:\/\/wolfgroup.rktv.ee\/lt\/wp-content\/uploads\/sites\/12\/2022\/04\/wolfgroup-logo.svg","width":155,"height":46,"caption":"Wolf Group"},"image":{"@id":"https:\/\/wolfgroup.rktv.ee\/lt\/#\/schema\/logo\/image\/"},"legalName":"Wolf Group AS","foundingDate":"1993","numberOfEmployees":{"@type":"QuantitativeValue","value":900},"knowsAbout":["construction chemicals","adhesives","sealants","thermal insulation","waterproofing"],"contactPoint":{"@type":"ContactPoint","contactType":"sales","areaServed":"LT","availableLanguage":"lt"}}]}},"_links":{"self":[{"href":"https:\/\/wolfgroup.rktv.ee\/lt\/wp-json\/wp\/v2\/pages\/29387","targetHints":{"allow":["GET"]}}],"collection":[{"href":"https:\/\/wolfgroup.rktv.ee\/lt\/wp-json\/wp\/v2\/pages"}],"about":[{"href":"https:\/\/wolfgroup.rktv.ee\/lt\/wp-json\/wp\/v2\/types\/page"}],"author":[{"embeddable":true,"href":"https:\/\/wolfgroup.rktv.ee\/lt\/wp-json\/wp\/v2\/users\/1"}],"replies":[{"embeddable":true,"href":"https:\/\/wolfgroup.rktv.ee\/lt\/wp-json\/wp\/v2\/comments?post=29387"}],"version-history":[{"count":17,"href":"https:\/\/wolfgroup.rktv.ee\/lt\/wp-json\/wp\/v2\/pages\/29387\/revisions"}],"predecessor-version":[{"id":31899,"href":"https:\/\/wolfgroup.rktv.ee\/lt\/wp-json\/wp\/v2\/pages\/29387\/revisions\/31899"}],"up":[{"embeddable":true,"href":"https:\/\/wolfgroup.rktv.ee\/lt\/wp-json\/wp\/v2\/pages\/29384"}],"wp:attachment":[{"href":"https:\/\/wolfgroup.rktv.ee\/lt\/wp-json\/wp\/v2\/media?parent=29387"}],"curies":[{"name":"wp","href":"https:\/\/api.w.org\/{rel}","templated":true}]}}