{"id":29989,"date":"2024-02-08T14:54:22","date_gmt":"2024-02-08T11:54:22","guid":{"rendered":"https:\/\/wolfgroup.rktv.ee\/lt\/?page_id=29989"},"modified":"2025-03-18T13:07:12","modified_gmt":"2025-03-18T10:07:12","slug":"libatse","status":"publish","type":"page","link":"https:\/\/wolfgroup.rktv.ee\/lt\/gamyklos\/libatse\/","title":{"rendered":"Libatse"},"content":{"rendered":"\n    <section id=\"production-intro-block_96e7493a806d599c13f86cff516ad75f\" class=\"production-intro-block\" aria-label=\"Production introduction\">\n        <div class=\"container\">\n            <div class=\"row align-items-center flex-md-nowrap\">\n                <div class=\"col col-12\">\n                                            <div class=\"intro\">\n                            <div class=\"row align-items-center flex-lg-nowrap\">\n                                <div class=\"col-12 col-lg-5 text-wrap\">\n                                    <h1><strong>Wolf Group O\u00dc, Libatse<\/strong><\/h1>\n<p>Wolf Group gamybos padalinys Libatse specializuojasi aerozoli\u0173 gamyboje ir pakavimo srityje. Gamykla pasi\u017eymi dideliu technologiniu paj\u0117gumu, lankstumu ir efektyvumu.<\/p>\n                                <\/div>\n\n                                <div class=\"col-12 col-lg-7 media-wrap\">\n                                    <div class=\"media\" aria-hidden=\"false\">\n                                                                                    <iframe loading=\"lazy\"\n                                                width=\"100\"\n                                                height=\"100\"\n                                                src=\"https:\/\/www.youtube.com\/embed\/W-dLQLm3RZw?loop=1&#038;playlist=W-dLQLm3RZw&#038;autoplay=1&#038;mute=1\"\n                                                title=\"Production facility video\"\n                                                allow=\"accelerometer; autoplay; clipboard-write; encrypted-media; gyroscope; picture-in-picture\"\n                                                allowfullscreen\n                                                data-cookieconsent=\"necessary\"\n                                            ><\/iframe>\n                                                                            <\/div>\n                                <\/div>\n                            <\/div>\n\n                                                            <ul>\n<li>Estijos kapitalo aerozoli\u0173 gamybos \u012fmon\u0117 nuo 2009 m<\/li>\n<li>Gamybos linijos paj\u0117gumas \u2265 1500 vnt. per valand\u0105<\/li>\n<li>\u0160iuolaikiniai aerozoli\u0173 pakavimo sprendimai<\/li>\n<li>Erdvios gamybin\u0117s ir sand\u0117liavimo patalpos<\/li>\n<li>Tvarios gamybos metod\u0173 diegimas, atliek\u0173 tvarkymas ir perdirbimas<\/li>\n<li>Produkt\u0173 valdymas ir vystymas, technin\u0117s konsultacijos<\/li>\n<li>Greitas ir lankstus aptarnavimas<\/li>\n<li>Pasaulinis prekybos tinklas<\/li>\n<\/ul>\n                                                    <\/div>\n                    \n                                            <nav class=\"buttons d-flex flex-md-row flex-column align-items-md-center align-items-start justify-content-start\" aria-label=\"Page actions\">\n                                                                                                                                    <a class=\"btn\" href=\"#contact\" target=\"\" rel=\"noopener noreferrer\">Susisiekite su mumis <\/a>\n                                                                                                        <a class=\"btn\" href=\"https:\/\/wolfgroup.rktv.ee\/lt\/career-center\/\" target=\"\" rel=\"noopener noreferrer\">Karjera Wolf Group<\/a>\n                                                            \n                                                    <\/nav>\n                                    <\/div>\n            <\/div>\n        <\/div>\n        <img decoding=\"async\" class=\"bg_elem no-lazy\" src=\"https:\/\/wolfgroup.rktv.ee\/lt\/wp-content\/themes\/wolfgroup\/images\/bg_elem.png\" width=\"2940\" height=\"2380\" alt=\"\" role=\"presentation\" \/>\n    <\/section>\n\n\n\n    <div id=\"wse-grid-block_ec58156f2358a42f3bdb16d4b7c4db15\" class=\"wse-grid-block\">\n        <div class=\"container\">\n                                        <div class=\"grid reverse\">\n                                                                    <div class=\"grid_item row align-items-center\">\n                            <div class=\"col col-md-6 col-12\">\n                                <div class=\"content_container\">\n                                    <h2><strong>Aerozoli\u0173 u\u017epildymas<\/strong><\/h2>\n<p>&nbsp;<\/p>\n<p><strong>U\u017epildymas dujomis: <\/strong>LPG;\u00a0CO<sub>2<\/sub><\/p>\n<p><strong>Aerozoliniai balion\u0117liai:<\/strong><\/p>\n<p>U\u017epildymas nuo 210 ml iki 750 ml<\/p>\n<p>Balion\u0117lio diameteras 52\/57\/65 mm<\/p>\n<p>Balion\u0117lis 15\/18 bar<\/p>\n<p>Galima \u012fspausti lyt\u0117jimo \u012fsp\u0117jam\u0105j\u012f trikamp\u012f ant aerozolini\u0173 balion\u0117li\u0173. U\u017edengta suvirinimo si\u016bl\u0117 leid\u017eia u\u017epildyti balion\u0117lius \u012fvairiomis chemin\u0117mis med\u017eiagomis.<\/p>\n<p><b>Priedai: <\/b>platus pasirinkimas vo\u017etuv\u0173, antgali\u0173, dangteli\u0173 ir kt.<\/p>\n                                <\/div>\n                            <\/div>\n                            <div class=\"col col-md-6 col-12\">\n\t\t\t\t\t\t\t\t\t\t\t\t\t\t\t\t\t\t\t\t\t\t\t\t\t\t<div class=\"image_container\">\n\t\t\t\t\t\t\t\t\t\t<img decoding=\"async\" src=\"https:\/\/wolfgroup.rktv.ee\/lt\/wp-content\/uploads\/sites\/12\/2024\/02\/Libace_emty_filled_lt.png\" width=\"300\" height=\"300\" alt=\"\" \/>\n\t\t\t\t\t\t\t\t\t<\/div>\n\t\t\t\t\t\t\t\t                            <\/div>\n                        <\/div>\n                                    <\/div>\n                    <\/div>\n    <\/div>\n\n\n\n    <div id=\"production-content-block_35442094b906f139767cfee2060f65c2\" class=\"production-content-block\">\n        <div class=\"inside_wrap grey_bg\">\n            <div class=\"container\">\n                <div class=\"row align-items-center flex-md-nowrap\">\n                    <div class=\"content col col-12\">\n                                                    <h2>Kokyb\u0117, aplinkosauga ir sauga<\/h2>\n<p>&nbsp;<\/p>\n<h4>ISO valdymo sistemos<\/h4>\n<p>Wolf Group O\u00dc vadybos sistema atitinka kokyb\u0117s vadybos standarto ISO 9001:2015, aplinkosaugos vadybos standarto ISO 14001:2015 bei sveikatos ir saugos vadybos standarto 45001:2015 reikalavimus.<\/p>\n<p>\u012emonei i\u0161duoti \u0161ie sertifikatai:<br \/>\n<a href=\"https:\/\/wolfgroup.rktv.ee\/lt\/wp-content\/uploads\/sites\/12\/2024\/07\/9001-ENG.pdf\">ISO 9001:2015 Wolf Group O\u00dc<\/a><br \/>\n<a href=\"https:\/\/wolfgroup.rktv.ee\/lt\/wp-content\/uploads\/sites\/12\/2024\/07\/14001-ENG.pdf\">ISO 14001:2015 Wolf Group O\u00dc<\/a><br \/>\n<a href=\"https:\/\/wolfgroup.rktv.ee\/lt\/wp-content\/uploads\/sites\/12\/2024\/07\/45001-ENG.pdf\">ISO 45001:2015 Wolf Group O\u00dc<\/a><\/p>\n                                                                            <div class=\"buttons d-flex justify-content-md-start justify-content-center\">\n\t\t\t\t\t\t\t\t\t\t\t\t\t\t\t\t\t\t\t\t\t\t\t\t\t\t<a class=\"btn\" href=\"https:\/\/wolfgroup.rktv.ee\/lt\/wp-content\/uploads\/sites\/12\/2024\/04\/Quality-Environmental-and-Safety-policy.pdf\" target=\"\">Kokyb\u0117s, aplinkosaugos ir saugumo politika<\/a>\n\t\t\t\t\t\t\t\t                            <\/div>\n                                            <\/div>\n                <\/div>\n            <\/div>\n        <\/div>\n    <\/div>\n\n\n\n    <div id=\"production-content-block_4c2ae256fd980d9b2e8a929824dcc9c4\" class=\"production-content-block\">\n        <div class=\"inside_wrap\">\n            <div class=\"container\">\n                <div class=\"row align-items-center flex-md-nowrap\">\n                    <div class=\"content col col-12\">\n                                                    <h2>Pirkimo s\u0105lygos<\/h2>\n<p>Pirkimo s\u0105lygas i\u0161 Wolf Group Libatse gamyklos galite atsisi\u0173ti \u010dia:<\/p>\n                                                                            <div class=\"buttons d-flex justify-content-md-start justify-content-center\">\n\t\t\t\t\t\t\t\t\t\t\t\t\t\t\t\t\t\t\t\t\t\t\t\t\t\t<a class=\"btn\" href=\"https:\/\/wolfgroup.rktv.ee\/lt\/wp-content\/uploads\/sites\/12\/2022\/06\/General-Purchase-terms-and-Conditions.pdf\" target=\"_blank\">Wolf Group pirkimo s\u0105lygos<\/a>\n\t\t\t\t\t\t\t\t                            <\/div>\n                                            <\/div>\n                <\/div>\n            <\/div>\n        <\/div>\n    <\/div>\n","protected":false},"excerpt":{"rendered":"","protected":false},"author":2,"featured_media":0,"parent":29394,"menu_order":20,"comment_status":"closed","ping_status":"closed","template":"","meta":{"_acf_changed":false,"footnotes":""},"class_list":["post-29989","page","type-page","status-publish","hentry"],"acf":[],"yoast_head":"<!-- This site is optimized with the Yoast SEO plugin v27.3 - https:\/\/yoast.com\/product\/yoast-seo-wordpress\/ -->\n<title>Libatse - Wolf Group Lithuania<\/title>\n<meta name=\"robots\" content=\"index, follow, max-snippet:-1, max-image-preview:large, max-video-preview:-1\" \/>\n<link rel=\"canonical\" href=\"https:\/\/wolfgroup.rktv.ee\/lt\/gamyklos\/libatse\/\" \/>\n<meta property=\"og:locale\" content=\"lt_LT\" \/>\n<meta property=\"og:type\" content=\"article\" \/>\n<meta property=\"og:title\" content=\"Libatse - Wolf Group Lithuania\" \/>\n<meta property=\"og:url\" content=\"https:\/\/wolfgroup.rktv.ee\/lt\/gamyklos\/libatse\/\" \/>\n<meta property=\"og:site_name\" content=\"Wolf Group Lithuania\" \/>\n<meta property=\"article:modified_time\" content=\"2025-03-18T10:07:12+00:00\" \/>\n<meta name=\"twitter:card\" content=\"summary_large_image\" \/>\n<script type=\"application\/ld+json\" class=\"yoast-schema-graph\">{\"@context\":\"https:\\\/\\\/schema.org\",\"@graph\":[{\"@type\":\"WebPage\",\"@id\":\"https:\\\/\\\/wolfgroup.rktv.ee\\\/lt\\\/gamyklos\\\/libatse\\\/\",\"url\":\"https:\\\/\\\/wolfgroup.rktv.ee\\\/lt\\\/gamyklos\\\/libatse\\\/\",\"name\":\"Libatse - Wolf Group Lithuania\",\"isPartOf\":{\"@id\":\"https:\\\/\\\/wolfgroup.rktv.ee\\\/lt\\\/#website\"},\"datePublished\":\"2024-02-08T11:54:22+00:00\",\"dateModified\":\"2025-03-18T10:07:12+00:00\",\"breadcrumb\":{\"@id\":\"https:\\\/\\\/wolfgroup.rktv.ee\\\/lt\\\/gamyklos\\\/libatse\\\/#breadcrumb\"},\"inLanguage\":\"lt-LT\",\"potentialAction\":[{\"@type\":\"ReadAction\",\"target\":[\"https:\\\/\\\/wolfgroup.rktv.ee\\\/lt\\\/gamyklos\\\/libatse\\\/\"]}]},{\"@type\":\"BreadcrumbList\",\"@id\":\"https:\\\/\\\/wolfgroup.rktv.ee\\\/lt\\\/gamyklos\\\/libatse\\\/#breadcrumb\",\"itemListElement\":[{\"@type\":\"ListItem\",\"position\":1,\"name\":\"Home\",\"item\":\"https:\\\/\\\/wolfgroup.rktv.ee\\\/lt\\\/\"},{\"@type\":\"ListItem\",\"position\":2,\"name\":\"Gamyklos\",\"item\":\"https:\\\/\\\/wolfgroup.rktv.ee\\\/lt\\\/gamyklos\\\/\"},{\"@type\":\"ListItem\",\"position\":3,\"name\":\"Libatse\"}]},{\"@type\":\"WebSite\",\"@id\":\"https:\\\/\\\/wolfgroup.rktv.ee\\\/lt\\\/#website\",\"url\":\"https:\\\/\\\/wolfgroup.rktv.ee\\\/lt\\\/\",\"name\":\"Wolf Group Lithuania\",\"description\":\"construction chemistry products and solutions manufacturer\",\"publisher\":{\"@id\":\"https:\\\/\\\/wolfgroup.rktv.ee\\\/lt\\\/#organization\"},\"potentialAction\":[{\"@type\":\"SearchAction\",\"target\":{\"@type\":\"EntryPoint\",\"urlTemplate\":\"https:\\\/\\\/wolfgroup.rktv.ee\\\/lt\\\/?s={search_term_string}\"},\"query-input\":{\"@type\":\"PropertyValueSpecification\",\"valueRequired\":true,\"valueName\":\"search_term_string\"}}],\"inLanguage\":\"lt-LT\"},{\"@type\":\"Organization\",\"@id\":\"https:\\\/\\\/wolfgroup.rktv.ee\\\/lt\\\/#organization\",\"name\":\"Wolf Group\",\"url\":\"https:\\\/\\\/wolfgroup.rktv.ee\\\/lt\\\/\",\"logo\":{\"@type\":\"ImageObject\",\"inLanguage\":\"lt-LT\",\"@id\":\"https:\\\/\\\/wolfgroup.rktv.ee\\\/lt\\\/#\\\/schema\\\/logo\\\/image\\\/\",\"url\":\"https:\\\/\\\/wolfgroup.rktv.ee\\\/lt\\\/wp-content\\\/uploads\\\/sites\\\/12\\\/2022\\\/04\\\/wolfgroup-logo.svg\",\"contentUrl\":\"https:\\\/\\\/wolfgroup.rktv.ee\\\/lt\\\/wp-content\\\/uploads\\\/sites\\\/12\\\/2022\\\/04\\\/wolfgroup-logo.svg\",\"width\":155,\"height\":46,\"caption\":\"Wolf Group\"},\"image\":{\"@id\":\"https:\\\/\\\/wolfgroup.rktv.ee\\\/lt\\\/#\\\/schema\\\/logo\\\/image\\\/\"},\"legalName\":\"Wolf Group AS\",\"foundingDate\":\"1993\",\"numberOfEmployees\":{\"@type\":\"QuantitativeValue\",\"value\":900},\"knowsAbout\":[\"construction chemicals\",\"adhesives\",\"sealants\",\"thermal insulation\",\"waterproofing\"],\"contactPoint\":{\"@type\":\"ContactPoint\",\"contactType\":\"sales\",\"areaServed\":\"LT\",\"availableLanguage\":\"lt\"}}]}<\/script>\n<!-- \/ Yoast SEO plugin. -->","yoast_head_json":{"title":"Libatse - Wolf Group Lithuania","robots":{"index":"index","follow":"follow","max-snippet":"max-snippet:-1","max-image-preview":"max-image-preview:large","max-video-preview":"max-video-preview:-1"},"canonical":"https:\/\/wolfgroup.rktv.ee\/lt\/gamyklos\/libatse\/","og_locale":"lt_LT","og_type":"article","og_title":"Libatse - Wolf Group Lithuania","og_url":"https:\/\/wolfgroup.rktv.ee\/lt\/gamyklos\/libatse\/","og_site_name":"Wolf Group Lithuania","article_modified_time":"2025-03-18T10:07:12+00:00","twitter_card":"summary_large_image","schema":{"@context":"https:\/\/schema.org","@graph":[{"@type":"WebPage","@id":"https:\/\/wolfgroup.rktv.ee\/lt\/gamyklos\/libatse\/","url":"https:\/\/wolfgroup.rktv.ee\/lt\/gamyklos\/libatse\/","name":"Libatse - Wolf Group Lithuania","isPartOf":{"@id":"https:\/\/wolfgroup.rktv.ee\/lt\/#website"},"datePublished":"2024-02-08T11:54:22+00:00","dateModified":"2025-03-18T10:07:12+00:00","breadcrumb":{"@id":"https:\/\/wolfgroup.rktv.ee\/lt\/gamyklos\/libatse\/#breadcrumb"},"inLanguage":"lt-LT","potentialAction":[{"@type":"ReadAction","target":["https:\/\/wolfgroup.rktv.ee\/lt\/gamyklos\/libatse\/"]}]},{"@type":"BreadcrumbList","@id":"https:\/\/wolfgroup.rktv.ee\/lt\/gamyklos\/libatse\/#breadcrumb","itemListElement":[{"@type":"ListItem","position":1,"name":"Home","item":"https:\/\/wolfgroup.rktv.ee\/lt\/"},{"@type":"ListItem","position":2,"name":"Gamyklos","item":"https:\/\/wolfgroup.rktv.ee\/lt\/gamyklos\/"},{"@type":"ListItem","position":3,"name":"Libatse"}]},{"@type":"WebSite","@id":"https:\/\/wolfgroup.rktv.ee\/lt\/#website","url":"https:\/\/wolfgroup.rktv.ee\/lt\/","name":"Wolf Group Lithuania","description":"construction chemistry products and solutions manufacturer","publisher":{"@id":"https:\/\/wolfgroup.rktv.ee\/lt\/#organization"},"potentialAction":[{"@type":"SearchAction","target":{"@type":"EntryPoint","urlTemplate":"https:\/\/wolfgroup.rktv.ee\/lt\/?s={search_term_string}"},"query-input":{"@type":"PropertyValueSpecification","valueRequired":true,"valueName":"search_term_string"}}],"inLanguage":"lt-LT"},{"@type":"Organization","@id":"https:\/\/wolfgroup.rktv.ee\/lt\/#organization","name":"Wolf Group","url":"https:\/\/wolfgroup.rktv.ee\/lt\/","logo":{"@type":"ImageObject","inLanguage":"lt-LT","@id":"https:\/\/wolfgroup.rktv.ee\/lt\/#\/schema\/logo\/image\/","url":"https:\/\/wolfgroup.rktv.ee\/lt\/wp-content\/uploads\/sites\/12\/2022\/04\/wolfgroup-logo.svg","contentUrl":"https:\/\/wolfgroup.rktv.ee\/lt\/wp-content\/uploads\/sites\/12\/2022\/04\/wolfgroup-logo.svg","width":155,"height":46,"caption":"Wolf Group"},"image":{"@id":"https:\/\/wolfgroup.rktv.ee\/lt\/#\/schema\/logo\/image\/"},"legalName":"Wolf Group AS","foundingDate":"1993","numberOfEmployees":{"@type":"QuantitativeValue","value":900},"knowsAbout":["construction chemicals","adhesives","sealants","thermal insulation","waterproofing"],"contactPoint":{"@type":"ContactPoint","contactType":"sales","areaServed":"LT","availableLanguage":"lt"}}]}},"_links":{"self":[{"href":"https:\/\/wolfgroup.rktv.ee\/lt\/wp-json\/wp\/v2\/pages\/29989","targetHints":{"allow":["GET"]}}],"collection":[{"href":"https:\/\/wolfgroup.rktv.ee\/lt\/wp-json\/wp\/v2\/pages"}],"about":[{"href":"https:\/\/wolfgroup.rktv.ee\/lt\/wp-json\/wp\/v2\/types\/page"}],"author":[{"embeddable":true,"href":"https:\/\/wolfgroup.rktv.ee\/lt\/wp-json\/wp\/v2\/users\/2"}],"replies":[{"embeddable":true,"href":"https:\/\/wolfgroup.rktv.ee\/lt\/wp-json\/wp\/v2\/comments?post=29989"}],"version-history":[{"count":22,"href":"https:\/\/wolfgroup.rktv.ee\/lt\/wp-json\/wp\/v2\/pages\/29989\/revisions"}],"predecessor-version":[{"id":31535,"href":"https:\/\/wolfgroup.rktv.ee\/lt\/wp-json\/wp\/v2\/pages\/29989\/revisions\/31535"}],"up":[{"embeddable":true,"href":"https:\/\/wolfgroup.rktv.ee\/lt\/wp-json\/wp\/v2\/pages\/29394"}],"wp:attachment":[{"href":"https:\/\/wolfgroup.rktv.ee\/lt\/wp-json\/wp\/v2\/media?parent=29989"}],"curies":[{"name":"wp","href":"https:\/\/api.w.org\/{rel}","templated":true}]}}