{"id":28070,"date":"2022-07-08T10:27:57","date_gmt":"2022-07-08T07:27:57","guid":{"rendered":"https:\/\/wolfgroup.rktv.ee\/lv\/construction-articles\/"},"modified":"2024-04-21T16:36:05","modified_gmt":"2024-04-21T13:36:05","slug":"raksti","status":"publish","type":"page","link":"https:\/\/wolfgroup.rktv.ee\/lv\/raksti\/","title":{"rendered":"Raksti"},"content":{"rendered":"\n    <section id=\"construction-articles-block_0b95cc04e6c716ad0c40aac3096f09e5\" class=\"construction-articles-block\" data-hash=\"construction-articles-block_0b95cc04e6c716ad0c40aac3096f09e5\" aria-label=\"Construction articles\">\n        <div class=\"container\">\n            \n            <div class=\"row\">\n                                    \n                    <div class=\"col col-lg-4 col-sm-6 col-12\">\n                        <a class=\"item_wrap d-block\" href=\"https:\/\/wolfgroup.rktv.ee\/lv\/2024\/12\/10\/what-to-consider-when-applying-winter-foam\/\" aria-label=\"Kas j\u0101\u0146em v\u0113r\u0101, str\u0101d\u0101jot ar ziemas celtniec\u012bbas put\u0101m\">\n                            <div class=\"image_wrapper\">\n                                <div class=\"featured_img bg-center\" style=\"background-image: url(https:\/\/wolfgroup.rktv.ee\/lv\/wp-content\/uploads\/sites\/8\/2022\/05\/Sraw_winterfoam_PL.png);\" role=\"img\" aria-label=\"Kas j\u0101\u0146em v\u0113r\u0101, str\u0101d\u0101jot ar ziemas celtniec\u012bbas put\u0101m\"><\/div>\n                            <\/div>\n                            <h3>Kas j\u0101\u0146em v\u0113r\u0101, str\u0101d\u0101jot ar ziemas celtniec\u012bbas put\u0101m<\/h3>\n                        <\/a>\n                    <\/div>\n                                    \n                    <div class=\"col col-lg-4 col-sm-6 col-12\">\n                        <a class=\"item_wrap d-block\" href=\"https:\/\/wolfgroup.rktv.ee\/lv\/2022\/07\/05\/unprecedented-times-call-for-innovative-solutions\/\" aria-label=\"P\u0101rmai\u0146as b\u016bvniec\u012bbas nozar\u0113 \u2013 sare\u017e\u0123\u012bti laiki prasa inovat\u012bvus risin\u0101jumus!\">\n                            <div class=\"image_wrapper\">\n                                <div class=\"featured_img bg-center\" style=\"background-image: url(https:\/\/wolfgroup.rktv.ee\/lv\/wp-content\/uploads\/sites\/8\/2022\/07\/iStock-1181472050.jpg);\" role=\"img\" aria-label=\"P\u0101rmai\u0146as b\u016bvniec\u012bbas nozar\u0113 \u2013 sare\u017e\u0123\u012bti laiki prasa inovat\u012bvus risin\u0101jumus!\"><\/div>\n                            <\/div>\n                            <h3>P\u0101rmai\u0146as b\u016bvniec\u012bbas nozar\u0113 \u2013 sare\u017e\u0123\u012bti laiki prasa inovat\u012bvus risin\u0101jumus!<\/h3>\n                        <\/a>\n                    <\/div>\n                                    \n                    <div class=\"col col-lg-4 col-sm-6 col-12\">\n                        <a class=\"item_wrap d-block\" href=\"https:\/\/wolfgroup.rktv.ee\/lv\/2022\/05\/12\/silicone-a-true-ally-in-the-evolution-of-architecture\/\" aria-label=\"Silikons: patiess sabiedrotais arhitekt\u016bras att\u012bst\u012bb\u0101\">\n                            <div class=\"image_wrapper\">\n                                <div class=\"featured_img bg-center\" style=\"background-image: url(https:\/\/wolfgroup.rktv.ee\/lv\/wp-content\/uploads\/sites\/8\/2022\/05\/Terminal-1-of-the-Barcelona-El-Prat-Airport-in-Catalonia-Spain-scaled.jpg);\" role=\"img\" aria-label=\"Silikons: patiess sabiedrotais arhitekt\u016bras att\u012bst\u012bb\u0101\"><\/div>\n                            <\/div>\n                            <h3>Silikons: patiess sabiedrotais arhitekt\u016bras att\u012bst\u012bb\u0101<\/h3>\n                        <\/a>\n                    <\/div>\n                            <\/div>\n        <\/div>\n\n        \n                    <img decoding=\"async\" class=\"bg_elem no-lazy\" src=\"https:\/\/wolfgroup.rktv.ee\/lv\/wp-content\/themes\/wolfgroup\/images\/bg_elem.png\" width=\"2940\" height=\"2380\" alt=\"\" role=\"presentation\" \/>\n            <\/section>\n","protected":false},"excerpt":{"rendered":"","protected":false},"author":1,"featured_media":0,"parent":0,"menu_order":0,"comment_status":"closed","ping_status":"closed","template":"page-templates\/template-default-title.php","meta":{"_acf_changed":false,"footnotes":""},"class_list":["post-28070","page","type-page","status-publish","hentry"],"acf":[],"yoast_head":"<!-- This site is optimized with the Yoast SEO plugin v27.3 - https:\/\/yoast.com\/product\/yoast-seo-wordpress\/ -->\n<title>Raksti - Wolf Group Latvia<\/title>\n<meta name=\"robots\" content=\"noindex, follow, max-snippet:-1, max-image-preview:large, max-video-preview:-1\" \/>\n<meta property=\"og:locale\" content=\"lv_LV\" \/>\n<meta property=\"og:type\" content=\"article\" \/>\n<meta property=\"og:title\" content=\"Raksti - Wolf Group Latvia\" \/>\n<meta property=\"og:url\" content=\"https:\/\/wolfgroup.rktv.ee\/lv\/raksti\/\" \/>\n<meta property=\"og:site_name\" content=\"Wolf Group Latvia\" \/>\n<meta property=\"article:modified_time\" content=\"2024-04-21T13:36:05+00:00\" \/>\n<meta name=\"twitter:card\" content=\"summary_large_image\" \/>\n<script type=\"application\/ld+json\" class=\"yoast-schema-graph\">{\"@context\":\"https:\\\/\\\/schema.org\",\"@graph\":[{\"@type\":\"WebPage\",\"@id\":\"https:\\\/\\\/wolfgroup.rktv.ee\\\/lv\\\/raksti\\\/\",\"url\":\"https:\\\/\\\/wolfgroup.rktv.ee\\\/lv\\\/raksti\\\/\",\"name\":\"Raksti - Wolf Group Latvia\",\"isPartOf\":{\"@id\":\"https:\\\/\\\/wolfgroup.rktv.ee\\\/lv\\\/#website\"},\"datePublished\":\"2022-07-08T07:27:57+00:00\",\"dateModified\":\"2024-04-21T13:36:05+00:00\",\"breadcrumb\":{\"@id\":\"https:\\\/\\\/wolfgroup.rktv.ee\\\/lv\\\/raksti\\\/#breadcrumb\"},\"inLanguage\":\"lv-LV\",\"potentialAction\":[{\"@type\":\"ReadAction\",\"target\":[\"https:\\\/\\\/wolfgroup.rktv.ee\\\/lv\\\/raksti\\\/\"]}]},{\"@type\":\"BreadcrumbList\",\"@id\":\"https:\\\/\\\/wolfgroup.rktv.ee\\\/lv\\\/raksti\\\/#breadcrumb\",\"itemListElement\":[{\"@type\":\"ListItem\",\"position\":1,\"name\":\"Home\",\"item\":\"https:\\\/\\\/wolfgroup.rktv.ee\\\/lv\\\/\"},{\"@type\":\"ListItem\",\"position\":2,\"name\":\"Raksti\"}]},{\"@type\":\"WebSite\",\"@id\":\"https:\\\/\\\/wolfgroup.rktv.ee\\\/lv\\\/#website\",\"url\":\"https:\\\/\\\/wolfgroup.rktv.ee\\\/lv\\\/\",\"name\":\"Wolf Group Latvia\",\"description\":\"construction chemistry products and solutions manufacturer\",\"publisher\":{\"@id\":\"https:\\\/\\\/wolfgroup.rktv.ee\\\/lv\\\/#organization\"},\"potentialAction\":[{\"@type\":\"SearchAction\",\"target\":{\"@type\":\"EntryPoint\",\"urlTemplate\":\"https:\\\/\\\/wolfgroup.rktv.ee\\\/lv\\\/?s={search_term_string}\"},\"query-input\":{\"@type\":\"PropertyValueSpecification\",\"valueRequired\":true,\"valueName\":\"search_term_string\"}}],\"inLanguage\":\"lv-LV\"},{\"@type\":\"Organization\",\"@id\":\"https:\\\/\\\/wolfgroup.rktv.ee\\\/lv\\\/#organization\",\"name\":\"Wolf Group\",\"url\":\"https:\\\/\\\/wolfgroup.rktv.ee\\\/lv\\\/\",\"logo\":{\"@type\":\"ImageObject\",\"inLanguage\":\"lv-LV\",\"@id\":\"https:\\\/\\\/wolfgroup.rktv.ee\\\/lv\\\/#\\\/schema\\\/logo\\\/image\\\/\",\"url\":\"https:\\\/\\\/wolfgroup.rktv.ee\\\/lv\\\/wp-content\\\/uploads\\\/sites\\\/8\\\/2022\\\/04\\\/wolfgroup-logo.svg\",\"contentUrl\":\"https:\\\/\\\/wolfgroup.rktv.ee\\\/lv\\\/wp-content\\\/uploads\\\/sites\\\/8\\\/2022\\\/04\\\/wolfgroup-logo.svg\",\"width\":155,\"height\":46,\"caption\":\"Wolf Group\"},\"image\":{\"@id\":\"https:\\\/\\\/wolfgroup.rktv.ee\\\/lv\\\/#\\\/schema\\\/logo\\\/image\\\/\"},\"legalName\":\"Wolf Group AS\",\"foundingDate\":\"1993\",\"numberOfEmployees\":{\"@type\":\"QuantitativeValue\",\"value\":900},\"knowsAbout\":[\"construction chemicals\",\"adhesives\",\"sealants\",\"thermal insulation\",\"waterproofing\"],\"contactPoint\":{\"@type\":\"ContactPoint\",\"contactType\":\"sales\",\"areaServed\":\"LV\",\"availableLanguage\":\"lv\"}}]}<\/script>\n<!-- \/ Yoast SEO plugin. -->","yoast_head_json":{"title":"Raksti - Wolf Group Latvia","robots":{"index":"noindex","follow":"follow","max-snippet":"max-snippet:-1","max-image-preview":"max-image-preview:large","max-video-preview":"max-video-preview:-1"},"og_locale":"lv_LV","og_type":"article","og_title":"Raksti - Wolf Group Latvia","og_url":"https:\/\/wolfgroup.rktv.ee\/lv\/raksti\/","og_site_name":"Wolf Group Latvia","article_modified_time":"2024-04-21T13:36:05+00:00","twitter_card":"summary_large_image","schema":{"@context":"https:\/\/schema.org","@graph":[{"@type":"WebPage","@id":"https:\/\/wolfgroup.rktv.ee\/lv\/raksti\/","url":"https:\/\/wolfgroup.rktv.ee\/lv\/raksti\/","name":"Raksti - Wolf Group Latvia","isPartOf":{"@id":"https:\/\/wolfgroup.rktv.ee\/lv\/#website"},"datePublished":"2022-07-08T07:27:57+00:00","dateModified":"2024-04-21T13:36:05+00:00","breadcrumb":{"@id":"https:\/\/wolfgroup.rktv.ee\/lv\/raksti\/#breadcrumb"},"inLanguage":"lv-LV","potentialAction":[{"@type":"ReadAction","target":["https:\/\/wolfgroup.rktv.ee\/lv\/raksti\/"]}]},{"@type":"BreadcrumbList","@id":"https:\/\/wolfgroup.rktv.ee\/lv\/raksti\/#breadcrumb","itemListElement":[{"@type":"ListItem","position":1,"name":"Home","item":"https:\/\/wolfgroup.rktv.ee\/lv\/"},{"@type":"ListItem","position":2,"name":"Raksti"}]},{"@type":"WebSite","@id":"https:\/\/wolfgroup.rktv.ee\/lv\/#website","url":"https:\/\/wolfgroup.rktv.ee\/lv\/","name":"Wolf Group Latvia","description":"construction chemistry products and solutions manufacturer","publisher":{"@id":"https:\/\/wolfgroup.rktv.ee\/lv\/#organization"},"potentialAction":[{"@type":"SearchAction","target":{"@type":"EntryPoint","urlTemplate":"https:\/\/wolfgroup.rktv.ee\/lv\/?s={search_term_string}"},"query-input":{"@type":"PropertyValueSpecification","valueRequired":true,"valueName":"search_term_string"}}],"inLanguage":"lv-LV"},{"@type":"Organization","@id":"https:\/\/wolfgroup.rktv.ee\/lv\/#organization","name":"Wolf Group","url":"https:\/\/wolfgroup.rktv.ee\/lv\/","logo":{"@type":"ImageObject","inLanguage":"lv-LV","@id":"https:\/\/wolfgroup.rktv.ee\/lv\/#\/schema\/logo\/image\/","url":"https:\/\/wolfgroup.rktv.ee\/lv\/wp-content\/uploads\/sites\/8\/2022\/04\/wolfgroup-logo.svg","contentUrl":"https:\/\/wolfgroup.rktv.ee\/lv\/wp-content\/uploads\/sites\/8\/2022\/04\/wolfgroup-logo.svg","width":155,"height":46,"caption":"Wolf Group"},"image":{"@id":"https:\/\/wolfgroup.rktv.ee\/lv\/#\/schema\/logo\/image\/"},"legalName":"Wolf Group AS","foundingDate":"1993","numberOfEmployees":{"@type":"QuantitativeValue","value":900},"knowsAbout":["construction chemicals","adhesives","sealants","thermal insulation","waterproofing"],"contactPoint":{"@type":"ContactPoint","contactType":"sales","areaServed":"LV","availableLanguage":"lv"}}]}},"_links":{"self":[{"href":"https:\/\/wolfgroup.rktv.ee\/lv\/wp-json\/wp\/v2\/pages\/28070","targetHints":{"allow":["GET"]}}],"collection":[{"href":"https:\/\/wolfgroup.rktv.ee\/lv\/wp-json\/wp\/v2\/pages"}],"about":[{"href":"https:\/\/wolfgroup.rktv.ee\/lv\/wp-json\/wp\/v2\/types\/page"}],"author":[{"embeddable":true,"href":"https:\/\/wolfgroup.rktv.ee\/lv\/wp-json\/wp\/v2\/users\/1"}],"replies":[{"embeddable":true,"href":"https:\/\/wolfgroup.rktv.ee\/lv\/wp-json\/wp\/v2\/comments?post=28070"}],"version-history":[{"count":1,"href":"https:\/\/wolfgroup.rktv.ee\/lv\/wp-json\/wp\/v2\/pages\/28070\/revisions"}],"predecessor-version":[{"id":28944,"href":"https:\/\/wolfgroup.rktv.ee\/lv\/wp-json\/wp\/v2\/pages\/28070\/revisions\/28944"}],"wp:attachment":[{"href":"https:\/\/wolfgroup.rktv.ee\/lv\/wp-json\/wp\/v2\/media?parent=28070"}],"curies":[{"name":"wp","href":"https:\/\/api.w.org\/{rel}","templated":true}]}}