{"id":28078,"date":"2022-06-07T13:29:14","date_gmt":"2022-06-07T10:29:14","guid":{"rendered":"https:\/\/wolfgroup.rktv.ee\/lv\/about-us\/we-save-energy\/how-can-our-products-save-energy\/"},"modified":"2024-03-15T15:53:45","modified_gmt":"2024-03-15T12:53:45","slug":"how-can-our-products-save-energy","status":"publish","type":"page","link":"https:\/\/wolfgroup.rktv.ee\/lv\/par-mums\/we-save-energy\/how-can-our-products-save-energy\/","title":{"rendered":"K\u0101 m\u016bsu produkti var ietaup\u012bt ener\u0123iju?"},"content":{"rendered":"\n    <div id=\"wse-grid-block_136d31b9b7f2f2f9b8616d34ec087fdd\" class=\"wse-grid-block\">\n        <div class=\"container\">\n                            <div class=\"block_intro\">\n                    <h1>K\u0101 m\u016bsu produkti var ietaup\u012bt ener\u0123iju?<\/h1>\r\nM\u016bsu produkti veiksm\u012bgi risina vair\u0101kas \u0113ku hidrotermisk\u0101s probl\u0113mas: siltuma zudumus, herm\u0113tiskumu, iztur\u012bbu pret laikapst\u0101k\u013ciem, tvaika necaurlaid\u012bbu, termiskos tiltus, deform\u0101cijas un t\u0101d\u0113j\u0101di veicina energoefektivit\u0101ti.                <\/div>\n                                        <div class=\"grid reverse\" data-hash=\"pu-foams\">\n                                                                    <div class=\"grid_item row align-items-center\">\n                            <div class=\"col col-md-6 col-12\">\n                                <div class=\"content_container\">\n                                    <h4>PU putas<\/h4>\n<p><strong>Poliuret\u0101na (PU) putas ir paredz\u0113tas siltuma un ska\u0146as izol\u0101cijai, bl\u012bv\u0113\u0161anai un aizpild\u012b\u0161anai, k\u0101 ar\u012b herm\u0113tiskuma nodro\u0161in\u0101\u0161anai. Nekontrol\u0113tas gaisa nopl\u016bdes caur logu un durvju r\u0101mju savienojumiem, jumta konstrukcij\u0101m, spraug\u0101m un \u0101rsien\u0101m ir liel\u0101kais ener\u0123ijas iz\u0161\u0137\u0113rd\u0113t\u0101js \u0113k\u0101s.<\/strong><\/p>\n<p>Ener\u0123ijas zudumi noz\u012bm\u0113 papildu izmaksas par apkuri, un nevienm\u0113r\u012bga temperat\u016bra rada diskomfortu. Celtniec\u012bbas putas ir unik\u0101las ar sav\u0101m \u012bpa\u0161\u012bb\u0101m, jo papildus zemajai siltumvad\u012btsp\u0113jai, pareizi pielietotas, t\u0101s garant\u0113 herm\u0113tiskumu. Tas dod nep\u0101rprotamu priek\u0161roc\u012bbu \u0161uvju hermetiz\u0101cij\u0101, sal\u012bdzinot ar citiem klasiskajiem izol\u0101cijas materi\u0101liem.<\/p>\n<p>Wolf Group poliuret\u0101na putas ir p\u0101rbaud\u012btas Ift Rosenheim, V\u0101cij\u0101, lai noteiktu to herm\u0113tiskumu un ska\u0146as samazin\u0101\u0161anas indeksu. Komfortabls m\u0101joklis noz\u012bm\u0113 ne tikai energoefekt\u012bvu m\u0101ju, bet ar\u012b m\u0101ju, kur\u0101 ir nov\u0113rsts trok\u0161\u0146a pies\u0101r\u0146ojums no \u0101r\u0113j\u0101s vides un sasniegta vesel\u012bga iek\u0161telpu gaisa kvalit\u0101te.<\/p>\n<p>Saska\u0146\u0101 ar LCA anal\u012bzes datiem, no ra\u017eo\u0161anas l\u012bdz utiliz\u0101cijai viens kilograms PU putu rada aptuveni 5,5 kg oglek\u013ca dioks\u012bda. Tom\u0113r da\u017e\u0101di p\u0113t\u012bjumi liecina, ka 1 kg pareizi pielietotas PU izol\u0101cijas var ietaup\u012bt aptuveni 1000 kg CO2 \u0113kas ekspluat\u0101cijas laik\u0101. \u0160is skaitlis skaidri par\u0101da, cik liela ir PU putu izol\u0101cijas ietekme uz \u0113ku energotaup\u012bbu. M\u016bsu m\u0113r\u0137is ir nep\u0101rtraukti samazin\u0101t ra\u017eo\u0161anas un produktu ekolo\u0123isk\u0101s p\u0113das nospiedumu, lai ietaup\u012bt\u0101 un rad\u012bt\u0101 CO2 attiec\u012bba b\u016btu v\u0113l liel\u0101ka.<\/p>\n                                <\/div>\n                            <\/div>\n                            <div class=\"col col-md-6 col-12\">\n\t\t\t\t\t\t\t\t\t\t\t\t\t\t\t\t\t<div class=\"iframe_container\">\n                                        \t\t\t\t\t\t\t\t\t\t<iframe loading=\"lazy\" data-cookieconsent=\"necessary\"title=\"Wolf Group foams\" width=\"650\" height=\"366\" src=\"https:\/\/www.youtube.com\/embed\/-B_XOh0Uew0?feature=oembed\" frameborder=\"0\" allow=\"accelerometer; autoplay; clipboard-write; encrypted-media; gyroscope; picture-in-picture; web-share\" referrerpolicy=\"strict-origin-when-cross-origin\" allowfullscreen><\/iframe>\t\t\t\t\t\t\t\t\t<\/div>\n\t\t\t\t\t\t\t\t                            <\/div>\n                        <\/div>\n                                    <\/div>\n                    <\/div>\n    <\/div>\n\n\n\n    <div id=\"wse-grid-block_7bad1e3149ef309521a6671c83ab1177\" class=\"wse-grid-block\">\n        <div class=\"container\">\n                                        <div class=\"grid\" data-hash=\"sealants-and-adhesives\">\n                                                                    <div class=\"grid_item row align-items-center\">\n                            <div class=\"col col-md-6 col-12\">\n                                <div class=\"content_container\">\n                                    <p><strong>Herm\u0113ti\u0137i un l\u012bmes<\/strong><\/p>\n<p><strong>Herm\u0113ti\u0137i samazina gaisa nopl\u016bdes un nodro\u0161ina herm\u0113tiskas \u0161uves, uzlabo iztur\u012bbu pret laikapst\u0101k\u013ciem, aizsarg\u0101 pret mitrumu, kompens\u0113 \u0161uvju kust\u012bbas un nodro\u0161ina est\u0113tisku izskatu. Ar (laikapst\u0101k\u013cu) herm\u0113ti\u0137u pal\u012bdz\u012bbu ir iesp\u0113jams aizsarg\u0101t gan \u0101r\u0113j\u0101s, gan iek\u0161\u0113j\u0101s konstrukcijas.<\/strong><\/p>\n<p>Wolf Group ne tikai ra\u017eo materi\u0101lus, bet ar\u012b m\u0101ca cilv\u0113kus, k\u0101 tos pareizi lietot un uztur\u0113t. M\u0113s sniedzam pal\u012bdz\u012bgu roku un savas ekspertu zin\u0101\u0161anas celtniekiem, arhitektiem un dizaineriem, lai \u012bstenotu Wolf Group logu mont\u0101\u017eas, sanit\u0101ro telpu bl\u012bv\u0113jumu, pret laika apst\u0101k\u013ciem iztur\u012bgas hermetiz\u0101cijas un dekorat\u012bvos risin\u0101jumus.<\/p>\n<p>Past\u0101v daudz da\u017e\u0101du herm\u0113ti\u0137u un l\u012bmju veidu, ta\u010du no vesel\u012bbas un vides dro\u0161\u012bbas viedok\u013ca ir svar\u012bgi, lai herm\u0113ti\u0137i un l\u012bmes nesatur\u0113tu b\u012bstamus savienojumus un lai kop\u0113j\u0101 gaisto\u0161o organisko savienojumu (GOS) emisija b\u016btu p\u0113c iesp\u0113jas zem\u0101ka. Tuv\u0101ko tr\u012bs gadu laik\u0101 m\u0113s papla\u0161in\u0101sim savu kl\u0101stu ar produktiem ar zemu GOS saturu, lai saviem klientiem pied\u0101v\u0101tu divreiz vair\u0101k produktu, kas mar\u0137\u0113ti ar EC1+ sertifik\u0101tu. Wolf Group arvien vair\u0101k koncentr\u0113jas uz akrilu bez ftal\u0101tiem, silikonu bez MEKO, bez alvas katalizatora un citu produktu portfeli, lai apmierin\u0101tu pat\u0113r\u0113t\u0101ju v\u0113lmes p\u0113c dro\u0161\u0101kiem, videi draudz\u012bg\u0101kiem un energoefekt\u012bv\u0101kiem produktiem, pat ja to v\u0113l nepieprasa likums.<\/p>\n                                <\/div>\n                            <\/div>\n                            <div class=\"col col-md-6 col-12\">\n\t\t\t\t\t\t\t\t\t\t\t\t\t\t\t\t\t<div class=\"video_container\">\n\t\t\t\t\t\t\t\t\t\t<video src=\"https:\/\/wolfgroup.rktv.ee\/lv\/wp-content\/uploads\/sites\/8\/2022\/06\/Sealants_adhesives.mp4\" autoplay=\"\" muted=\"\" loop=\"\" playsinline=\"\"><\/video>\n\t\t\t\t\t\t\t\t\t<\/div>\n\t\t\t\t\t\t\t\t                            <\/div>\n                        <\/div>\n                                    <\/div>\n                    <\/div>\n    <\/div>\n\n\n\n    <div id=\"small-gallery-block_2d667cb3764ae257e195da055c62dcef\" class=\"small-gallery-block\">\n        <div class=\"container\">\n\t\t\t            <div class=\"small_gallery_images\">\n                <div class=\"small_gallery_outside_wrapper w100\">\n                    <div class=\"small_gallery_wrapper w100\">\n                        <div class=\"small-gallery\">\n                            <div class=\"swiper-wrapper\">\n                                                                                                        <div class=\"swiper-slide swiper-slide-active\">\n                                        <div class=\"slide_wrapper\">\n                                                                                        <div class=\"image bg-center w100\" style=\"background-image: url(https:\/\/wolfgroup.rktv.ee\/lv\/wp-content\/uploads\/sites\/8\/2022\/07\/how-our-products-save-energy-1.png);\" data-slide=\"0\"><\/div>\n                                        <\/div>\n                                    <\/div>\n                                                                                                        <div class=\"swiper-slide\">\n                                        <div class=\"slide_wrapper\">\n                                                                                        <div class=\"image bg-center w100\" style=\"background-image: url(https:\/\/wolfgroup.rktv.ee\/lv\/wp-content\/uploads\/sites\/8\/2022\/07\/how-our-products-save-energy-2.png);\" data-slide=\"1\"><\/div>\n                                        <\/div>\n                                    <\/div>\n                                                                                                        <div class=\"swiper-slide\">\n                                        <div class=\"slide_wrapper\">\n                                                                                        <div class=\"image bg-center w100\" style=\"background-image: url(https:\/\/wolfgroup.rktv.ee\/lv\/wp-content\/uploads\/sites\/8\/2022\/07\/how-our-products-save-energy-4.png);\" data-slide=\"2\"><\/div>\n                                        <\/div>\n                                    <\/div>\n                                                                                                        <div class=\"swiper-slide\">\n                                        <div class=\"slide_wrapper\">\n                                                                                        <div class=\"image bg-center w100\" style=\"background-image: url(https:\/\/wolfgroup.rktv.ee\/lv\/wp-content\/uploads\/sites\/8\/2022\/07\/how-our-products-save-energy-3.png);\" data-slide=\"3\"><\/div>\n                                        <\/div>\n                                    <\/div>\n                                                                                                        <div class=\"swiper-slide\">\n                                        <div class=\"slide_wrapper\">\n                                                                                        <div class=\"image bg-center w100\" style=\"background-image: url(https:\/\/wolfgroup.rktv.ee\/lv\/wp-content\/uploads\/sites\/8\/2022\/07\/how-our-products-save-energy-5.png);\" data-slide=\"4\"><\/div>\n                                        <\/div>\n                                    <\/div>\n                                                                                                        <div class=\"swiper-slide\">\n                                        <div class=\"slide_wrapper\">\n                                                                                        <div class=\"image bg-center w100\" style=\"background-image: url(https:\/\/wolfgroup.rktv.ee\/lv\/wp-content\/uploads\/sites\/8\/2022\/07\/how-our-products-save-energy-6.png);\" data-slide=\"5\"><\/div>\n                                        <\/div>\n                                    <\/div>\n                                                            <\/div>\n                        <\/div>\n                    <\/div>\n                    <img decoding=\"async\" class=\"swiper-button-prev\" src=\"https:\/\/wolfgroup.rktv.ee\/lv\/wp-content\/themes\/wolfgroup\/images\/slide_right_red.svg\" width=\"19\" height=\"36\" alt=\"\" \/>\n                    <img decoding=\"async\" class=\"swiper-button-next\" src=\"https:\/\/wolfgroup.rktv.ee\/lv\/wp-content\/themes\/wolfgroup\/images\/slide_right_red.svg\" width=\"19\" height=\"36\" alt=\"\" \/>\n                <\/div>\n            <\/div>\n        <\/div>\n        <div class=\"image_links d-none\">\n                                                                <a href=\"https:\/\/wolfgroup.rktv.ee\/lv\/wp-content\/uploads\/sites\/8\/2022\/07\/how-our-products-save-energy-1.png\" data-fancybox=\"gallery\" data-options='{\"loop\" : \"true\"}' data-slide=\"0\" data-caption=\"\"><\/a>\n                                                                                <a href=\"https:\/\/wolfgroup.rktv.ee\/lv\/wp-content\/uploads\/sites\/8\/2022\/07\/how-our-products-save-energy-2.png\" data-fancybox=\"gallery\" data-options='{\"loop\" : \"true\"}' data-slide=\"1\" data-caption=\"\"><\/a>\n                                                                                <a href=\"https:\/\/wolfgroup.rktv.ee\/lv\/wp-content\/uploads\/sites\/8\/2022\/07\/how-our-products-save-energy-4.png\" data-fancybox=\"gallery\" data-options='{\"loop\" : \"true\"}' data-slide=\"2\" data-caption=\"\"><\/a>\n                                                                                <a href=\"https:\/\/wolfgroup.rktv.ee\/lv\/wp-content\/uploads\/sites\/8\/2022\/07\/how-our-products-save-energy-3.png\" data-fancybox=\"gallery\" data-options='{\"loop\" : \"true\"}' data-slide=\"3\" data-caption=\"\"><\/a>\n                                                                                <a href=\"https:\/\/wolfgroup.rktv.ee\/lv\/wp-content\/uploads\/sites\/8\/2022\/07\/how-our-products-save-energy-5.png\" data-fancybox=\"gallery\" data-options='{\"loop\" : \"true\"}' data-slide=\"4\" data-caption=\"\"><\/a>\n                                                                                <a href=\"https:\/\/wolfgroup.rktv.ee\/lv\/wp-content\/uploads\/sites\/8\/2022\/07\/how-our-products-save-energy-6.png\" data-fancybox=\"gallery\" data-options='{\"loop\" : \"true\"}' data-slide=\"5\" data-caption=\"\"><\/a>\n                                    <\/div>\n        <img decoding=\"async\" class=\"bg_elem d-lg-block d-none no-lazy\" src=\"https:\/\/wolfgroup.rktv.ee\/lv\/wp-content\/themes\/wolfgroup\/images\/careers_bg_element.svg\" width=\"763\" height=\"618\" alt=\"\" \/>\n    <\/div>\n\n\n\n    <div id=\"wse-grid-block_32690fe92717059cc9c113a27bcb5e12\" class=\"wse-grid-block\">\n        <div class=\"container\">\n                                        <div class=\"grid reverse\" data-hash=\"membranes-and-coatings\">\n                                                                    <div class=\"grid_item row align-items-center\">\n                            <div class=\"col col-md-6 col-12\">\n                                <div class=\"content_container\">\n                                    <h4>Membr\u0101nas un p\u0101rkl\u0101jumi<\/h4>\n<p><strong>\u0112ku iek\u0161\u0113j\u0101s konstrukcijas ir j\u0101aizsarg\u0101 no p\u0101rm\u0113r\u012bga mitruma, lai rad\u012btu labu iek\u0161telpu klimatu, un j\u0101nodro\u0161ina, lai mitrums, kas non\u0101cis konstrukcij\u0101, var\u0113tu bez probl\u0113m\u0101m izk\u013c\u016bt.<\/strong><\/p>\n<p>Ja mitrums paliek iek\u0161\u0113j\u0101 konstrukcij\u0101, netiek nov\u0113rsta pel\u0113juma veido\u0161an\u0101s, \u016bdens s\u0101k sasalt un boj\u0101 sienu. Lai garant\u0113tu pareizu mitruma re\u017e\u012bmu \u0113kas konstrukcij\u0101, Wolf Group pied\u0101v\u0101 tvaiku barjeras lentes un mastikas, kas papildus mitruma regul\u0113\u0161anai darbojas ar\u012b k\u0101 sekund\u0101ra gaisa necaurlaid\u012bga sl\u0101\u0146a funkcija. Laba iek\u0161telpu gaisa kvalit\u0101te \u0113k\u0101s un konstrukcij\u0101s ir saist\u012bta ar cilv\u0113ku vesel\u012bbu un komfortu. Wolf Group pied\u0101v\u0101 hidroizol\u0101cijas risin\u0101jumus, gaisa un tvaika membr\u0101nas un logu l\u012bmlentes, kas veicina lab\u0101ku iek\u0161telpu gaisu.<\/p>\n<p>&nbsp;<\/p>\n                                <\/div>\n                            <\/div>\n                            <div class=\"col col-md-6 col-12\">\n\t\t\t\t\t\t\t\t\t\t\t\t\t\t\t\t\t<div class=\"iframe_container\">\n                                        \t\t\t\t\t\t\t\t\t\t<iframe loading=\"lazy\" data-cookieconsent=\"necessary\"title=\"Airtightness simulator\" width=\"650\" height=\"366\" src=\"https:\/\/www.youtube.com\/embed\/nT2io9GbGKk?feature=oembed\" frameborder=\"0\" allow=\"accelerometer; autoplay; clipboard-write; encrypted-media; gyroscope; picture-in-picture; web-share\" referrerpolicy=\"strict-origin-when-cross-origin\" allowfullscreen><\/iframe>\t\t\t\t\t\t\t\t\t<\/div>\n\t\t\t\t\t\t\t\t                            <\/div>\n                        <\/div>\n                                    <\/div>\n                    <\/div>\n    <\/div>\n","protected":false},"excerpt":{"rendered":"","protected":false},"author":1,"featured_media":0,"parent":28077,"menu_order":7,"comment_status":"closed","ping_status":"closed","template":"","meta":{"_acf_changed":false,"footnotes":""},"class_list":["post-28078","page","type-page","status-publish","hentry"],"acf":[],"yoast_head":"<!-- This site is optimized with the Yoast SEO plugin v27.3 - https:\/\/yoast.com\/product\/yoast-seo-wordpress\/ -->\n<title>K\u0101 m\u016bsu produkti var ietaup\u012bt ener\u0123iju? - Wolf Group Latvia<\/title>\n<meta name=\"robots\" content=\"noindex, follow, max-snippet:-1, max-image-preview:large, max-video-preview:-1\" \/>\n<meta property=\"og:locale\" content=\"lv_LV\" \/>\n<meta property=\"og:type\" content=\"article\" \/>\n<meta property=\"og:title\" content=\"K\u0101 m\u016bsu produkti var ietaup\u012bt ener\u0123iju? - Wolf Group Latvia\" \/>\n<meta property=\"og:url\" content=\"https:\/\/wolfgroup.rktv.ee\/lv\/par-mums\/we-save-energy\/how-can-our-products-save-energy\/\" \/>\n<meta property=\"og:site_name\" content=\"Wolf Group Latvia\" \/>\n<meta property=\"article:modified_time\" content=\"2024-03-15T12:53:45+00:00\" \/>\n<meta name=\"twitter:card\" content=\"summary_large_image\" \/>\n<script type=\"application\/ld+json\" class=\"yoast-schema-graph\">{\"@context\":\"https:\\\/\\\/schema.org\",\"@graph\":[{\"@type\":\"WebPage\",\"@id\":\"https:\\\/\\\/wolfgroup.rktv.ee\\\/lv\\\/par-mums\\\/we-save-energy\\\/how-can-our-products-save-energy\\\/\",\"url\":\"https:\\\/\\\/wolfgroup.rktv.ee\\\/lv\\\/par-mums\\\/we-save-energy\\\/how-can-our-products-save-energy\\\/\",\"name\":\"K\u0101 m\u016bsu produkti var ietaup\u012bt ener\u0123iju? - Wolf Group Latvia\",\"isPartOf\":{\"@id\":\"https:\\\/\\\/wolfgroup.rktv.ee\\\/lv\\\/#website\"},\"datePublished\":\"2022-06-07T10:29:14+00:00\",\"dateModified\":\"2024-03-15T12:53:45+00:00\",\"breadcrumb\":{\"@id\":\"https:\\\/\\\/wolfgroup.rktv.ee\\\/lv\\\/par-mums\\\/we-save-energy\\\/how-can-our-products-save-energy\\\/#breadcrumb\"},\"inLanguage\":\"lv-LV\",\"potentialAction\":[{\"@type\":\"ReadAction\",\"target\":[\"https:\\\/\\\/wolfgroup.rktv.ee\\\/lv\\\/par-mums\\\/we-save-energy\\\/how-can-our-products-save-energy\\\/\"]}]},{\"@type\":\"BreadcrumbList\",\"@id\":\"https:\\\/\\\/wolfgroup.rktv.ee\\\/lv\\\/par-mums\\\/we-save-energy\\\/how-can-our-products-save-energy\\\/#breadcrumb\",\"itemListElement\":[{\"@type\":\"ListItem\",\"position\":1,\"name\":\"Home\",\"item\":\"https:\\\/\\\/wolfgroup.rktv.ee\\\/lv\\\/\"},{\"@type\":\"ListItem\",\"position\":2,\"name\":\"Par mums\",\"item\":\"https:\\\/\\\/wolfgroup.rktv.ee\\\/lv\\\/par-mums\\\/\"},{\"@type\":\"ListItem\",\"position\":3,\"name\":\"We save energy\",\"item\":\"https:\\\/\\\/wolfgroup.rktv.ee\\\/lv\\\/par-mums\\\/we-save-energy\\\/\"},{\"@type\":\"ListItem\",\"position\":4,\"name\":\"K\u0101 m\u016bsu produkti var ietaup\u012bt ener\u0123iju?\"}]},{\"@type\":\"WebSite\",\"@id\":\"https:\\\/\\\/wolfgroup.rktv.ee\\\/lv\\\/#website\",\"url\":\"https:\\\/\\\/wolfgroup.rktv.ee\\\/lv\\\/\",\"name\":\"Wolf Group Latvia\",\"description\":\"construction chemistry products and solutions manufacturer\",\"publisher\":{\"@id\":\"https:\\\/\\\/wolfgroup.rktv.ee\\\/lv\\\/#organization\"},\"potentialAction\":[{\"@type\":\"SearchAction\",\"target\":{\"@type\":\"EntryPoint\",\"urlTemplate\":\"https:\\\/\\\/wolfgroup.rktv.ee\\\/lv\\\/?s={search_term_string}\"},\"query-input\":{\"@type\":\"PropertyValueSpecification\",\"valueRequired\":true,\"valueName\":\"search_term_string\"}}],\"inLanguage\":\"lv-LV\"},{\"@type\":\"Organization\",\"@id\":\"https:\\\/\\\/wolfgroup.rktv.ee\\\/lv\\\/#organization\",\"name\":\"Wolf Group\",\"url\":\"https:\\\/\\\/wolfgroup.rktv.ee\\\/lv\\\/\",\"logo\":{\"@type\":\"ImageObject\",\"inLanguage\":\"lv-LV\",\"@id\":\"https:\\\/\\\/wolfgroup.rktv.ee\\\/lv\\\/#\\\/schema\\\/logo\\\/image\\\/\",\"url\":\"https:\\\/\\\/wolfgroup.rktv.ee\\\/lv\\\/wp-content\\\/uploads\\\/sites\\\/8\\\/2022\\\/04\\\/wolfgroup-logo.svg\",\"contentUrl\":\"https:\\\/\\\/wolfgroup.rktv.ee\\\/lv\\\/wp-content\\\/uploads\\\/sites\\\/8\\\/2022\\\/04\\\/wolfgroup-logo.svg\",\"width\":155,\"height\":46,\"caption\":\"Wolf Group\"},\"image\":{\"@id\":\"https:\\\/\\\/wolfgroup.rktv.ee\\\/lv\\\/#\\\/schema\\\/logo\\\/image\\\/\"},\"legalName\":\"Wolf Group AS\",\"foundingDate\":\"1993\",\"numberOfEmployees\":{\"@type\":\"QuantitativeValue\",\"value\":900},\"knowsAbout\":[\"construction chemicals\",\"adhesives\",\"sealants\",\"thermal insulation\",\"waterproofing\"],\"contactPoint\":{\"@type\":\"ContactPoint\",\"contactType\":\"sales\",\"areaServed\":\"LV\",\"availableLanguage\":\"lv\"}}]}<\/script>\n<!-- \/ Yoast SEO plugin. -->","yoast_head_json":{"title":"K\u0101 m\u016bsu produkti var ietaup\u012bt ener\u0123iju? - Wolf Group Latvia","robots":{"index":"noindex","follow":"follow","max-snippet":"max-snippet:-1","max-image-preview":"max-image-preview:large","max-video-preview":"max-video-preview:-1"},"og_locale":"lv_LV","og_type":"article","og_title":"K\u0101 m\u016bsu produkti var ietaup\u012bt ener\u0123iju? - Wolf Group Latvia","og_url":"https:\/\/wolfgroup.rktv.ee\/lv\/par-mums\/we-save-energy\/how-can-our-products-save-energy\/","og_site_name":"Wolf Group Latvia","article_modified_time":"2024-03-15T12:53:45+00:00","twitter_card":"summary_large_image","schema":{"@context":"https:\/\/schema.org","@graph":[{"@type":"WebPage","@id":"https:\/\/wolfgroup.rktv.ee\/lv\/par-mums\/we-save-energy\/how-can-our-products-save-energy\/","url":"https:\/\/wolfgroup.rktv.ee\/lv\/par-mums\/we-save-energy\/how-can-our-products-save-energy\/","name":"K\u0101 m\u016bsu produkti var ietaup\u012bt ener\u0123iju? - Wolf Group Latvia","isPartOf":{"@id":"https:\/\/wolfgroup.rktv.ee\/lv\/#website"},"datePublished":"2022-06-07T10:29:14+00:00","dateModified":"2024-03-15T12:53:45+00:00","breadcrumb":{"@id":"https:\/\/wolfgroup.rktv.ee\/lv\/par-mums\/we-save-energy\/how-can-our-products-save-energy\/#breadcrumb"},"inLanguage":"lv-LV","potentialAction":[{"@type":"ReadAction","target":["https:\/\/wolfgroup.rktv.ee\/lv\/par-mums\/we-save-energy\/how-can-our-products-save-energy\/"]}]},{"@type":"BreadcrumbList","@id":"https:\/\/wolfgroup.rktv.ee\/lv\/par-mums\/we-save-energy\/how-can-our-products-save-energy\/#breadcrumb","itemListElement":[{"@type":"ListItem","position":1,"name":"Home","item":"https:\/\/wolfgroup.rktv.ee\/lv\/"},{"@type":"ListItem","position":2,"name":"Par mums","item":"https:\/\/wolfgroup.rktv.ee\/lv\/par-mums\/"},{"@type":"ListItem","position":3,"name":"We save energy","item":"https:\/\/wolfgroup.rktv.ee\/lv\/par-mums\/we-save-energy\/"},{"@type":"ListItem","position":4,"name":"K\u0101 m\u016bsu produkti var ietaup\u012bt ener\u0123iju?"}]},{"@type":"WebSite","@id":"https:\/\/wolfgroup.rktv.ee\/lv\/#website","url":"https:\/\/wolfgroup.rktv.ee\/lv\/","name":"Wolf Group Latvia","description":"construction chemistry products and solutions manufacturer","publisher":{"@id":"https:\/\/wolfgroup.rktv.ee\/lv\/#organization"},"potentialAction":[{"@type":"SearchAction","target":{"@type":"EntryPoint","urlTemplate":"https:\/\/wolfgroup.rktv.ee\/lv\/?s={search_term_string}"},"query-input":{"@type":"PropertyValueSpecification","valueRequired":true,"valueName":"search_term_string"}}],"inLanguage":"lv-LV"},{"@type":"Organization","@id":"https:\/\/wolfgroup.rktv.ee\/lv\/#organization","name":"Wolf Group","url":"https:\/\/wolfgroup.rktv.ee\/lv\/","logo":{"@type":"ImageObject","inLanguage":"lv-LV","@id":"https:\/\/wolfgroup.rktv.ee\/lv\/#\/schema\/logo\/image\/","url":"https:\/\/wolfgroup.rktv.ee\/lv\/wp-content\/uploads\/sites\/8\/2022\/04\/wolfgroup-logo.svg","contentUrl":"https:\/\/wolfgroup.rktv.ee\/lv\/wp-content\/uploads\/sites\/8\/2022\/04\/wolfgroup-logo.svg","width":155,"height":46,"caption":"Wolf Group"},"image":{"@id":"https:\/\/wolfgroup.rktv.ee\/lv\/#\/schema\/logo\/image\/"},"legalName":"Wolf Group AS","foundingDate":"1993","numberOfEmployees":{"@type":"QuantitativeValue","value":900},"knowsAbout":["construction chemicals","adhesives","sealants","thermal insulation","waterproofing"],"contactPoint":{"@type":"ContactPoint","contactType":"sales","areaServed":"LV","availableLanguage":"lv"}}]}},"_links":{"self":[{"href":"https:\/\/wolfgroup.rktv.ee\/lv\/wp-json\/wp\/v2\/pages\/28078","targetHints":{"allow":["GET"]}}],"collection":[{"href":"https:\/\/wolfgroup.rktv.ee\/lv\/wp-json\/wp\/v2\/pages"}],"about":[{"href":"https:\/\/wolfgroup.rktv.ee\/lv\/wp-json\/wp\/v2\/types\/page"}],"author":[{"embeddable":true,"href":"https:\/\/wolfgroup.rktv.ee\/lv\/wp-json\/wp\/v2\/users\/1"}],"replies":[{"embeddable":true,"href":"https:\/\/wolfgroup.rktv.ee\/lv\/wp-json\/wp\/v2\/comments?post=28078"}],"version-history":[{"count":4,"href":"https:\/\/wolfgroup.rktv.ee\/lv\/wp-json\/wp\/v2\/pages\/28078\/revisions"}],"predecessor-version":[{"id":29000,"href":"https:\/\/wolfgroup.rktv.ee\/lv\/wp-json\/wp\/v2\/pages\/28078\/revisions\/29000"}],"up":[{"embeddable":true,"href":"https:\/\/wolfgroup.rktv.ee\/lv\/wp-json\/wp\/v2\/pages\/28077"}],"wp:attachment":[{"href":"https:\/\/wolfgroup.rktv.ee\/lv\/wp-json\/wp\/v2\/media?parent=28078"}],"curies":[{"name":"wp","href":"https:\/\/api.w.org\/{rel}","templated":true}]}}