{"id":28083,"date":"2022-04-08T15:18:37","date_gmt":"2022-04-08T12:18:37","guid":{"rendered":"https:\/\/wolfgroup.rktv.ee\/lv\/about-us\/we-save-energy\/renewable-energy\/"},"modified":"2024-04-21T15:13:57","modified_gmt":"2024-04-21T12:13:57","slug":"renewable-energy","status":"publish","type":"page","link":"https:\/\/wolfgroup.rktv.ee\/lv\/par-mums\/we-save-energy\/renewable-energy\/","title":{"rendered":"Atjaunojama ener\u0123ija"},"content":{"rendered":"\n    <div id=\"wse-grid-block_fcc08e9126b346a2b9b0af803488ce16\" class=\"wse-grid-block\">\n        <div class=\"container\">\n                            <div class=\"block_intro\">\n                    <h2 style=\"text-align: center;\"><strong>M\u0113s samazin\u0101m savu ra\u017eo\u0161anas procesu ietekmi.<\/strong> <strong>Jau tagad 100 % elektroener\u0123ijas m\u016bsu ra\u017eotn\u0113m Tallin\u0101 un Gav\u0101 tiek sara\u017eoti no atjaunojamiem avotiem.<\/strong> <strong>M\u016bsu m\u0113r\u0137is ir l\u012bdz 2030. gadam vis\u0101s m\u016bsu ra\u017eotn\u0113s 100 % p\u0101riet uz za\u013co ener\u0123iju.<\/strong><\/h2>                <\/div>\n                                        <div class=\"grid\">\n                                                                    <div class=\"grid_item row align-items-center\">\n                            <div class=\"col col-md-6 col-12\">\n                                <div class=\"content_container\">\n                                    <p>Esam izvirz\u012bju\u0161i m\u0113r\u0137i, ka m\u016bsu darb\u012bb\u0101 ir j\u0101iev\u0113ro videi draudz\u012bgas izv\u0113les, izmantojot maz\u0101k ener\u0123ijas, kas ieg\u016bta no fosil\u0101 kurin\u0101m\u0101, un vair\u0101k izmantojot atjaunojamos energoresursus.<\/p>\n<p>Wolf Group ra\u017eotn\u0113s Tallin\u0101 un Barselon\u0101 kop\u0161 2021. gada gan birojos, gan r\u016bpn\u012bc\u0101s izmantojam 100 % za\u013co elektroener\u0123iju, kas ieg\u016bta no saules un v\u0113ja ener\u0123ijas. Ieg\u0101d\u0101joties <a href=\"https:\/\/wolfgroup.rktv.ee\/lv\/wp-content\/uploads\/sites\/8\/2022\/08\/CancellationStatement_Wolf-Group-ENG-I.pdf\">za\u013co sertifik\u0101tu<\/a>, m\u0113s veicin\u0101m saules ener\u0123ijas fermu b\u016bvniec\u012bbu un neskartu me\u017eu saglab\u0101\u0161anu. M\u0113s neizmantojam elektroener\u0123iju, kas ieg\u016bta, sadedzinot biomasu vai koksnes atkritumus.<\/p>\n<p>Elektroener\u0123ija veido 70-75 % no m\u016bsu ener\u0123ijas pat\u0113ri\u0146a. No 2018. l\u012bdz 2019. gadam m\u0113s nomain\u012bj\u0101m visu apgaismojumu pret LED gaismas diod\u0113m: tas vien samazin\u0101ja m\u016bsu elektroener\u0123ijas pat\u0113ri\u0146u par 18 %.<\/p>\n<p>L\u012bdz 2030. gadam m\u0113s v\u0113lamies p\u0101riet uz za\u013co g\u0101zi. Noz\u012bm\u012bgs solis energoefektivit\u0101tes virzien\u0101 notika pirms \u010detriem gadiem, kad p\u0101rb\u016bv\u0113j\u0101m apkures sist\u0113mu Wolf Group ra\u017eotn\u0113 Tallin\u0101, k\u0101 rezult\u0101t\u0101 m\u0113s samazin\u0101j\u0101m <sub>CO2<\/sub> emisijas par 40 %.<\/p>\n                                <\/div>\n                            <\/div>\n                            <div class=\"col col-md-6 col-12\">\n\t\t\t\t\t\t\t\t\t\t\t\t\t\t\t\t\t<div class=\"video_container\">\n\t\t\t\t\t\t\t\t\t\t<video src=\"https:\/\/wolfgroup.rktv.ee\/lv\/wp-content\/uploads\/sites\/8\/2022\/07\/drone.mov\" autoplay=\"\" muted=\"\" loop=\"\" playsinline=\"\"><\/video>\n\t\t\t\t\t\t\t\t\t<\/div>\n\t\t\t\t\t\t\t\t                            <\/div>\n                        <\/div>\n                                    <\/div>\n                    <\/div>\n    <\/div>\n","protected":false},"excerpt":{"rendered":"","protected":false},"author":1,"featured_media":0,"parent":28077,"menu_order":11,"comment_status":"closed","ping_status":"closed","template":"page-templates\/template-wse.php","meta":{"_acf_changed":false,"footnotes":""},"class_list":["post-28083","page","type-page","status-publish","hentry"],"acf":[],"yoast_head":"<!-- This site is optimized with the Yoast SEO plugin v27.3 - https:\/\/yoast.com\/product\/yoast-seo-wordpress\/ -->\n<title>Atjaunojama ener\u0123ija - Wolf Group Latvia<\/title>\n<meta name=\"robots\" content=\"noindex, follow, max-snippet:-1, max-image-preview:large, max-video-preview:-1\" \/>\n<meta property=\"og:locale\" content=\"lv_LV\" \/>\n<meta property=\"og:type\" content=\"article\" \/>\n<meta property=\"og:title\" content=\"Atjaunojama ener\u0123ija - Wolf Group Latvia\" \/>\n<meta property=\"og:url\" content=\"https:\/\/wolfgroup.rktv.ee\/lv\/par-mums\/we-save-energy\/renewable-energy\/\" \/>\n<meta property=\"og:site_name\" content=\"Wolf Group Latvia\" \/>\n<meta property=\"article:modified_time\" content=\"2024-04-21T12:13:57+00:00\" \/>\n<meta name=\"twitter:card\" content=\"summary_large_image\" \/>\n<script type=\"application\/ld+json\" class=\"yoast-schema-graph\">{\"@context\":\"https:\\\/\\\/schema.org\",\"@graph\":[{\"@type\":\"WebPage\",\"@id\":\"https:\\\/\\\/wolfgroup.rktv.ee\\\/lv\\\/par-mums\\\/we-save-energy\\\/renewable-energy\\\/\",\"url\":\"https:\\\/\\\/wolfgroup.rktv.ee\\\/lv\\\/par-mums\\\/we-save-energy\\\/renewable-energy\\\/\",\"name\":\"Atjaunojama ener\u0123ija - Wolf Group Latvia\",\"isPartOf\":{\"@id\":\"https:\\\/\\\/wolfgroup.rktv.ee\\\/lv\\\/#website\"},\"datePublished\":\"2022-04-08T12:18:37+00:00\",\"dateModified\":\"2024-04-21T12:13:57+00:00\",\"breadcrumb\":{\"@id\":\"https:\\\/\\\/wolfgroup.rktv.ee\\\/lv\\\/par-mums\\\/we-save-energy\\\/renewable-energy\\\/#breadcrumb\"},\"inLanguage\":\"lv-LV\",\"potentialAction\":[{\"@type\":\"ReadAction\",\"target\":[\"https:\\\/\\\/wolfgroup.rktv.ee\\\/lv\\\/par-mums\\\/we-save-energy\\\/renewable-energy\\\/\"]}]},{\"@type\":\"BreadcrumbList\",\"@id\":\"https:\\\/\\\/wolfgroup.rktv.ee\\\/lv\\\/par-mums\\\/we-save-energy\\\/renewable-energy\\\/#breadcrumb\",\"itemListElement\":[{\"@type\":\"ListItem\",\"position\":1,\"name\":\"Home\",\"item\":\"https:\\\/\\\/wolfgroup.rktv.ee\\\/lv\\\/\"},{\"@type\":\"ListItem\",\"position\":2,\"name\":\"Par mums\",\"item\":\"https:\\\/\\\/wolfgroup.rktv.ee\\\/lv\\\/par-mums\\\/\"},{\"@type\":\"ListItem\",\"position\":3,\"name\":\"We save energy\",\"item\":\"https:\\\/\\\/wolfgroup.rktv.ee\\\/lv\\\/par-mums\\\/we-save-energy\\\/\"},{\"@type\":\"ListItem\",\"position\":4,\"name\":\"Atjaunojama ener\u0123ija\"}]},{\"@type\":\"WebSite\",\"@id\":\"https:\\\/\\\/wolfgroup.rktv.ee\\\/lv\\\/#website\",\"url\":\"https:\\\/\\\/wolfgroup.rktv.ee\\\/lv\\\/\",\"name\":\"Wolf Group Latvia\",\"description\":\"construction chemistry products and solutions manufacturer\",\"publisher\":{\"@id\":\"https:\\\/\\\/wolfgroup.rktv.ee\\\/lv\\\/#organization\"},\"potentialAction\":[{\"@type\":\"SearchAction\",\"target\":{\"@type\":\"EntryPoint\",\"urlTemplate\":\"https:\\\/\\\/wolfgroup.rktv.ee\\\/lv\\\/?s={search_term_string}\"},\"query-input\":{\"@type\":\"PropertyValueSpecification\",\"valueRequired\":true,\"valueName\":\"search_term_string\"}}],\"inLanguage\":\"lv-LV\"},{\"@type\":\"Organization\",\"@id\":\"https:\\\/\\\/wolfgroup.rktv.ee\\\/lv\\\/#organization\",\"name\":\"Wolf Group\",\"url\":\"https:\\\/\\\/wolfgroup.rktv.ee\\\/lv\\\/\",\"logo\":{\"@type\":\"ImageObject\",\"inLanguage\":\"lv-LV\",\"@id\":\"https:\\\/\\\/wolfgroup.rktv.ee\\\/lv\\\/#\\\/schema\\\/logo\\\/image\\\/\",\"url\":\"https:\\\/\\\/wolfgroup.rktv.ee\\\/lv\\\/wp-content\\\/uploads\\\/sites\\\/8\\\/2022\\\/04\\\/wolfgroup-logo.svg\",\"contentUrl\":\"https:\\\/\\\/wolfgroup.rktv.ee\\\/lv\\\/wp-content\\\/uploads\\\/sites\\\/8\\\/2022\\\/04\\\/wolfgroup-logo.svg\",\"width\":155,\"height\":46,\"caption\":\"Wolf Group\"},\"image\":{\"@id\":\"https:\\\/\\\/wolfgroup.rktv.ee\\\/lv\\\/#\\\/schema\\\/logo\\\/image\\\/\"},\"legalName\":\"Wolf Group AS\",\"foundingDate\":\"1993\",\"numberOfEmployees\":{\"@type\":\"QuantitativeValue\",\"value\":900},\"knowsAbout\":[\"construction chemicals\",\"adhesives\",\"sealants\",\"thermal insulation\",\"waterproofing\"],\"contactPoint\":{\"@type\":\"ContactPoint\",\"contactType\":\"sales\",\"areaServed\":\"LV\",\"availableLanguage\":\"lv\"}}]}<\/script>\n<!-- \/ Yoast SEO plugin. -->","yoast_head_json":{"title":"Atjaunojama ener\u0123ija - Wolf Group Latvia","robots":{"index":"noindex","follow":"follow","max-snippet":"max-snippet:-1","max-image-preview":"max-image-preview:large","max-video-preview":"max-video-preview:-1"},"og_locale":"lv_LV","og_type":"article","og_title":"Atjaunojama ener\u0123ija - Wolf Group Latvia","og_url":"https:\/\/wolfgroup.rktv.ee\/lv\/par-mums\/we-save-energy\/renewable-energy\/","og_site_name":"Wolf Group Latvia","article_modified_time":"2024-04-21T12:13:57+00:00","twitter_card":"summary_large_image","schema":{"@context":"https:\/\/schema.org","@graph":[{"@type":"WebPage","@id":"https:\/\/wolfgroup.rktv.ee\/lv\/par-mums\/we-save-energy\/renewable-energy\/","url":"https:\/\/wolfgroup.rktv.ee\/lv\/par-mums\/we-save-energy\/renewable-energy\/","name":"Atjaunojama ener\u0123ija - Wolf Group Latvia","isPartOf":{"@id":"https:\/\/wolfgroup.rktv.ee\/lv\/#website"},"datePublished":"2022-04-08T12:18:37+00:00","dateModified":"2024-04-21T12:13:57+00:00","breadcrumb":{"@id":"https:\/\/wolfgroup.rktv.ee\/lv\/par-mums\/we-save-energy\/renewable-energy\/#breadcrumb"},"inLanguage":"lv-LV","potentialAction":[{"@type":"ReadAction","target":["https:\/\/wolfgroup.rktv.ee\/lv\/par-mums\/we-save-energy\/renewable-energy\/"]}]},{"@type":"BreadcrumbList","@id":"https:\/\/wolfgroup.rktv.ee\/lv\/par-mums\/we-save-energy\/renewable-energy\/#breadcrumb","itemListElement":[{"@type":"ListItem","position":1,"name":"Home","item":"https:\/\/wolfgroup.rktv.ee\/lv\/"},{"@type":"ListItem","position":2,"name":"Par mums","item":"https:\/\/wolfgroup.rktv.ee\/lv\/par-mums\/"},{"@type":"ListItem","position":3,"name":"We save energy","item":"https:\/\/wolfgroup.rktv.ee\/lv\/par-mums\/we-save-energy\/"},{"@type":"ListItem","position":4,"name":"Atjaunojama ener\u0123ija"}]},{"@type":"WebSite","@id":"https:\/\/wolfgroup.rktv.ee\/lv\/#website","url":"https:\/\/wolfgroup.rktv.ee\/lv\/","name":"Wolf Group Latvia","description":"construction chemistry products and solutions manufacturer","publisher":{"@id":"https:\/\/wolfgroup.rktv.ee\/lv\/#organization"},"potentialAction":[{"@type":"SearchAction","target":{"@type":"EntryPoint","urlTemplate":"https:\/\/wolfgroup.rktv.ee\/lv\/?s={search_term_string}"},"query-input":{"@type":"PropertyValueSpecification","valueRequired":true,"valueName":"search_term_string"}}],"inLanguage":"lv-LV"},{"@type":"Organization","@id":"https:\/\/wolfgroup.rktv.ee\/lv\/#organization","name":"Wolf Group","url":"https:\/\/wolfgroup.rktv.ee\/lv\/","logo":{"@type":"ImageObject","inLanguage":"lv-LV","@id":"https:\/\/wolfgroup.rktv.ee\/lv\/#\/schema\/logo\/image\/","url":"https:\/\/wolfgroup.rktv.ee\/lv\/wp-content\/uploads\/sites\/8\/2022\/04\/wolfgroup-logo.svg","contentUrl":"https:\/\/wolfgroup.rktv.ee\/lv\/wp-content\/uploads\/sites\/8\/2022\/04\/wolfgroup-logo.svg","width":155,"height":46,"caption":"Wolf Group"},"image":{"@id":"https:\/\/wolfgroup.rktv.ee\/lv\/#\/schema\/logo\/image\/"},"legalName":"Wolf Group AS","foundingDate":"1993","numberOfEmployees":{"@type":"QuantitativeValue","value":900},"knowsAbout":["construction chemicals","adhesives","sealants","thermal insulation","waterproofing"],"contactPoint":{"@type":"ContactPoint","contactType":"sales","areaServed":"LV","availableLanguage":"lv"}}]}},"_links":{"self":[{"href":"https:\/\/wolfgroup.rktv.ee\/lv\/wp-json\/wp\/v2\/pages\/28083","targetHints":{"allow":["GET"]}}],"collection":[{"href":"https:\/\/wolfgroup.rktv.ee\/lv\/wp-json\/wp\/v2\/pages"}],"about":[{"href":"https:\/\/wolfgroup.rktv.ee\/lv\/wp-json\/wp\/v2\/types\/page"}],"author":[{"embeddable":true,"href":"https:\/\/wolfgroup.rktv.ee\/lv\/wp-json\/wp\/v2\/users\/1"}],"replies":[{"embeddable":true,"href":"https:\/\/wolfgroup.rktv.ee\/lv\/wp-json\/wp\/v2\/comments?post=28083"}],"version-history":[{"count":4,"href":"https:\/\/wolfgroup.rktv.ee\/lv\/wp-json\/wp\/v2\/pages\/28083\/revisions"}],"predecessor-version":[{"id":29114,"href":"https:\/\/wolfgroup.rktv.ee\/lv\/wp-json\/wp\/v2\/pages\/28083\/revisions\/29114"}],"up":[{"embeddable":true,"href":"https:\/\/wolfgroup.rktv.ee\/lv\/wp-json\/wp\/v2\/pages\/28077"}],"wp:attachment":[{"href":"https:\/\/wolfgroup.rktv.ee\/lv\/wp-json\/wp\/v2\/media?parent=28083"}],"curies":[{"name":"wp","href":"https:\/\/api.w.org\/{rel}","templated":true}]}}