{"id":28089,"date":"2022-04-06T11:55:14","date_gmt":"2022-04-06T08:55:14","guid":{"rendered":"https:\/\/wolfgroup.rktv.ee\/lv\/production\/tallinn\/"},"modified":"2025-03-14T10:48:25","modified_gmt":"2025-03-14T07:48:25","slug":"tallina","status":"publish","type":"page","link":"https:\/\/wolfgroup.rktv.ee\/lv\/razosana\/tallina\/","title":{"rendered":"Tallina"},"content":{"rendered":"\n    <section id=\"production-intro-block_b57bf207eb754a298e11cd5e695ef4a5\" class=\"production-intro-block\" aria-label=\"Production introduction\">\n        <div class=\"container\">\n            <div class=\"row align-items-center flex-md-nowrap\">\n                <div class=\"col col-12\">\n                                            <div class=\"intro\">\n                            <div class=\"row align-items-center flex-lg-nowrap\">\n                                <div class=\"col-12 col-lg-5 text-wrap\">\n                                    <h1>Wolf Group O\u00dc, Tallina<\/h1>\n<p>Wolf Group O\u00dc ir vado\u0161s, starptautiski atz\u012bts celtniec\u012bbas poliuret\u0101na putu, herm\u0113ti\u0137u, l\u012bmju, virsmas apstr\u0101des un betona piedevu izstr\u0101d\u0101t\u0101js un ra\u017eot\u0101js. Uz\u0146\u0113mums tika dibin\u0101ts 1994. gad\u0101 un uzs\u0101ka ra\u017eo\u0161anas darb\u012bbu 1998. gad\u0101. \u0160obr\u012bd ra\u017eotne Tallin\u0101 ir viena no trim liel\u0101kaj\u0101m Eirop\u0101.<\/p>\n                                <\/div>\n\n                                <div class=\"col-12 col-lg-7 media-wrap\">\n                                    <div class=\"media\" aria-hidden=\"true\">\n                                                                                    <img decoding=\"async\" class=\"no-lazy\" src=\"https:\/\/wolfgroup.rktv.ee\/lv\/wp-content\/uploads\/sites\/8\/2022\/06\/Tallinn.jpg\" width=\"2000\" height=\"1125\" alt=\"\" \/>\n                                                                            <\/div>\n                                <\/div>\n                            <\/div>\n\n                                                            <ul>\n<li>Wolf Group galven\u0101 m\u012btne<\/li>\n<li>R&amp;D (p\u0113tniec\u012bba un izstr\u0101de) un inov\u0101ciju centrs<\/li>\n<li>Produktu mened\u017ements un tehnisk\u0101s konsult\u0101cijas<\/li>\n<li>\u0100trs un elat\u012bgs klientu serviss<\/li>\n<li>Automatiz\u0113ti un digitaliz\u0113ti procesi, ieskaitot p\u0101rdo\u0161anu, ra\u017eo\u0161anu un lo\u0123istiku<\/li>\n<li>Glob\u0101la pieredze PU putu, herm\u0113ti\u0137u, l\u012bmju, membr\u0101nu un p\u0101rkl\u0101jumu ra\u017eo\u0161an\u0101 un izstr\u0101de<\/li>\n<li>Iek\u0161\u0113j\u0101 plastmasas ra\u017eo\u0161ana adapteriem, salmi\u0146iem, v\u0101ci\u0146iem un citiem Wolf Group produktiem pievienotaj\u0101m deta\u013c\u0101m<\/li>\n<li>Patent\u0113tu instrumentu ra\u017eo\u0161ana: putu pistoles aplikators, izsmidzin\u0101\u0161anas uzgalis un l\u0101psti\u0146a (\u0161p\u0101tele)<\/li>\n<li>Gatav\u012bba ra\u017eot 1200 putu un 900 herm\u0113ti\u0137u veidus gad\u0101, ar\u012b ar specializ\u0113tu un\u00a0 sare\u017e\u0123\u012btu saturu<\/li>\n<li>Ekstens\u012bva ra\u017eo\u0161anas kapacit\u0101te<\/li>\n<\/ul>\n                                                    <\/div>\n                    \n                                            <nav class=\"buttons d-flex flex-md-row flex-column align-items-md-center align-items-start justify-content-start\" aria-label=\"Page actions\">\n                                                                                                                                    <a class=\"btn\" href=\"#contact\" target=\"\" rel=\"noopener noreferrer\">Sazinieties ar mums<\/a>\n                                                            \n                                                    <\/nav>\n                                    <\/div>\n            <\/div>\n        <\/div>\n        <img decoding=\"async\" class=\"bg_elem no-lazy\" src=\"https:\/\/wolfgroup.rktv.ee\/lv\/wp-content\/themes\/wolfgroup\/images\/bg_elem.png\" width=\"2940\" height=\"2380\" alt=\"\" role=\"presentation\" \/>\n    <\/section>\n\n\n\n    <div id=\"production-content-block_9010fa0bae766ebf99e9003f27d7a11a\" class=\"production-content-block\">\n        <div class=\"inside_wrap grey_bg\">\n            <div class=\"container\">\n                <div class=\"row align-items-center flex-md-nowrap\">\n                    <div class=\"content col col-12\">\n                                                    <h2>Kvalit\u0101te un vide<\/h2>\n<h4>ISO vad\u012bbas sist\u0113mas<\/h4>\n<p>Wolf Group O\u00dc vad\u012bbas sist\u0113ma atbilst kvalit\u0101tes vad\u012bbas standarta ISO 9001:2015, vides vad\u012bbas standarta ISO 14001:2015 un vesel\u012bbas un dro\u0161\u012bbas vad\u012bbas standarta 45001:2015 pras\u012bb\u0101m.<\/p>\n<p>Uz\u0146\u0113mumam ir pie\u0161\u0137irti \u0161ekojo\u0161i sertifik\u0101ti:<br \/>\n<a href=\"https:\/\/wolfgroup.rktv.ee\/wp-content\/uploads\/2024\/07\/9001-ENG.pdf\">ISO 9001:2015 Wolf Group O\u00dc<\/a><br \/>\n<a href=\"https:\/\/wolfgroup.rktv.ee\/wp-content\/uploads\/2024\/07\/14001-ENG.pdf\" target=\"_blank\" rel=\"noopener\">ISO 14001:2015 Wolf Group O\u00dc<\/a><br \/>\n<a href=\"https:\/\/wolfgroup.rktv.ee\/wp-content\/uploads\/2024\/07\/45001-ENG.pdf\">ISO 45001:2015 Wolf Group O\u00dc<\/a><\/p>\n<h4>Vides principi<\/h4>\n<ul>\n<li>M\u0113s periodiski nov\u0113rt\u0113jam vides aspektus, lai atkl\u0101tu, samazin\u0101tu un nov\u0113rstu pies\u0101r\u0146ojuma riskus.<\/li>\n<li>M\u0113s str\u0101d\u0101jam ar saviem sadarb\u012bbas partneriem un pieg\u0101d\u0101t\u0101jiem, lai nodro\u0161in\u0101tu vides ilgtsp\u0113ju.<\/li>\n<li>M\u0113s past\u0101v\u012bgi uzraug\u0101m savu dabas resursu pat\u0113ri\u0146u un cen\u0161amies to samazin\u0101t.<\/li>\n<li>M\u016bsu produkti tiek izstr\u0101d\u0101ti un ra\u017eoti videi draudz\u012bg\u0101 veid\u0101, un m\u016bsu procesi atbilst ties\u012bbu aktos noteiktaj\u0101m pras\u012bb\u0101m.<\/li>\n<li>M\u0113s nodro\u0161in\u0101m, ka visi m\u016bsu darbinieki ir inform\u0113ti par m\u016bsu pie\u0146emtaj\u0101m atkritumu apsaimnieko\u0161anas strat\u0113\u0123ij\u0101m, kas ietver ra\u017eo\u0161anas atkritumu samazin\u0101\u0161anu, \u0161\u0137iro\u0161anu un p\u0101rstr\u0101di.<\/li>\n<\/ul>\n<h4>Kvalit\u0101tes principi<\/h4>\n<ul>\n<li>M\u0113s saviem klientiem pied\u0101v\u0101jam augstas kvalit\u0101tes produktus un uzticamus risin\u0101jumus ar pievienoto v\u0113rt\u012bbu. M\u016bsu produkti atbilst normat\u012bvo aktu pras\u012bb\u0101m, tiek pieg\u0101d\u0101ti savlaic\u012bgi un atbilst klientu vajadz\u012bb\u0101m un v\u0113lm\u0113m.<\/li>\n<li>M\u0113s esam ap\u0146\u0113mu\u0161ies veidot un uztur\u0113t harmoniskas attiec\u012bbas ar klientiem.<\/li>\n<li>M\u0113s cen\u0161amies nep\u0101rtraukti uzlabot savus produktus un procesus, lai palielin\u0101tu klientu apmierin\u0101t\u012bbu.<\/li>\n<li>M\u016bsu produkti un darb\u012bbas tiek labi p\u0101rvald\u012btas, izmantojot efekt\u012bvu kvalit\u0101tes vad\u012bbas sist\u0113mu, kas tiek nep\u0101rtraukti uzlabota.<\/li>\n<li>M\u0113s nodro\u0161in\u0101m, ka m\u016bsu darbinieki ir apm\u0101c\u012bti un kompetenti, lai profesion\u0101li pild\u012btu savus pien\u0101kumus. M\u016bsu darba vide atbilst darba dro\u0161\u012bbas un vesel\u012bbas aizsardz\u012bbas pras\u012bb\u0101m.<\/li>\n<li>M\u0113s g\u0101d\u0101jam par finansi\u0101lo ilgtsp\u0113ju sav\u0101 uz\u0146\u0113m\u0113jdarb\u012bb\u0101 un cen\u0161amies \u012bstenot inovat\u012bvu uz\u0146\u0113m\u0113jdarb\u012bbas kult\u016bru.<\/li>\n<\/ul>\n                                                                    <\/div>\n                <\/div>\n            <\/div>\n        <\/div>\n    <\/div>\n\n\n\n    <div id=\"production-content-block_d519ad14975462261aeda77360115437\" class=\"production-content-block\">\n        <div class=\"inside_wrap\">\n            <div class=\"container\">\n                <div class=\"row align-items-center flex-md-nowrap\">\n                    <div class=\"content col col-12\">\n                                                    <h2>Dro\u0161\u012bba<\/h2>\n<p>Wolf Group O\u00dc piev\u0113r\u0161 lielu uzman\u012bbu dro\u0161\u012bbai, un m\u0113s iev\u0113rojam visas ties\u012bbu aktos noteikt\u0101s pras\u012bbas.<\/p>\n                                                                    <\/div>\n                <\/div>\n            <\/div>\n        <\/div>\n    <\/div>\n","protected":false},"excerpt":{"rendered":"","protected":false},"author":1,"featured_media":0,"parent":28088,"menu_order":17,"comment_status":"closed","ping_status":"closed","template":"","meta":{"_acf_changed":false,"footnotes":""},"class_list":["post-28089","page","type-page","status-publish","hentry"],"acf":[],"yoast_head":"<!-- This site is optimized with the Yoast SEO plugin v27.3 - https:\/\/yoast.com\/product\/yoast-seo-wordpress\/ -->\n<title>Tallina - Wolf Group Latvia<\/title>\n<meta name=\"robots\" content=\"noindex, follow, max-snippet:-1, max-image-preview:large, max-video-preview:-1\" \/>\n<meta property=\"og:locale\" content=\"lv_LV\" \/>\n<meta property=\"og:type\" content=\"article\" \/>\n<meta property=\"og:title\" content=\"Tallina - Wolf Group Latvia\" \/>\n<meta property=\"og:url\" content=\"https:\/\/wolfgroup.rktv.ee\/lv\/razosana\/tallina\/\" \/>\n<meta property=\"og:site_name\" content=\"Wolf Group Latvia\" \/>\n<meta property=\"article:modified_time\" content=\"2025-03-14T07:48:25+00:00\" \/>\n<meta name=\"twitter:card\" content=\"summary_large_image\" \/>\n<script type=\"application\/ld+json\" class=\"yoast-schema-graph\">{\"@context\":\"https:\\\/\\\/schema.org\",\"@graph\":[{\"@type\":\"WebPage\",\"@id\":\"https:\\\/\\\/wolfgroup.rktv.ee\\\/lv\\\/razosana\\\/tallina\\\/\",\"url\":\"https:\\\/\\\/wolfgroup.rktv.ee\\\/lv\\\/razosana\\\/tallina\\\/\",\"name\":\"Tallina - Wolf Group Latvia\",\"isPartOf\":{\"@id\":\"https:\\\/\\\/wolfgroup.rktv.ee\\\/lv\\\/#website\"},\"datePublished\":\"2022-04-06T08:55:14+00:00\",\"dateModified\":\"2025-03-14T07:48:25+00:00\",\"breadcrumb\":{\"@id\":\"https:\\\/\\\/wolfgroup.rktv.ee\\\/lv\\\/razosana\\\/tallina\\\/#breadcrumb\"},\"inLanguage\":\"lv-LV\",\"potentialAction\":[{\"@type\":\"ReadAction\",\"target\":[\"https:\\\/\\\/wolfgroup.rktv.ee\\\/lv\\\/razosana\\\/tallina\\\/\"]}]},{\"@type\":\"BreadcrumbList\",\"@id\":\"https:\\\/\\\/wolfgroup.rktv.ee\\\/lv\\\/razosana\\\/tallina\\\/#breadcrumb\",\"itemListElement\":[{\"@type\":\"ListItem\",\"position\":1,\"name\":\"Home\",\"item\":\"https:\\\/\\\/wolfgroup.rktv.ee\\\/lv\\\/\"},{\"@type\":\"ListItem\",\"position\":2,\"name\":\"Ra\u017eo\u0161ana\",\"item\":\"https:\\\/\\\/wolfgroup.rktv.ee\\\/lv\\\/razosana\\\/\"},{\"@type\":\"ListItem\",\"position\":3,\"name\":\"Tallina\"}]},{\"@type\":\"WebSite\",\"@id\":\"https:\\\/\\\/wolfgroup.rktv.ee\\\/lv\\\/#website\",\"url\":\"https:\\\/\\\/wolfgroup.rktv.ee\\\/lv\\\/\",\"name\":\"Wolf Group Latvia\",\"description\":\"construction chemistry products and solutions manufacturer\",\"publisher\":{\"@id\":\"https:\\\/\\\/wolfgroup.rktv.ee\\\/lv\\\/#organization\"},\"potentialAction\":[{\"@type\":\"SearchAction\",\"target\":{\"@type\":\"EntryPoint\",\"urlTemplate\":\"https:\\\/\\\/wolfgroup.rktv.ee\\\/lv\\\/?s={search_term_string}\"},\"query-input\":{\"@type\":\"PropertyValueSpecification\",\"valueRequired\":true,\"valueName\":\"search_term_string\"}}],\"inLanguage\":\"lv-LV\"},{\"@type\":\"Organization\",\"@id\":\"https:\\\/\\\/wolfgroup.rktv.ee\\\/lv\\\/#organization\",\"name\":\"Wolf Group\",\"url\":\"https:\\\/\\\/wolfgroup.rktv.ee\\\/lv\\\/\",\"logo\":{\"@type\":\"ImageObject\",\"inLanguage\":\"lv-LV\",\"@id\":\"https:\\\/\\\/wolfgroup.rktv.ee\\\/lv\\\/#\\\/schema\\\/logo\\\/image\\\/\",\"url\":\"https:\\\/\\\/wolfgroup.rktv.ee\\\/lv\\\/wp-content\\\/uploads\\\/sites\\\/8\\\/2022\\\/04\\\/wolfgroup-logo.svg\",\"contentUrl\":\"https:\\\/\\\/wolfgroup.rktv.ee\\\/lv\\\/wp-content\\\/uploads\\\/sites\\\/8\\\/2022\\\/04\\\/wolfgroup-logo.svg\",\"width\":155,\"height\":46,\"caption\":\"Wolf Group\"},\"image\":{\"@id\":\"https:\\\/\\\/wolfgroup.rktv.ee\\\/lv\\\/#\\\/schema\\\/logo\\\/image\\\/\"},\"legalName\":\"Wolf Group AS\",\"foundingDate\":\"1993\",\"numberOfEmployees\":{\"@type\":\"QuantitativeValue\",\"value\":900},\"knowsAbout\":[\"construction chemicals\",\"adhesives\",\"sealants\",\"thermal insulation\",\"waterproofing\"],\"contactPoint\":{\"@type\":\"ContactPoint\",\"contactType\":\"sales\",\"areaServed\":\"LV\",\"availableLanguage\":\"lv\"}}]}<\/script>\n<!-- \/ Yoast SEO plugin. -->","yoast_head_json":{"title":"Tallina - Wolf Group Latvia","robots":{"index":"noindex","follow":"follow","max-snippet":"max-snippet:-1","max-image-preview":"max-image-preview:large","max-video-preview":"max-video-preview:-1"},"og_locale":"lv_LV","og_type":"article","og_title":"Tallina - Wolf Group Latvia","og_url":"https:\/\/wolfgroup.rktv.ee\/lv\/razosana\/tallina\/","og_site_name":"Wolf Group Latvia","article_modified_time":"2025-03-14T07:48:25+00:00","twitter_card":"summary_large_image","schema":{"@context":"https:\/\/schema.org","@graph":[{"@type":"WebPage","@id":"https:\/\/wolfgroup.rktv.ee\/lv\/razosana\/tallina\/","url":"https:\/\/wolfgroup.rktv.ee\/lv\/razosana\/tallina\/","name":"Tallina - Wolf Group Latvia","isPartOf":{"@id":"https:\/\/wolfgroup.rktv.ee\/lv\/#website"},"datePublished":"2022-04-06T08:55:14+00:00","dateModified":"2025-03-14T07:48:25+00:00","breadcrumb":{"@id":"https:\/\/wolfgroup.rktv.ee\/lv\/razosana\/tallina\/#breadcrumb"},"inLanguage":"lv-LV","potentialAction":[{"@type":"ReadAction","target":["https:\/\/wolfgroup.rktv.ee\/lv\/razosana\/tallina\/"]}]},{"@type":"BreadcrumbList","@id":"https:\/\/wolfgroup.rktv.ee\/lv\/razosana\/tallina\/#breadcrumb","itemListElement":[{"@type":"ListItem","position":1,"name":"Home","item":"https:\/\/wolfgroup.rktv.ee\/lv\/"},{"@type":"ListItem","position":2,"name":"Ra\u017eo\u0161ana","item":"https:\/\/wolfgroup.rktv.ee\/lv\/razosana\/"},{"@type":"ListItem","position":3,"name":"Tallina"}]},{"@type":"WebSite","@id":"https:\/\/wolfgroup.rktv.ee\/lv\/#website","url":"https:\/\/wolfgroup.rktv.ee\/lv\/","name":"Wolf Group Latvia","description":"construction chemistry products and solutions manufacturer","publisher":{"@id":"https:\/\/wolfgroup.rktv.ee\/lv\/#organization"},"potentialAction":[{"@type":"SearchAction","target":{"@type":"EntryPoint","urlTemplate":"https:\/\/wolfgroup.rktv.ee\/lv\/?s={search_term_string}"},"query-input":{"@type":"PropertyValueSpecification","valueRequired":true,"valueName":"search_term_string"}}],"inLanguage":"lv-LV"},{"@type":"Organization","@id":"https:\/\/wolfgroup.rktv.ee\/lv\/#organization","name":"Wolf Group","url":"https:\/\/wolfgroup.rktv.ee\/lv\/","logo":{"@type":"ImageObject","inLanguage":"lv-LV","@id":"https:\/\/wolfgroup.rktv.ee\/lv\/#\/schema\/logo\/image\/","url":"https:\/\/wolfgroup.rktv.ee\/lv\/wp-content\/uploads\/sites\/8\/2022\/04\/wolfgroup-logo.svg","contentUrl":"https:\/\/wolfgroup.rktv.ee\/lv\/wp-content\/uploads\/sites\/8\/2022\/04\/wolfgroup-logo.svg","width":155,"height":46,"caption":"Wolf Group"},"image":{"@id":"https:\/\/wolfgroup.rktv.ee\/lv\/#\/schema\/logo\/image\/"},"legalName":"Wolf Group AS","foundingDate":"1993","numberOfEmployees":{"@type":"QuantitativeValue","value":900},"knowsAbout":["construction chemicals","adhesives","sealants","thermal insulation","waterproofing"],"contactPoint":{"@type":"ContactPoint","contactType":"sales","areaServed":"LV","availableLanguage":"lv"}}]}},"_links":{"self":[{"href":"https:\/\/wolfgroup.rktv.ee\/lv\/wp-json\/wp\/v2\/pages\/28089","targetHints":{"allow":["GET"]}}],"collection":[{"href":"https:\/\/wolfgroup.rktv.ee\/lv\/wp-json\/wp\/v2\/pages"}],"about":[{"href":"https:\/\/wolfgroup.rktv.ee\/lv\/wp-json\/wp\/v2\/types\/page"}],"author":[{"embeddable":true,"href":"https:\/\/wolfgroup.rktv.ee\/lv\/wp-json\/wp\/v2\/users\/1"}],"replies":[{"embeddable":true,"href":"https:\/\/wolfgroup.rktv.ee\/lv\/wp-json\/wp\/v2\/comments?post=28089"}],"version-history":[{"count":19,"href":"https:\/\/wolfgroup.rktv.ee\/lv\/wp-json\/wp\/v2\/pages\/28089\/revisions"}],"predecessor-version":[{"id":31460,"href":"https:\/\/wolfgroup.rktv.ee\/lv\/wp-json\/wp\/v2\/pages\/28089\/revisions\/31460"}],"up":[{"embeddable":true,"href":"https:\/\/wolfgroup.rktv.ee\/lv\/wp-json\/wp\/v2\/pages\/28088"}],"wp:attachment":[{"href":"https:\/\/wolfgroup.rktv.ee\/lv\/wp-json\/wp\/v2\/media?parent=28089"}],"curies":[{"name":"wp","href":"https:\/\/api.w.org\/{rel}","templated":true}]}}