{"id":29168,"date":"2024-07-08T10:44:01","date_gmt":"2024-07-08T07:44:01","guid":{"rendered":"https:\/\/wolfgroup.rktv.ee\/lv\/?page_id=29168"},"modified":"2025-03-14T10:50:07","modified_gmt":"2025-03-14T07:50:07","slug":"libatse","status":"publish","type":"page","link":"https:\/\/wolfgroup.rktv.ee\/lv\/razosana\/libatse\/","title":{"rendered":"Libatse"},"content":{"rendered":"\n    <section id=\"production-intro-block_d0cebab1234e5f7373f076ab5f366b4b\" class=\"production-intro-block\" aria-label=\"Production introduction\">\n        <div class=\"container\">\n            <div class=\"row align-items-center flex-md-nowrap\">\n                <div class=\"col col-12\">\n                                            <div class=\"intro\">\n                            <div class=\"row align-items-center flex-lg-nowrap\">\n                                <div class=\"col-12 col-lg-5 text-wrap\">\n                                    <h1><strong>Wolf Group O\u00dc, Libace<\/strong><\/h1>\n<p>Wolf Group ra\u017eotne Libac\u0113 specializ\u0113jas aerosolu ra\u017eo\u0161an\u0101 un iepako\u0161an\u0101. R\u016bpn\u012bcu raksturo augsta tehnolo\u0123isk\u0101 jauda, elast\u012bgums un efektivit\u0101te.<\/p>\n                                <\/div>\n\n                                <div class=\"col-12 col-lg-7 media-wrap\">\n                                    <div class=\"media\" aria-hidden=\"false\">\n                                                                                    <iframe loading=\"lazy\"\n                                                width=\"100\"\n                                                height=\"100\"\n                                                src=\"https:\/\/www.youtube.com\/embed\/W-dLQLm3RZw?loop=1&#038;playlist=W-dLQLm3RZw&#038;autoplay=1&#038;mute=1\"\n                                                title=\"Production facility video\"\n                                                allow=\"accelerometer; autoplay; clipboard-write; encrypted-media; gyroscope; picture-in-picture\"\n                                                allowfullscreen\n                                                data-cookieconsent=\"necessary\"\n                                            ><\/iframe>\n                                                                            <\/div>\n                                <\/div>\n                            <\/div>\n\n                                                            <ul>\n<li>Aerosola ra\u017eo\u0161anas uz\u0146\u0113mums Igaunijas kapit\u0101lu kop\u0161 2009. gada<\/li>\n<li>Ra\u017eo\u0161anas l\u012bnijas jauda \u2265 1500 vien\u012bbu stund\u0101<\/li>\n<li>M\u016bsdien\u012bgi aerosola iepakojuma risin\u0101jumi<\/li>\n<li>Pla\u0161as ra\u017eo\u0161anas un uzglab\u0101\u0161anas telpas<\/li>\n<li>Ilgtsp\u0113j\u012bgu ra\u017eo\u0161anas meto\u017eu ievie\u0161ana, atkritumu apsaimnieko\u0161ana un p\u0101rstr\u0101de<\/li>\n<li>Produktu p\u0101rvald\u012bba un att\u012bst\u012bba, tehnisk\u0101s konsult\u0101cijas<\/li>\n<li>\u0100tra un elast\u012bga apkalpo\u0161ana<\/li>\n<li>Glob\u0101ls p\u0101rdo\u0161anas t\u012bkls<\/li>\n<\/ul>\n                                                    <\/div>\n                    \n                                            <nav class=\"buttons d-flex flex-md-row flex-column align-items-md-center align-items-start justify-content-start\" aria-label=\"Page actions\">\n                                                                                                                                    <a class=\"btn\" href=\"#contact\" target=\"\" rel=\"noopener noreferrer\">Sazinieties ar mums<\/a>\n                                                            \n                                                    <\/nav>\n                                    <\/div>\n            <\/div>\n        <\/div>\n        <img decoding=\"async\" class=\"bg_elem no-lazy\" src=\"https:\/\/wolfgroup.rktv.ee\/lv\/wp-content\/themes\/wolfgroup\/images\/bg_elem.png\" width=\"2940\" height=\"2380\" alt=\"\" role=\"presentation\" \/>\n    <\/section>\n\n\n\n    <div id=\"wse-grid-block_b87bfe50dbd7a0a88cb9da84d6bcabaa\" class=\"wse-grid-block\">\n        <div class=\"container\">\n                                        <div class=\"grid reverse\">\n                                                                    <div class=\"grid_item row align-items-center\">\n                            <div class=\"col col-md-6 col-12\">\n                                <div class=\"content_container\">\n                                    <h2><strong>Aerosla balonu pild\u012b\u0161ana<\/strong><\/h2>\n<p>&nbsp;<\/p>\n<p><strong>G\u0101zes aizpild\u012b\u0161anai: <\/strong>LPG;\u00a0CO<sub>2<\/sub><\/p>\n<p><strong>Aereosola baloni:<\/strong><\/p>\n<p>Tilpums no 210 ml l\u012bdz 750 ml<\/p>\n<p>Balona diametrs 52\/57\/65 mm<\/p>\n<p>Balons 15\/18 b\u0101ri<\/p>\n<p>Aerosola baloni\u0146os ir iesp\u0113jams iespiest taust\u0101mu br\u012bdin\u0101juma tr\u012bsst\u016bri. Aizsegt\u0101 metin\u0101t\u0101 \u0161uve \u013cauj piepild\u012bt baloni\u0146us ar da\u017e\u0101d\u0101m \u0137imik\u0101lij\u0101m.<\/p>\n<p><b>Piederumi: <\/b>pla\u0161s v\u0101rstu, sprauslu, v\u0101ci\u0146u utt. kl\u0101sts.<\/p>\n                                <\/div>\n                            <\/div>\n                            <div class=\"col col-md-6 col-12\">\n\t\t\t\t\t\t\t\t\t\t\t\t\t\t\t\t\t\t\t\t\t\t\t\t\t\t<div class=\"image_container\">\n\t\t\t\t\t\t\t\t\t\t<img decoding=\"async\" src=\"https:\/\/wolfgroup.rktv.ee\/lv\/wp-content\/uploads\/sites\/8\/2024\/04\/Nimetu.png\" width=\"300\" height=\"300\" alt=\"\" \/>\n\t\t\t\t\t\t\t\t\t<\/div>\n\t\t\t\t\t\t\t\t                            <\/div>\n                        <\/div>\n                                    <\/div>\n                    <\/div>\n    <\/div>\n\n\n\n    <div id=\"production-content-block_406b6c4115f7e955929e17af28e8a3ec\" class=\"production-content-block\">\n        <div class=\"inside_wrap grey_bg\">\n            <div class=\"container\">\n                <div class=\"row align-items-center flex-md-nowrap\">\n                    <div class=\"content col col-12\">\n                                                    <h2>Kvalit\u0101te, vide un dro\u0161\u012bba<\/h2>\n<p>&nbsp;<\/p>\n<h4>ISO vad\u012bbas sist\u0113mas<\/h4>\n<p>Wolf Group O\u00dc vad\u012bbas sist\u0113ma atbilst kvalit\u0101tes vad\u012bbas standarta ISO 9001:2015, vides vad\u012bbas standarta ISO 14001:2015 un vesel\u012bbas un dro\u0161\u012bbas vad\u012bbas standarta 45001:2015 pras\u012bb\u0101m.<\/p>\n<p>Uz\u0146\u0113mumam ir pie\u0161\u0137irti \u0161ekojo\u0161i sertifik\u0101ti:<\/p>\n<p><a href=\"https:\/\/wolfgroup.rktv.ee\/wp-content\/uploads\/2024\/07\/9001-ENG.pdf\" target=\"_blank\" rel=\"noopener\">ISO 9001:2015 Wolf Group O\u00dc<\/a><br \/>\n<a href=\"https:\/\/wolfgroup.rktv.ee\/wp-content\/uploads\/2024\/07\/14001-ENG.pdf\" target=\"_blank\" rel=\"noopener\">ISO 14001:2015 Wolf Group O\u00dc<\/a><br \/>\n<a href=\"https:\/\/wolfgroup.rktv.ee\/wp-content\/uploads\/2024\/07\/45001-ENG.pdf\">ISO 45001:2015 Wolf Group O\u00dc<\/a><\/p>\n                                                                            <div class=\"buttons d-flex justify-content-md-start justify-content-center\">\n\t\t\t\t\t\t\t\t\t\t\t\t\t\t\t\t\t\t\t\t\t\t\t\t\t\t<a class=\"btn\" href=\"https:\/\/wolfgroup.rktv.ee\/lv\/wp-content\/uploads\/sites\/8\/2024\/04\/Quality-Environmental-and-Safety-policy.pdf\" target=\"\">Kvalit\u0101tes, vides un dro\u0161\u012bbas politika (ENG)<\/a>\n\t\t\t\t\t\t\t\t                            <\/div>\n                                            <\/div>\n                <\/div>\n            <\/div>\n        <\/div>\n    <\/div>\n","protected":false},"excerpt":{"rendered":"","protected":false},"author":2,"featured_media":0,"parent":28088,"menu_order":20,"comment_status":"closed","ping_status":"closed","template":"","meta":{"_acf_changed":false,"footnotes":""},"class_list":["post-29168","page","type-page","status-publish","hentry"],"acf":[],"yoast_head":"<!-- This site is optimized with the Yoast SEO plugin v27.3 - https:\/\/yoast.com\/product\/yoast-seo-wordpress\/ -->\n<title>Libatse - Wolf Group Latvia<\/title>\n<meta name=\"description\" content=\"Wolf Group ra\u017eotne Libac\u0113 specializ\u0113jas aerosolu ra\u017eo\u0161an\u0101 un iepako\u0161an\u0101. R\u016bpn\u012bcu raksturo augsta tehnolo\u0123isk\u0101 jauda, elast\u012bgums...\" \/>\n<meta name=\"robots\" content=\"noindex, follow, max-snippet:-1, max-image-preview:large, max-video-preview:-1\" \/>\n<meta property=\"og:locale\" content=\"lv_LV\" \/>\n<meta property=\"og:type\" content=\"article\" \/>\n<meta property=\"og:title\" content=\"Libatse - Wolf Group Latvia\" \/>\n<meta property=\"og:description\" content=\"Wolf Group ra\u017eotne Libac\u0113 specializ\u0113jas aerosolu ra\u017eo\u0161an\u0101 un iepako\u0161an\u0101. R\u016bpn\u012bcu raksturo augsta tehnolo\u0123isk\u0101 jauda, elast\u012bgums...\" \/>\n<meta property=\"og:url\" content=\"https:\/\/wolfgroup.rktv.ee\/lv\/razosana\/libatse\/\" \/>\n<meta property=\"og:site_name\" content=\"Wolf Group Latvia\" \/>\n<meta property=\"article:modified_time\" content=\"2025-03-14T07:50:07+00:00\" \/>\n<meta name=\"twitter:card\" content=\"summary_large_image\" \/>\n<script type=\"application\/ld+json\" class=\"yoast-schema-graph\">{\"@context\":\"https:\\\/\\\/schema.org\",\"@graph\":[{\"@type\":\"WebPage\",\"@id\":\"https:\\\/\\\/wolfgroup.rktv.ee\\\/lv\\\/razosana\\\/libatse\\\/\",\"url\":\"https:\\\/\\\/wolfgroup.rktv.ee\\\/lv\\\/razosana\\\/libatse\\\/\",\"name\":\"Libatse - Wolf Group Latvia\",\"isPartOf\":{\"@id\":\"https:\\\/\\\/wolfgroup.rktv.ee\\\/lv\\\/#website\"},\"datePublished\":\"2024-07-08T07:44:01+00:00\",\"dateModified\":\"2025-03-14T07:50:07+00:00\",\"description\":\"Wolf Group ra\u017eotne Libac\u0113 specializ\u0113jas aerosolu ra\u017eo\u0161an\u0101 un iepako\u0161an\u0101. R\u016bpn\u012bcu raksturo augsta tehnolo\u0123isk\u0101 jauda, elast\u012bgums...\",\"breadcrumb\":{\"@id\":\"https:\\\/\\\/wolfgroup.rktv.ee\\\/lv\\\/razosana\\\/libatse\\\/#breadcrumb\"},\"inLanguage\":\"lv-LV\",\"potentialAction\":[{\"@type\":\"ReadAction\",\"target\":[\"https:\\\/\\\/wolfgroup.rktv.ee\\\/lv\\\/razosana\\\/libatse\\\/\"]}]},{\"@type\":\"BreadcrumbList\",\"@id\":\"https:\\\/\\\/wolfgroup.rktv.ee\\\/lv\\\/razosana\\\/libatse\\\/#breadcrumb\",\"itemListElement\":[{\"@type\":\"ListItem\",\"position\":1,\"name\":\"Home\",\"item\":\"https:\\\/\\\/wolfgroup.rktv.ee\\\/lv\\\/\"},{\"@type\":\"ListItem\",\"position\":2,\"name\":\"Ra\u017eo\u0161ana\",\"item\":\"https:\\\/\\\/wolfgroup.rktv.ee\\\/lv\\\/razosana\\\/\"},{\"@type\":\"ListItem\",\"position\":3,\"name\":\"Libatse\"}]},{\"@type\":\"WebSite\",\"@id\":\"https:\\\/\\\/wolfgroup.rktv.ee\\\/lv\\\/#website\",\"url\":\"https:\\\/\\\/wolfgroup.rktv.ee\\\/lv\\\/\",\"name\":\"Wolf Group Latvia\",\"description\":\"construction chemistry products and solutions manufacturer\",\"publisher\":{\"@id\":\"https:\\\/\\\/wolfgroup.rktv.ee\\\/lv\\\/#organization\"},\"potentialAction\":[{\"@type\":\"SearchAction\",\"target\":{\"@type\":\"EntryPoint\",\"urlTemplate\":\"https:\\\/\\\/wolfgroup.rktv.ee\\\/lv\\\/?s={search_term_string}\"},\"query-input\":{\"@type\":\"PropertyValueSpecification\",\"valueRequired\":true,\"valueName\":\"search_term_string\"}}],\"inLanguage\":\"lv-LV\"},{\"@type\":\"Organization\",\"@id\":\"https:\\\/\\\/wolfgroup.rktv.ee\\\/lv\\\/#organization\",\"name\":\"Wolf Group\",\"url\":\"https:\\\/\\\/wolfgroup.rktv.ee\\\/lv\\\/\",\"logo\":{\"@type\":\"ImageObject\",\"inLanguage\":\"lv-LV\",\"@id\":\"https:\\\/\\\/wolfgroup.rktv.ee\\\/lv\\\/#\\\/schema\\\/logo\\\/image\\\/\",\"url\":\"https:\\\/\\\/wolfgroup.rktv.ee\\\/lv\\\/wp-content\\\/uploads\\\/sites\\\/8\\\/2022\\\/04\\\/wolfgroup-logo.svg\",\"contentUrl\":\"https:\\\/\\\/wolfgroup.rktv.ee\\\/lv\\\/wp-content\\\/uploads\\\/sites\\\/8\\\/2022\\\/04\\\/wolfgroup-logo.svg\",\"width\":155,\"height\":46,\"caption\":\"Wolf Group\"},\"image\":{\"@id\":\"https:\\\/\\\/wolfgroup.rktv.ee\\\/lv\\\/#\\\/schema\\\/logo\\\/image\\\/\"},\"legalName\":\"Wolf Group AS\",\"foundingDate\":\"1993\",\"numberOfEmployees\":{\"@type\":\"QuantitativeValue\",\"value\":900},\"knowsAbout\":[\"construction chemicals\",\"adhesives\",\"sealants\",\"thermal insulation\",\"waterproofing\"],\"contactPoint\":{\"@type\":\"ContactPoint\",\"contactType\":\"sales\",\"areaServed\":\"LV\",\"availableLanguage\":\"lv\"}}]}<\/script>\n<!-- \/ Yoast SEO plugin. -->","yoast_head_json":{"title":"Libatse - Wolf Group Latvia","description":"Wolf Group ra\u017eotne Libac\u0113 specializ\u0113jas aerosolu ra\u017eo\u0161an\u0101 un iepako\u0161an\u0101. R\u016bpn\u012bcu raksturo augsta tehnolo\u0123isk\u0101 jauda, elast\u012bgums...","robots":{"index":"noindex","follow":"follow","max-snippet":"max-snippet:-1","max-image-preview":"max-image-preview:large","max-video-preview":"max-video-preview:-1"},"og_locale":"lv_LV","og_type":"article","og_title":"Libatse - Wolf Group Latvia","og_description":"Wolf Group ra\u017eotne Libac\u0113 specializ\u0113jas aerosolu ra\u017eo\u0161an\u0101 un iepako\u0161an\u0101. R\u016bpn\u012bcu raksturo augsta tehnolo\u0123isk\u0101 jauda, elast\u012bgums...","og_url":"https:\/\/wolfgroup.rktv.ee\/lv\/razosana\/libatse\/","og_site_name":"Wolf Group Latvia","article_modified_time":"2025-03-14T07:50:07+00:00","twitter_card":"summary_large_image","schema":{"@context":"https:\/\/schema.org","@graph":[{"@type":"WebPage","@id":"https:\/\/wolfgroup.rktv.ee\/lv\/razosana\/libatse\/","url":"https:\/\/wolfgroup.rktv.ee\/lv\/razosana\/libatse\/","name":"Libatse - Wolf Group Latvia","isPartOf":{"@id":"https:\/\/wolfgroup.rktv.ee\/lv\/#website"},"datePublished":"2024-07-08T07:44:01+00:00","dateModified":"2025-03-14T07:50:07+00:00","description":"Wolf Group ra\u017eotne Libac\u0113 specializ\u0113jas aerosolu ra\u017eo\u0161an\u0101 un iepako\u0161an\u0101. R\u016bpn\u012bcu raksturo augsta tehnolo\u0123isk\u0101 jauda, elast\u012bgums...","breadcrumb":{"@id":"https:\/\/wolfgroup.rktv.ee\/lv\/razosana\/libatse\/#breadcrumb"},"inLanguage":"lv-LV","potentialAction":[{"@type":"ReadAction","target":["https:\/\/wolfgroup.rktv.ee\/lv\/razosana\/libatse\/"]}]},{"@type":"BreadcrumbList","@id":"https:\/\/wolfgroup.rktv.ee\/lv\/razosana\/libatse\/#breadcrumb","itemListElement":[{"@type":"ListItem","position":1,"name":"Home","item":"https:\/\/wolfgroup.rktv.ee\/lv\/"},{"@type":"ListItem","position":2,"name":"Ra\u017eo\u0161ana","item":"https:\/\/wolfgroup.rktv.ee\/lv\/razosana\/"},{"@type":"ListItem","position":3,"name":"Libatse"}]},{"@type":"WebSite","@id":"https:\/\/wolfgroup.rktv.ee\/lv\/#website","url":"https:\/\/wolfgroup.rktv.ee\/lv\/","name":"Wolf Group Latvia","description":"construction chemistry products and solutions manufacturer","publisher":{"@id":"https:\/\/wolfgroup.rktv.ee\/lv\/#organization"},"potentialAction":[{"@type":"SearchAction","target":{"@type":"EntryPoint","urlTemplate":"https:\/\/wolfgroup.rktv.ee\/lv\/?s={search_term_string}"},"query-input":{"@type":"PropertyValueSpecification","valueRequired":true,"valueName":"search_term_string"}}],"inLanguage":"lv-LV"},{"@type":"Organization","@id":"https:\/\/wolfgroup.rktv.ee\/lv\/#organization","name":"Wolf Group","url":"https:\/\/wolfgroup.rktv.ee\/lv\/","logo":{"@type":"ImageObject","inLanguage":"lv-LV","@id":"https:\/\/wolfgroup.rktv.ee\/lv\/#\/schema\/logo\/image\/","url":"https:\/\/wolfgroup.rktv.ee\/lv\/wp-content\/uploads\/sites\/8\/2022\/04\/wolfgroup-logo.svg","contentUrl":"https:\/\/wolfgroup.rktv.ee\/lv\/wp-content\/uploads\/sites\/8\/2022\/04\/wolfgroup-logo.svg","width":155,"height":46,"caption":"Wolf Group"},"image":{"@id":"https:\/\/wolfgroup.rktv.ee\/lv\/#\/schema\/logo\/image\/"},"legalName":"Wolf Group AS","foundingDate":"1993","numberOfEmployees":{"@type":"QuantitativeValue","value":900},"knowsAbout":["construction chemicals","adhesives","sealants","thermal insulation","waterproofing"],"contactPoint":{"@type":"ContactPoint","contactType":"sales","areaServed":"LV","availableLanguage":"lv"}}]}},"_links":{"self":[{"href":"https:\/\/wolfgroup.rktv.ee\/lv\/wp-json\/wp\/v2\/pages\/29168","targetHints":{"allow":["GET"]}}],"collection":[{"href":"https:\/\/wolfgroup.rktv.ee\/lv\/wp-json\/wp\/v2\/pages"}],"about":[{"href":"https:\/\/wolfgroup.rktv.ee\/lv\/wp-json\/wp\/v2\/types\/page"}],"author":[{"embeddable":true,"href":"https:\/\/wolfgroup.rktv.ee\/lv\/wp-json\/wp\/v2\/users\/2"}],"replies":[{"embeddable":true,"href":"https:\/\/wolfgroup.rktv.ee\/lv\/wp-json\/wp\/v2\/comments?post=29168"}],"version-history":[{"count":9,"href":"https:\/\/wolfgroup.rktv.ee\/lv\/wp-json\/wp\/v2\/pages\/29168\/revisions"}],"predecessor-version":[{"id":31463,"href":"https:\/\/wolfgroup.rktv.ee\/lv\/wp-json\/wp\/v2\/pages\/29168\/revisions\/31463"}],"up":[{"embeddable":true,"href":"https:\/\/wolfgroup.rktv.ee\/lv\/wp-json\/wp\/v2\/pages\/28088"}],"wp:attachment":[{"href":"https:\/\/wolfgroup.rktv.ee\/lv\/wp-json\/wp\/v2\/media?parent=29168"}],"curies":[{"name":"wp","href":"https:\/\/api.w.org\/{rel}","templated":true}]}}